{"id":44,"date":"2015-03-13T08:42:15","date_gmt":"2015-03-13T08:42:15","guid":{"rendered":"http:\/\/blogsaverroes.juntadeandalucia.es\/pre\/ceip\/?page_id=44"},"modified":"2025-03-10T11:28:58","modified_gmt":"2025-03-10T11:28:58","slug":"planes-y-proyectos","status":"publish","type":"page","link":"https:\/\/blogsaverroes.juntadeandalucia.es\/ceipcostaoeste\/planes-y-proyectos\/","title":{"rendered":"Planes y Programas"},"content":{"rendered":"<p><a href=\"http:\/\/blogsaverroes.juntadeandalucia.es\/ceipcostaoeste\/files\/2015\/03\/planesyprogramas.png\"><img loading=\"lazy\" decoding=\"async\" class=\"alignleft wp-image-2234 \" src=\"http:\/\/blogsaverroes.juntadeandalucia.es\/ceipcostaoeste\/files\/2015\/03\/planesyprogramas-300x122.png\" alt=\"\" width=\"302\" height=\"123\" srcset=\"https:\/\/blogsaverroes.juntadeandalucia.es\/ceipcostaoeste\/files\/2015\/03\/planesyprogramas-300x122.png 300w, https:\/\/blogsaverroes.juntadeandalucia.es\/ceipcostaoeste\/files\/2015\/03\/planesyprogramas-24x10.png 24w, https:\/\/blogsaverroes.juntadeandalucia.es\/ceipcostaoeste\/files\/2015\/03\/planesyprogramas-36x15.png 36w, https:\/\/blogsaverroes.juntadeandalucia.es\/ceipcostaoeste\/files\/2015\/03\/planesyprogramas-48x19.png 48w, https:\/\/blogsaverroes.juntadeandalucia.es\/ceipcostaoeste\/files\/2015\/03\/planesyprogramas.png 370w\" sizes=\"(max-width: 302px) 100vw, 302px\" \/><\/a><\/p>\n<p style=\"text-align: justify\">Cada centro personaliza y adapta su Proyecto Educativo, adhiri\u00e9ndose a diferentes <strong>Planes y Programas<\/strong> promovidos desde la Consejer\u00eda de Educaci\u00f3n, Cultura y Deporte. Dentro del <em><strong><span style=\"color: #0000ff\">Proyecto Educativo<\/span><\/strong><\/em> podemos encontrar toda la informaci\u00f3n sobre su desarrollo en el Centro. A continuaci\u00f3n se muestran los propios de nuestro Centro:<\/p>\n<table style=\"height: 892px\" width=\"765\">\n<tbody>\n<tr>\n<td><strong><a href=\"http:\/\/blogsaverroes.juntadeandalucia.es\/ceipcostaoeste\/files\/2015\/03\/plan_igualdad.png\"><img loading=\"lazy\" decoding=\"async\" class=\" wp-image-2235 aligncenter\" src=\"http:\/\/blogsaverroes.juntadeandalucia.es\/ceipcostaoeste\/files\/2015\/03\/plan_igualdad-300x141.png\" alt=\"plan_igualdad\" width=\"330\" height=\"155\" srcset=\"https:\/\/blogsaverroes.juntadeandalucia.es\/ceipcostaoeste\/files\/2015\/03\/plan_igualdad-300x141.png 300w, https:\/\/blogsaverroes.juntadeandalucia.es\/ceipcostaoeste\/files\/2015\/03\/plan_igualdad-24x11.png 24w, https:\/\/blogsaverroes.juntadeandalucia.es\/ceipcostaoeste\/files\/2015\/03\/plan_igualdad-36x17.png 36w, https:\/\/blogsaverroes.juntadeandalucia.es\/ceipcostaoeste\/files\/2015\/03\/plan_igualdad-48x23.png 48w, https:\/\/blogsaverroes.juntadeandalucia.es\/ceipcostaoeste\/files\/2015\/03\/plan_igualdad.png 330w\" sizes=\"(max-width: 330px) 100vw, 330px\" \/><\/a><\/strong><\/td>\n<td>\n<h3><strong><span style=\"color: #ff00ff\">* <a href=\"https:\/\/blogsaverroes.juntadeandalucia.es\/ceipcostaoeste\/files\/2024\/12\/O.-Plan-de-Igualdad.pdf\">Plan de igualdad en Educaci\u00f3n<\/a><\/span><\/strong><\/h3>\n<h5>&nbsp; &nbsp; &nbsp;&nbsp;<span style=\"color: #ff00ff\"><a style=\"color: #ff00ff\" href=\"https:\/\/www.juntadeandalucia.es\/educacion\/portals\/web\/igualdad\">(Portal de Igualdad)<\/a><\/span><\/h5>\n<p><strong><span style=\"color: #ff6600\">Coordinadora<\/span>:<\/strong>&nbsp;<strong><span style=\"color: #00ccff\">Eva Mar\u00eda Cair\u00f3n Ceballos.<\/span><\/strong><\/p>\n<p style=\"text-align: center\">&nbsp;<\/p>\n<\/td>\n<\/tr>\n<tr>\n<td>\n<h5><strong><span style=\"color: #ff6600\">*<\/span> <\/strong><a href=\"http:\/\/portals.ced.junta-andalucia.es\/educacion\/portals\/web\/ced\/plan-de-apoyo-a-las-familias\">&nbsp;<\/a><strong><span style=\"color: #ff6600\"><a href=\"http:\/\/portals.ced.junta-andalucia.es\/educacion\/portals\/web\/ced\/plan-de-apoyo-a-las-familias\">Plan de apertura o de apoyo a las familias<\/a>.<\/span><\/strong><\/h5>\n<p style=\"text-align: center\"><strong>Servicios de aula matinal, comedor escolar <\/strong><\/p>\n<p style=\"text-align: center\"><strong>y actividades extraescolares.<\/strong><\/p>\n<p style=\"text-align: center\"><strong>Coordinador<\/strong>: Jes\u00fas Ruiz Travieso.<\/p>\n<\/td>\n<td><a href=\"http:\/\/blogsaverroes.juntadeandalucia.es\/ceipcostaoeste\/files\/2015\/03\/apertura.jpg\"><img loading=\"lazy\" decoding=\"async\" class=\" wp-image-2237 aligncenter\" src=\"http:\/\/blogsaverroes.juntadeandalucia.es\/ceipcostaoeste\/files\/2015\/03\/apertura.jpg\" alt=\"apertura\" width=\"170\" height=\"139\" srcset=\"https:\/\/blogsaverroes.juntadeandalucia.es\/ceipcostaoeste\/files\/2015\/03\/apertura.jpg 160w, https:\/\/blogsaverroes.juntadeandalucia.es\/ceipcostaoeste\/files\/2015\/03\/apertura-24x20.jpg 24w, https:\/\/blogsaverroes.juntadeandalucia.es\/ceipcostaoeste\/files\/2015\/03\/apertura-36x29.jpg 36w, https:\/\/blogsaverroes.juntadeandalucia.es\/ceipcostaoeste\/files\/2015\/03\/apertura-48x39.jpg 48w\" sizes=\"(max-width: 170px) 100vw, 170px\" \/><\/a><\/td>\n<\/tr>\n<tr>\n<td>&nbsp;<a href=\"http:\/\/blogsaverroes.juntadeandalucia.es\/ceipcostaoeste\/files\/2015\/03\/bilingue.jpg\"><img loading=\"lazy\" decoding=\"async\" class=\" wp-image-2238 aligncenter\" src=\"http:\/\/blogsaverroes.juntadeandalucia.es\/ceipcostaoeste\/files\/2015\/03\/bilingue.jpg\" alt=\"bilingue\" width=\"234\" height=\"126\" srcset=\"https:\/\/blogsaverroes.juntadeandalucia.es\/ceipcostaoeste\/files\/2015\/03\/bilingue.jpg 266w, https:\/\/blogsaverroes.juntadeandalucia.es\/ceipcostaoeste\/files\/2015\/03\/bilingue-24x13.jpg 24w, https:\/\/blogsaverroes.juntadeandalucia.es\/ceipcostaoeste\/files\/2015\/03\/bilingue-36x19.jpg 36w, https:\/\/blogsaverroes.juntadeandalucia.es\/ceipcostaoeste\/files\/2015\/03\/bilingue-48x26.jpg 48w\" sizes=\"(max-width: 234px) 100vw, 234px\" \/><\/a><\/td>\n<td>\n<h3>*<a href=\"https:\/\/blogsaverroes.juntadeandalucia.es\/ceipcostaoeste\/files\/2024\/12\/O.-Proyecto-bilingue-1.pdf\"><strong><span style=\"color: #3366ff\"> Proyecto biling\u00fce.<\/span><\/strong><\/a><\/h3>\n<ul>\n<li><a href=\"https:\/\/blogsaverroes.juntadeandalucia.es\/ceipcostaoeste\/files\/2025\/03\/Information-Sheet-for-LANGUAGE-Assistants.pdf\"><strong><span style=\"color: #ff6600\">Information Sheet for LANGUAGE Assistants<\/span><\/strong><\/a>.<\/li>\n<\/ul>\n<p><strong>Coordinador:<\/strong> Jos\u00e9 Mar\u00eda Guerrero Espinosa.<\/td>\n<\/tr>\n<tr>\n<td>\n<h3><strong><span style=\"color: #008000\">&nbsp;* T.D.E. <\/span><\/strong><\/h3>\n<h3><strong><span style=\"color: #008000\">(Transformaci\u00f3n digital educativa)<\/span><\/strong><\/h3>\n<p>Coordinador: Emilio Platero Caraballo.<\/td>\n<td><a href=\"https:\/\/blogsaverroes.juntadeandalucia.es\/ceipcostaoeste\/files\/2021\/03\/tde.jpeg\"><img loading=\"lazy\" decoding=\"async\" class=\"aligncenter size-medium wp-image-3175\" src=\"https:\/\/blogsaverroes.juntadeandalucia.es\/ceipcostaoeste\/files\/2021\/03\/tde-300x152.jpeg\" alt=\"\" width=\"300\" height=\"152\" srcset=\"https:\/\/blogsaverroes.juntadeandalucia.es\/ceipcostaoeste\/files\/2021\/03\/tde-300x152.jpeg 300w, https:\/\/blogsaverroes.juntadeandalucia.es\/ceipcostaoeste\/files\/2021\/03\/tde.jpeg 315w\" sizes=\"(max-width: 300px) 100vw, 300px\" \/><\/a>&nbsp;<\/td>\n<\/tr>\n<tr>\n<td><a href=\"http:\/\/blogsaverroes.juntadeandalucia.es\/ceipcostaoeste\/files\/2015\/03\/pae.png\"><img loading=\"lazy\" decoding=\"async\" class=\" wp-image-2240 aligncenter\" src=\"http:\/\/blogsaverroes.juntadeandalucia.es\/ceipcostaoeste\/files\/2015\/03\/pae-300x62.png\" alt=\"pae\" width=\"357\" height=\"74\" srcset=\"https:\/\/blogsaverroes.juntadeandalucia.es\/ceipcostaoeste\/files\/2015\/03\/pae-300x62.png 300w, https:\/\/blogsaverroes.juntadeandalucia.es\/ceipcostaoeste\/files\/2015\/03\/pae-24x5.png 24w, https:\/\/blogsaverroes.juntadeandalucia.es\/ceipcostaoeste\/files\/2015\/03\/pae-36x7.png 36w, https:\/\/blogsaverroes.juntadeandalucia.es\/ceipcostaoeste\/files\/2015\/03\/pae-48x10.png 48w, https:\/\/blogsaverroes.juntadeandalucia.es\/ceipcostaoeste\/files\/2015\/03\/pae.png 492w\" sizes=\"(max-width: 357px) 100vw, 357px\" \/><\/a><\/td>\n<td>\n<h2><strong><span style=\"color: #ff0000\">* Plan de salud laboral y P.R.L.<\/span><\/strong><\/h2>\n<p>Coordinador: Jes\u00fas Ruiz Travieso.<\/td>\n<\/tr>\n<tr>\n<td>\n<h2><strong><span style=\"color: #808000\">*&nbsp;<\/span><\/strong><a href=\"https:\/\/blogsaverroes.juntadeandalucia.es\/ceipcostaoeste\/files\/2024\/12\/O.-1.5-ECO-PROYECTO.pdf\"><strong><span style=\"color: #808000\">Ecoproyecto<\/span><\/strong><strong><span style=\"color: #808000\">.<\/span><\/strong><\/a><\/h2>\n<\/td>\n<td><a href=\"http:\/\/blogsaverroes.juntadeandalucia.es\/ceipcostaoeste\/files\/2015\/03\/ecop.jpg\"><img loading=\"lazy\" decoding=\"async\" class=\" wp-image-2241 aligncenter\" src=\"http:\/\/blogsaverroes.juntadeandalucia.es\/ceipcostaoeste\/files\/2015\/03\/ecop-300x102.jpg\" alt=\"ecop\" width=\"265\" height=\"90\" srcset=\"https:\/\/blogsaverroes.juntadeandalucia.es\/ceipcostaoeste\/files\/2015\/03\/ecop-300x102.jpg 300w, https:\/\/blogsaverroes.juntadeandalucia.es\/ceipcostaoeste\/files\/2015\/03\/ecop-24x8.jpg 24w, https:\/\/blogsaverroes.juntadeandalucia.es\/ceipcostaoeste\/files\/2015\/03\/ecop-36x12.jpg 36w, https:\/\/blogsaverroes.juntadeandalucia.es\/ceipcostaoeste\/files\/2015\/03\/ecop-48x16.jpg 48w, https:\/\/blogsaverroes.juntadeandalucia.es\/ceipcostaoeste\/files\/2015\/03\/ecop.jpg 384w\" sizes=\"(max-width: 265px) 100vw, 265px\" \/><\/a><\/td>\n<\/tr>\n<tr>\n<td>\n<h2><strong><span style=\"color: #808000\"><a href=\"http:\/\/blogsaverroes.juntadeandalucia.es\/ceipcostaoeste\/files\/2015\/03\/emalaikat.jpg\"><img loading=\"lazy\" decoding=\"async\" class=\"alignleft size-full wp-image-2245\" src=\"http:\/\/blogsaverroes.juntadeandalucia.es\/ceipcostaoeste\/files\/2015\/03\/emalaikat.jpg\" alt=\"emalaikat\" width=\"195\" height=\"69\" srcset=\"https:\/\/blogsaverroes.juntadeandalucia.es\/ceipcostaoeste\/files\/2015\/03\/emalaikat.jpg 195w, https:\/\/blogsaverroes.juntadeandalucia.es\/ceipcostaoeste\/files\/2015\/03\/emalaikat-24x8.jpg 24w, https:\/\/blogsaverroes.juntadeandalucia.es\/ceipcostaoeste\/files\/2015\/03\/emalaikat-36x13.jpg 36w, https:\/\/blogsaverroes.juntadeandalucia.es\/ceipcostaoeste\/files\/2015\/03\/emalaikat-48x17.jpg 48w\" sizes=\"(max-width: 195px) 100vw, 195px\" \/><\/a><\/span><\/strong><\/h2>\n<\/td>\n<td>\n<h3><span style=\"color: #800080\"><strong>* <a href=\"https:\/\/blogsaverroes.juntadeandalucia.es\/ceipcostaoeste\/files\/2024\/12\/O.-1.2.-PROYECTO-SOLIDARIO.pdf\">Proyecto Solidario.<\/a><\/strong><\/span><\/h3>\n<\/td>\n<\/tr>\n<tr>\n<td>\n<h2 style=\"text-align: center\"><span style=\"color: #800080\"><strong>* <a href=\"https:\/\/blogsaverroes.juntadeandalucia.es\/ceipcostaoeste\/files\/2024\/12\/O.-1.3.-PREVENCION-ACOSO-Y-VIOLENCIAS-AULAS.pdf\">Propuestas did\u00e1cticas sobre <\/a><\/strong><\/span><\/h2>\n<h2 style=\"text-align: center\"><span style=\"color: #800080\"><strong>acoso escolar y violencia <\/strong><\/span><\/h2>\n<h2 style=\"text-align: center\"><span style=\"color: #800080\"><strong>en las aulas<\/strong><\/span><\/h2>\n<\/td>\n<td>\n<h3><span style=\"color: #800080\"><strong><a href=\"https:\/\/blogsaverroes.juntadeandalucia.es\/ceipcostaoeste\/files\/2015\/03\/bulling.jpg\"><img loading=\"lazy\" decoding=\"async\" class=\"aligncenter wp-image-2593 size-thumbnail\" src=\"https:\/\/blogsaverroes.juntadeandalucia.es\/ceipcostaoeste\/files\/2015\/03\/bulling-150x150.jpg\" alt=\"\" width=\"150\" height=\"150\" srcset=\"https:\/\/blogsaverroes.juntadeandalucia.es\/ceipcostaoeste\/files\/2015\/03\/bulling-150x150.jpg 150w, https:\/\/blogsaverroes.juntadeandalucia.es\/ceipcostaoeste\/files\/2015\/03\/bulling-100x100.jpg 100w\" sizes=\"(max-width: 150px) 100vw, 150px\" \/><\/a><\/strong><\/span><\/h3>\n<\/td>\n<\/tr>\n<tr>\n<td>&nbsp;<a href=\"https:\/\/blogsaverroes.juntadeandalucia.es\/ceipcostaoeste\/files\/2015\/03\/ep.jpg\"><img loading=\"lazy\" decoding=\"async\" class=\"aligncenter wp-image-2594 \" src=\"https:\/\/blogsaverroes.juntadeandalucia.es\/ceipcostaoeste\/files\/2015\/03\/ep.jpg\" alt=\"\" width=\"195\" height=\"124\" srcset=\"https:\/\/blogsaverroes.juntadeandalucia.es\/ceipcostaoeste\/files\/2015\/03\/ep.jpg 281w, https:\/\/blogsaverroes.juntadeandalucia.es\/ceipcostaoeste\/files\/2015\/03\/ep-280x179.jpg 280w, https:\/\/blogsaverroes.juntadeandalucia.es\/ceipcostaoeste\/files\/2015\/03\/ep-24x15.jpg 24w, https:\/\/blogsaverroes.juntadeandalucia.es\/ceipcostaoeste\/files\/2015\/03\/ep-36x23.jpg 36w, https:\/\/blogsaverroes.juntadeandalucia.es\/ceipcostaoeste\/files\/2015\/03\/ep-48x31.jpg 48w\" sizes=\"(max-width: 195px) 100vw, 195px\" \/><\/a><\/td>\n<td>\n<h3><span style=\"color: #ff6600\">* <a href=\"https:\/\/blogsaverroes.juntadeandalucia.es\/ceipcostaoeste\/files\/2024\/12\/O.-1.1.-ESCUELA-ESPACIO-DE-PAZ.pdf\"><strong>Proyecto \u00abEscuela Espacio de Paz\u00bb.<\/strong><\/a><\/span><\/h3>\n<\/td>\n<\/tr>\n<tr>\n<td>\n<h3><strong><span style=\"color: #008000\">* <a href=\"https:\/\/blogsaverroes.juntadeandalucia.es\/ceipcostaoeste\/files\/2024\/12\/O.-PROGRAMA-CIMA.pdf\">Programa de h\u00e1bitos de vida saludables<\/a>.<\/span><\/strong><\/h3>\n<\/td>\n<td><a href=\"https:\/\/blogsaverroes.juntadeandalucia.es\/ceipcostaoeste\/files\/2024\/12\/cima.png\"><img loading=\"lazy\" decoding=\"async\" class=\"aligncenter wp-image-3538 size-thumbnail\" src=\"https:\/\/blogsaverroes.juntadeandalucia.es\/ceipcostaoeste\/files\/2024\/12\/cima-150x150.png\" alt=\"\" width=\"150\" height=\"150\"><\/a>&nbsp;<\/td>\n<\/tr>\n<tr>\n<td>\n<h3><strong><span style=\"color: #008000\"><a href=\"https:\/\/blogsaverroes.juntadeandalucia.es\/ceipcostaoeste\/files\/2015\/03\/HUERTO-2.jpg\"><img loading=\"lazy\" decoding=\"async\" class=\"aligncenter wp-image-2737 size-medium\" src=\"https:\/\/blogsaverroes.juntadeandalucia.es\/ceipcostaoeste\/files\/2015\/03\/HUERTO-2-300x225.jpg\" alt=\"\" width=\"300\" height=\"225\" srcset=\"https:\/\/blogsaverroes.juntadeandalucia.es\/ceipcostaoeste\/files\/2015\/03\/HUERTO-2-300x225.jpg 300w, https:\/\/blogsaverroes.juntadeandalucia.es\/ceipcostaoeste\/files\/2015\/03\/HUERTO-2-768x576.jpg 768w, https:\/\/blogsaverroes.juntadeandalucia.es\/ceipcostaoeste\/files\/2015\/03\/HUERTO-2-1024x768.jpg 1024w, https:\/\/blogsaverroes.juntadeandalucia.es\/ceipcostaoeste\/files\/2015\/03\/HUERTO-2-24x18.jpg 24w, https:\/\/blogsaverroes.juntadeandalucia.es\/ceipcostaoeste\/files\/2015\/03\/HUERTO-2-36x27.jpg 36w, https:\/\/blogsaverroes.juntadeandalucia.es\/ceipcostaoeste\/files\/2015\/03\/HUERTO-2-48x36.jpg 48w, https:\/\/blogsaverroes.juntadeandalucia.es\/ceipcostaoeste\/files\/2015\/03\/HUERTO-2.jpg 1600w\" sizes=\"(max-width: 300px) 100vw, 300px\" \/><\/a><\/span><\/strong><\/h3>\n<\/td>\n<td>\n<h3><a href=\"https:\/\/blogsaverroes.juntadeandalucia.es\/ceipcostaoeste\/files\/2020\/02\/1.8-Proyecto-Huerto-Escolar.pdf\"><span style=\"color: #339966\"><strong>* Proyecto de huerto escolar<\/strong><\/span><\/a><\/h3>\n<\/td>\n<\/tr>\n<tr>\n<td>\n<h2><span style=\"color: #ff00ff\"><strong>* <a href=\"https:\/\/blogsaverroes.juntadeandalucia.es\/ceipcostaoeste\/files\/2015\/03\/1.6-Peri\u00f3dico-Escolar-La-Voz-de-Costa-Oeste.pdf\">Peri\u00f3dico \u00abLa voz de Costa Oeste\u00bb<\/a><\/strong><\/span><\/h2>\n<\/td>\n<td><a href=\"https:\/\/blogsaverroes.juntadeandalucia.es\/ceipcostaoeste\/files\/2015\/03\/2\u00aa-entrega-periodico-escolar_P\u00e1gina_1.jpg\"><img loading=\"lazy\" decoding=\"async\" class=\"alignleft size-medium wp-image-2740\" src=\"https:\/\/blogsaverroes.juntadeandalucia.es\/ceipcostaoeste\/files\/2015\/03\/2\u00aa-entrega-periodico-escolar_P\u00e1gina_1-212x300.jpg\" alt=\"\" width=\"212\" height=\"300\" srcset=\"https:\/\/blogsaverroes.juntadeandalucia.es\/ceipcostaoeste\/files\/2015\/03\/2\u00aa-entrega-periodico-escolar_P\u00e1gina_1-212x300.jpg 212w, https:\/\/blogsaverroes.juntadeandalucia.es\/ceipcostaoeste\/files\/2015\/03\/2\u00aa-entrega-periodico-escolar_P\u00e1gina_1-768x1087.jpg 768w, https:\/\/blogsaverroes.juntadeandalucia.es\/ceipcostaoeste\/files\/2015\/03\/2\u00aa-entrega-periodico-escolar_P\u00e1gina_1-724x1024.jpg 724w, https:\/\/blogsaverroes.juntadeandalucia.es\/ceipcostaoeste\/files\/2015\/03\/2\u00aa-entrega-periodico-escolar_P\u00e1gina_1-17x24.jpg 17w, https:\/\/blogsaverroes.juntadeandalucia.es\/ceipcostaoeste\/files\/2015\/03\/2\u00aa-entrega-periodico-escolar_P\u00e1gina_1-25x36.jpg 25w, https:\/\/blogsaverroes.juntadeandalucia.es\/ceipcostaoeste\/files\/2015\/03\/2\u00aa-entrega-periodico-escolar_P\u00e1gina_1-34x48.jpg 34w, https:\/\/blogsaverroes.juntadeandalucia.es\/ceipcostaoeste\/files\/2015\/03\/2\u00aa-entrega-periodico-escolar_P\u00e1gina_1.jpg 1131w\" sizes=\"(max-width: 212px) 100vw, 212px\" \/><\/a><\/td>\n<\/tr>\n<tr>\n<td><a href=\"https:\/\/blogsaverroes.juntadeandalucia.es\/ceipcostaoeste\/files\/2015\/03\/IMG_2942-1.jpg\"><img loading=\"lazy\" decoding=\"async\" class=\"aligncenter wp-image-2738 size-medium\" src=\"https:\/\/blogsaverroes.juntadeandalucia.es\/ceipcostaoeste\/files\/2015\/03\/IMG_2942-1-210x300.jpg\" alt=\"\" width=\"210\" height=\"300\" srcset=\"https:\/\/blogsaverroes.juntadeandalucia.es\/ceipcostaoeste\/files\/2015\/03\/IMG_2942-1-210x300.jpg 210w, https:\/\/blogsaverroes.juntadeandalucia.es\/ceipcostaoeste\/files\/2015\/03\/IMG_2942-1-768x1097.jpg 768w, https:\/\/blogsaverroes.juntadeandalucia.es\/ceipcostaoeste\/files\/2015\/03\/IMG_2942-1-717x1024.jpg 717w, https:\/\/blogsaverroes.juntadeandalucia.es\/ceipcostaoeste\/files\/2015\/03\/IMG_2942-1-17x24.jpg 17w, https:\/\/blogsaverroes.juntadeandalucia.es\/ceipcostaoeste\/files\/2015\/03\/IMG_2942-1-25x36.jpg 25w, https:\/\/blogsaverroes.juntadeandalucia.es\/ceipcostaoeste\/files\/2015\/03\/IMG_2942-1-34x48.jpg 34w, https:\/\/blogsaverroes.juntadeandalucia.es\/ceipcostaoeste\/files\/2015\/03\/IMG_2942-1.jpg 1120w\" sizes=\"(max-width: 210px) 100vw, 210px\" \/><\/a><\/td>\n<td>\n<h2><span style=\"color: #ff6600\"><strong>* <a href=\"https:\/\/blogsaverroes.juntadeandalucia.es\/ceipcostaoeste\/files\/2024\/12\/O.-1.4.-PROYECTO-RECREOS-INCLUSIVOS.pdf\">Proyecto de recreos inclusivos<\/a><\/strong><\/span><\/h2>\n<\/td>\n<\/tr>\n<\/tbody>\n<\/table>\n<p>&nbsp;<\/p>\n","protected":false},"excerpt":{"rendered":"<p>Cada centro personaliza y adapta su Proyecto Educativo, adhiri\u00e9ndose a diferentes Planes y Programas promovidos desde la Consejer\u00eda de Educaci\u00f3n, Cultura y Deporte. Dentro del Proyecto Educativo podemos encontrar toda la informaci\u00f3n sobre su&#46;&#46;&#46;<\/p>\n","protected":false},"author":1,"featured_media":0,"parent":0,"menu_order":0,"comment_status":"closed","ping_status":"closed","template":"page-cs.php","meta":{"ngg_post_thumbnail":0,"footnotes":"","_mc_calendar":[]},"aioseo_notices":[],"_links":{"self":[{"href":"https:\/\/blogsaverroes.juntadeandalucia.es\/ceipcostaoeste\/wp-json\/wp\/v2\/pages\/44"}],"collection":[{"href":"https:\/\/blogsaverroes.juntadeandalucia.es\/ceipcostaoeste\/wp-json\/wp\/v2\/pages"}],"about":[{"href":"https:\/\/blogsaverroes.juntadeandalucia.es\/ceipcostaoeste\/wp-json\/wp\/v2\/types\/page"}],"author":[{"embeddable":true,"href":"https:\/\/blogsaverroes.juntadeandalucia.es\/ceipcostaoeste\/wp-json\/wp\/v2\/users\/1"}],"replies":[{"embeddable":true,"href":"https:\/\/blogsaverroes.juntadeandalucia.es\/ceipcostaoeste\/wp-json\/wp\/v2\/comments?post=44"}],"version-history":[{"count":29,"href":"https:\/\/blogsaverroes.juntadeandalucia.es\/ceipcostaoeste\/wp-json\/wp\/v2\/pages\/44\/revisions"}],"predecessor-version":[{"id":3579,"href":"https:\/\/blogsaverroes.juntadeandalucia.es\/ceipcostaoeste\/wp-json\/wp\/v2\/pages\/44\/revisions\/3579"}],"wp:attachment":[{"href":"https:\/\/blogsaverroes.juntadeandalucia.es\/ceipcostaoeste\/wp-json\/wp\/v2\/media?parent=44"}],"curies":[{"name":"wp","href":"https:\/\/api.w.org\/{rel}","templated":true}]}}