{"id":49,"date":"2015-03-13T08:47:05","date_gmt":"2015-03-13T08:47:05","guid":{"rendered":"http:\/\/blogsaverroes.juntadeandalucia.es\/pre\/ceip\/?page_id=49"},"modified":"2025-02-24T09:51:09","modified_gmt":"2025-02-24T09:51:09","slug":"proyecto-educativo","status":"publish","type":"page","link":"https:\/\/blogsaverroes.juntadeandalucia.es\/ceipcostaoeste\/proyecto-educativo\/","title":{"rendered":"Plan de Centro"},"content":{"rendered":"<p><img loading=\"lazy\" decoding=\"async\" class=\"alignnone size-medium wp-image-1662\" src=\"http:\/\/blogsaverroes.juntadeandalucia.es\/ceipcostaoeste\/files\/2015\/03\/proyecto-300x266.png\" alt=\"proyecto\" width=\"300\" height=\"266\" srcset=\"https:\/\/blogsaverroes.juntadeandalucia.es\/ceipcostaoeste\/files\/2015\/03\/proyecto-300x266.png 300w, https:\/\/blogsaverroes.juntadeandalucia.es\/ceipcostaoeste\/files\/2015\/03\/proyecto.png 640w\" sizes=\"(max-width: 300px) 100vw, 300px\" \/><\/p>\n<p style=\"text-align: justify\">Un centro se define en gran medida por su <strong><span style=\"color: #0000ff\">Plan de Centro<\/span><\/strong>. En \u00e9l se plasma el modelo educativo, de organizaci\u00f3n, funcionamiento y gesti\u00f3n, plasmando as\u00ed la concreci\u00f3n de la normativa que un centro realiza respecto a las ense\u00f1anzas que imparte. <strong><span style=\"color: #008000\">El Proyecto Educativo<\/span><\/strong>, el <strong><span style=\"color: #ff9900\">Reglamento de Organizaci\u00f3n y Funcionamiento<\/span><\/strong> y el <strong><span style=\"color: #cc99ff\">Proyecto de Gesti\u00f3n<\/span><\/strong> son sus documentos.<\/p>\n<p style=\"text-align: justify\">Que la web de un centro informe de su Proyecto Educativo es una apuesta clara por la <strong>transparencia<\/strong>.<\/p>\n<p>&nbsp;<\/p>\n<table style=\"background-color: #f5f2f2;width: 113.872%;height: 1824px\" width=\"892\">\n<tbody>\n<tr style=\"height: 56px\">\n<td style=\"background-color: #2176c4;width: 892px;height: 56px\" colspan=\"3\" width=\"892\">\n<p style=\"text-align: center\"><b>PLAN DE CENTRO C.E.I.P. COSTA OESTE<\/b><\/p>\n<\/td>\n<\/tr>\n<tr style=\"height: 24px\">\n<td style=\"background-color: #2f993c;width: 297px;text-align: center;height: 24px\" width=\"297\"><strong>PROYECTO EDUCATIVO<\/strong><\/td>\n<td style=\"background-color: #e07816;width: 297px;text-align: center;height: 24px\" width=\"297\"><strong>R.O.F.<\/strong><\/td>\n<td style=\"background-color: #ac4cad;width: 297px;text-align: center;height: 24px\" width=\"297\"><strong>PROYECTO DE GESTI\u00d3N<\/strong><\/td>\n<\/tr>\n<tr style=\"height: 96px\">\n<td style=\"text-align: justify;height: 96px\" width=\"297\"><a href=\"https:\/\/blogsaverroes.juntadeandalucia.es\/ceipcostaoeste\/files\/2024\/12\/A.-OBJETIVOS-PROPIOS-PARA-LA-MEJORA-DE-LOS-RENDIMIENTOS-ESCOLARES.pdf\">A) Objetivos propios para la mejora del Rendimiento Escolar.<\/a><\/td>\n<td style=\"text-align: justify;height: 96px\" width=\"297\"><a href=\"https:\/\/blogsaverroes.juntadeandalucia.es\/ceipcostaoeste\/files\/2024\/12\/A.-CAUCES-PARTICIPACION-SECTORES-C.E.D.pdf\">A) Cauces de participaci\u00f3n de los distintos sectores de la comunidad educativa en todos los aspectos recogidos en el Plan de Centro.<\/a><\/td>\n<td style=\"text-align: justify;height: 96px\" width=\"297\"><a href=\"http:\/\/blogsaverroes.juntadeandalucia.es\/ceipcostaoeste\/files\/2015\/03\/A.-Presupuestos.pdf\">A) Criterios para la elaboraci\u00f3n del presupuesto anual del centro y para la distribuci\u00f3n de los ingresos entre las distintas partidas de gasto.<\/a><\/td>\n<\/tr>\n<tr style=\"height: 168px\">\n<td style=\"text-align: justify;height: 168px\" width=\"297\"><a href=\"https:\/\/blogsaverroes.juntadeandalucia.es\/ceipcostaoeste\/files\/2024\/12\/B.-LINEAS-GENERALES-DE-ACTUACION-PEDAGOGICA.pdf\">B) L\u00edneas Generales de Actuaci\u00f3n pedag\u00f3gica.<\/a><\/td>\n<td style=\"text-align: justify;height: 168px\" width=\"297\"><a href=\"https:\/\/blogsaverroes.juntadeandalucia.es\/ceipcostaoeste\/files\/2024\/12\/B.-CRITERIOS-TRANSPARENCIA-ESCOLARIZACION-Y-EVALUACION.pdf\">B) Criterios y procedimientos que garanticen el rigor y la transparencia en la toma de decisiones por los distintos \u00f3rganos de gobierno y de coordinaci\u00f3n docente, especialmente en los procesos relacionados con la escolarizaci\u00f3n y la evaluaci\u00f3n del alumnado.<\/a><\/td>\n<td style=\"text-align: justify;height: 168px\" width=\"297\"><a href=\"http:\/\/blogsaverroes.juntadeandalucia.es\/ceipcostaoeste\/files\/2015\/03\/B.-Criterios-para-la-gesti\u00f3n-de-las-sustituciones.pdf\">B) Criterios para la gesti\u00f3n de las sustituciones de las ausencias del profesorado.<\/a><\/td>\n<\/tr>\n<tr style=\"height: 232px\">\n<td style=\"text-align: justify;height: 232px\" width=\"297\"><a href=\"http:\/\/blogsaverroes.juntadeandalucia.es\/ceipcostaoeste\/files\/2015\/03\/concreci\u00f3n-curr-PRIMARIA.pdf\">C) Coordinaci\u00f3n y concreci\u00f3n de los Contenidos Curriculares, tratamiento transversal en las distintas \u00e1reas de la educaci\u00f3n en valores, integrando la igualdad de g\u00e9nero.<\/a><\/p>\n<p><strong><span style=\"color: #ff0000\">PRIMARIA: <\/span><\/strong><\/p>\n<p><strong><span style=\"color: #ff0000\"><a href=\"https:\/\/blogsaverroes.juntadeandalucia.es\/ceipcostaoeste\/files\/2025\/02\/LENGUA.pdf\">LENGUA<\/a>, <a href=\"https:\/\/blogsaverroes.juntadeandalucia.es\/ceipcostaoeste\/files\/2025\/02\/MATES.pdf\">MATEM\u00c1TICAS<\/a>, <a href=\"https:\/\/blogsaverroes.juntadeandalucia.es\/ceipcostaoeste\/files\/2025\/02\/C.MEDIO_.pdf\">C.MEDIO<\/a>, <a href=\"https:\/\/blogsaverroes.juntadeandalucia.es\/ceipcostaoeste\/files\/2025\/02\/LENGUA-EXTRANJERA.pdf\">LENGUA EXTRANJERA<\/a>, <a href=\"https:\/\/blogsaverroes.juntadeandalucia.es\/ceipcostaoeste\/files\/2025\/02\/EF-1.pdf\">E.F.<\/a>, <a href=\"https:\/\/blogsaverroes.juntadeandalucia.es\/ceipcostaoeste\/files\/2025\/02\/E.ARTISTICA.pdf\">ED. ART\u00cdSTICA<\/a>, <a href=\"https:\/\/blogsaverroes.juntadeandalucia.es\/ceipcostaoeste\/files\/2025\/02\/VALORES.pdf\">EDUCACI\u00d3N EN VALORES C\u00cdVICOS Y \u00c9TICOS (6\u00ba)<\/a>.<\/span><\/strong><\/p>\n<p><a href=\"https:\/\/blogsaverroes.juntadeandalucia.es\/ceipcostaoeste\/files\/2024\/12\/INFANTIL.pdf\"><strong><span style=\"color: #339966\">INFANTIL<\/span><\/strong><\/a><\/td>\n<td style=\"text-align: justify;height: 232px\" width=\"297\"><a href=\"https:\/\/blogsaverroes.juntadeandalucia.es\/ceipcostaoeste\/files\/2025\/02\/C.-ORGANIZACION-DE-LOS-ESPACIOS-INSTALACIONES-Y-RECURSOS-MATERIALES-DEL-CENTRO.pdf\">C) Organizaci\u00f3n de los espacios, instalaciones y recursos materiales del centro, con especial referencia al uso de la biblioteca escolar, as\u00ed como las normas para su uso correcto.<\/a><\/td>\n<td style=\"text-align: justify;height: 232px\" width=\"297\"><a href=\"http:\/\/blogsaverroes.juntadeandalucia.es\/ceipcostaoeste\/files\/2015\/03\/C.-Conservaci\u00f3n-y-renovaci\u00f3n-instalaciones.pdf\">C) Medidas para la conservaci\u00f3n y renovaci\u00f3n de las Instalaciones y del Equipamiento escolar.<\/a><\/td>\n<\/tr>\n<tr style=\"height: 192px\">\n<td style=\"text-align: justify;height: 192px\" width=\"297\"><a href=\"https:\/\/blogsaverroes.juntadeandalucia.es\/ceipcostaoeste\/files\/2025\/02\/D.-CRITERIOS-PEDAGOGICOS-HORARIO-COORDINADORES.pdf\">D) Criterios pedag\u00f3gicos para la determinaci\u00f3n del horario de dedicaci\u00f3n de las personas responsables de los \u00d3rganos de Coordinaci\u00f3n pedag\u00f3gica con el n\u00famero total de horas.<\/a><\/td>\n<td style=\"text-align: justify;height: 192px\" width=\"297\"><a href=\"https:\/\/blogsaverroes.juntadeandalucia.es\/ceipcostaoeste\/files\/2024\/12\/D.-ORGANIZACION-VIGILANCIA-RECREOS-Y-ENTRADAS-Y-SALIDAS.pdf\">D) Organizaci\u00f3n de la vigilancia de los tiempos de recreo y los periodos de entrada y salida de clase.<\/a><\/td>\n<td style=\"text-align: justify;height: 192px\" width=\"297\"><a href=\"https:\/\/blogsaverroes.juntadeandalucia.es\/ceipcostaoeste\/files\/2024\/12\/D.-CRITERIOS-PARA-LA-OBTENCION-DE-INGRESOS.pdf\">D) Criterios para la obtenci\u00f3n de ingresos derivados de la prestaci\u00f3n de servicios distintos de los grabados por tasas, as\u00ed como otros procedentes de entes p\u00fablicos, privados o particulares, am\u00e9n de los que reciba el centro de la administraci\u00f3n, para el cumplimiento de sus objetivos.<\/a><\/td>\n<\/tr>\n<tr style=\"height: 72px\">\n<td style=\"text-align: justify;height: 72px\" width=\"297\"><a href=\"https:\/\/blogsaverroes.juntadeandalucia.es\/ceipcostaoeste\/files\/2024\/12\/E.-PROC-Y-CRITERIOS-DE-EVALUACION-Y-PROMOCION-DEL-ALUMNADO.pdf\">E) Procedimientos y criterios de evaluaci\u00f3n y promoci\u00f3n del alumnado.<\/a><\/p>\n<p><a href=\"https:\/\/blogsaverroes.juntadeandalucia.es\/ceipcostaoeste\/files\/2024\/12\/ANEXO-IV-SOLICITUD-RECLAMACION-CALIFICACIONES-1a-INSTANCIA-ANTE-TUTOR.pdf\"><span style=\"color: #339966\">ANEXO IV. Solicitud reclamaci\u00f3n calificaciones 1\u00aa instancia ante el tutor\/a.<\/span><\/a><\/p>\n<p><a href=\"https:\/\/blogsaverroes.juntadeandalucia.es\/ceipcostaoeste\/files\/2024\/12\/ANEXO-V-SOLICITUD-RECLAMACION-CALIFICACIONES-2a-INSTANCIA-ANTE-DIRECTOR.pdf\"><span style=\"color: #ff6600\">ANEXO V. Solicitud reclamaci\u00f3n calificaciones 2\u00aa instancia ante el Director.<\/span><\/a><\/td>\n<td style=\"text-align: justify;height: 72px\" width=\"297\"><a href=\"https:\/\/blogsaverroes.juntadeandalucia.es\/ceipcostaoeste\/files\/2024\/12\/E.-Colaboracion-tutores-PGL.pdf\">E) Colaboraci\u00f3n de los tutores y tutoras en la gesti\u00f3n del programa de gratuidad de libros de texto.<\/a><\/td>\n<td style=\"text-align: justify;height: 72px\" width=\"297\"><a href=\"https:\/\/blogsaverroes.juntadeandalucia.es\/ceipcostaoeste\/files\/2024\/12\/E.-PROCEDIMIENTOS-PARA-LA-ELABORACION-DEL-INVENTARIO-ANUAL-GENERAL-DEL-CENTRO.pdf\">E) Procedimientos para la elaboraci\u00f3n del inventario anual general del centro.<\/a><\/td>\n<\/tr>\n<tr style=\"height: 120px\">\n<td style=\"text-align: justify;height: 120px\" width=\"297\"><a href=\"https:\/\/blogsaverroes.juntadeandalucia.es\/ceipcostaoeste\/files\/2024\/12\/F.-PLAN-DE-ATENCION-A-LA-DIVERSIDAD.pdf\">F) Plan de atenci\u00f3n a la diversidad.<\/a><\/p>\n<p><a href=\"https:\/\/blogsaverroes.juntadeandalucia.es\/ceipcostaoeste\/files\/2024\/12\/F.-ANEXO-I-EXENCION-FRANCES.pdf\">ANEXO I. Exenci\u00f3n franc\u00e9s<\/a><\/td>\n<td style=\"text-align: justify;height: 120px\" width=\"297\"><a href=\"https:\/\/blogsaverroes.juntadeandalucia.es\/ceipcostaoeste\/files\/2024\/12\/F.-PAE.pdf\">F) Plan de autoprotecci\u00f3n del centro.<\/a><\/td>\n<td style=\"text-align: justify;height: 120px\" width=\"297\"><a href=\"https:\/\/blogsaverroes.juntadeandalucia.es\/ceipcostaoeste\/files\/2024\/12\/F.-CRITERIOS-PARA-UNA-GESTION-SOSTENIBLE-DE-LOS-RECURSOS-DEL-CENTRO.pdf\">F) Criterios para una gesti\u00f3n sostenible de los recursos del centro y de los residuos que genere que, en todo caso, ser\u00e1 eficiente y compatible con la conservaci\u00f3n del medio ambiente.<\/a><\/td>\n<\/tr>\n<tr style=\"height: 96px\">\n<td style=\"text-align: justify;height: 96px\" width=\"297\"><a href=\"https:\/\/blogsaverroes.juntadeandalucia.es\/ceipcostaoeste\/files\/2024\/12\/G.-ORGANIZACION-ACTIVIDADES-ALM-PENDIENTES.pdf\">G) Organizaci\u00f3n de las actividades de refuerzo y recuperaci\u00f3n.<\/a><\/td>\n<td style=\"text-align: justify;height: 96px\" width=\"297\"><a href=\"https:\/\/blogsaverroes.juntadeandalucia.es\/ceipcostaoeste\/files\/2024\/12\/G.-PROCEDIMIENTO-DESIGNACION-MIEMBROS-EQUIPO-DE-EVALUACION.pdf\">G) Procedimiento para la designaci\u00f3n de los miembros de los equipos de evaluaci\u00f3n a los que se refiere el Art. 26.5 (Autoevaluaci\u00f3n).<\/a><\/td>\n<td style=\"height: 96px\" width=\"297\">&nbsp;<\/td>\n<\/tr>\n<tr style=\"height: 168px\">\n<td style=\"text-align: justify;height: 168px\" width=\"297\"><a href=\"https:\/\/blogsaverroes.juntadeandalucia.es\/ceipcostaoeste\/files\/2024\/12\/H.-POAT.pdf\">H) Plan de orientaci\u00f3n y acci\u00f3n tutorial<\/a><\/td>\n<td style=\"text-align: justify;height: 168px\" width=\"297\"><a href=\"https:\/\/blogsaverroes.juntadeandalucia.es\/ceipcostaoeste\/files\/2024\/12\/H.-NORMAS-UTILIZACION-DE-APARATOS-ELECTRONICOS.pdf\">H) Normas sobre la utilizaci\u00f3n en el centro de tel\u00e9fonos m\u00f3viles y otros aparatos electr\u00f3nicos, as\u00ed como el procedimiento para garantizar el acceso seguro a Internet del alumnado (Decreto 25\/2007 de 6 de febrero) que regula el uso de las TIC.<\/a><\/td>\n<td style=\"height: 168px\" width=\"297\">&nbsp;<\/td>\n<\/tr>\n<tr style=\"height: 72px\">\n<td style=\"text-align: justify;height: 72px\" width=\"297\"><a href=\"https:\/\/blogsaverroes.juntadeandalucia.es\/ceipcostaoeste\/files\/2024\/12\/I.-PROCEDIMIENTO-SUSCRIBIR-COMPROMISOS-EDUCATIVOS.pdf\">I) Procedimiento para suscribir compromisos educativos y de convivencia con las familias.<\/a><\/td>\n<td style=\"height: 72px\" width=\"297\"><a href=\"https:\/\/blogsaverroes.juntadeandalucia.es\/ceipcostaoeste\/files\/2024\/12\/I.-USO-DEL-UNIFORME-EN-EL-CENTRO.pdf\">I) Uso del uniforme en el centro.<\/a><\/td>\n<td style=\"height: 72px\" width=\"297\">&nbsp;<\/td>\n<\/tr>\n<tr style=\"height: 48px\">\n<td style=\"text-align: justify;height: 48px\" width=\"297\"><a href=\"https:\/\/blogsaverroes.juntadeandalucia.es\/ceipcostaoeste\/files\/2024\/12\/J.-Plan-de-Convivencia.pdf\">J) Plan de Convivencia.<\/a><\/td>\n<td style=\"text-align: justify;height: 48px\" width=\"297\"><a href=\"https:\/\/blogsaverroes.juntadeandalucia.es\/ceipcostaoeste\/files\/2024\/12\/J.-COMPETENCIAS-Y-FUNCIONES-PRL.pdf\">J) Competencias y funciones relativas a la prevenci\u00f3n de riesgos laborales.<\/a><\/td>\n<td style=\"height: 48px\" width=\"297\">&nbsp;<\/td>\n<\/tr>\n<tr style=\"height: 48px\">\n<td style=\"text-align: justify;height: 48px\" width=\"297\"><a href=\"https:\/\/blogsaverroes.juntadeandalucia.es\/ceipcostaoeste\/files\/2025\/02\/K.-PLAN-DE-FORMACION-DEL-PROFESORADO.pdf\">K) Plan de formaci\u00f3n del profesorado.<\/a><\/td>\n<td style=\"height: 48px\" width=\"297\"><a href=\"https:\/\/blogsaverroes.juntadeandalucia.es\/ceipcostaoeste\/files\/2024\/12\/K.-NORMAS-DE-LOS-DISTINTOS-SECTORES-DE-LA-COMUNIDAD-EDUCATIVA.pdf\">K) Normas de los distintos sectores de la Comunidad Educativa.<\/a><\/td>\n<td style=\"height: 48px\" width=\"297\">&nbsp;<\/td>\n<\/tr>\n<tr style=\"height: 96px\">\n<td style=\"text-align: justify;height: 96px\" width=\"297\"><a href=\"https:\/\/blogsaverroes.juntadeandalucia.es\/ceipcostaoeste\/files\/2025\/02\/L.-CRITERIOS-PARA-ORGANIZAR-Y-DISTRIBUIR-EL-TIEMPO-ESCOLAR.pdf\">L) Criterios para organizar y distribuir el tiempo escolar, as\u00ed como los objetivos y programas de intervenci\u00f3n en el tiempo extraescolar.<\/a><\/td>\n<td style=\"height: 96px\" width=\"297\">&nbsp;<\/td>\n<td style=\"height: 96px\" width=\"297\">&nbsp;<\/td>\n<\/tr>\n<tr style=\"height: 48px\">\n<td style=\"text-align: justify;height: 48px\" width=\"297\"><a href=\"https:\/\/blogsaverroes.juntadeandalucia.es\/ceipcostaoeste\/files\/2024\/12\/M.-PROCEDIMIENTOS-DE-EVALUACION-INTERNA.pdf\">M) Procedimientos de evaluaci\u00f3n interna (Autoevaluaci\u00f3n).<\/a><\/td>\n<td style=\"height: 48px\" width=\"297\">&nbsp;<\/td>\n<td style=\"height: 48px\" width=\"297\">&nbsp;<\/td>\n<\/tr>\n<tr style=\"height: 72px\">\n<td style=\"text-align: justify;height: 72px\" width=\"297\"><a href=\"https:\/\/blogsaverroes.juntadeandalucia.es\/ceipcostaoeste\/files\/2024\/12\/N.-CRITERIOS-AGRUPAM-ALM-Y-ASIGNACION-TUTORIAS.pdf\">N) Criterios para establecer los agrupamientos del alumnado y la asignaci\u00f3n de las tutor\u00edas.<\/a><\/td>\n<td style=\"height: 72px\" width=\"297\">&nbsp;<\/td>\n<td style=\"height: 72px\" width=\"297\">&nbsp;<\/td>\n<\/tr>\n<tr style=\"height: 120px\">\n<td style=\"text-align: justify;height: 120px\" width=\"297\"><a href=\"https:\/\/blogsaverroes.juntadeandalucia.es\/ceipcostaoeste\/files\/2024\/12\/N.-CRITERIOS-GENERALES-ELABORACION-PP-PPDD.pdf\">\u00d1) Criterios generales para la elaboraci\u00f3n de las programaciones did\u00e1cticas de cada una de las \u00e1reas de E. Primaria, E. Especial y Propuestas pedag\u00f3gicas de la E. Infantil.<\/a><\/td>\n<td style=\"height: 120px\" width=\"297\">&nbsp;<\/td>\n<td style=\"height: 120px\" width=\"297\">&nbsp;<\/td>\n<\/tr>\n<tr style=\"height: 24px\">\n<td style=\"text-align: justify;height: 24px\" width=\"297\"><a href=\"https:\/\/blogsaverroes.juntadeandalucia.es\/ceipcostaoeste\/files\/2024\/12\/O.-PLAN-DE-LECTURA.pdf\">O) Plan de lectura.<\/a><\/td>\n<td style=\"height: 24px\" width=\"297\">&nbsp;<\/td>\n<td style=\"height: 24px\" width=\"297\">&nbsp;<\/td>\n<\/tr>\n<tr style=\"height: 24px\">\n<td style=\"height: 24px\" width=\"297\">O) <a href=\"https:\/\/blogsaverroes.juntadeandalucia.es\/ceipcostaoeste\/files\/2024\/12\/O.-Programa-de-transito.pdf\">Programa de tr\u00e1nsito<\/a><\/td>\n<td style=\"height: 24px\" width=\"297\">&nbsp;<\/td>\n<td style=\"height: 24px\" width=\"297\">&nbsp;<\/td>\n<\/tr>\n<tr style=\"height: 24px\">\n<td style=\"height: 24px\" width=\"297\">O) <a href=\"https:\/\/blogsaverroes.juntadeandalucia.es\/ceipcostaoeste\/files\/2024\/12\/O.-Proyecto-bilingue.pdf\">Proyecto biling\u00fce.<\/a><\/td>\n<td style=\"height: 24px\" width=\"297\">&nbsp;<\/td>\n<td style=\"height: 24px\" width=\"297\">&nbsp;<\/td>\n<\/tr>\n<tr>\n<td>O) <a href=\"https:\/\/blogsaverroes.juntadeandalucia.es\/ceipcostaoeste\/files\/2024\/12\/O.-Plan-de-Acogida.pdf\">Plan de acogida<\/a><\/td>\n<td>&nbsp;<\/td>\n<td>&nbsp;<\/td>\n<\/tr>\n<tr>\n<td>O) <a href=\"https:\/\/blogsaverroes.juntadeandalucia.es\/ceipcostaoeste\/files\/2024\/12\/O.-Plan-de-biblioteca-escolar.pdf\">Plan de Biblioteca escolar<\/a><\/td>\n<td>&nbsp;<\/td>\n<td>&nbsp;<\/td>\n<\/tr>\n<\/tbody>\n<\/table>\n","protected":false},"excerpt":{"rendered":"<p>Un centro se define en gran medida por su Plan de Centro. En \u00e9l se plasma el modelo educativo, de organizaci\u00f3n, funcionamiento y gesti\u00f3n, plasmando as\u00ed la concreci\u00f3n de la normativa que un centro&#46;&#46;&#46;<\/p>\n","protected":false},"author":1,"featured_media":0,"parent":0,"menu_order":0,"comment_status":"closed","ping_status":"open","template":"page-cs.php","meta":{"ngg_post_thumbnail":0,"footnotes":"","_mc_calendar":[]},"aioseo_notices":[],"_links":{"self":[{"href":"https:\/\/blogsaverroes.juntadeandalucia.es\/ceipcostaoeste\/wp-json\/wp\/v2\/pages\/49"}],"collection":[{"href":"https:\/\/blogsaverroes.juntadeandalucia.es\/ceipcostaoeste\/wp-json\/wp\/v2\/pages"}],"about":[{"href":"https:\/\/blogsaverroes.juntadeandalucia.es\/ceipcostaoeste\/wp-json\/wp\/v2\/types\/page"}],"author":[{"embeddable":true,"href":"https:\/\/blogsaverroes.juntadeandalucia.es\/ceipcostaoeste\/wp-json\/wp\/v2\/users\/1"}],"replies":[{"embeddable":true,"href":"https:\/\/blogsaverroes.juntadeandalucia.es\/ceipcostaoeste\/wp-json\/wp\/v2\/comments?post=49"}],"version-history":[{"count":53,"href":"https:\/\/blogsaverroes.juntadeandalucia.es\/ceipcostaoeste\/wp-json\/wp\/v2\/pages\/49\/revisions"}],"predecessor-version":[{"id":3561,"href":"https:\/\/blogsaverroes.juntadeandalucia.es\/ceipcostaoeste\/wp-json\/wp\/v2\/pages\/49\/revisions\/3561"}],"wp:attachment":[{"href":"https:\/\/blogsaverroes.juntadeandalucia.es\/ceipcostaoeste\/wp-json\/wp\/v2\/media?parent=49"}],"curies":[{"name":"wp","href":"https:\/\/api.w.org\/{rel}","templated":true}]}}