{"id":77,"date":"2015-03-16T06:54:56","date_gmt":"2015-03-16T06:54:56","guid":{"rendered":"http:\/\/blogsaverroes.juntadeandalucia.es\/pre\/ceip\/?page_id=77"},"modified":"2024-02-15T11:05:49","modified_gmt":"2024-02-15T11:05:49","slug":"secretaria","status":"publish","type":"page","link":"https:\/\/blogsaverroes.juntadeandalucia.es\/ceipcostaoeste\/secretaria\/","title":{"rendered":"Secretar\u00eda"},"content":{"rendered":"<p style=\"text-align: justify\"><a href=\"http:\/\/blogsaverroes.juntadeandalucia.es\/ceipcostaoeste\/files\/2015\/03\/SECRETARIA-CARTEL.jpg\"><img loading=\"lazy\" decoding=\"async\" class=\"alignleft wp-image-2194\" src=\"http:\/\/blogsaverroes.juntadeandalucia.es\/ceipcostaoeste\/files\/2015\/03\/SECRETARIA-CARTEL-300x87.jpg\" alt=\"SECRETARIA CARTEL\" width=\"296\" height=\"86\" srcset=\"https:\/\/blogsaverroes.juntadeandalucia.es\/ceipcostaoeste\/files\/2015\/03\/SECRETARIA-CARTEL-300x87.jpg 300w, https:\/\/blogsaverroes.juntadeandalucia.es\/ceipcostaoeste\/files\/2015\/03\/SECRETARIA-CARTEL-24x7.jpg 24w, https:\/\/blogsaverroes.juntadeandalucia.es\/ceipcostaoeste\/files\/2015\/03\/SECRETARIA-CARTEL-36x10.jpg 36w, https:\/\/blogsaverroes.juntadeandalucia.es\/ceipcostaoeste\/files\/2015\/03\/SECRETARIA-CARTEL-48x14.jpg 48w, https:\/\/blogsaverroes.juntadeandalucia.es\/ceipcostaoeste\/files\/2015\/03\/SECRETARIA-CARTEL.jpg 417w\" sizes=\"(max-width: 296px) 100vw, 296px\" \/><\/a><\/p>\n<p style=\"text-align: justify\">La <strong>Secretar\u00eda<\/strong> desarrolla muchas funciones importantes en la vida de un centro, especialmente en la relaci\u00f3n que mantiene con las familias en los diferentes tr\u00e1mites administrativos a lo largo de la escolarizaci\u00f3n: admisi\u00f3n, matr\u00edcula, traslados, comedor escolar, aula matinal, extraescolares, tr\u00e1mite de bonificaci\u00f3n de servicios, etc. A continuaci\u00f3n presentamos algunos aspectos y documentaci\u00f3n importante para el tr\u00e1mite de diversas cuestiones administrativas:<\/p>\n<p><a href=\"http:\/\/blogsaverroes.juntadeandalucia.es\/ceipcostaoeste\/files\/2015\/03\/SECRE-GRACIA.jpg\"><img loading=\"lazy\" decoding=\"async\" class=\"alignleft size-full wp-image-2195\" src=\"http:\/\/blogsaverroes.juntadeandalucia.es\/ceipcostaoeste\/files\/2015\/03\/SECRE-GRACIA.jpg\" alt=\"SECRE GRACIA\" width=\"232\" height=\"218\" srcset=\"https:\/\/blogsaverroes.juntadeandalucia.es\/ceipcostaoeste\/files\/2015\/03\/SECRE-GRACIA.jpg 232w, https:\/\/blogsaverroes.juntadeandalucia.es\/ceipcostaoeste\/files\/2015\/03\/SECRE-GRACIA-24x24.jpg 24w, https:\/\/blogsaverroes.juntadeandalucia.es\/ceipcostaoeste\/files\/2015\/03\/SECRE-GRACIA-36x34.jpg 36w, https:\/\/blogsaverroes.juntadeandalucia.es\/ceipcostaoeste\/files\/2015\/03\/SECRE-GRACIA-48x45.jpg 48w\" sizes=\"(max-width: 232px) 100vw, 232px\" \/><\/a><\/p>\n<p>&nbsp;<\/p>\n<p><strong><span style=\"color: #0000ff\"><span style=\"text-decoration: underline\">HORARIO DE ATENCI\u00d3N AL P\u00daBLICO<\/span>:<\/span><\/strong><\/p>\n<p><strong><span style=\"color: #339966\">&nbsp;No acudir al centro sin cita previa.<\/span><\/strong><\/p>\n<p><strong><span style=\"color: #ff00ff\">&nbsp;CONTACTO POR TEL\u00c9FONO: 956 243457 &#8211; 600161389.<\/span><\/strong><\/p>\n<p><strong><span style=\"color: #ff9900\">&nbsp;CONTACTO POR CORREO ELECTR\u00d3NICO: &nbsp; &nbsp; &nbsp; &nbsp; &nbsp; &nbsp; &nbsp; &nbsp; &nbsp; &nbsp; &nbsp; &nbsp; &nbsp; &nbsp; &nbsp; &nbsp; &nbsp; &nbsp; &nbsp; &nbsp; &nbsp; &nbsp; &nbsp; &nbsp; &nbsp; &nbsp; &nbsp; &nbsp; &nbsp; &nbsp; &nbsp; &nbsp;11006531.edu@juntadeandalucia.es<\/span><\/strong><\/p>\n<p style=\"text-align: justify\"><span style=\"color: #800000\">&nbsp;<\/span><strong><span style=\"color: #800080\"><span style=\"color: #800000\">FECHAS IMPORTANTES A RECORDAR<\/span>:<\/span><\/strong><\/p>\n<p style=\"text-align: justify\">* <strong>Del 1 al 8 de septiembre<\/strong>: Solicitud de bonificaciones mediante anexo V seg\u00fan normativa de referencia.<\/p>\n<p style=\"text-align: justify\">* <strong>Mes de marzo<\/strong>: Procedimiento de admisi\u00f3n en centros docentes seg\u00fan Anexo III.&nbsp;<\/p>\n<p style=\"text-align: justify\">* <strong>Del 1 al 10 de junio:<\/strong> Procedimiento de matriculaci\u00f3n telem\u00e1tica del alumnado del centro y admitidos en el procedimiento de admisi\u00f3n, en la secretar\u00eda virtual de los centros docentes de la Junta de Andaluc\u00eda, y excepcionalmente con cita previa mediante impresos correspondientes y solicitud de servicios para el Plan Familia para el curso pr\u00f3ximo: aula matinal, comedor escolar y actividades extraescolares.<\/p>\n<p>* <strong>BECAS AITE<\/strong>: (solicitudes anuales): sobre el mes de diciembre y enero del a\u00f1o en curso se solicita curso anterior. Prioritariamente presentando telem\u00e1ticamente la solicitud a trav\u00e9s de la Secretar\u00eda Virtual de los centros docentes de la Junta de Andaluc\u00eda (https:\/\/www.juntadeandalucia.es\/educacion\/secretariavirtual\/accesoTramite\/530\/) o presentando en su defecto la solicitud en el centro.<\/p>\n","protected":false},"excerpt":{"rendered":"<p>La Secretar\u00eda desarrolla muchas funciones importantes en la vida de un centro, especialmente en la relaci\u00f3n que mantiene con las familias en los diferentes tr\u00e1mites administrativos a lo largo de la escolarizaci\u00f3n: admisi\u00f3n, matr\u00edcula,&#46;&#46;&#46;<\/p>\n","protected":false},"author":1,"featured_media":0,"parent":0,"menu_order":0,"comment_status":"closed","ping_status":"open","template":"page-cs.php","meta":{"ngg_post_thumbnail":0,"footnotes":"","_mc_calendar":[]},"aioseo_notices":[],"_links":{"self":[{"href":"https:\/\/blogsaverroes.juntadeandalucia.es\/ceipcostaoeste\/wp-json\/wp\/v2\/pages\/77"}],"collection":[{"href":"https:\/\/blogsaverroes.juntadeandalucia.es\/ceipcostaoeste\/wp-json\/wp\/v2\/pages"}],"about":[{"href":"https:\/\/blogsaverroes.juntadeandalucia.es\/ceipcostaoeste\/wp-json\/wp\/v2\/types\/page"}],"author":[{"embeddable":true,"href":"https:\/\/blogsaverroes.juntadeandalucia.es\/ceipcostaoeste\/wp-json\/wp\/v2\/users\/1"}],"replies":[{"embeddable":true,"href":"https:\/\/blogsaverroes.juntadeandalucia.es\/ceipcostaoeste\/wp-json\/wp\/v2\/comments?post=77"}],"version-history":[{"count":19,"href":"https:\/\/blogsaverroes.juntadeandalucia.es\/ceipcostaoeste\/wp-json\/wp\/v2\/pages\/77\/revisions"}],"predecessor-version":[{"id":3418,"href":"https:\/\/blogsaverroes.juntadeandalucia.es\/ceipcostaoeste\/wp-json\/wp\/v2\/pages\/77\/revisions\/3418"}],"wp:attachment":[{"href":"https:\/\/blogsaverroes.juntadeandalucia.es\/ceipcostaoeste\/wp-json\/wp\/v2\/media?parent=77"}],"curies":[{"name":"wp","href":"https:\/\/api.w.org\/{rel}","templated":true}]}}