{"id":99,"date":"2015-03-16T07:22:54","date_gmt":"2015-03-16T07:22:54","guid":{"rendered":"http:\/\/blogsaverroes.juntadeandalucia.es\/pre\/ceip\/?page_id=99"},"modified":"2025-10-09T09:42:24","modified_gmt":"2025-10-09T09:42:24","slug":"comedor-escolar","status":"publish","type":"page","link":"https:\/\/blogsaverroes.juntadeandalucia.es\/ceipcostaoeste\/comedor-escolar\/","title":{"rendered":"Comedor escolar"},"content":{"rendered":"<p style=\"text-align: center\"><span style=\"color: #ff0000\"><strong>MEN\u00daS CURSO 2025\/26<\/strong><\/span><\/p>\n<p><strong><a href=\"https:\/\/blogsaverroes.juntadeandalucia.es\/ceipcostaoeste\/files\/2025\/09\/menu-basal-transportados-25-26-infantil_08-sept-10-oct.pdf\">SEPTIEMBRE<\/a> <a href=\"https:\/\/blogsaverroes.juntadeandalucia.es\/ceipcostaoeste\/files\/2025\/10\/menu-basal-cc-sda-25-26-13-oct_7-nov-primaria.pdf\">OCTUBRE<\/a> NOVIEMBRE&nbsp; DICIEMBRE&nbsp; &nbsp;ENERO&nbsp; &nbsp;FEBRERO&nbsp; &nbsp;MARZO&nbsp; &nbsp;ABRIL&nbsp; MAYO JUNIO<\/strong><\/p>\n<p><a href=\"https:\/\/blogsaverroes.juntadeandalucia.es\/ceipcostaoeste\/files\/2025\/09\/Carta-presentacion-curso-2025-2026-Cadiz-A4docx.pdf\">COMUNICADO WEB FAMILIAS<\/a>&nbsp; &nbsp; &nbsp; &nbsp; &nbsp; &nbsp; &nbsp; &nbsp; &nbsp; &nbsp; &nbsp; <a href=\"https:\/\/blogsaverroes.juntadeandalucia.es\/ceipcostaoeste\/files\/2024\/10\/REGISTRO-WEB-FAMILIAS-24-25.pdf\">&nbsp;REGISTRO WEB FAMILIAS<\/a>&nbsp;<\/p>\n<p>&nbsp;<\/p>\n<p><a href=\"https:\/\/blogsaverroes.juntadeandalucia.es\/ceipcostaoeste\/files\/2025\/09\/Carta-presentacion-curso-2025-2026-Cadiz-A4docx_page-0001.jpg\"><img loading=\"lazy\" decoding=\"async\" class=\"aligncenter wp-image-3621 size-full\" src=\"https:\/\/blogsaverroes.juntadeandalucia.es\/ceipcostaoeste\/files\/2025\/09\/Carta-presentacion-curso-2025-2026-Cadiz-A4docx_page-0001.jpg\" alt=\"\" width=\"1241\" height=\"1755\" srcset=\"https:\/\/blogsaverroes.juntadeandalucia.es\/ceipcostaoeste\/files\/2025\/09\/Carta-presentacion-curso-2025-2026-Cadiz-A4docx_page-0001.jpg 1131w, https:\/\/blogsaverroes.juntadeandalucia.es\/ceipcostaoeste\/files\/2025\/09\/Carta-presentacion-curso-2025-2026-Cadiz-A4docx_page-0001-212x300.jpg 212w, https:\/\/blogsaverroes.juntadeandalucia.es\/ceipcostaoeste\/files\/2025\/09\/Carta-presentacion-curso-2025-2026-Cadiz-A4docx_page-0001-724x1024.jpg 724w, https:\/\/blogsaverroes.juntadeandalucia.es\/ceipcostaoeste\/files\/2025\/09\/Carta-presentacion-curso-2025-2026-Cadiz-A4docx_page-0001-768x1086.jpg 768w, https:\/\/blogsaverroes.juntadeandalucia.es\/ceipcostaoeste\/files\/2025\/09\/Carta-presentacion-curso-2025-2026-Cadiz-A4docx_page-0001-1086x1536.jpg 1086w\" sizes=\"(max-width: 1241px) 100vw, 1241px\" \/><\/a><\/p>\n<p><a href=\"https:\/\/blogsaverroes.juntadeandalucia.es\/ceipcostaoeste\/files\/2025\/09\/Carta-presentacion-curso-2025-2026-Cadiz-A4docx_page-0002.jpg\"><img loading=\"lazy\" decoding=\"async\" class=\"aligncenter wp-image-3622 size-full\" src=\"https:\/\/blogsaverroes.juntadeandalucia.es\/ceipcostaoeste\/files\/2025\/09\/Carta-presentacion-curso-2025-2026-Cadiz-A4docx_page-0002.jpg\" alt=\"\" width=\"1241\" height=\"1755\" srcset=\"https:\/\/blogsaverroes.juntadeandalucia.es\/ceipcostaoeste\/files\/2025\/09\/Carta-presentacion-curso-2025-2026-Cadiz-A4docx_page-0002.jpg 1131w, https:\/\/blogsaverroes.juntadeandalucia.es\/ceipcostaoeste\/files\/2025\/09\/Carta-presentacion-curso-2025-2026-Cadiz-A4docx_page-0002-212x300.jpg 212w, https:\/\/blogsaverroes.juntadeandalucia.es\/ceipcostaoeste\/files\/2025\/09\/Carta-presentacion-curso-2025-2026-Cadiz-A4docx_page-0002-724x1024.jpg 724w, https:\/\/blogsaverroes.juntadeandalucia.es\/ceipcostaoeste\/files\/2025\/09\/Carta-presentacion-curso-2025-2026-Cadiz-A4docx_page-0002-768x1086.jpg 768w, https:\/\/blogsaverroes.juntadeandalucia.es\/ceipcostaoeste\/files\/2025\/09\/Carta-presentacion-curso-2025-2026-Cadiz-A4docx_page-0002-1086x1536.jpg 1086w\" sizes=\"(max-width: 1241px) 100vw, 1241px\" \/><\/a><\/p>\n<p>&nbsp;<\/p>\n<p style=\"text-align: justify\"><strong>Descarga la <a href=\"https:\/\/blogsaverroes.juntadeandalucia.es\/ceipcostaoeste\/files\/2015\/03\/ANEXO-II-solicitud-Plan-Familia.pdf\">solicitud de inscripci\u00f3n al servicio de comedor<\/a> (se tramitar\u00e1 preferentemente v\u00eda online en la <a href=\"https:\/\/www.juntadeandalucia.es\/educacion\/secretariavirtual\/\">Secretar\u00eda Virtual<\/a> de la Junta de Andaluc\u00eda en junio junto con la matr\u00edcula y la&nbsp; documentaci\u00f3n pertinente)y la <span style=\"color: #ff0000\">solicitud de bonificaci\u00f3n del servicio<\/span> (se realizar\u00e1 del 1 al 8 de septiembre tras la admisi\u00f3n en junio en el servicio a trav\u00e9s de la Secretar\u00eda Virtual de los Centros Docentes de la Junta de Andaluc\u00eda).<\/strong><\/p>\n<p>&nbsp;<\/p>\n<p><a href=\"https:\/\/blogsaverroes.juntadeandalucia.es\/ceipcostaoeste\/files\/2023\/02\/WhatsApp-Image-2023-02-06-at-13.45.20.jpeg\"><img loading=\"lazy\" decoding=\"async\" class=\"aligncenter wp-image-3349 size-full\" src=\"https:\/\/blogsaverroes.juntadeandalucia.es\/ceipcostaoeste\/files\/2023\/02\/WhatsApp-Image-2023-02-06-at-13.45.20.jpeg\" alt=\"\" width=\"768\" height=\"1024\" srcset=\"https:\/\/blogsaverroes.juntadeandalucia.es\/ceipcostaoeste\/files\/2023\/02\/WhatsApp-Image-2023-02-06-at-13.45.20.jpeg 768w, https:\/\/blogsaverroes.juntadeandalucia.es\/ceipcostaoeste\/files\/2023\/02\/WhatsApp-Image-2023-02-06-at-13.45.20-225x300.jpeg 225w\" sizes=\"(max-width: 768px) 100vw, 768px\" \/><\/a><\/p>\n","protected":false},"excerpt":{"rendered":"<p>MEN\u00daS CURSO 2025\/26 SEPTIEMBRE OCTUBRE NOVIEMBRE&nbsp; DICIEMBRE&nbsp; &nbsp;ENERO&nbsp; &nbsp;FEBRERO&nbsp; &nbsp;MARZO&nbsp; &nbsp;ABRIL&nbsp; MAYO JUNIO COMUNICADO WEB FAMILIAS&nbsp; &nbsp; &nbsp; &nbsp; &nbsp; &nbsp; &nbsp; &nbsp; &nbsp; &nbsp; &nbsp; &nbsp;REGISTRO WEB FAMILIAS&nbsp; &nbsp; &nbsp; Descarga la solicitud&#46;&#46;&#46;<\/p>\n","protected":false},"author":1,"featured_media":0,"parent":0,"menu_order":0,"comment_status":"closed","ping_status":"open","template":"","meta":{"ngg_post_thumbnail":0,"footnotes":"","_mc_calendar":[]},"aioseo_notices":[],"_links":{"self":[{"href":"https:\/\/blogsaverroes.juntadeandalucia.es\/ceipcostaoeste\/wp-json\/wp\/v2\/pages\/99"}],"collection":[{"href":"https:\/\/blogsaverroes.juntadeandalucia.es\/ceipcostaoeste\/wp-json\/wp\/v2\/pages"}],"about":[{"href":"https:\/\/blogsaverroes.juntadeandalucia.es\/ceipcostaoeste\/wp-json\/wp\/v2\/types\/page"}],"author":[{"embeddable":true,"href":"https:\/\/blogsaverroes.juntadeandalucia.es\/ceipcostaoeste\/wp-json\/wp\/v2\/users\/1"}],"replies":[{"embeddable":true,"href":"https:\/\/blogsaverroes.juntadeandalucia.es\/ceipcostaoeste\/wp-json\/wp\/v2\/comments?post=99"}],"version-history":[{"count":26,"href":"https:\/\/blogsaverroes.juntadeandalucia.es\/ceipcostaoeste\/wp-json\/wp\/v2\/pages\/99\/revisions"}],"predecessor-version":[{"id":3645,"href":"https:\/\/blogsaverroes.juntadeandalucia.es\/ceipcostaoeste\/wp-json\/wp\/v2\/pages\/99\/revisions\/3645"}],"wp:attachment":[{"href":"https:\/\/blogsaverroes.juntadeandalucia.es\/ceipcostaoeste\/wp-json\/wp\/v2\/media?parent=99"}],"curies":[{"name":"wp","href":"https:\/\/api.w.org\/{rel}","templated":true}]}}