{"id":35,"date":"2015-03-13T08:21:43","date_gmt":"2015-03-13T08:21:43","guid":{"rendered":"http:\/\/blogsaverroes.juntadeandalucia.es\/pre\/ceip\/?page_id=35"},"modified":"2021-05-03T10:00:33","modified_gmt":"2021-05-03T09:00:33","slug":"el-centro-2","status":"publish","type":"page","link":"https:\/\/blogsaverroes.juntadeandalucia.es\/ceipcristobalcolon\/el-centro-2\/","title":{"rendered":"Datos del centro"},"content":{"rendered":"<h4>Datos de contacto<\/h4>\n<p>CEIP Crist\u00f3bal Col\u00f3n&nbsp;<\/p>\n<p><strong>Direcci\u00f3n:<\/strong> Calle, Sierra del Casta\u00f1o, s\/n, 41013 Sevilla<\/p>\n<p><strong>Tel\u00e9fono \/ FAX: <\/strong>955622771<\/p>\n<p><strong>Email:<\/strong> 41004356.edu@juntadeandalucia.es<\/p>\n<p><strong>Tel\u00e9fono<\/strong>: 600 145 142 (Direcci\u00f3n) &#8211; 671 565 681 (Secretar\u00eda)<\/p>\n<p><iframe src=\"https:\/\/www.google.com\/maps\/embed?pb=!1m14!1m8!1m3!1d12683.583279542416!2d-5.9724446!3d37.3686419!3m2!1i1024!2i768!4f13.1!3m3!1m2!1s0x0%3A0xa6088d2150fcb491!2sColegio%20de%20Educaci%C3%B3n%20Infantil%20y%20Primaria%20Crist%C3%B3bal%20Col%C3%B3n!5e0!3m2!1ses!2ses!4v1619609892442!5m2!1ses!2ses\" width=\"100%\" height=\"250\"><span style=\"width: 0px;overflow: hidden;line-height: 0\" data-mce-type=\"bookmark\" class=\"mce_SELRES_start\">\ufeff<\/span><\/iframe><\/p>\n<h4><strong>Oferta educativa<\/strong><\/h4>\n<h4>En nuestro centro se imparten las siguientes ense\u00f1anzas:<\/h4>\n<ul>\n<li>2\u00baCiclo de Educaci\u00f3n Infantil<\/li>\n<li>Educaci\u00f3n Primaria<\/li>\n<\/ul>\n<h4><strong>Un poco de Historia<br \/>\n<\/strong><\/h4>\n<p><b>El CEIP CRIST\u00d3BAL COL\u00d3N<\/b> est\u00e1 emplazado en el barrio del Tiro de L\u00ednea-Santa Genoveva, barrio obrero cercano a otras barriadas con mayor importancia econ\u00f3mica y oferta cultural. La barriada de Tiro de L\u00ednea ocupa unos terrenos que se dedicaron a ensayos militares a principios del siglo XX, de ah\u00ed su nombre. La construcci\u00f3n del centro data de 1962.<\/p>\n<p>Las primeras edificaciones datan de 1936 y las \u00faltimas promociones se han realizado en la zona este del barrio (Los Diez Mandamientos), datan de la d\u00e9cada de los 60.<\/p>\n<p>El barrio presenta gran diversidad de trazados y edificaciones. Su parte m\u00e1s antigua, con edificaciones de entre dos y cuatro alturas, con viviendas tanto plurifamiliares en manzana cerrada, como viviendas unifamiliares. La avenida principal, Almirante Topete, comunica estas tipolog\u00edas. En la parte oriental encontramos edificaciones de entre 4 y 10 alturas.<\/p>\n<p>El barrio est\u00e1 directamente comunicado con el distrito de Nervi\u00f3n y ocupa una localizaci\u00f3n relativamente buena en el conjunto de la ciudad.&nbsp;<\/p>\n<p>Cuenta con una cierta identidad por su antig\u00fcedad y su particular edificaci\u00f3n. Existe una apreciable participaci\u00f3n vecinal como consecuencia de un cierto sentimiento de pertenencia y as\u00ed encontramos varios grupos sociales activos: varias asociaciones de vecinos y asociaci\u00f3n de mayores, que desarrollan actividades culturales, l\u00fadicas, deportivas y reivindicativas<\/p>\n<p>Se trata de un barrio antiguo, aunque no presenta una especial degradaci\u00f3n ni riesgo de marginalidad. Est\u00e1 bien integrado con los barrios de su entorno.&nbsp;<\/p>\n<p>El barrio cuenta con un centro deportivo (muy pr\u00f3ximo al centro), mercado, parque, asociaci\u00f3n de vecinos, centros c\u00edvicos dependientes del Ayuntamiento, centros de salud, establecimientos varios, iglesia e incluso un importante supermercado y una comisar\u00eda a pocos minutos. Cuenta tambi\u00e9n con otro colegio p\u00fablico cercano, otro concertado y un IES. Est\u00e1 bien comunicado mediante la red urbana de autobuses y es de f\u00e1cil accesibilidad para otros veh\u00edculos.<\/p>\n<p>Predominan los recursos de tipo deportivo sobre los culturales o simplemente l\u00fadicos y recreativos, situ\u00e1ndose las bibliotecas m\u00e1s cercanas en la barriada de Ntra. Sra. de La Oliva, y en el complejo de Hytasa, por lo que la atenci\u00f3n a la faceta cultural ha de ser reforzada desde los propios Centros Educativos.<\/p>\n<p>En cuanto al n\u00famero de unidades, actualmente en la mayor\u00eda de los niveles tenemos una sola l\u00ednea, exceptuando algunos cursos en los que por disponer del espacio f\u00edsico y por necesidades de la zona de escolarizaci\u00f3n a la que el centro pertenece (Nervi\u00f3n) se han doblado algunos de los niveles.<\/p>\n<p>Se realizan continuamente obras de mejora. En el curso 2014-15, con una inversi\u00f3n de&nbsp; unos&nbsp; 200.000 \u20ac y que ha supuesto la sustituci\u00f3n de toda la red de saneamiento, la instalaci\u00f3n de un nuevo cerramiento m\u00e1s s\u00f3lido y seguro para el centro, la reparaci\u00f3n de los bajantes exteriores y de la cubierta de la azotea as\u00ed como el arreglo y pintura de la fachada exterior. Mejoras tambi\u00e9n muy significativas se han llevado a cabo en la zona de porche y el SUM (sal\u00f3n de usos m\u00faltiples que actualmente entre otros usos, se utiliza como comedor escolar), con la instalaci\u00f3n de una nueva soler\u00eda y alicatado a media altura. Tambi\u00e9n se ha realizado la pintura interior por los servicios del ayuntamiento, tanto de porter\u00eda como paredes y techos.<\/p>\n<p>Durante el verano del curso 2015-16,&nbsp; se ejecutaron obras de mejora y adecuaci\u00f3n de la cocina del centro. Durante el curso 2017-18 se han adecuado a normativa las dos rampas de acceso al nivel inferior, sustituido las dos puertas de acceso al edificio, terminado el cerramiento que qued\u00f3 inconcluso en la actuaci\u00f3n anterior del ayuntamiento, por falta de presupuesto y se ha reconvertido el antiguo vestuario de EF en unos aseos con acceso directo desde el patio.<\/p>\n<p>Su conservaci\u00f3n y la de su equipamiento son fundamentales para que una construcci\u00f3n de tantos a\u00f1os sea segura y ofrezca un aspecto saludable y agradable para cuantos conformamos la comunidad educativa de este centro y para eso trabajamos conjuntamente desde la direcci\u00f3n y la AMPA.<\/p>\n<h4><strong>Instalaciones<\/strong><\/h4>\nngg_shortcode_0_placeholder\n","protected":false},"excerpt":{"rendered":"<p>Datos de contacto CEIP Crist\u00f3bal Col\u00f3n&nbsp; Direcci\u00f3n: Calle, Sierra del Casta\u00f1o, s\/n, 41013 Sevilla Tel\u00e9fono \/ FAX: 955622771 Email: 41004356.edu@juntadeandalucia.es Tel\u00e9fono: 600 145 142 (Direcci\u00f3n) &#8211; 671 565 681 (Secretar\u00eda) \ufeff Oferta educativa En&#46;&#46;&#46;<\/p>\n","protected":false},"author":1,"featured_media":0,"parent":0,"menu_order":0,"comment_status":"closed","ping_status":"open","template":"","meta":{"ngg_post_thumbnail":0,"footnotes":"","_mc_calendar":[]},"aioseo_notices":[],"_links":{"self":[{"href":"https:\/\/blogsaverroes.juntadeandalucia.es\/ceipcristobalcolon\/wp-json\/wp\/v2\/pages\/35"}],"collection":[{"href":"https:\/\/blogsaverroes.juntadeandalucia.es\/ceipcristobalcolon\/wp-json\/wp\/v2\/pages"}],"about":[{"href":"https:\/\/blogsaverroes.juntadeandalucia.es\/ceipcristobalcolon\/wp-json\/wp\/v2\/types\/page"}],"author":[{"embeddable":true,"href":"https:\/\/blogsaverroes.juntadeandalucia.es\/ceipcristobalcolon\/wp-json\/wp\/v2\/users\/1"}],"replies":[{"embeddable":true,"href":"https:\/\/blogsaverroes.juntadeandalucia.es\/ceipcristobalcolon\/wp-json\/wp\/v2\/comments?post=35"}],"version-history":[{"count":26,"href":"https:\/\/blogsaverroes.juntadeandalucia.es\/ceipcristobalcolon\/wp-json\/wp\/v2\/pages\/35\/revisions"}],"predecessor-version":[{"id":2392,"href":"https:\/\/blogsaverroes.juntadeandalucia.es\/ceipcristobalcolon\/wp-json\/wp\/v2\/pages\/35\/revisions\/2392"}],"wp:attachment":[{"href":"https:\/\/blogsaverroes.juntadeandalucia.es\/ceipcristobalcolon\/wp-json\/wp\/v2\/media?parent=35"}],"curies":[{"name":"wp","href":"https:\/\/api.w.org\/{rel}","templated":true}]}}