{"id":42,"date":"2015-03-13T08:40:47","date_gmt":"2015-03-13T08:40:47","guid":{"rendered":"http:\/\/blogsaverroes.juntadeandalucia.es\/pre\/ceip\/?page_id=42"},"modified":"2021-08-31T11:35:24","modified_gmt":"2021-08-31T10:35:24","slug":"equipo-directivo","status":"publish","type":"page","link":"https:\/\/blogsaverroes.juntadeandalucia.es\/ceipcristobalcolon\/equipo-directivo\/","title":{"rendered":"Equipo directivo"},"content":{"rendered":"<p>Formamos el equipo directivo del CEIP Crist\u00f3bal Col\u00f3n:<\/p>\n<ul>\n<li>D\u00f1a. Mercedes Sanz Morillo: DIRECTORA.<\/li>\n<\/ul>\n<ul>\n<li>D\u00f1a. Inmaculada Joya Guerrero: JEFA DE ESTUDIOS.<\/li>\n<\/ul>\n<ul>\n<li>D\u00f1a M\u00aa F\u00e1tima G\u00e1ncedo Bringas: SECRETARIA.<\/li>\n<\/ul>\n<p>Son <b>funciones del equipo directivo<\/b>, las que se relacionan a continuaci\u00f3n:<\/p>\n<ul>\n<li>Velar por el buen funcionamiento del Centro.<\/li>\n<li>Estudiar y presentar al Claustro de Profesores y al Consejo Escolar propuestas para facilitar y fomentar la participaci\u00f3n de toda la comunidad educativa en la vida del colegio.<\/li>\n<li>Promover procedimientos de evaluaci\u00f3n de las distintas actividades y colaborar en las evaluaciones externas del centro.<\/li>\n<li>Proponer a la comunidad educativa actuaciones de car\u00e1cter preventivo que favorezcan las relaciones entre los distintos colectivos que la integran y que mejoren la convivencia en el centro.<\/li>\n<li>Adoptar las medidas necesarias para la ejecuci\u00f3n coordinada de las decisiones del Consejo Escolar y del Claustro de Profesores en el \u00e1mbito de sus respectivas competencias.<\/li>\n<li>Establecer los criterios para la elaboraci\u00f3n del proyecto de presupuesto.<\/li>\n<li>Coordinar la elaboraci\u00f3n del Proyecto de Centro, del Plan Anual de Centro y de la Memoria Final de Curso.<\/li>\n<li>Elaborar la propuesta de Reglamento de Organizaci\u00f3n y Funcionamiento.<\/li>\n<li>Colaborar con la Administraci\u00f3n Educativa en aquellos \u00f3rganos de participaci\u00f3n que, a tales efectos,se establezcan.<\/li>\n<\/ul>\n","protected":false},"excerpt":{"rendered":"<p>Formamos el equipo directivo del CEIP Crist\u00f3bal Col\u00f3n: D\u00f1a. Mercedes Sanz Morillo: DIRECTORA. D\u00f1a. Inmaculada Joya Guerrero: JEFA DE ESTUDIOS. D\u00f1a M\u00aa F\u00e1tima G\u00e1ncedo Bringas: SECRETARIA. Son funciones del equipo directivo, las que se&#46;&#46;&#46;<\/p>\n","protected":false},"author":1,"featured_media":0,"parent":0,"menu_order":0,"comment_status":"closed","ping_status":"open","template":"","meta":{"ngg_post_thumbnail":0,"footnotes":"","_mc_calendar":[]},"aioseo_notices":[],"_links":{"self":[{"href":"https:\/\/blogsaverroes.juntadeandalucia.es\/ceipcristobalcolon\/wp-json\/wp\/v2\/pages\/42"}],"collection":[{"href":"https:\/\/blogsaverroes.juntadeandalucia.es\/ceipcristobalcolon\/wp-json\/wp\/v2\/pages"}],"about":[{"href":"https:\/\/blogsaverroes.juntadeandalucia.es\/ceipcristobalcolon\/wp-json\/wp\/v2\/types\/page"}],"author":[{"embeddable":true,"href":"https:\/\/blogsaverroes.juntadeandalucia.es\/ceipcristobalcolon\/wp-json\/wp\/v2\/users\/1"}],"replies":[{"embeddable":true,"href":"https:\/\/blogsaverroes.juntadeandalucia.es\/ceipcristobalcolon\/wp-json\/wp\/v2\/comments?post=42"}],"version-history":[{"count":7,"href":"https:\/\/blogsaverroes.juntadeandalucia.es\/ceipcristobalcolon\/wp-json\/wp\/v2\/pages\/42\/revisions"}],"predecessor-version":[{"id":2427,"href":"https:\/\/blogsaverroes.juntadeandalucia.es\/ceipcristobalcolon\/wp-json\/wp\/v2\/pages\/42\/revisions\/2427"}],"wp:attachment":[{"href":"https:\/\/blogsaverroes.juntadeandalucia.es\/ceipcristobalcolon\/wp-json\/wp\/v2\/media?parent=42"}],"curies":[{"name":"wp","href":"https:\/\/api.w.org\/{rel}","templated":true}]}}