{"id":1055,"date":"2025-10-21T00:02:23","date_gmt":"2025-10-20T23:02:23","guid":{"rendered":"https:\/\/blogsaverroes.juntadeandalucia.es\/ceipcristobaldearce\/?page_id=1055"},"modified":"2025-11-22T20:30:44","modified_gmt":"2025-11-22T19:30:44","slug":"bienvenidos","status":"publish","type":"page","link":"https:\/\/blogsaverroes.juntadeandalucia.es\/ceipcristobaldearce\/","title":{"rendered":"\u00a1Bienvenidos!"},"content":{"rendered":"<div class=\"pt-cv-wrapper\"><div class=\"pt-cv-view pt-cv-blockgrid iscvblock iscvhybrid list1 layout1\" id=\"pt-cv-view-6a2900dq7z\"><div data-id=\"pt-cv-page-1\" class=\"pt-cv-page\" data-cvc=\"1\"><div class=\" pt-cv-content-item pt-cv-2-col\" ><div class=\"pt-cv-thumb-wrapper pull-left \"><a href=\"https:\/\/blogsaverroes.juntadeandalucia.es\/ceipcristobaldearce\/trabajo-de-los-generos-literarios-clase-de-6o\/\" class=\"_self pt-cv-href-thumbnail pt-cv-thumb-left\" target=\"_self\" ><img loading=\"lazy\" decoding=\"async\" width=\"768\" height=\"614\" src=\"https:\/\/blogsaverroes.juntadeandalucia.es\/ceipcristobaldearce\/files\/2026\/03\/colorful-retro-radio-receiver-digital-art-5yhxoc214ghg0w5a-768x614.jpg\" class=\"pt-cv-thumbnail pull-left\" alt=\"\" \/><\/a><\/div>\n<div class=\"pt-cv-colwrap\"><h4 class=\"pt-cv-title\"><a href=\"https:\/\/blogsaverroes.juntadeandalucia.es\/ceipcristobaldearce\/trabajo-de-los-generos-literarios-clase-de-6o\/\" class=\"_self\" target=\"_self\" >Escritura creativa: marzo del 2026 (raps de 6\u00ba).<\/a><\/h4><div class=\"pt-cv-content\">\u00a1Buenos d\u00edas! Os remito informaci\u00f3n enviada por la se\u00f1o Sole: Se contin\u00faan trabajando en clase ...<br \/><div class=\"pt-cv-rmwrap\"><a href=\"https:\/\/blogsaverroes.juntadeandalucia.es\/ceipcristobaldearce\/trabajo-de-los-generos-literarios-clase-de-6o\/\" class=\"_self pt-cv-readmore btn btn-success\" target=\"_self\">Leer M\u00e1s<\/a><\/div><\/div><\/div><\/div>\n<div class=\" pt-cv-content-item pt-cv-2-col\" ><div class=\"pt-cv-thumb-wrapper pull-left \"><a href=\"https:\/\/blogsaverroes.juntadeandalucia.es\/ceipcristobaldearce\/rap-del-8-m-dia-internacional-de-la-mujer-alumnas-de-6o\/\" class=\"_self pt-cv-href-thumbnail pt-cv-thumb-left\" target=\"_self\" ><img loading=\"lazy\" decoding=\"async\" width=\"768\" height=\"332\" src=\"https:\/\/blogsaverroes.juntadeandalucia.es\/ceipcristobaldearce\/files\/2026\/03\/58ff95f9-a8d9-4d37-ac32-6904f49f423d-1-768x332.jpg\" class=\"pt-cv-thumbnail pull-left\" alt=\"D\u00eda de la Mujer 26\" \/><\/a><\/div>\n<div class=\"pt-cv-colwrap\"><h4 class=\"pt-cv-title\"><a href=\"https:\/\/blogsaverroes.juntadeandalucia.es\/ceipcristobaldearce\/rap-del-8-m-dia-internacional-de-la-mujer-alumnas-de-6o\/\" class=\"_self\" target=\"_self\" >Actividades del 8-M (D\u00eda Internacional de la Mujer).<\/a><\/h4><div class=\"pt-cv-content\">Para celebrar el 8M (D\u00eda Internacional de la Mujer) se destacan estas actividades realizadas en ...<br \/><div class=\"pt-cv-rmwrap\"><a href=\"https:\/\/blogsaverroes.juntadeandalucia.es\/ceipcristobaldearce\/rap-del-8-m-dia-internacional-de-la-mujer-alumnas-de-6o\/\" class=\"_self pt-cv-readmore btn btn-success\" target=\"_self\">Leer M\u00e1s<\/a><\/div><\/div><\/div><\/div>\n<div class=\" pt-cv-content-item pt-cv-2-col\" ><div class=\"pt-cv-thumb-wrapper pull-left \"><a href=\"https:\/\/blogsaverroes.juntadeandalucia.es\/ceipcristobaldearce\/dia-de-andalucia-28-2-2026\/\" class=\"_self pt-cv-href-thumbnail pt-cv-thumb-left\" target=\"_self\" ><img loading=\"lazy\" decoding=\"async\" width=\"768\" height=\"371\" src=\"https:\/\/blogsaverroes.juntadeandalucia.es\/ceipcristobaldearce\/files\/2026\/03\/00-Portada-Dia-de-Andalucia-2026-copia-768x371.jpg\" class=\"pt-cv-thumbnail pull-left\" alt=\"Portada D\u00eda de Andaluc\u00eda 2026 bis\" \/><\/a><\/div>\n<div class=\"pt-cv-colwrap\"><h4 class=\"pt-cv-title\"><a href=\"https:\/\/blogsaverroes.juntadeandalucia.es\/ceipcristobaldearce\/dia-de-andalucia-28-2-2026\/\" class=\"_self\" target=\"_self\" >D\u00eda de Andaluc\u00eda (28\/2\/2026).<\/a><\/h4><div class=\"pt-cv-content\">Estimadas familias: El pasado viernes, d\u00eda 27 de febrero, celebramos el D\u00eda de Andaluc\u00eda en ...<br \/><div class=\"pt-cv-rmwrap\"><a href=\"https:\/\/blogsaverroes.juntadeandalucia.es\/ceipcristobaldearce\/dia-de-andalucia-28-2-2026\/\" class=\"_self pt-cv-readmore btn btn-success\" target=\"_self\">Leer M\u00e1s<\/a><\/div><\/div><\/div><\/div>\n<div class=\" pt-cv-content-item pt-cv-2-col\" ><div class=\"pt-cv-thumb-wrapper pull-left \"><a href=\"https:\/\/blogsaverroes.juntadeandalucia.es\/ceipcristobaldearce\/carnaval-13-2-2026\/\" class=\"_self pt-cv-href-thumbnail pt-cv-thumb-left\" target=\"_self\" ><img loading=\"lazy\" decoding=\"async\" width=\"768\" height=\"512\" src=\"https:\/\/blogsaverroes.juntadeandalucia.es\/ceipcristobaldearce\/files\/2026\/02\/Carnaval-portada-26-768x512.png\" class=\"pt-cv-thumbnail pull-left\" alt=\"\" \/><\/a><\/div>\n<div class=\"pt-cv-colwrap\"><h4 class=\"pt-cv-title\"><a href=\"https:\/\/blogsaverroes.juntadeandalucia.es\/ceipcristobaldearce\/carnaval-13-2-2026\/\" class=\"_self\" target=\"_self\" >Carnaval (13\/2\/2026).<\/a><\/h4><div class=\"pt-cv-content\">\u00a1Carnaval, carnaval...! \u266b\u266a\u2669 El 13 de febrero, el alumnado del CEIP Crist\u00f3bal de Arce vino ...<br \/><div class=\"pt-cv-rmwrap\"><a href=\"https:\/\/blogsaverroes.juntadeandalucia.es\/ceipcristobaldearce\/carnaval-13-2-2026\/\" class=\"_self pt-cv-readmore btn btn-success\" target=\"_self\">Leer M\u00e1s<\/a><\/div><\/div><\/div><\/div>\n<div class=\" pt-cv-content-item pt-cv-2-col\" ><div class=\"pt-cv-thumb-wrapper pull-left \"><a href=\"https:\/\/blogsaverroes.juntadeandalucia.es\/ceipcristobaldearce\/suspension-de-la-actividad-lectiva-presencial-4-2-2026\/\" class=\"_self pt-cv-href-thumbnail pt-cv-thumb-left\" target=\"_self\" ><img loading=\"lazy\" decoding=\"async\" width=\"582\" height=\"370\" src=\"https:\/\/blogsaverroes.juntadeandalucia.es\/ceipcristobaldearce\/files\/2026\/02\/nieve_a_92.jpg\" class=\"pt-cv-thumbnail pull-left\" alt=\"Puerto de la Mora\" \/><\/a><\/div>\n<div class=\"pt-cv-colwrap\"><h4 class=\"pt-cv-title\"><a href=\"https:\/\/blogsaverroes.juntadeandalucia.es\/ceipcristobaldearce\/suspension-de-la-actividad-lectiva-presencial-4-2-2026\/\" class=\"_self\" target=\"_self\" >Suspensi\u00f3n de la actividad lectiva presencial (4\/2\/2026, 5\/2\/2026 y 6\/2\/2026).<\/a><\/h4><div class=\"pt-cv-content\">Estimadas familias. Os enlazamos un mensaje de la Consejer\u00eda de Desarrollo Educativo y Formaci\u00f3n Profesional: ...<br \/><div class=\"pt-cv-rmwrap\"><a href=\"https:\/\/blogsaverroes.juntadeandalucia.es\/ceipcristobaldearce\/suspension-de-la-actividad-lectiva-presencial-4-2-2026\/\" class=\"_self pt-cv-readmore btn btn-success\" target=\"_self\">Leer M\u00e1s<\/a><\/div><\/div><\/div><\/div>\n<div class=\" pt-cv-content-item pt-cv-2-col\" ><div class=\"pt-cv-thumb-wrapper pull-left \"><a href=\"https:\/\/blogsaverroes.juntadeandalucia.es\/ceipcristobaldearce\/actuaciones-de-navidad-19-12-2025-videos-y-fotos\/\" class=\"_self pt-cv-href-thumbnail pt-cv-thumb-left\" target=\"_self\" ><img loading=\"lazy\" decoding=\"async\" width=\"768\" height=\"377\" src=\"https:\/\/blogsaverroes.juntadeandalucia.es\/ceipcristobaldearce\/files\/2025\/12\/Captura-de-pantalla-2025-12-25-124002-1-768x377.png\" class=\"pt-cv-thumbnail pull-left\" alt=\"\" \/><\/a><\/div>\n<div class=\"pt-cv-colwrap\"><h4 class=\"pt-cv-title\"><a href=\"https:\/\/blogsaverroes.juntadeandalucia.es\/ceipcristobaldearce\/actuaciones-de-navidad-19-12-2025-videos-y-fotos\/\" class=\"_self\" target=\"_self\" >Actuaciones de Navidad (19\/12\/2025) &#8211; V\u00eddeos y fotos.<\/a><\/h4><div class=\"pt-cv-content\">Estimadas familias: Ya est\u00e1 terminada la edici\u00f3n de los <strong>v\u00eddeos con las actuaciones navide\u00f1as<\/strong> que ...<br \/><div class=\"pt-cv-rmwrap\"><a href=\"https:\/\/blogsaverroes.juntadeandalucia.es\/ceipcristobaldearce\/actuaciones-de-navidad-19-12-2025-videos-y-fotos\/\" class=\"_self pt-cv-readmore btn btn-success\" target=\"_self\">Leer M\u00e1s<\/a><\/div><\/div><\/div><\/div><\/div><\/div>\n<div class=\" pt-cv-pagination-wrapper\"><ul class=\"pt-cv-pagination pt-cv-ajax pagination\" data-totalpages=\"2\" data-currentpage=\"1\" data-sid=\"6a2900dq7z\" data-unid=\"\" data-isblock=\"\" data-postid=\"\"><li class=\"active\"><a href=\"#\">1<\/a><\/li>\n\t<li ><a class=\"\" href=\"https:\/\/blogsaverroes.juntadeandalucia.es\/ceipcristobaldearce\/wp-json\/wp\/v2\/pages\/1055\/?_page=2\">2<\/a><\/li>\n\t<li ><a class=\" \" href=\"https:\/\/blogsaverroes.juntadeandalucia.es\/ceipcristobaldearce\/wp-json\/wp\/v2\/pages\/1055\/?_page=2\">&rsaquo;<\/a><\/li>\n\t<\/ul><img loading=\"lazy\" decoding=\"async\" width=\"15\" height=\"15\" class=\"pt-cv-spinner\" alt=\"Cargando...\" src=\"data:image\/gif;base64,R0lGODlhDwAPALMPAMrKygwMDJOTkz09PZWVla+vr3p6euTk5M7OzuXl5TMzMwAAAJmZmWZmZszMzP\/\/\/yH\/C05FVFNDQVBFMi4wAwEAAAAh+QQFCgAPACwAAAAADwAPAAAEQvDJaZaZOIcV8iQK8VRX4iTYoAwZ4iCYoAjZ4RxejhVNoT+mRGP4cyF4Pp0N98sBGIBMEMOotl6YZ3S61Bmbkm4mAgAh+QQFCgAPACwAAAAADQANAAAENPDJSRSZeA418itN8QiK8BiLITVsFiyBBIoYqnoewAD4xPw9iY4XLGYSjkQR4UAUD45DLwIAIfkEBQoADwAsAAAAAA8ACQAABC\/wyVlamTi3nSdgwFNdhEJgTJoNyoB9ISYoQmdjiZPcj7EYCAeCF1gEDo4Dz2eIAAAh+QQFCgAPACwCAAAADQANAAAEM\/DJBxiYeLKdX3IJZT1FU0iIg2RNKx3OkZVnZ98ToRD4MyiDnkAh6BkNC0MvsAj0kMpHBAAh+QQFCgAPACwGAAAACQAPAAAEMDC59KpFDll73HkAA2wVY5KgiK5b0RRoI6MuzG6EQqCDMlSGheEhUAgqgUUAFRySIgAh+QQFCgAPACwCAAIADQANAAAEM\/DJKZNLND\/kkKaHc3xk+QAMYDKsiaqmZCxGVjSFFCxB1vwy2oOgIDxuucxAMTAJFAJNBAAh+QQFCgAPACwAAAYADwAJAAAEMNAs86q1yaWwwv2Ig0jUZx3OYa4XoRAfwADXoAwfo1+CIjyFRuEho60aSNYlOPxEAAAh+QQFCgAPACwAAAIADQANAAAENPA9s4y8+IUVcqaWJ4qEQozSoAzoIyhCK2NFU2SJk0hNnyEOhKR2AzAAj4Pj4GE4W0bkJQIAOw==\" \/><div class=\"clear pt-cv-clear-pagination\"><\/div><\/div><\/div>\t\t\t<style type=\"text\/css\" id=\"pt-cv-inline-style-ece73b3wpb\">\n#pt-cv-view-6a2900dq7z .pt-cv-thumb-wrapper:not(.miniwrap) { width: 60%; }#pt-cv-view-6a2900dq7z .pt-cv-thumbnail:not(.pt-cv-thumbnailsm) { height: 300px; }#pt-cv-view-6a2900dq7z > .pt-cv-page {grid-template-columns: repeat(1, 1fr);grid-gap: 15px;}\n@media all and (max-width: 1024px) { \n#pt-cv-view-6a2900dq7z > .pt-cv-page {grid-template-columns: repeat(2, 1fr);}\n} \n@media all and (max-width: 767px) { \n#pt-cv-view-6a2900dq7z > .pt-cv-page {grid-template-columns: repeat(1, 1fr);}\n} <\/style>\r\n\t\t\t\n","protected":false},"excerpt":{"rendered":"","protected":false},"author":5012,"featured_media":1058,"parent":0,"menu_order":0,"comment_status":"closed","ping_status":"closed","template":"","meta":{"ngg_post_thumbnail":0,"footnotes":"","_mc_calendar":[]},"aioseo_notices":[],"_links":{"self":[{"href":"https:\/\/blogsaverroes.juntadeandalucia.es\/ceipcristobaldearce\/wp-json\/wp\/v2\/pages\/1055"}],"collection":[{"href":"https:\/\/blogsaverroes.juntadeandalucia.es\/ceipcristobaldearce\/wp-json\/wp\/v2\/pages"}],"about":[{"href":"https:\/\/blogsaverroes.juntadeandalucia.es\/ceipcristobaldearce\/wp-json\/wp\/v2\/types\/page"}],"author":[{"embeddable":true,"href":"https:\/\/blogsaverroes.juntadeandalucia.es\/ceipcristobaldearce\/wp-json\/wp\/v2\/users\/5012"}],"replies":[{"embeddable":true,"href":"https:\/\/blogsaverroes.juntadeandalucia.es\/ceipcristobaldearce\/wp-json\/wp\/v2\/comments?post=1055"}],"version-history":[{"count":9,"href":"https:\/\/blogsaverroes.juntadeandalucia.es\/ceipcristobaldearce\/wp-json\/wp\/v2\/pages\/1055\/revisions"}],"predecessor-version":[{"id":1186,"href":"https:\/\/blogsaverroes.juntadeandalucia.es\/ceipcristobaldearce\/wp-json\/wp\/v2\/pages\/1055\/revisions\/1186"}],"wp:featuredmedia":[{"embeddable":true,"href":"https:\/\/blogsaverroes.juntadeandalucia.es\/ceipcristobaldearce\/wp-json\/wp\/v2\/media\/1058"}],"wp:attachment":[{"href":"https:\/\/blogsaverroes.juntadeandalucia.es\/ceipcristobaldearce\/wp-json\/wp\/v2\/media?parent=1055"}],"curies":[{"name":"wp","href":"https:\/\/api.w.org\/{rel}","templated":true}]}}