{"id":1065,"date":"2025-10-21T00:23:17","date_gmt":"2025-10-20T23:23:17","guid":{"rendered":"https:\/\/blogsaverroes.juntadeandalucia.es\/ceipcristobaldearce\/?page_id=1065"},"modified":"2025-11-30T12:11:51","modified_gmt":"2025-11-30T11:11:51","slug":"datos-generales","status":"publish","type":"page","link":"https:\/\/blogsaverroes.juntadeandalucia.es\/ceipcristobaldearce\/datos-generales\/","title":{"rendered":"Datos generales"},"content":{"rendered":"<p><strong>Direcci\u00f3n:<\/strong> <a href=\"https:\/\/maps.app.goo.gl\/1JVScRZJYbaKbqbU8\" target=\"_blank\" rel=\"noopener\">C\/Lepanto, S\/N<\/a><\/p>\n<p><strong>C\u00f3digo postal:<\/strong> 18517; La Peza (Granada)<\/p>\n<p><strong>Tel\u00e9fono:<\/strong> <a href=\"https:\/\/www.google.com\/search?client=firefox-b-d&amp;q=ceip+cristobal+de+arce#\" target=\"_blank\" rel=\"noopener\">958 69 99 52<\/a><\/p>\n<p><strong>Email:<\/strong> <a href=\"mailto:18007514.edu@juntadeandalucia.es\">18007514.edu@juntadeandalucia.es<\/a><\/p>\n<p><strong>C\u00f3digo del centro:<\/strong> 18007514<\/p>\n<p><img loading=\"lazy\" decoding=\"async\" class=\"size-large wp-image-1224\" src=\"https:\/\/blogsaverroes.juntadeandalucia.es\/ceipcristobaldearce\/files\/2025\/11\/Cole-Peza-2-1024x727.jpg\" alt=\"Cole Peza\" width=\"843\" height=\"598\" srcset=\"https:\/\/blogsaverroes.juntadeandalucia.es\/ceipcristobaldearce\/files\/2025\/11\/Cole-Peza-2-1024x727.jpg 1024w, https:\/\/blogsaverroes.juntadeandalucia.es\/ceipcristobaldearce\/files\/2025\/11\/Cole-Peza-2-300x213.jpg 300w, https:\/\/blogsaverroes.juntadeandalucia.es\/ceipcristobaldearce\/files\/2025\/11\/Cole-Peza-2-768x545.jpg 768w, https:\/\/blogsaverroes.juntadeandalucia.es\/ceipcristobaldearce\/files\/2025\/11\/Cole-Peza-2.jpg 1302w\" sizes=\"(max-width: 843px) 100vw, 843px\" \/><\/p>\n","protected":false},"excerpt":{"rendered":"<p>Direcci\u00f3n: C\/Lepanto, S\/N C\u00f3digo postal: 18517; La Peza (Granada) Tel\u00e9fono: 958 69 99 52 Email: 18007514.edu@juntadeandalucia.es C\u00f3digo del centro: 18007514<\/p>\n","protected":false},"author":5012,"featured_media":0,"parent":0,"menu_order":0,"comment_status":"closed","ping_status":"closed","template":"","meta":{"ngg_post_thumbnail":0,"footnotes":"","_mc_calendar":[]},"aioseo_notices":[],"_links":{"self":[{"href":"https:\/\/blogsaverroes.juntadeandalucia.es\/ceipcristobaldearce\/wp-json\/wp\/v2\/pages\/1065"}],"collection":[{"href":"https:\/\/blogsaverroes.juntadeandalucia.es\/ceipcristobaldearce\/wp-json\/wp\/v2\/pages"}],"about":[{"href":"https:\/\/blogsaverroes.juntadeandalucia.es\/ceipcristobaldearce\/wp-json\/wp\/v2\/types\/page"}],"author":[{"embeddable":true,"href":"https:\/\/blogsaverroes.juntadeandalucia.es\/ceipcristobaldearce\/wp-json\/wp\/v2\/users\/5012"}],"replies":[{"embeddable":true,"href":"https:\/\/blogsaverroes.juntadeandalucia.es\/ceipcristobaldearce\/wp-json\/wp\/v2\/comments?post=1065"}],"version-history":[{"count":9,"href":"https:\/\/blogsaverroes.juntadeandalucia.es\/ceipcristobaldearce\/wp-json\/wp\/v2\/pages\/1065\/revisions"}],"predecessor-version":[{"id":1397,"href":"https:\/\/blogsaverroes.juntadeandalucia.es\/ceipcristobaldearce\/wp-json\/wp\/v2\/pages\/1065\/revisions\/1397"}],"wp:attachment":[{"href":"https:\/\/blogsaverroes.juntadeandalucia.es\/ceipcristobaldearce\/wp-json\/wp\/v2\/media?parent=1065"}],"curies":[{"name":"wp","href":"https:\/\/api.w.org\/{rel}","templated":true}]}}