{"id":1227,"date":"2025-11-04T23:20:57","date_gmt":"2025-11-04T22:20:57","guid":{"rendered":"https:\/\/blogsaverroes.juntadeandalucia.es\/ceipcristobaldearce\/?page_id=1227"},"modified":"2025-11-04T23:38:35","modified_gmt":"2025-11-04T22:38:35","slug":"escolarizacion","status":"publish","type":"page","link":"https:\/\/blogsaverroes.juntadeandalucia.es\/ceipcristobaldearce\/escolarizacion\/","title":{"rendered":"Escolarizaci\u00f3n"},"content":{"rendered":"<p>Pod\u00e9is consultar el <a href=\"https:\/\/www.juntadeandalucia.es\/educacion\/portales\/web\/escolarizacion\" target=\"_blank\" rel=\"noopener\">Portal de la Escolarizaci\u00f3n de Andaluc\u00eda<\/a>, donde se aloja la informaci\u00f3n referente a este proceso y poder as\u00ed estar atentos a los requisitos y plazos espec\u00edficos de cada etapa educativa:<\/p>\n<p><a href=\"https:\/\/www.juntadeandalucia.es\/educacion\/portales\/web\/escolarizacion\" target=\"_blank\" rel=\"noopener\">https:\/\/www.juntadeandalucia.es\/educacion\/portales\/web\/escolarizacion<\/a><\/p>\n<p><img loading=\"lazy\" decoding=\"async\" class=\"size-full wp-image-1228 aligncenter\" src=\"https:\/\/blogsaverroes.juntadeandalucia.es\/ceipcristobaldearce\/files\/2025\/11\/Escolarizacion.png\" alt=\"\" width=\"602\" height=\"472\" srcset=\"https:\/\/blogsaverroes.juntadeandalucia.es\/ceipcristobaldearce\/files\/2025\/11\/Escolarizacion.png 602w, https:\/\/blogsaverroes.juntadeandalucia.es\/ceipcristobaldearce\/files\/2025\/11\/Escolarizacion-300x235.png 300w\" sizes=\"(max-width: 602px) 100vw, 602px\" \/><\/p>\n<p>&nbsp;<\/p>\n","protected":false},"excerpt":{"rendered":"<p>Pod\u00e9is consultar el Portal de la Escolarizaci\u00f3n de Andaluc\u00eda, donde se aloja la informaci\u00f3n referente a este proceso y poder as\u00ed estar atentos a los&hellip;<\/p>\n","protected":false},"author":5012,"featured_media":0,"parent":0,"menu_order":0,"comment_status":"closed","ping_status":"closed","template":"","meta":{"ngg_post_thumbnail":0,"footnotes":"","_mc_calendar":[]},"aioseo_notices":[],"_links":{"self":[{"href":"https:\/\/blogsaverroes.juntadeandalucia.es\/ceipcristobaldearce\/wp-json\/wp\/v2\/pages\/1227"}],"collection":[{"href":"https:\/\/blogsaverroes.juntadeandalucia.es\/ceipcristobaldearce\/wp-json\/wp\/v2\/pages"}],"about":[{"href":"https:\/\/blogsaverroes.juntadeandalucia.es\/ceipcristobaldearce\/wp-json\/wp\/v2\/types\/page"}],"author":[{"embeddable":true,"href":"https:\/\/blogsaverroes.juntadeandalucia.es\/ceipcristobaldearce\/wp-json\/wp\/v2\/users\/5012"}],"replies":[{"embeddable":true,"href":"https:\/\/blogsaverroes.juntadeandalucia.es\/ceipcristobaldearce\/wp-json\/wp\/v2\/comments?post=1227"}],"version-history":[{"count":3,"href":"https:\/\/blogsaverroes.juntadeandalucia.es\/ceipcristobaldearce\/wp-json\/wp\/v2\/pages\/1227\/revisions"}],"predecessor-version":[{"id":1244,"href":"https:\/\/blogsaverroes.juntadeandalucia.es\/ceipcristobaldearce\/wp-json\/wp\/v2\/pages\/1227\/revisions\/1244"}],"wp:attachment":[{"href":"https:\/\/blogsaverroes.juntadeandalucia.es\/ceipcristobaldearce\/wp-json\/wp\/v2\/media?parent=1227"}],"curies":[{"name":"wp","href":"https:\/\/api.w.org\/{rel}","templated":true}]}}