{"id":1312,"date":"2025-11-18T09:54:45","date_gmt":"2025-11-18T08:54:45","guid":{"rendered":"https:\/\/blogsaverroes.juntadeandalucia.es\/ceipcristobaldearce\/?page_id=1312"},"modified":"2025-11-18T09:54:45","modified_gmt":"2025-11-18T08:54:45","slug":"webs-de-nuestro-cole","status":"publish","type":"page","link":"https:\/\/blogsaverroes.juntadeandalucia.es\/ceipcristobaldearce\/webs-de-nuestro-cole\/","title":{"rendered":"Webs de nuestro cole"},"content":{"rendered":"<p style=\"text-align: justify\">En el siguiente enlace se recopilan varias <span style=\"text-decoration: underline\"><strong>p\u00e1ginas web o blogs<\/strong><\/span> creadas a lo largo de los cursos, en las que se ilustra la realidad diaria de nuestro centro:<\/p>\n<table style=\"height: 264px;width: 100%;border-collapse: collapse;background-color: #c7eef2;border-color: #000000\" border=\"1\">\n<tbody>\n<tr style=\"height: 24px;background-color: #829cd9\">\n<td style=\"width: 33.3333%;height: 24px;text-align: center\">\n<h2><strong>P\u00c1GINA \/ BLOG:<\/strong><\/h2>\n<\/td>\n<td style=\"width: 33.3333%;height: 24px;text-align: center\">\n<h2><strong>DESCRIPCI\u00d3N:<\/strong><\/h2>\n<\/td>\n<td style=\"width: 33.3333%;height: 24px;text-align: center\">\n<h2><strong>ENLACE:<\/strong><\/h2>\n<\/td>\n<\/tr>\n<tr style=\"height: 96px\">\n<td style=\"width: 33.3333%;height: 96px;text-align: center\"><em><strong>&#8220;\u00c9rase una vez en la Peza&#8221;<\/strong><\/em><\/td>\n<td style=\"width: 33.3333%;height: 96px;text-align: justify\">Blog del teacher Marcos. En \u00e9l se incluyen res\u00famenes para ayudarte a preparar la asignatura, enlaces de inter\u00e9s con los que entender mejor el ingl\u00e9s e informaci\u00f3n relativa a las fechas de examen.<\/td>\n<td style=\"width: 33.3333%;height: 96px;text-align: center\"><a href=\"https:\/\/eraseunavezenlapeza.blogspot.com\/\" target=\"_blank\" rel=\"noopener\">https:\/\/eraseunavezenlapeza.blogspot.com\/<\/a><\/td>\n<\/tr>\n<tr style=\"height: 24px\">\n<td style=\"width: 33.3333%;height: 24px;text-align: center\">&nbsp;<\/td>\n<td style=\"width: 33.3333%;height: 24px;text-align: justify\">&nbsp;<\/td>\n<td style=\"width: 33.3333%;height: 24px;text-align: center\">&nbsp;<\/td>\n<\/tr>\n<tr style=\"height: 24px\">\n<td style=\"width: 33.3333%;height: 24px;text-align: center\">&nbsp;<\/td>\n<td style=\"width: 33.3333%;height: 24px;text-align: justify\">&nbsp;<\/td>\n<td style=\"width: 33.3333%;height: 24px;text-align: center\">&nbsp;<\/td>\n<\/tr>\n<tr style=\"height: 24px\">\n<td style=\"width: 33.3333%;height: 24px;text-align: center\">&nbsp;<\/td>\n<td style=\"width: 33.3333%;height: 24px;text-align: justify\">&nbsp;<\/td>\n<td style=\"width: 33.3333%;height: 24px;text-align: center\">&nbsp;<\/td>\n<\/tr>\n<tr style=\"height: 24px\">\n<td style=\"width: 33.3333%;height: 24px;text-align: center\">&nbsp;<\/td>\n<td style=\"width: 33.3333%;height: 24px;text-align: justify\">&nbsp;<\/td>\n<td style=\"width: 33.3333%;height: 24px;text-align: center\">&nbsp;<\/td>\n<\/tr>\n<tr style=\"height: 24px\">\n<td style=\"width: 33.3333%;height: 24px;text-align: center\">&nbsp;<\/td>\n<td style=\"width: 33.3333%;height: 24px;text-align: justify\">&nbsp;<\/td>\n<td style=\"width: 33.3333%;height: 24px;text-align: center\">&nbsp;<\/td>\n<\/tr>\n<tr style=\"height: 24px\">\n<td style=\"width: 33.3333%;height: 24px;text-align: center\">&nbsp;<\/td>\n<td style=\"width: 33.3333%;height: 24px;text-align: justify\">&nbsp;<\/td>\n<td style=\"width: 33.3333%;height: 24px;text-align: center\">&nbsp;<\/td>\n<\/tr>\n<\/tbody>\n<\/table>\n","protected":false},"excerpt":{"rendered":"<p>En el siguiente enlace se recopilan varias p\u00e1ginas web o blogs creadas a lo largo de los cursos, en las que se ilustra la realidad&hellip;<\/p>\n","protected":false},"author":5012,"featured_media":0,"parent":0,"menu_order":0,"comment_status":"closed","ping_status":"closed","template":"","meta":{"ngg_post_thumbnail":0,"footnotes":"","_mc_calendar":[]},"aioseo_notices":[],"_links":{"self":[{"href":"https:\/\/blogsaverroes.juntadeandalucia.es\/ceipcristobaldearce\/wp-json\/wp\/v2\/pages\/1312"}],"collection":[{"href":"https:\/\/blogsaverroes.juntadeandalucia.es\/ceipcristobaldearce\/wp-json\/wp\/v2\/pages"}],"about":[{"href":"https:\/\/blogsaverroes.juntadeandalucia.es\/ceipcristobaldearce\/wp-json\/wp\/v2\/types\/page"}],"author":[{"embeddable":true,"href":"https:\/\/blogsaverroes.juntadeandalucia.es\/ceipcristobaldearce\/wp-json\/wp\/v2\/users\/5012"}],"replies":[{"embeddable":true,"href":"https:\/\/blogsaverroes.juntadeandalucia.es\/ceipcristobaldearce\/wp-json\/wp\/v2\/comments?post=1312"}],"version-history":[{"count":1,"href":"https:\/\/blogsaverroes.juntadeandalucia.es\/ceipcristobaldearce\/wp-json\/wp\/v2\/pages\/1312\/revisions"}],"predecessor-version":[{"id":1313,"href":"https:\/\/blogsaverroes.juntadeandalucia.es\/ceipcristobaldearce\/wp-json\/wp\/v2\/pages\/1312\/revisions\/1313"}],"wp:attachment":[{"href":"https:\/\/blogsaverroes.juntadeandalucia.es\/ceipcristobaldearce\/wp-json\/wp\/v2\/media?parent=1312"}],"curies":[{"name":"wp","href":"https:\/\/api.w.org\/{rel}","templated":true}]}}