{"id":2310,"date":"2021-04-18T11:32:17","date_gmt":"2021-04-18T11:32:17","guid":{"rendered":"https:\/\/blogsaverroes.juntadeandalucia.es\/ceipcristodemena\/?page_id=2310"},"modified":"2021-11-02T12:37:31","modified_gmt":"2021-11-02T12:37:31","slug":"profesorado","status":"publish","type":"page","link":"https:\/\/blogsaverroes.juntadeandalucia.es\/ceipcristodemena\/profesorado\/","title":{"rendered":"Profesorado"},"content":{"rendered":"<p>Profesorado que imparte docencia en el colegio, responsables de tutor\u00eda, especialistas y personal de apoyo. Horario de tutor\u00eda y correo electr\u00f3nico.<\/p>\n<table style=\"border-collapse: collapse;width: 100%;height: 552px\">\n<tbody>\n<tr style=\"height: 24px\">\n<td style=\"width: 26.0319%;height: 24px;text-align: center\">CLASE<\/td>\n<td style=\"width: 26.2831%;text-align: center;height: 24px\">PROFESORADO<\/td>\n<td style=\"width: 16.6997%;text-align: center;height: 24px\">TUTOR\u00cdA<\/td>\n<\/tr>\n<tr style=\"height: 24px\">\n<td style=\"width: 26.0319%;text-align: center;height: 24px\">Educaci\u00f3n Infantil 3 a\u00f1os<\/td>\n<td style=\"width: 26.2831%;text-align: center;height: 24px\">Laura Rengel Ram\u00f3n<\/td>\n<td style=\"width: 16.6997%;text-align: center;height: 24px\">L 16:00 a17:00 h<\/td>\n<\/tr>\n<tr style=\"height: 24px\">\n<td style=\"width: 26.0319%;text-align: center;height: 24px\">Educaci\u00f3n Infantil 4 a\u00f1os<\/td>\n<td style=\"width: 26.2831%;text-align: center;height: 24px\">Beatriz Murciano Jim\u00e9nez<\/td>\n<td style=\"width: 16.6997%;text-align: center;height: 24px\">L 16:00 a17:00 h<\/td>\n<\/tr>\n<tr style=\"height: 24px\">\n<td style=\"width: 26.0319%;text-align: center;height: 24px\">Educaci\u00f3n Infantil 5 a\u00f1os<\/td>\n<td style=\"width: 26.2831%;text-align: center;height: 24px\">Clotilde Hern\u00e1ndez Jolin<\/td>\n<td style=\"width: 16.6997%;text-align: center;height: 24px\">L 16:00 a17:00 h<\/td>\n<\/tr>\n<tr style=\"height: 24px\">\n<td style=\"width: 26.0319%;text-align: center;height: 24px\">1\u00ba de Educaci\u00f3n Primaria<\/td>\n<td style=\"width: 26.2831%;text-align: center;height: 24px\">\u00c1ngel G\u00f3mez Jim\u00e9nez<\/td>\n<td style=\"width: 16.6997%;text-align: center;height: 24px\">L 16:00 a17:00 h<\/td>\n<\/tr>\n<tr style=\"height: 24px\">\n<td style=\"width: 26.0319%;text-align: center;height: 24px\">2\u00ba de Educaci\u00f3n Primaria<\/td>\n<td style=\"width: 26.2831%;text-align: center;height: 24px\">Ana Mar\u00eda Polo Paz<\/td>\n<td style=\"width: 16.6997%;text-align: center;height: 24px\">L 16:00 a17:00 h<\/td>\n<\/tr>\n<tr style=\"height: 24px\">\n<td style=\"width: 26.0319%;text-align: center;height: 24px\">3\u00ba de Educaci\u00f3n Primaria<\/td>\n<td style=\"width: 26.2831%;text-align: center;height: 24px\">Mar\u00eda Victoria N\u00e1jera Albend\u00edn<\/td>\n<td style=\"width: 16.6997%;text-align: center;height: 24px\">L 16:00 a17:00 h<\/td>\n<\/tr>\n<tr style=\"height: 24px\">\n<td style=\"width: 26.0319%;text-align: center;height: 24px\">4\u00ba de Educaci\u00f3n Primaria<\/td>\n<td style=\"width: 26.2831%;text-align: center;height: 24px\">Jos\u00e9 Ignacio Beiro \u00c1lvarez<\/td>\n<td style=\"width: 16.6997%;text-align: center;height: 24px\">L 16:00 a17:00 h<\/td>\n<\/tr>\n<tr style=\"height: 24px\">\n<td style=\"width: 26.0319%;text-align: center;height: 24px\">5\u00ba de Educaci\u00f3n Primaria<\/td>\n<td style=\"width: 26.2831%;text-align: center;height: 24px\">Mar\u00eda Garc\u00eda Ruiz<\/td>\n<td style=\"width: 16.6997%;text-align: center;height: 24px\">L 16:00 a17:00 h<\/td>\n<\/tr>\n<tr style=\"height: 24px\">\n<td style=\"width: 26.0319%;text-align: center;height: 24px\">6\u00ba de Educaci\u00f3n Primaria<\/td>\n<td style=\"width: 26.2831%;text-align: center;height: 24px\">Mar\u00eda Victoria Gonz\u00e1lez Guzm\u00e1n<\/td>\n<td style=\"width: 16.6997%;text-align: center;height: 24px\">L 16:00 a17:00 h<\/td>\n<\/tr>\n<tr style=\"height: 24px\">\n<td style=\"width: 26.0319%;text-align: center;height: 24px\">Lengua extranjera: Ingl\u00e9s<\/td>\n<td style=\"width: 26.2831%;text-align: center;height: 24px\">Inmaculada Cantizani Arjona<\/td>\n<td style=\"width: 16.6997%;text-align: center;height: 24px\">L 16:00 a17:00 h<\/td>\n<\/tr>\n<tr style=\"height: 24px\">\n<td style=\"width: 26.0319%;text-align: center;height: 24px\">Lengua extranjera: Franc\u00e9s<\/td>\n<td style=\"width: 26.2831%;text-align: center;height: 24px\">\u00c1ngel G\u00f3mez Jim\u00e9nez<\/td>\n<td style=\"width: 16.6997%;text-align: center;height: 24px\">L 16:00 a17:00 h<\/td>\n<\/tr>\n<tr style=\"height: 24px\">\n<td style=\"width: 26.0319%;text-align: center;height: 24px\">Educaci\u00f3n F\u00edsica<\/td>\n<td style=\"width: 26.2831%;text-align: center;height: 24px\">Raquel Lastra Ruiz<\/td>\n<td style=\"width: 16.6997%;text-align: center;height: 24px\">L 16:00 a17:00 h<\/td>\n<\/tr>\n<tr style=\"height: 24px\">\n<td style=\"width: 26.0319%;text-align: center;height: 24px\">M\u00fasica<\/td>\n<td style=\"width: 26.2831%;text-align: center;height: 24px\">Mar\u00eda Garc\u00eda Ruiz<\/td>\n<td style=\"width: 16.6997%;text-align: center;height: 24px\">L 16:00 a17:00 h<\/td>\n<\/tr>\n<tr style=\"height: 24px\">\n<td style=\"width: 26.0319%;text-align: center;height: 24px\">Religi\u00f3n<\/td>\n<td style=\"width: 26.2831%;text-align: center;height: 24px\">Pilar Soler Gonz\u00e1lez<\/td>\n<td style=\"width: 16.6997%;text-align: center;height: 24px\">L 16:00 a17:00 h<\/td>\n<\/tr>\n<tr style=\"height: 24px\">\n<td style=\"width: 26.0319%;text-align: center;height: 24px\">Pedagog\u00eda Terap\u00e9utica<\/td>\n<td style=\"width: 26.2831%;text-align: center;height: 24px\">M\u00aa Isabel Chac\u00f3n M.<\/td>\n<td style=\"width: 16.6997%;text-align: center;height: 24px\">L 16:00 a17:00 h<\/td>\n<\/tr>\n<tr style=\"height: 24px\">\n<td style=\"width: 26.0319%;text-align: center;height: 24px\">Audici\u00f3n y Lenguaje<\/td>\n<td style=\"width: 26.2831%;text-align: center;height: 24px\">\u00c1ngel Suarez<\/td>\n<td style=\"width: 16.6997%;text-align: center;height: 24px\">L 16:00 a17:00 h<\/td>\n<\/tr>\n<tr style=\"height: 24px\">\n<td style=\"width: 26.0319%;text-align: center;height: 24px\">Apoyo<\/td>\n<td style=\"width: 26.2831%;text-align: center;height: 24px\">Maria Dolores Santiago Campos<\/td>\n<td style=\"width: 16.6997%;text-align: center;height: 24px\">L 16:00 a17:00 h<\/td>\n<\/tr>\n<tr style=\"height: 24px\">\n<td style=\"width: 26.0319%;text-align: center;height: 24px\">Orientadora<\/td>\n<td style=\"width: 26.2831%;text-align: center;height: 24px\">Inmaculada Cuberos Casado<\/td>\n<td style=\"width: 16.6997%;text-align: center;height: 24px\">L 16:00 a17:00 h<\/td>\n<\/tr>\n<tr style=\"height: 24px\">\n<td style=\"width: 26.0319%;text-align: center;height: 24px\">Directora<\/td>\n<td style=\"width: 26.2831%;text-align: center;height: 24px\">Lina V. Planchuelo M.<\/td>\n<td style=\"width: 16.6997%;text-align: center;height: 24px\">&nbsp;<\/td>\n<\/tr>\n<tr style=\"height: 24px\">\n<td style=\"width: 26.0319%;text-align: center;height: 24px\">Jefa de Estudios<\/td>\n<td style=\"width: 26.2831%;text-align: center;height: 24px\">Raquel Lastra Ruiz<\/td>\n<td style=\"width: 16.6997%;text-align: center;height: 24px\">L 16:00 a17:00 h<\/td>\n<\/tr>\n<tr style=\"height: 24px\">\n<td style=\"width: 26.0319%;text-align: center;height: 24px\">Secretario<\/td>\n<td style=\"width: 26.2831%;text-align: center;height: 24px\">Jos\u00e9 Ignacio Beiro \u00c1lvarez<\/td>\n<td style=\"width: 16.6997%;text-align: center;height: 24px\">&nbsp;<\/td>\n<\/tr>\n<tr style=\"height: 24px\">\n<td style=\"width: 26.0319%;text-align: center;height: 24px\">Monitora escolar<\/td>\n<td style=\"width: 26.2831%;text-align: center;height: 24px\">Francisca D\u00edaz Cuenca<\/td>\n<td style=\"width: 16.6997%;text-align: center;height: 24px\">&nbsp;<\/td>\n<\/tr>\n<\/tbody>\n<\/table>\n","protected":false},"excerpt":{"rendered":"<p>Profesorado que imparte docencia en el colegio, responsables de tutor\u00eda, especialistas y personal de apoyo. Horario de tutor\u00eda y correo electr\u00f3nico. CLASE PROFESORADO TUTOR\u00cdA Educaci\u00f3n Infantil 3 a\u00f1os Laura Rengel Ram\u00f3n L 16:00 a17:00&#46;&#46;&#46;<\/p>\n","protected":false},"author":11086,"featured_media":0,"parent":0,"menu_order":0,"comment_status":"closed","ping_status":"closed","template":"","meta":{"ngg_post_thumbnail":0,"footnotes":"","_mc_calendar":[]},"aioseo_notices":[],"_links":{"self":[{"href":"https:\/\/blogsaverroes.juntadeandalucia.es\/ceipcristodemena\/wp-json\/wp\/v2\/pages\/2310"}],"collection":[{"href":"https:\/\/blogsaverroes.juntadeandalucia.es\/ceipcristodemena\/wp-json\/wp\/v2\/pages"}],"about":[{"href":"https:\/\/blogsaverroes.juntadeandalucia.es\/ceipcristodemena\/wp-json\/wp\/v2\/types\/page"}],"author":[{"embeddable":true,"href":"https:\/\/blogsaverroes.juntadeandalucia.es\/ceipcristodemena\/wp-json\/wp\/v2\/users\/11086"}],"replies":[{"embeddable":true,"href":"https:\/\/blogsaverroes.juntadeandalucia.es\/ceipcristodemena\/wp-json\/wp\/v2\/comments?post=2310"}],"version-history":[{"count":16,"href":"https:\/\/blogsaverroes.juntadeandalucia.es\/ceipcristodemena\/wp-json\/wp\/v2\/pages\/2310\/revisions"}],"predecessor-version":[{"id":2545,"href":"https:\/\/blogsaverroes.juntadeandalucia.es\/ceipcristodemena\/wp-json\/wp\/v2\/pages\/2310\/revisions\/2545"}],"wp:attachment":[{"href":"https:\/\/blogsaverroes.juntadeandalucia.es\/ceipcristodemena\/wp-json\/wp\/v2\/media?parent=2310"}],"curies":[{"name":"wp","href":"https:\/\/api.w.org\/{rel}","templated":true}]}}