{"id":42,"date":"2015-03-13T08:40:47","date_gmt":"2015-03-13T08:40:47","guid":{"rendered":"http:\/\/blogsaverroes.juntadeandalucia.es\/pre\/ceip\/?page_id=42"},"modified":"2021-11-02T11:57:52","modified_gmt":"2021-11-02T11:57:52","slug":"equipo-directivo","status":"publish","type":"page","link":"https:\/\/blogsaverroes.juntadeandalucia.es\/ceipcristodemena\/equipo-directivo\/","title":{"rendered":"Equipo directivo"},"content":{"rendered":"<p>&nbsp;<\/p>\n<p><strong>Direcci\u00f3n:<\/strong> D\u00f1a. Lina Violeta Planchuelo Medina.<\/p>\n<p><strong>Horario de atenci\u00f3n:<\/strong> Martes (9:00 &#8211; 10:00) y Mi\u00e9rcoles (10:00 &#8211; 11:00)<\/p>\n<p><strong>Correo electr\u00f3nico: <\/strong><a href=\"mailto:lina@ceipcristodemena.org\">lina@ceipcristodemena.org<\/a><\/p>\n<p><strong>Jefatura de estudios:<\/strong> D\u00f1a. Raquel Lastra Garc\u00eda.<\/p>\n<p><strong>Horario de atenci\u00f3n<\/strong>: Lunes (9:00 &#8211; 10:00) y Martes (9:00 &#8211; 10:00)<\/p>\n<p><strong>Correo electr\u00f3nico: <\/strong><a href=\"mailto:raquel@ceipcristodemena.org\">raquel@ceipcristodemena.org<\/a><\/p>\n<p><strong>Secretar\u00eda:<\/strong> D. Jos\u00e9 Ignacio Beiro \u00c1lvarez.<\/p>\n<p><strong>Horario de atenci\u00f3n<\/strong>: martes y mi\u00e9rcoles de 9:00 a 10:00 horas.<\/p>\n<p><strong>Correo electr\u00f3nico:<\/strong><a href=\"mailto:joseignacio@ceipcristodemena.org\"> joseignacio@ceipcristodemena.org<\/a><\/p>\n<p>&nbsp;<\/p>\n","protected":false},"excerpt":{"rendered":"<p>&nbsp; Direcci\u00f3n: D\u00f1a. Lina Violeta Planchuelo Medina. Horario de atenci\u00f3n: Martes (9:00 &#8211; 10:00) y Mi\u00e9rcoles (10:00 &#8211; 11:00) Correo electr\u00f3nico: lina@ceipcristodemena.org Jefatura de estudios: D\u00f1a. Raquel Lastra Garc\u00eda. Horario de atenci\u00f3n: Lunes (9:00&#46;&#46;&#46;<\/p>\n","protected":false},"author":1,"featured_media":0,"parent":0,"menu_order":0,"comment_status":"closed","ping_status":"open","template":"","meta":{"ngg_post_thumbnail":0,"footnotes":"","_mc_calendar":[]},"aioseo_notices":[],"_links":{"self":[{"href":"https:\/\/blogsaverroes.juntadeandalucia.es\/ceipcristodemena\/wp-json\/wp\/v2\/pages\/42"}],"collection":[{"href":"https:\/\/blogsaverroes.juntadeandalucia.es\/ceipcristodemena\/wp-json\/wp\/v2\/pages"}],"about":[{"href":"https:\/\/blogsaverroes.juntadeandalucia.es\/ceipcristodemena\/wp-json\/wp\/v2\/types\/page"}],"author":[{"embeddable":true,"href":"https:\/\/blogsaverroes.juntadeandalucia.es\/ceipcristodemena\/wp-json\/wp\/v2\/users\/1"}],"replies":[{"embeddable":true,"href":"https:\/\/blogsaverroes.juntadeandalucia.es\/ceipcristodemena\/wp-json\/wp\/v2\/comments?post=42"}],"version-history":[{"count":12,"href":"https:\/\/blogsaverroes.juntadeandalucia.es\/ceipcristodemena\/wp-json\/wp\/v2\/pages\/42\/revisions"}],"predecessor-version":[{"id":2535,"href":"https:\/\/blogsaverroes.juntadeandalucia.es\/ceipcristodemena\/wp-json\/wp\/v2\/pages\/42\/revisions\/2535"}],"wp:attachment":[{"href":"https:\/\/blogsaverroes.juntadeandalucia.es\/ceipcristodemena\/wp-json\/wp\/v2\/media?parent=42"}],"curies":[{"name":"wp","href":"https:\/\/api.w.org\/{rel}","templated":true}]}}