{"id":870,"date":"2015-03-16T07:24:27","date_gmt":"2015-03-16T07:24:27","guid":{"rendered":"http:\/\/blogsaverroes.juntadeandalucia.es\/pre\/ceip\/?page_id=103"},"modified":"2021-11-10T09:12:24","modified_gmt":"2021-11-10T09:12:24","slug":"aula-matinal","status":"publish","type":"page","link":"https:\/\/blogsaverroes.juntadeandalucia.es\/ceipcristodemena\/aula-matinal\/","title":{"rendered":"Aula Matinal"},"content":{"rendered":"<p><a href=\"https:\/\/blogsaverroes.juntadeandalucia.es\/ceipcristodemena\/files\/2021\/11\/IMG_20211103_091636-scaled-e1635927725650.jpg\"><img loading=\"lazy\" decoding=\"async\" class=\"alignnone size-medium wp-image-2546\" src=\"https:\/\/blogsaverroes.juntadeandalucia.es\/ceipcristodemena\/files\/2021\/11\/IMG_20211103_091636-225x300.jpg\" alt=\"\" width=\"225\" height=\"300\"><\/a><\/p>\n<h4>Aula Matinal<\/h4>\n<p>El <strong>Aula Matinal<\/strong> abre a las 7.30 horas de lunes a viernes, ofreciendo actividades diversas a los estudiantes hasta el comienzo del horario lectivo.<\/p>\n<p>Puede&nbsp;utilizarse&nbsp;cualquier d\u00eda previa inscripci\u00f3n y domicializaci\u00f3n bancaria.<\/p>\n<p>&nbsp;<\/p>\n<p>&nbsp;<\/p>\n","protected":false},"excerpt":{"rendered":"<p>Aula Matinal El Aula Matinal abre a las 7.30 horas de lunes a viernes, ofreciendo actividades diversas a los estudiantes hasta el comienzo del horario lectivo. Puede&nbsp;utilizarse&nbsp;cualquier d\u00eda previa inscripci\u00f3n y domicializaci\u00f3n bancaria. &nbsp;&#46;&#46;&#46;<\/p>\n","protected":false},"author":1,"featured_media":0,"parent":0,"menu_order":0,"comment_status":"closed","ping_status":"open","template":"","meta":{"ngg_post_thumbnail":0,"footnotes":"","_mc_calendar":[]},"aioseo_notices":[],"_links":{"self":[{"href":"https:\/\/blogsaverroes.juntadeandalucia.es\/ceipcristodemena\/wp-json\/wp\/v2\/pages\/870"}],"collection":[{"href":"https:\/\/blogsaverroes.juntadeandalucia.es\/ceipcristodemena\/wp-json\/wp\/v2\/pages"}],"about":[{"href":"https:\/\/blogsaverroes.juntadeandalucia.es\/ceipcristodemena\/wp-json\/wp\/v2\/types\/page"}],"author":[{"embeddable":true,"href":"https:\/\/blogsaverroes.juntadeandalucia.es\/ceipcristodemena\/wp-json\/wp\/v2\/users\/1"}],"replies":[{"embeddable":true,"href":"https:\/\/blogsaverroes.juntadeandalucia.es\/ceipcristodemena\/wp-json\/wp\/v2\/comments?post=870"}],"version-history":[{"count":8,"href":"https:\/\/blogsaverroes.juntadeandalucia.es\/ceipcristodemena\/wp-json\/wp\/v2\/pages\/870\/revisions"}],"predecessor-version":[{"id":2571,"href":"https:\/\/blogsaverroes.juntadeandalucia.es\/ceipcristodemena\/wp-json\/wp\/v2\/pages\/870\/revisions\/2571"}],"wp:attachment":[{"href":"https:\/\/blogsaverroes.juntadeandalucia.es\/ceipcristodemena\/wp-json\/wp\/v2\/media?parent=870"}],"curies":[{"name":"wp","href":"https:\/\/api.w.org\/{rel}","templated":true}]}}