{"id":35,"date":"2015-03-13T08:21:43","date_gmt":"2015-03-13T08:21:43","guid":{"rendered":"http:\/\/blogsaverroes.juntadeandalucia.es\/pre\/ceip\/?page_id=35"},"modified":"2020-02-06T22:52:17","modified_gmt":"2020-02-06T22:52:17","slug":"el-centro-2","status":"publish","type":"page","link":"https:\/\/blogsaverroes.juntadeandalucia.es\/ceipcristoreysanpablo\/el-centro-2\/","title":{"rendered":"Datos del centro"},"content":{"rendered":"<div class=\"mapouter\">\n<div>\n<p>El <strong>CEIP Cristo Rey<\/strong> es un centro semi-D situado en la poblaci\u00f3n de San Pablo de Buceite, pedan\u00eda de Jimena de la Frontera (C\u00e1diz).<\/p>\n<div class=\"cntDescripcion\">\n<p>Nos encontramos&nbsp; en pleno valle del r\u00edo Guadiaro, entre la Serran\u00eda de Ronda y el Parque&nbsp; Natural de Los Alcornocales, en el l\u00edmite de las provincias de&nbsp; C\u00e1diz y M\u00e1laga, a menos de 30 Kms. de la Costa del Sol.<\/p>\n<p>Es el \u00fanico centro de la poblaci\u00f3n. Tiene una sola l\u00ednea que va desde el 2\u00ba ciclo de Ed. Infantil hasta el 1\u00ba ciclo de ESO, con 200 alumnos\/as aproximadamente.<\/p>\n<\/div>\n<\/div>\n<div class=\"gmap_canvas\">[googlemaps https:\/\/maps.google.com\/maps?q=san%20pablo%20de%20buceite%20ceip%20cristo%20rey&amp;t=&amp;z=17&amp;ie=UTF8&amp;iwloc=&amp;output=embed&amp;w=600&amp;h=500]<\/div>\n<p>.mapouter{position:relative;text-align:right;height:500px;width:600px;}.gmap_canvas {overflow:hidden;background:none!important;height:500px;width:600px;}<\/p>\n<\/div>\n<h4>Datos de contacto<\/h4>\n<p>Ceip Cristo Rey<\/p>\n<p><strong><span style=\"color: #800000\">Direcci\u00f3n<\/span>:<\/strong>&nbsp; Camino de la Cerejana s\/n San Pablo de Buceite 11320 C\u00c1DIZ<\/p>\n<p><span style=\"color: #800000\"><strong>Tel\u00e9fono \/ FAX: <\/strong><\/span>956670138 \/ 956670137(fax)&nbsp;<\/p>\n<p><strong><span style=\"color: #800000\">WhatsApp<\/span>:&nbsp;<\/strong> 671 565 991<\/p>\n<p><strong><span style=\"color: #800000\">Email<\/span>:<\/strong> 11003667.edu@juntadeandalucia.es<\/p>\n<h4><strong>Horario Secretaria<br \/>\n<\/strong><\/h4>\n<p>De lunes a Viernes de 9:10 a 10:10 y de 11:30 a 12:30<\/p>\n<h4><strong>Oferta educativa<\/strong><\/h4>\n<p>Educaci\u00f3n infantil, Educaci\u00f3n primaria y 1\u00ba ciclo de ESO.<\/p>\n<h4>Instalaciones<\/h4>\nngg_shortcode_0_placeholder\n","protected":false},"excerpt":{"rendered":"<p>El CEIP Cristo Rey es un centro semi-D situado en la poblaci\u00f3n de San Pablo de Buceite, pedan\u00eda de Jimena de la Frontera (C\u00e1diz). Nos encontramos&nbsp; en pleno valle del r\u00edo Guadiaro, entre la Serran\u00eda de Ronda y el Parque&nbsp; Natural de Los Alcornocales, en el l\u00edmite de las provincias&#46;&#46;&#46;<\/p>\n","protected":false},"author":1,"featured_media":0,"parent":0,"menu_order":0,"comment_status":"open","ping_status":"open","template":"","meta":{"ngg_post_thumbnail":0,"footnotes":"","_mc_calendar":[]},"aioseo_notices":[],"_links":{"self":[{"href":"https:\/\/blogsaverroes.juntadeandalucia.es\/ceipcristoreysanpablo\/wp-json\/wp\/v2\/pages\/35"}],"collection":[{"href":"https:\/\/blogsaverroes.juntadeandalucia.es\/ceipcristoreysanpablo\/wp-json\/wp\/v2\/pages"}],"about":[{"href":"https:\/\/blogsaverroes.juntadeandalucia.es\/ceipcristoreysanpablo\/wp-json\/wp\/v2\/types\/page"}],"author":[{"embeddable":true,"href":"https:\/\/blogsaverroes.juntadeandalucia.es\/ceipcristoreysanpablo\/wp-json\/wp\/v2\/users\/1"}],"replies":[{"embeddable":true,"href":"https:\/\/blogsaverroes.juntadeandalucia.es\/ceipcristoreysanpablo\/wp-json\/wp\/v2\/comments?post=35"}],"version-history":[{"count":28,"href":"https:\/\/blogsaverroes.juntadeandalucia.es\/ceipcristoreysanpablo\/wp-json\/wp\/v2\/pages\/35\/revisions"}],"predecessor-version":[{"id":2720,"href":"https:\/\/blogsaverroes.juntadeandalucia.es\/ceipcristoreysanpablo\/wp-json\/wp\/v2\/pages\/35\/revisions\/2720"}],"wp:attachment":[{"href":"https:\/\/blogsaverroes.juntadeandalucia.es\/ceipcristoreysanpablo\/wp-json\/wp\/v2\/media?parent=35"}],"curies":[{"name":"wp","href":"https:\/\/api.w.org\/{rel}","templated":true}]}}