{"id":44,"date":"2015-03-13T08:42:15","date_gmt":"2015-03-13T08:42:15","guid":{"rendered":"http:\/\/blogsaverroes.juntadeandalucia.es\/pre\/ceip\/?page_id=44"},"modified":"2015-05-21T12:04:46","modified_gmt":"2015-05-21T12:04:46","slug":"planes-y-proyectos","status":"publish","type":"page","link":"https:\/\/blogsaverroes.juntadeandalucia.es\/ceipcristoreysanpablo\/planes-y-proyectos\/","title":{"rendered":"Planes y Programas"},"content":{"rendered":"<p><img loading=\"lazy\" decoding=\"async\" class=\"alignnone size-medium wp-image-1667\" src=\"http:\/\/blogsaverroes.juntadeandalucia.es\/temahueman\/files\/2015\/03\/planes-300x150.png\" alt=\"planes\" width=\"300\" height=\"150\" srcset=\"https:\/\/blogsaverroes.juntadeandalucia.es\/ceipcristoreysanpablo\/files\/2015\/03\/planes-300x150.png 300w, https:\/\/blogsaverroes.juntadeandalucia.es\/ceipcristoreysanpablo\/files\/2015\/03\/planes.png 640w\" sizes=\"(max-width: 300px) 100vw, 300px\" \/><\/p>\n<p>Cada centro personaliza y adapta su Proyecto Educativo adheriendose a diferentes <strong>Planes y Programas<\/strong> promovidos desde la Consejer\u00eda de Educaci\u00f3n, Cultura y Deporte.<\/p>\n<p>Este apartado recoger\u00eda la descripci\u00f3n, finalidades, actividades, coordinador\/a, etc. de estos Planes y Programas desarrollados por el centro. A continuaci\u00f3n se muestran algunos de ellos.<\/p>\n<ul>\n<li><strong>Plan de igualdad.<\/strong><\/li>\n<li><strong>Plan de apertura.<\/strong><\/li>\n<li><strong>Proyecto biling\u00fce.<\/strong><\/li>\n<li><strong>Programa deporte en la escuela.<\/strong><\/li>\n<li><strong>Escuela espacio de paz.<\/strong><\/li>\n<li>&#8230;&#8230;&#8230;&#8230;.<\/li>\n<\/ul>\n<p>&nbsp;<\/p>\n","protected":false},"excerpt":{"rendered":"<p>Cada centro personaliza y adapta su Proyecto Educativo adheriendose a diferentes Planes y Programas promovidos desde la Consejer\u00eda de Educaci\u00f3n, Cultura y Deporte. Este apartado recoger\u00eda la descripci\u00f3n, finalidades, actividades, coordinador\/a, etc. de estos Planes y Programas desarrollados por el centro. A continuaci\u00f3n se muestran algunos de ellos. Plan de&#46;&#46;&#46;<\/p>\n","protected":false},"author":1,"featured_media":0,"parent":0,"menu_order":0,"comment_status":"open","ping_status":"closed","template":"page-templates\/child-menu.php","meta":{"ngg_post_thumbnail":0,"footnotes":"","_mc_calendar":[]},"aioseo_notices":[],"_links":{"self":[{"href":"https:\/\/blogsaverroes.juntadeandalucia.es\/ceipcristoreysanpablo\/wp-json\/wp\/v2\/pages\/44"}],"collection":[{"href":"https:\/\/blogsaverroes.juntadeandalucia.es\/ceipcristoreysanpablo\/wp-json\/wp\/v2\/pages"}],"about":[{"href":"https:\/\/blogsaverroes.juntadeandalucia.es\/ceipcristoreysanpablo\/wp-json\/wp\/v2\/types\/page"}],"author":[{"embeddable":true,"href":"https:\/\/blogsaverroes.juntadeandalucia.es\/ceipcristoreysanpablo\/wp-json\/wp\/v2\/users\/1"}],"replies":[{"embeddable":true,"href":"https:\/\/blogsaverroes.juntadeandalucia.es\/ceipcristoreysanpablo\/wp-json\/wp\/v2\/comments?post=44"}],"version-history":[{"count":4,"href":"https:\/\/blogsaverroes.juntadeandalucia.es\/ceipcristoreysanpablo\/wp-json\/wp\/v2\/pages\/44\/revisions"}],"predecessor-version":[{"id":1668,"href":"https:\/\/blogsaverroes.juntadeandalucia.es\/ceipcristoreysanpablo\/wp-json\/wp\/v2\/pages\/44\/revisions\/1668"}],"wp:attachment":[{"href":"https:\/\/blogsaverroes.juntadeandalucia.es\/ceipcristoreysanpablo\/wp-json\/wp\/v2\/media?parent=44"}],"curies":[{"name":"wp","href":"https:\/\/api.w.org\/{rel}","templated":true}]}}