{"id":77,"date":"2015-03-16T06:54:56","date_gmt":"2015-03-16T06:54:56","guid":{"rendered":"http:\/\/blogsaverroes.juntadeandalucia.es\/pre\/ceip\/?page_id=77"},"modified":"2021-04-28T09:54:53","modified_gmt":"2021-04-28T09:54:53","slug":"secretaria","status":"publish","type":"page","link":"https:\/\/blogsaverroes.juntadeandalucia.es\/ceipcristoreysanpablo\/secretaria\/","title":{"rendered":"Secretar\u00eda"},"content":{"rendered":"<p>La <strong>Secretar\u00eda<\/strong> desarrolla muchas funciones importantes en la vida de un centro, especialmente en la relaci\u00f3n que mantiene con las familias en los diferentes tr\u00e1mites administrativos a lo largo de la escolarizaci\u00f3n: admisi\u00f3n, matr\u00edcula, comedor escolar, becas, etc.<\/p>\n<p>Por ello, este blog pretende ser una puerta de entrada y canal de informaci\u00f3n a la comunidad educativa, para informar tr\u00e1mites a realizar, plazos, documentaci\u00f3n, etc., con el objetivo de conseguir una mayor <strong>transparencia, agilidad y eficiencia.<\/strong><\/p>\n<p><a title=\"Escolarizaci\u00f3n\" href=\"https:\/\/blogsaverroes.juntadeandalucia.es\/ceipcristoreysanpablo\/curso-escolar\/escolarizacion\/\" target=\"_blank\" rel=\"noopener noreferrer\">PROCESO ESCOLARIZACI\u00d3N<\/a><\/p>\n<div class=\"vc_row wpb_row vc_row-fluid\">\n<div class=\"wpb_column vc_column_container vc_col-sm-12\">\n<div class=\"vc_column-inner \">\n<div class=\"wpb_wrapper\">\n<div class=\"vc_row wpb_row vc_row-fluid\">\n<div class=\"wpb_column vc_column_container vc_col-sm-12\">\n<div class=\"vc_column-inner \">\n<div class=\"wpb_wrapper\">\n<div class=\"wpb_text_column wpb_content_element \">\n<div class=\"wpb_wrapper\">\n<p><img loading=\"lazy\" decoding=\"async\" class=\"alignleft\" src=\"https:\/\/www.juntadeandalucia.es\/educacion\/portals\/documents\/10197\/308222\/COVER_FACEBOOK_ADMISION.jpg\/4c68fba0-97cc-45e7-b58d-b7939e281d70?t=1519727537636\" alt=\"Escolarizaci\u00f3n\" width=\"263\" height=\"98\"><\/p>\n<h3>&nbsp;<\/h3>\n<p>&nbsp;<\/p>\n<\/div>\n<\/div>\n<\/div>\n<\/div>\n<\/div>\n<\/div>\n<div class=\"wpb_text_column wpb_content_element \">\n<div class=\"wpb_wrapper\">\n<p>&nbsp;<\/p>\n<\/div>\n<\/div>\n<div class=\"vc_row wpb_row vc_inner vc_row-fluid\">\n<div class=\"wpb_column vc_column_container vc_col-sm-6\">\n<div class=\"vc_column-inner \">\n<div class=\"wpb_wrapper\">\n<div class=\"wpb_text_column wpb_content_element \">\n<p>&nbsp;<\/p>\n<p>&nbsp;<\/p>\n<p style=\"text-align: center\"><strong>Para atenci\u00f3n en secretar\u00eda, solicitar cita previa en los n\u00fameros de tel\u00e9fono del centro: <span style=\"color: #0000ff\">956670138 &#8211; 671 565 991<\/span><\/strong><\/p>\n<p style=\"text-align: center\"><strong>&nbsp;CEIP CRISTO REY<\/strong><a href=\"https:\/\/blogsaverroes.juntadeandalucia.es\/ceipcristoreysanpablo\/files\/2020\/02\/pp.jpeg\"><img loading=\"lazy\" decoding=\"async\" class=\"wp-image-2661 alignnone aligncenter\" src=\"https:\/\/blogsaverroes.juntadeandalucia.es\/ceipcristoreysanpablo\/files\/2020\/02\/pp-300x300.jpeg\" alt=\"\" width=\"91\" height=\"91\" srcset=\"https:\/\/blogsaverroes.juntadeandalucia.es\/ceipcristoreysanpablo\/files\/2020\/02\/pp-300x300.jpeg 300w, https:\/\/blogsaverroes.juntadeandalucia.es\/ceipcristoreysanpablo\/files\/2020\/02\/pp-150x150.jpeg 150w, https:\/\/blogsaverroes.juntadeandalucia.es\/ceipcristoreysanpablo\/files\/2020\/02\/pp-100x100.jpeg 100w, https:\/\/blogsaverroes.juntadeandalucia.es\/ceipcristoreysanpablo\/files\/2020\/02\/pp-160x160.jpeg 160w, https:\/\/blogsaverroes.juntadeandalucia.es\/ceipcristoreysanpablo\/files\/2020\/02\/pp-320x320.jpeg 320w, https:\/\/blogsaverroes.juntadeandalucia.es\/ceipcristoreysanpablo\/files\/2020\/02\/pp-24x24.jpeg 24w, https:\/\/blogsaverroes.juntadeandalucia.es\/ceipcristoreysanpablo\/files\/2020\/02\/pp-36x36.jpeg 36w, https:\/\/blogsaverroes.juntadeandalucia.es\/ceipcristoreysanpablo\/files\/2020\/02\/pp-48x48.jpeg 48w, https:\/\/blogsaverroes.juntadeandalucia.es\/ceipcristoreysanpablo\/files\/2020\/02\/pp.jpeg 640w\" sizes=\"(max-width: 91px) 100vw, 91px\" \/><\/a><\/p>\n<\/div>\n<\/div>\n<\/div>\n<\/div>\n<\/div>\n<\/div>\n<\/div>\n<\/div>\n<div class=\"vc_icon_element-inner vc_icon_element-color-blue vc_icon_element-size-md vc_icon_element-style- vc_icon_element-background-color-grey\">&nbsp;<\/div>\n<\/div>\n","protected":false},"excerpt":{"rendered":"<p>La Secretar\u00eda desarrolla muchas funciones importantes en la vida de un centro, especialmente en la relaci\u00f3n que mantiene con las familias en los diferentes tr\u00e1mites administrativos a lo largo de la escolarizaci\u00f3n: admisi\u00f3n, matr\u00edcula, comedor escolar, becas, etc. Por ello, este blog pretende ser una puerta de entrada y canal&#46;&#46;&#46;<\/p>\n","protected":false},"author":1,"featured_media":0,"parent":0,"menu_order":2,"comment_status":"open","ping_status":"open","template":"page-templates\/child-menu.php","meta":{"ngg_post_thumbnail":0,"footnotes":"","_mc_calendar":[]},"aioseo_notices":[],"_links":{"self":[{"href":"https:\/\/blogsaverroes.juntadeandalucia.es\/ceipcristoreysanpablo\/wp-json\/wp\/v2\/pages\/77"}],"collection":[{"href":"https:\/\/blogsaverroes.juntadeandalucia.es\/ceipcristoreysanpablo\/wp-json\/wp\/v2\/pages"}],"about":[{"href":"https:\/\/blogsaverroes.juntadeandalucia.es\/ceipcristoreysanpablo\/wp-json\/wp\/v2\/types\/page"}],"author":[{"embeddable":true,"href":"https:\/\/blogsaverroes.juntadeandalucia.es\/ceipcristoreysanpablo\/wp-json\/wp\/v2\/users\/1"}],"replies":[{"embeddable":true,"href":"https:\/\/blogsaverroes.juntadeandalucia.es\/ceipcristoreysanpablo\/wp-json\/wp\/v2\/comments?post=77"}],"version-history":[{"count":15,"href":"https:\/\/blogsaverroes.juntadeandalucia.es\/ceipcristoreysanpablo\/wp-json\/wp\/v2\/pages\/77\/revisions"}],"predecessor-version":[{"id":3560,"href":"https:\/\/blogsaverroes.juntadeandalucia.es\/ceipcristoreysanpablo\/wp-json\/wp\/v2\/pages\/77\/revisions\/3560"}],"wp:attachment":[{"href":"https:\/\/blogsaverroes.juntadeandalucia.es\/ceipcristoreysanpablo\/wp-json\/wp\/v2\/media?parent=77"}],"curies":[{"name":"wp","href":"https:\/\/api.w.org\/{rel}","templated":true}]}}