{"id":827,"date":"2020-12-18T08:34:31","date_gmt":"2020-12-18T07:34:31","guid":{"rendered":"https:\/\/blogsaverroes.juntadeandalucia.es\/pre\/plantilla-pencil\/?page_id=827"},"modified":"2022-12-06T09:55:55","modified_gmt":"2022-12-06T08:55:55","slug":"2o-ciclo-de-educacion-primaria","status":"publish","type":"page","link":"https:\/\/blogsaverroes.juntadeandalucia.es\/ceipcronista\/2o-ciclo-de-educacion-primaria\/","title":{"rendered":"2\u00ba Ciclo de Educaci\u00f3n Primaria"},"content":{"rendered":"<p>[et_pb_section fb_built=\u00bb1&#8243; _builder_version=\u00bb3.23.3&#8243; custom_padding=\u00bb0px||0px|\u00bb z_index_tablet=\u00bb500&#8243; box_shadow_horizontal_tablet=\u00bb0px\u00bb box_shadow_vertical_tablet=\u00bb0px\u00bb box_shadow_blur_tablet=\u00bb40px\u00bb box_shadow_spread_tablet=\u00bb0px\u00bb global_colors_info=\u00bb{}\u00bb][et_pb_row _builder_version=\u00bb3.25&#8243; background_size=\u00bbinitial\u00bb background_position=\u00bbtop_left\u00bb background_repeat=\u00bbrepeat\u00bb global_colors_info=\u00bb{}\u00bb][et_pb_column type=\u00bb4_4&#8243; _builder_version=\u00bb3.25&#8243; custom_padding=\u00bb|||\u00bb global_colors_info=\u00bb{}\u00bb custom_padding__hover=\u00bb|||\u00bb][et_pb_image src=\u00bbhttps:\/\/blogsaverroes.juntadeandalucia.es\/ceipcronista\/files\/2020\/01\/cabecera-interior-3.jpg\u00bb title_text=\u00bbcabecera-interior-3&#8243; admin_label=\u00bbImagen de la portada\u00bb _builder_version=\u00bb4.5.0&#8243; z_index_tablet=\u00bb500&#8243; box_shadow_horizontal_tablet=\u00bb0px\u00bb box_shadow_vertical_tablet=\u00bb0px\u00bb box_shadow_blur_tablet=\u00bb40px\u00bb box_shadow_spread_tablet=\u00bb0px\u00bb global_colors_info=\u00bb{}\u00bb][\/et_pb_image][et_pb_text admin_label=\u00bbTexto descriptivo\u00bb _builder_version=\u00bb4.14.5&#8243; z_index_tablet=\u00bb500&#8243; text_text_shadow_horizontal_length_tablet=\u00bb0px\u00bb text_text_shadow_vertical_length_tablet=\u00bb0px\u00bb text_text_shadow_blur_strength_tablet=\u00bb1px\u00bb link_text_shadow_horizontal_length_tablet=\u00bb0px\u00bb link_text_shadow_vertical_length_tablet=\u00bb0px\u00bb link_text_shadow_blur_strength_tablet=\u00bb1px\u00bb ul_text_shadow_horizontal_length_tablet=\u00bb0px\u00bb ul_text_shadow_vertical_length_tablet=\u00bb0px\u00bb ul_text_shadow_blur_strength_tablet=\u00bb1px\u00bb ol_text_shadow_horizontal_length_tablet=\u00bb0px\u00bb ol_text_shadow_vertical_length_tablet=\u00bb0px\u00bb ol_text_shadow_blur_strength_tablet=\u00bb1px\u00bb quote_text_shadow_horizontal_length_tablet=\u00bb0px\u00bb quote_text_shadow_vertical_length_tablet=\u00bb0px\u00bb quote_text_shadow_blur_strength_tablet=\u00bb1px\u00bb header_text_shadow_horizontal_length_tablet=\u00bb0px\u00bb header_text_shadow_vertical_length_tablet=\u00bb0px\u00bb header_text_shadow_blur_strength_tablet=\u00bb1px\u00bb header_2_text_shadow_horizontal_length_tablet=\u00bb0px\u00bb header_2_text_shadow_vertical_length_tablet=\u00bb0px\u00bb header_2_text_shadow_blur_strength_tablet=\u00bb1px\u00bb header_3_text_shadow_horizontal_length_tablet=\u00bb0px\u00bb header_3_text_shadow_vertical_length_tablet=\u00bb0px\u00bb header_3_text_shadow_blur_strength_tablet=\u00bb1px\u00bb header_4_text_shadow_horizontal_length_tablet=\u00bb0px\u00bb header_4_text_shadow_vertical_length_tablet=\u00bb0px\u00bb header_4_text_shadow_blur_strength_tablet=\u00bb1px\u00bb header_5_text_shadow_horizontal_length_tablet=\u00bb0px\u00bb header_5_text_shadow_vertical_length_tablet=\u00bb0px\u00bb header_5_text_shadow_blur_strength_tablet=\u00bb1px\u00bb header_6_text_shadow_horizontal_length_tablet=\u00bb0px\u00bb header_6_text_shadow_vertical_length_tablet=\u00bb0px\u00bb header_6_text_shadow_blur_strength_tablet=\u00bb1px\u00bb box_shadow_horizontal_tablet=\u00bb0px\u00bb box_shadow_vertical_tablet=\u00bb0px\u00bb box_shadow_blur_tablet=\u00bb40px\u00bb box_shadow_spread_tablet=\u00bb0px\u00bb global_colors_info=\u00bb{}\u00bb]<\/p>\n<h2><em>2\u00ba Ciclo de Educaci\u00f3n Primaria. Competencias, Criterios de Evaluaci\u00f3n y Saberes B\u00e1sicos<\/em><\/h2>\n<hr>\n<div class=\"ccol-3\">\n<div class=\"col fondo\">\n<div class=\"cte\">\n<h3><a href=\"https:\/\/educagob.educacionyfp.gob.es\/curriculo\/curriculo-lomloe\/menu-curriculos-basicos\/ed-primaria\/areas\/conocimiento-medio\/criterios-evaluacion-segundociclo.html\">Conocimiento del Medio<\/a><\/h3>\n<\/div>\n<\/div>\n<div class=\"col fondo\">\n<div class=\"cte\">\n<h3><a href=\"https:\/\/educagob.educacionyfp.gob.es\/curriculo\/curriculo-lomloe\/menu-curriculos-basicos\/ed-primaria\/areas\/educacion-artistica\/criterios-evaluacion-segundo-ciclo.html\">Educaci\u00f3n Art\u00edstica<\/a><\/h3>\n<\/div>\n<\/div>\n<div class=\"col fondo\">\n<div class=\"cte\">\n<h3><a href=\"https:\/\/educagob.educacionyfp.gob.es\/curriculo\/curriculo-lomloe\/menu-curriculos-basicos\/ed-primaria\/areas\/educacion-fisica\/criterios-evaluacion-segundo-ciclo.html\">Educaci\u00f3n F\u00edsica<\/a><\/h3>\n<\/div>\n<\/div>\n<\/div>\n<div class=\"ccol-3\">\n<div class=\"col fondo\">\n<div class=\"cte\">\n<h3><a href=\"https:\/\/educagob.educacionyfp.gob.es\/curriculo\/curriculo-lomloe\/menu-curriculos-basicos\/ed-primaria\/areas\/lengua-castellana\/criterios-evaluacion-segundo-ciclo.html\">Lengua Castellana y Literatura<\/a><\/h3>\n<\/div>\n<\/div>\n<div class=\"col fondo\">\n<div class=\"cte\">\n<h3><a href=\"https:\/\/educagob.educacionyfp.gob.es\/curriculo\/curriculo-lomloe\/menu-curriculos-basicos\/ed-primaria\/areas\/lengua-extranjera\/criterios-evaluacion-segundo-ciclo.html\">Lengua Extranjera<\/a><\/h3>\n<\/div>\n<\/div>\n<div class=\"col fondo\">\n<div class=\"cte\">\n<h3><a href=\"https:\/\/educagob.educacionyfp.gob.es\/curriculo\/curriculo-lomloe\/menu-curriculos-basicos\/ed-primaria\/areas\/matematicas\/criterios-evaluacion-segundo-ciclo.html\">Matem\u00e1ticas<\/a><\/h3>\n<\/div>\n<\/div>\n<\/div>\n<p>&nbsp;<\/p>\n<p>[\/et_pb_text][\/et_pb_column][\/et_pb_row][\/et_pb_section]<\/p>\n","protected":false},"excerpt":{"rendered":"<p>2\u00ba Ciclo de Educaci\u00f3n Primaria. Competencias, Criterios de Evaluaci\u00f3n y Saberes B\u00e1sicos Conocimiento del Medio Educaci\u00f3n Art\u00edstica Educaci\u00f3n F\u00edsica Lengua Castellana y Literatura Lengua Extranjera Matem\u00e1ticas &nbsp;<\/p>\n","protected":false},"author":8613,"featured_media":0,"parent":0,"menu_order":0,"comment_status":"closed","ping_status":"closed","template":"","meta":{"_et_pb_use_builder":"on","_et_pb_old_content":"","_et_gb_content_width":"","ngg_post_thumbnail":0,"footnotes":""},"aioseo_notices":[],"_links":{"self":[{"href":"https:\/\/blogsaverroes.juntadeandalucia.es\/ceipcronista\/wp-json\/wp\/v2\/pages\/827"}],"collection":[{"href":"https:\/\/blogsaverroes.juntadeandalucia.es\/ceipcronista\/wp-json\/wp\/v2\/pages"}],"about":[{"href":"https:\/\/blogsaverroes.juntadeandalucia.es\/ceipcronista\/wp-json\/wp\/v2\/types\/page"}],"author":[{"embeddable":true,"href":"https:\/\/blogsaverroes.juntadeandalucia.es\/ceipcronista\/wp-json\/wp\/v2\/users\/8613"}],"replies":[{"embeddable":true,"href":"https:\/\/blogsaverroes.juntadeandalucia.es\/ceipcronista\/wp-json\/wp\/v2\/comments?post=827"}],"version-history":[{"count":3,"href":"https:\/\/blogsaverroes.juntadeandalucia.es\/ceipcronista\/wp-json\/wp\/v2\/pages\/827\/revisions"}],"predecessor-version":[{"id":1711,"href":"https:\/\/blogsaverroes.juntadeandalucia.es\/ceipcronista\/wp-json\/wp\/v2\/pages\/827\/revisions\/1711"}],"wp:attachment":[{"href":"https:\/\/blogsaverroes.juntadeandalucia.es\/ceipcronista\/wp-json\/wp\/v2\/media?parent=827"}],"curies":[{"name":"wp","href":"https:\/\/api.w.org\/{rel}","templated":true}]}}