{"id":113,"date":"2015-03-16T08:06:00","date_gmt":"2015-03-16T08:06:00","guid":{"rendered":"http:\/\/blogsaverroes.juntadeandalucia.es\/pre\/ceip\/?page_id=113"},"modified":"2018-11-10T18:50:39","modified_gmt":"2018-11-10T18:50:39","slug":"biblioteca","status":"publish","type":"page","link":"https:\/\/blogsaverroes.juntadeandalucia.es\/ceipcupiana\/biblioteca\/","title":{"rendered":"Biblioteca Escolar del CEIP Cupiana"},"content":{"rendered":"<p><a href=\"https:\/\/blogsaverroes.juntadeandalucia.es\/ceipcupiana\/files\/2015\/03\/IMG_6626.jpg\"><img loading=\"lazy\" decoding=\"async\" class=\"aligncenter wp-image-2542\" src=\"https:\/\/blogsaverroes.juntadeandalucia.es\/ceipcupiana\/files\/2015\/03\/IMG_6626-1024x530.jpg\" alt=\"\" width=\"660\" height=\"342\" srcset=\"https:\/\/blogsaverroes.juntadeandalucia.es\/ceipcupiana\/files\/2015\/03\/IMG_6626-1024x530.jpg 1024w, https:\/\/blogsaverroes.juntadeandalucia.es\/ceipcupiana\/files\/2015\/03\/IMG_6626-300x155.jpg 300w, https:\/\/blogsaverroes.juntadeandalucia.es\/ceipcupiana\/files\/2015\/03\/IMG_6626-768x398.jpg 768w, https:\/\/blogsaverroes.juntadeandalucia.es\/ceipcupiana\/files\/2015\/03\/IMG_6626-700x362.jpg 700w, https:\/\/blogsaverroes.juntadeandalucia.es\/ceipcupiana\/files\/2015\/03\/IMG_6626-24x12.jpg 24w, https:\/\/blogsaverroes.juntadeandalucia.es\/ceipcupiana\/files\/2015\/03\/IMG_6626-36x19.jpg 36w, https:\/\/blogsaverroes.juntadeandalucia.es\/ceipcupiana\/files\/2015\/03\/IMG_6626-48x25.jpg 48w, https:\/\/blogsaverroes.juntadeandalucia.es\/ceipcupiana\/files\/2015\/03\/IMG_6626.jpg 1599w\" sizes=\"(max-width: 660px) 100vw, 660px\" \/><\/a>El objetivo principal de nuestra biblioteca escolar es acercar a nuestro alumnado al maravilloso mundo de la lectura y escritura as\u00ed como fomentar su uso y disfrute.<\/p>\n<p>La Responsable de la Biblioteca de nuestro centro es&nbsp;Francisca Ru\u00edz Meng\u00edbar y se encarga de llevar a cabo los pr\u00e9stamos de libros, preparaci\u00f3n de actividades, teatros,&nbsp;kamishibai, cuentacuentos, bibliopatio&#8230;&nbsp;<\/p>\n<p><a href=\"https:\/\/blogsaverroes.juntadeandalucia.es\/ceipcupiana\/files\/2017\/11\/IMG_6624.jpg\"><img loading=\"lazy\" decoding=\"async\" class=\"aligncenter size-large wp-image-2548\" src=\"https:\/\/blogsaverroes.juntadeandalucia.es\/ceipcupiana\/files\/2017\/11\/IMG_6624-1024x768.jpg\" alt=\"\" width=\"660\" height=\"495\" srcset=\"https:\/\/blogsaverroes.juntadeandalucia.es\/ceipcupiana\/files\/2017\/11\/IMG_6624-1024x768.jpg 1024w, https:\/\/blogsaverroes.juntadeandalucia.es\/ceipcupiana\/files\/2017\/11\/IMG_6624-300x225.jpg 300w, https:\/\/blogsaverroes.juntadeandalucia.es\/ceipcupiana\/files\/2017\/11\/IMG_6624-768x576.jpg 768w, https:\/\/blogsaverroes.juntadeandalucia.es\/ceipcupiana\/files\/2017\/11\/IMG_6624-700x525.jpg 700w, https:\/\/blogsaverroes.juntadeandalucia.es\/ceipcupiana\/files\/2017\/11\/IMG_6624-24x18.jpg 24w, https:\/\/blogsaverroes.juntadeandalucia.es\/ceipcupiana\/files\/2017\/11\/IMG_6624-36x27.jpg 36w, https:\/\/blogsaverroes.juntadeandalucia.es\/ceipcupiana\/files\/2017\/11\/IMG_6624-48x36.jpg 48w, https:\/\/blogsaverroes.juntadeandalucia.es\/ceipcupiana\/files\/2017\/11\/IMG_6624.jpg 1599w\" sizes=\"(max-width: 660px) 100vw, 660px\" \/><\/a><a href=\"https:\/\/blogsaverroes.juntadeandalucia.es\/ceipcupiana\/files\/2017\/11\/IMG_6625.jpg\"><img loading=\"lazy\" decoding=\"async\" class=\"aligncenter size-large wp-image-2549\" src=\"https:\/\/blogsaverroes.juntadeandalucia.es\/ceipcupiana\/files\/2017\/11\/IMG_6625-1024x768.jpg\" alt=\"\" width=\"660\" height=\"495\" srcset=\"https:\/\/blogsaverroes.juntadeandalucia.es\/ceipcupiana\/files\/2017\/11\/IMG_6625-1024x768.jpg 1024w, https:\/\/blogsaverroes.juntadeandalucia.es\/ceipcupiana\/files\/2017\/11\/IMG_6625-300x225.jpg 300w, https:\/\/blogsaverroes.juntadeandalucia.es\/ceipcupiana\/files\/2017\/11\/IMG_6625-768x576.jpg 768w, https:\/\/blogsaverroes.juntadeandalucia.es\/ceipcupiana\/files\/2017\/11\/IMG_6625-700x525.jpg 700w, https:\/\/blogsaverroes.juntadeandalucia.es\/ceipcupiana\/files\/2017\/11\/IMG_6625-24x18.jpg 24w, https:\/\/blogsaverroes.juntadeandalucia.es\/ceipcupiana\/files\/2017\/11\/IMG_6625-36x27.jpg 36w, https:\/\/blogsaverroes.juntadeandalucia.es\/ceipcupiana\/files\/2017\/11\/IMG_6625-48x36.jpg 48w, https:\/\/blogsaverroes.juntadeandalucia.es\/ceipcupiana\/files\/2017\/11\/IMG_6625.jpg 1599w\" sizes=\"(max-width: 660px) 100vw, 660px\" \/><\/a><a href=\"https:\/\/blogsaverroes.juntadeandalucia.es\/ceipcupiana\/files\/2015\/03\/IMG_6632.jpg\"><img loading=\"lazy\" decoding=\"async\" class=\"aligncenter size-large wp-image-2554\" src=\"https:\/\/blogsaverroes.juntadeandalucia.es\/ceipcupiana\/files\/2015\/03\/IMG_6632-1024x768.jpg\" alt=\"\" width=\"660\" height=\"495\" srcset=\"https:\/\/blogsaverroes.juntadeandalucia.es\/ceipcupiana\/files\/2015\/03\/IMG_6632-1024x768.jpg 1024w, https:\/\/blogsaverroes.juntadeandalucia.es\/ceipcupiana\/files\/2015\/03\/IMG_6632-300x225.jpg 300w, https:\/\/blogsaverroes.juntadeandalucia.es\/ceipcupiana\/files\/2015\/03\/IMG_6632-768x576.jpg 768w, https:\/\/blogsaverroes.juntadeandalucia.es\/ceipcupiana\/files\/2015\/03\/IMG_6632-700x525.jpg 700w, https:\/\/blogsaverroes.juntadeandalucia.es\/ceipcupiana\/files\/2015\/03\/IMG_6632-24x18.jpg 24w, https:\/\/blogsaverroes.juntadeandalucia.es\/ceipcupiana\/files\/2015\/03\/IMG_6632-36x27.jpg 36w, https:\/\/blogsaverroes.juntadeandalucia.es\/ceipcupiana\/files\/2015\/03\/IMG_6632-48x36.jpg 48w, https:\/\/blogsaverroes.juntadeandalucia.es\/ceipcupiana\/files\/2015\/03\/IMG_6632.jpg 1599w\" sizes=\"(max-width: 660px) 100vw, 660px\" \/><\/a><a href=\"https:\/\/blogsaverroes.juntadeandalucia.es\/ceipcupiana\/files\/2017\/11\/IMG_6624.jpg\"><br \/>\n<\/a><\/p>\n<p>Aqu\u00ed, os dejamos el enlace al blog propio de la biblioteca:<a href=\"https:\/\/blogsaverroes.juntadeandalucia.es\/ceipcupiana\/files\/2015\/03\/IMG_6632.jpg\"><br \/>\n<\/a><\/p>\n<p><a href=\"https:\/\/bibliotecaescolarceipcupiana.blogspot.com\/\" target=\"_blank\" rel=\"noopener\">https:\/\/bibliotecaescolarceipcupiana.blogspot.com\/<\/a><\/p>\n","protected":false},"excerpt":{"rendered":"<p>El objetivo principal de nuestra biblioteca escolar es acercar a nuestro alumnado al maravilloso mundo de la lectura y escritura as\u00ed como fomentar su uso y disfrute. La Responsable de la Biblioteca de nuestro&#46;&#46;&#46;<\/p>\n","protected":false},"author":1,"featured_media":0,"parent":0,"menu_order":0,"comment_status":"closed","ping_status":"open","template":"","meta":{"ngg_post_thumbnail":0,"footnotes":"","_mc_calendar":[]},"aioseo_notices":[],"_links":{"self":[{"href":"https:\/\/blogsaverroes.juntadeandalucia.es\/ceipcupiana\/wp-json\/wp\/v2\/pages\/113"}],"collection":[{"href":"https:\/\/blogsaverroes.juntadeandalucia.es\/ceipcupiana\/wp-json\/wp\/v2\/pages"}],"about":[{"href":"https:\/\/blogsaverroes.juntadeandalucia.es\/ceipcupiana\/wp-json\/wp\/v2\/types\/page"}],"author":[{"embeddable":true,"href":"https:\/\/blogsaverroes.juntadeandalucia.es\/ceipcupiana\/wp-json\/wp\/v2\/users\/1"}],"replies":[{"embeddable":true,"href":"https:\/\/blogsaverroes.juntadeandalucia.es\/ceipcupiana\/wp-json\/wp\/v2\/comments?post=113"}],"version-history":[{"count":13,"href":"https:\/\/blogsaverroes.juntadeandalucia.es\/ceipcupiana\/wp-json\/wp\/v2\/pages\/113\/revisions"}],"predecessor-version":[{"id":2625,"href":"https:\/\/blogsaverroes.juntadeandalucia.es\/ceipcupiana\/wp-json\/wp\/v2\/pages\/113\/revisions\/2625"}],"wp:attachment":[{"href":"https:\/\/blogsaverroes.juntadeandalucia.es\/ceipcupiana\/wp-json\/wp\/v2\/media?parent=113"}],"curies":[{"name":"wp","href":"https:\/\/api.w.org\/{rel}","templated":true}]}}