{"id":2836,"date":"2021-02-16T09:04:09","date_gmt":"2021-02-16T09:04:09","guid":{"rendered":"https:\/\/blogsaverroes.juntadeandalucia.es\/ceipcupiana\/?page_id=2836"},"modified":"2021-06-30T18:23:38","modified_gmt":"2021-06-30T18:23:38","slug":"plan-covid","status":"publish","type":"page","link":"https:\/\/blogsaverroes.juntadeandalucia.es\/ceipcupiana\/plan-covid\/","title":{"rendered":"Plan Covid"},"content":{"rendered":"<p><a href=\"https:\/\/blogsaverroes.juntadeandalucia.es\/ceipcupiana\/files\/2020\/09\/200924-Bienvenida-2020.png\"><img loading=\"lazy\" decoding=\"async\" class=\"aligncenter size-full wp-image-2803\" src=\"https:\/\/blogsaverroes.juntadeandalucia.es\/ceipcupiana\/files\/2020\/09\/200924-Bienvenida-2020.png\" alt=\"\" width=\"907\" height=\"619\" srcset=\"https:\/\/blogsaverroes.juntadeandalucia.es\/ceipcupiana\/files\/2020\/09\/200924-Bienvenida-2020.png 907w, https:\/\/blogsaverroes.juntadeandalucia.es\/ceipcupiana\/files\/2020\/09\/200924-Bienvenida-2020-300x205.png 300w, https:\/\/blogsaverroes.juntadeandalucia.es\/ceipcupiana\/files\/2020\/09\/200924-Bienvenida-2020-768x524.png 768w, https:\/\/blogsaverroes.juntadeandalucia.es\/ceipcupiana\/files\/2020\/09\/200924-Bienvenida-2020-700x478.png 700w, https:\/\/blogsaverroes.juntadeandalucia.es\/ceipcupiana\/files\/2020\/09\/200924-Bienvenida-2020-24x16.png 24w, https:\/\/blogsaverroes.juntadeandalucia.es\/ceipcupiana\/files\/2020\/09\/200924-Bienvenida-2020-36x25.png 36w, https:\/\/blogsaverroes.juntadeandalucia.es\/ceipcupiana\/files\/2020\/09\/200924-Bienvenida-2020-48x33.png 48w\" sizes=\"(max-width: 907px) 100vw, 907px\" \/><\/a><\/p>\n<ul>\n<li><a href=\"https:\/\/blogsaverroes.juntadeandalucia.es\/ceipcupiana\/files\/2020\/09\/200924-protocolo-covid.pdf\" target=\"_blank\" rel=\"noopener noreferrer\">1\u00ba PROTOCOLO ACTUACI\u00d3N COVID-19 5 de noviembre 2020<\/a><\/li>\n<li><a href=\"https:\/\/blogsaverroes.juntadeandalucia.es\/ceipcupiana\/files\/2021\/02\/2\u00ba-PROTOCOLO-ACTUACI\u00d3N-TELEM\u00c1TICO-MODIFICACI\u00d3N-PARA-ROF-5-de-noviembre.pdf\" target=\"_blank\" rel=\"noopener noreferrer\">2\u00ba PROTOCOLO ACTUACI\u00d3N TELEM\u00c1TICO MODIFICACI\u00d3N PARA ROF 5 de noviembre<\/a><\/li>\n<li><a href=\"https:\/\/blogsaverroes.juntadeandalucia.es\/ceipcupiana\/files\/2021\/03\/210311-protocolo-covid-19-11-20-11-de-marzo.pdf\" target=\"_blank\" rel=\"noopener noreferrer\">210311 protocolo covid 19-11-20 11 de marzo<\/a><\/li>\n<li><a href=\"https:\/\/blogsaverroes.juntadeandalucia.es\/ceipcupiana\/files\/2021\/03\/210311-PROTOCOLO-ACTUACI\u00d3N-TELETRABAJO-MODIFICACI\u00d3N-PARA-ROF-Marzo-21.pdf\" target=\"_blank\" rel=\"noopener noreferrer\">210311 PROTOCOLO ACTUACI\u00d3N TELETRABAJO MODIFICACI\u00d3N PARA ROF Marzo 21<\/a><\/li>\n<li><a href=\"https:\/\/blogsaverroes.juntadeandalucia.es\/ceipcupiana\/files\/2021\/05\/210520-protocolo-covid-19-11-20-11-de-marzo.pdf\" target=\"_blank\" rel=\"noopener noreferrer\">210520 Actualizacion Protocolo Covid Mayo 2021<\/a><\/li>\n<\/ul>\n<p>&nbsp;<\/p>\n","protected":false},"excerpt":{"rendered":"<p>1\u00ba PROTOCOLO ACTUACI\u00d3N COVID-19 5 de noviembre 2020 2\u00ba PROTOCOLO ACTUACI\u00d3N TELEM\u00c1TICO MODIFICACI\u00d3N PARA ROF 5 de noviembre 210311 protocolo covid 19-11-20 11 de marzo 210311 PROTOCOLO ACTUACI\u00d3N TELETRABAJO MODIFICACI\u00d3N PARA ROF Marzo 21&#46;&#46;&#46;<\/p>\n","protected":false},"author":4529,"featured_media":0,"parent":0,"menu_order":0,"comment_status":"closed","ping_status":"closed","template":"","meta":{"ngg_post_thumbnail":0,"footnotes":"","_mc_calendar":[]},"aioseo_notices":[],"_links":{"self":[{"href":"https:\/\/blogsaverroes.juntadeandalucia.es\/ceipcupiana\/wp-json\/wp\/v2\/pages\/2836"}],"collection":[{"href":"https:\/\/blogsaverroes.juntadeandalucia.es\/ceipcupiana\/wp-json\/wp\/v2\/pages"}],"about":[{"href":"https:\/\/blogsaverroes.juntadeandalucia.es\/ceipcupiana\/wp-json\/wp\/v2\/types\/page"}],"author":[{"embeddable":true,"href":"https:\/\/blogsaverroes.juntadeandalucia.es\/ceipcupiana\/wp-json\/wp\/v2\/users\/4529"}],"replies":[{"embeddable":true,"href":"https:\/\/blogsaverroes.juntadeandalucia.es\/ceipcupiana\/wp-json\/wp\/v2\/comments?post=2836"}],"version-history":[{"count":7,"href":"https:\/\/blogsaverroes.juntadeandalucia.es\/ceipcupiana\/wp-json\/wp\/v2\/pages\/2836\/revisions"}],"predecessor-version":[{"id":2856,"href":"https:\/\/blogsaverroes.juntadeandalucia.es\/ceipcupiana\/wp-json\/wp\/v2\/pages\/2836\/revisions\/2856"}],"wp:attachment":[{"href":"https:\/\/blogsaverroes.juntadeandalucia.es\/ceipcupiana\/wp-json\/wp\/v2\/media?parent=2836"}],"curies":[{"name":"wp","href":"https:\/\/api.w.org\/{rel}","templated":true}]}}