{"id":42,"date":"2015-03-13T08:40:47","date_gmt":"2015-03-13T08:40:47","guid":{"rendered":"http:\/\/blogsaverroes.juntadeandalucia.es\/pre\/ceip\/?page_id=42"},"modified":"2019-10-02T06:31:32","modified_gmt":"2019-10-02T06:31:32","slug":"equipo-directivo","status":"publish","type":"page","link":"https:\/\/blogsaverroes.juntadeandalucia.es\/ceipcupiana\/equipo-directivo\/","title":{"rendered":"Equipo directivo"},"content":{"rendered":"<p>Desde el Equipo Directivo os queremos dar la bienvenida a esta nueva etapa que iniciamos en este curso escolar, cargada de buenas expectativas &nbsp;e ilusiones.&nbsp;<\/p>\n<p>Formamos parte de este proyecto:<\/p>\n<p><strong>Direcci\u00f3n: <\/strong>Ana Bel\u00e9n&nbsp;Santana M\u00e9rida<\/p>\n<p><strong>Jefatura de Estudios: <\/strong>Luc\u00eda Cervan R\u00edos<strong><br \/>\n<\/strong><\/p>\n<p><strong>Secretar\u00eda: <\/strong>Ver\u00f3nica G\u00f3nzalez Monta\u00f1o<\/p>\n","protected":false},"excerpt":{"rendered":"<p>Desde el Equipo Directivo os queremos dar la bienvenida a esta nueva etapa que iniciamos en este curso escolar, cargada de buenas expectativas &nbsp;e ilusiones.&nbsp; Formamos parte de este proyecto: Direcci\u00f3n: Ana Bel\u00e9n&nbsp;Santana M\u00e9rida&#46;&#46;&#46;<\/p>\n","protected":false},"author":1,"featured_media":0,"parent":0,"menu_order":0,"comment_status":"closed","ping_status":"open","template":"","meta":{"ngg_post_thumbnail":0,"footnotes":"","_mc_calendar":[]},"aioseo_notices":[],"_links":{"self":[{"href":"https:\/\/blogsaverroes.juntadeandalucia.es\/ceipcupiana\/wp-json\/wp\/v2\/pages\/42"}],"collection":[{"href":"https:\/\/blogsaverroes.juntadeandalucia.es\/ceipcupiana\/wp-json\/wp\/v2\/pages"}],"about":[{"href":"https:\/\/blogsaverroes.juntadeandalucia.es\/ceipcupiana\/wp-json\/wp\/v2\/types\/page"}],"author":[{"embeddable":true,"href":"https:\/\/blogsaverroes.juntadeandalucia.es\/ceipcupiana\/wp-json\/wp\/v2\/users\/1"}],"replies":[{"embeddable":true,"href":"https:\/\/blogsaverroes.juntadeandalucia.es\/ceipcupiana\/wp-json\/wp\/v2\/comments?post=42"}],"version-history":[{"count":8,"href":"https:\/\/blogsaverroes.juntadeandalucia.es\/ceipcupiana\/wp-json\/wp\/v2\/pages\/42\/revisions"}],"predecessor-version":[{"id":2745,"href":"https:\/\/blogsaverroes.juntadeandalucia.es\/ceipcupiana\/wp-json\/wp\/v2\/pages\/42\/revisions\/2745"}],"wp:attachment":[{"href":"https:\/\/blogsaverroes.juntadeandalucia.es\/ceipcupiana\/wp-json\/wp\/v2\/media?parent=42"}],"curies":[{"name":"wp","href":"https:\/\/api.w.org\/{rel}","templated":true}]}}