{"id":80,"date":"2015-03-16T06:57:36","date_gmt":"2015-03-16T06:57:36","guid":{"rendered":"http:\/\/blogsaverroes.juntadeandalucia.es\/pre\/ceip\/?page_id=80"},"modified":"2019-10-01T20:43:51","modified_gmt":"2019-10-01T20:43:51","slug":"curso-escolar","status":"publish","type":"page","link":"https:\/\/blogsaverroes.juntadeandalucia.es\/ceipcupiana\/curso-escolar\/","title":{"rendered":"Curso escolar"},"content":{"rendered":"<p><a href=\"https:\/\/blogsaverroes.juntadeandalucia.es\/ceipcupiana\/files\/2019\/10\/COMIENZO-CURSO.jpg\"><img loading=\"lazy\" decoding=\"async\" class=\"aligncenter size-full wp-image-2738\" src=\"https:\/\/blogsaverroes.juntadeandalucia.es\/ceipcupiana\/files\/2019\/10\/COMIENZO-CURSO.jpg\" alt=\"\" width=\"450\" height=\"298\" srcset=\"https:\/\/blogsaverroes.juntadeandalucia.es\/ceipcupiana\/files\/2019\/10\/COMIENZO-CURSO.jpg 450w, https:\/\/blogsaverroes.juntadeandalucia.es\/ceipcupiana\/files\/2019\/10\/COMIENZO-CURSO-300x199.jpg 300w, https:\/\/blogsaverroes.juntadeandalucia.es\/ceipcupiana\/files\/2019\/10\/COMIENZO-CURSO-24x16.jpg 24w, https:\/\/blogsaverroes.juntadeandalucia.es\/ceipcupiana\/files\/2019\/10\/COMIENZO-CURSO-36x24.jpg 36w, https:\/\/blogsaverroes.juntadeandalucia.es\/ceipcupiana\/files\/2019\/10\/COMIENZO-CURSO-48x32.jpg 48w\" sizes=\"(max-width: 450px) 100vw, 450px\" \/><\/a>Nuestro prop\u00f3sito es la formaci\u00f3n integral del alumnado.<\/p>\n<p>Potenciaremos el desarrollo de las Competencias Clave y el dominio de los Contenidos programados en los distintos curr\u00edculos, prestando especial inter\u00e9s al alumnado que presente cualquier tipo de N.E.E, respetando sus ritmos de aprendizaje y contando con la colaboraci\u00f3n familiar.<\/p>\n<p>Toda la labor docente se desarrollar\u00e1 en un ambiente de convivencia en el que se ejerzan con responsabilidad tanto derechos como deberes, procurando la adquisici\u00f3n de valores.<\/p>\n<p>El respeto a las personas, a los medios materiales y al Medio Ambiente ser\u00e1n parte fundamental de nuestra labor.<\/p>\n","protected":false},"excerpt":{"rendered":"<p>Nuestro prop\u00f3sito es la formaci\u00f3n integral del alumnado. Potenciaremos el desarrollo de las Competencias Clave y el dominio de los Contenidos programados en los distintos curr\u00edculos, prestando especial inter\u00e9s al alumnado que presente cualquier&#46;&#46;&#46;<\/p>\n","protected":false},"author":1,"featured_media":0,"parent":0,"menu_order":0,"comment_status":"closed","ping_status":"open","template":"","meta":{"ngg_post_thumbnail":0,"footnotes":"","_mc_calendar":[]},"aioseo_notices":[],"_links":{"self":[{"href":"https:\/\/blogsaverroes.juntadeandalucia.es\/ceipcupiana\/wp-json\/wp\/v2\/pages\/80"}],"collection":[{"href":"https:\/\/blogsaverroes.juntadeandalucia.es\/ceipcupiana\/wp-json\/wp\/v2\/pages"}],"about":[{"href":"https:\/\/blogsaverroes.juntadeandalucia.es\/ceipcupiana\/wp-json\/wp\/v2\/types\/page"}],"author":[{"embeddable":true,"href":"https:\/\/blogsaverroes.juntadeandalucia.es\/ceipcupiana\/wp-json\/wp\/v2\/users\/1"}],"replies":[{"embeddable":true,"href":"https:\/\/blogsaverroes.juntadeandalucia.es\/ceipcupiana\/wp-json\/wp\/v2\/comments?post=80"}],"version-history":[{"count":3,"href":"https:\/\/blogsaverroes.juntadeandalucia.es\/ceipcupiana\/wp-json\/wp\/v2\/pages\/80\/revisions"}],"predecessor-version":[{"id":2739,"href":"https:\/\/blogsaverroes.juntadeandalucia.es\/ceipcupiana\/wp-json\/wp\/v2\/pages\/80\/revisions\/2739"}],"wp:attachment":[{"href":"https:\/\/blogsaverroes.juntadeandalucia.es\/ceipcupiana\/wp-json\/wp\/v2\/media?parent=80"}],"curies":[{"name":"wp","href":"https:\/\/api.w.org\/{rel}","templated":true}]}}