{"id":872,"date":"2015-03-16T12:50:42","date_gmt":"2015-03-16T12:50:42","guid":{"rendered":"http:\/\/blogsaverroes.juntadeandalucia.es\/pre\/ceip\/?page_id=120"},"modified":"2019-10-01T20:47:16","modified_gmt":"2019-10-01T20:47:16","slug":"contactar","status":"publish","type":"page","link":"https:\/\/blogsaverroes.juntadeandalucia.es\/ceipcupiana\/contactar\/","title":{"rendered":"Contactar"},"content":{"rendered":"<p>Si desea contactar con nosotros:<\/p>\n<p><strong>Datos de contacto<\/strong><\/p>\n<p><strong>Direcci\u00f3n:<\/strong>&nbsp;&nbsp;<\/p>\n<p>Calle Portales de la Victoria, 22<br \/>\n29590 Campanillas<br \/>\nM\u00c1LAGA&nbsp;<\/p>\n<p><strong>Tel\u00e9fono \/ FAX:<\/strong><\/p>\n<p>Tfno: 951 293 509 &nbsp;Tel\u00e9fono corporativo:&nbsp;973509<\/p>\n<p>Fax: 951 293 510 &nbsp;<\/p>\n<p><strong>Email:<\/strong>&nbsp;<\/p>\n<p>29011783.edu@juntadeandalucia.es<\/p>\n","protected":false},"excerpt":{"rendered":"<p>Si desea contactar con nosotros: Datos de contacto Direcci\u00f3n:&nbsp;&nbsp; Calle Portales de la Victoria, 22 29590 Campanillas M\u00c1LAGA&nbsp; Tel\u00e9fono \/ FAX: Tfno: 951 293 509 &nbsp;Tel\u00e9fono corporativo:&nbsp;973509 Fax: 951 293 510 &nbsp; Email:&nbsp; 29011783.edu@juntadeandalucia.es<\/p>\n","protected":false},"author":1,"featured_media":0,"parent":0,"menu_order":0,"comment_status":"closed","ping_status":"open","template":"","meta":{"ngg_post_thumbnail":0,"footnotes":"","_mc_calendar":[]},"aioseo_notices":[],"_links":{"self":[{"href":"https:\/\/blogsaverroes.juntadeandalucia.es\/ceipcupiana\/wp-json\/wp\/v2\/pages\/872"}],"collection":[{"href":"https:\/\/blogsaverroes.juntadeandalucia.es\/ceipcupiana\/wp-json\/wp\/v2\/pages"}],"about":[{"href":"https:\/\/blogsaverroes.juntadeandalucia.es\/ceipcupiana\/wp-json\/wp\/v2\/types\/page"}],"author":[{"embeddable":true,"href":"https:\/\/blogsaverroes.juntadeandalucia.es\/ceipcupiana\/wp-json\/wp\/v2\/users\/1"}],"replies":[{"embeddable":true,"href":"https:\/\/blogsaverroes.juntadeandalucia.es\/ceipcupiana\/wp-json\/wp\/v2\/comments?post=872"}],"version-history":[{"count":3,"href":"https:\/\/blogsaverroes.juntadeandalucia.es\/ceipcupiana\/wp-json\/wp\/v2\/pages\/872\/revisions"}],"predecessor-version":[{"id":2742,"href":"https:\/\/blogsaverroes.juntadeandalucia.es\/ceipcupiana\/wp-json\/wp\/v2\/pages\/872\/revisions\/2742"}],"wp:attachment":[{"href":"https:\/\/blogsaverroes.juntadeandalucia.es\/ceipcupiana\/wp-json\/wp\/v2\/media?parent=872"}],"curies":[{"name":"wp","href":"https:\/\/api.w.org\/{rel}","templated":true}]}}