{"id":99,"date":"2015-03-16T07:22:54","date_gmt":"2015-03-16T07:22:54","guid":{"rendered":"http:\/\/blogsaverroes.juntadeandalucia.es\/pre\/ceip\/?page_id=99"},"modified":"2017-11-12T12:46:25","modified_gmt":"2017-11-12T12:46:25","slug":"comedor-escolar","status":"publish","type":"page","link":"https:\/\/blogsaverroes.juntadeandalucia.es\/ceipcupiana\/comedor-escolar\/","title":{"rendered":"Comedor escolar"},"content":{"rendered":"<h4>&nbsp;<\/h4>\n<h4><a href=\"http:\/\/blogsaverroes.juntadeandalucia.es\/ceipcupiana\/files\/2015\/03\/comida.jpg\"><img loading=\"lazy\" decoding=\"async\" class=\"aligncenter wp-image-238 \" src=\"http:\/\/blogsaverroes.juntadeandalucia.es\/ceipcupiana\/files\/2015\/03\/comida.jpg\" alt=\"\" width=\"344\" height=\"202\"><\/a><\/h4>\n<p>Los comedores escolares son un servicio complementario que resulta de gran utilidad a padres y madres para ayudarles a&nbsp;conciliar la vida laboral y familiar. Tienen una duraci\u00f3n de hasta dos horas desde que acaba la jornada escolar de la ma\u00f1ana (de 14.00 a 16.00 horas). El precio es 4,38 \u20ac el d\u00eda.(*)<\/p>\n<p>Los comedores son adem\u00e1s una pieza importante&nbsp;en todas las medidas dirigidas a mejorar los h\u00e1bitos alimenticios de los ni\u00f1os y ni\u00f1as y prevenir problemas de salud como la obesidad.<\/p>\n<p>Los comedores escolares de los centros p\u00fablicos andaluces promueven una alimentaci\u00f3n saludable que est\u00e1 supervisada por nutricionistas y que, entre otros aspectos, se caracteriza por:<\/p>\n<ul>\n<li>Una mayor proporci\u00f3n de verdura en los men\u00fas<\/li>\n<li>Fruta fresca como postre al menos cuatro d\u00edas a la semana<\/li>\n<li>Uso de aceite de oliva virgen extra<\/li>\n<li>M\u00e1s pescado que carne, que debe ser magra<\/li>\n<li>Prohibici\u00f3n de los alimentos pre-cocinados y limitaci\u00f3n de los fritos<\/li>\n<li>Apuesta por la dieta mediterr\u00e1nea y los productos ecol\u00f3gicos<\/li>\n<\/ul>\n<p>(*)Sin bonificaci\u00f3n, se tendr\u00e1 que consultar en el tabl\u00f3n de informaci\u00f3n de secretar\u00eda el importe a pagar, en el caso de ser usuario\/a con bonificaci\u00f3n.<\/p>\n<p>Este ser\u00eda nuestro men\u00fa hasta diciembre:<\/p>\n<p><a href=\"https:\/\/blogsaverroes.juntadeandalucia.es\/ceipcupiana\/files\/2015\/03\/Men\u00fa-comedor.jpg\"><img loading=\"lazy\" decoding=\"async\" class=\"aligncenter size-full wp-image-2568\" src=\"https:\/\/blogsaverroes.juntadeandalucia.es\/ceipcupiana\/files\/2015\/03\/Men\u00fa-comedor.jpg\" alt=\"\" width=\"839\" height=\"595\" srcset=\"https:\/\/blogsaverroes.juntadeandalucia.es\/ceipcupiana\/files\/2015\/03\/Men\u00fa-comedor.jpg 839w, https:\/\/blogsaverroes.juntadeandalucia.es\/ceipcupiana\/files\/2015\/03\/Men\u00fa-comedor-300x213.jpg 300w, https:\/\/blogsaverroes.juntadeandalucia.es\/ceipcupiana\/files\/2015\/03\/Men\u00fa-comedor-768x545.jpg 768w, https:\/\/blogsaverroes.juntadeandalucia.es\/ceipcupiana\/files\/2015\/03\/Men\u00fa-comedor-700x496.jpg 700w, https:\/\/blogsaverroes.juntadeandalucia.es\/ceipcupiana\/files\/2015\/03\/Men\u00fa-comedor-24x17.jpg 24w, https:\/\/blogsaverroes.juntadeandalucia.es\/ceipcupiana\/files\/2015\/03\/Men\u00fa-comedor-36x26.jpg 36w, https:\/\/blogsaverroes.juntadeandalucia.es\/ceipcupiana\/files\/2015\/03\/Men\u00fa-comedor-48x34.jpg 48w\" sizes=\"(max-width: 839px) 100vw, 839px\" \/><\/a><\/p>\n<p>&nbsp;<\/p>\n","protected":false},"excerpt":{"rendered":"<p>&nbsp; Los comedores escolares son un servicio complementario que resulta de gran utilidad a padres y madres para ayudarles a&nbsp;conciliar la vida laboral y familiar. Tienen una duraci\u00f3n de hasta dos horas desde que&#46;&#46;&#46;<\/p>\n","protected":false},"author":1,"featured_media":0,"parent":0,"menu_order":0,"comment_status":"closed","ping_status":"open","template":"","meta":{"ngg_post_thumbnail":0,"footnotes":"","_mc_calendar":[]},"aioseo_notices":[],"_links":{"self":[{"href":"https:\/\/blogsaverroes.juntadeandalucia.es\/ceipcupiana\/wp-json\/wp\/v2\/pages\/99"}],"collection":[{"href":"https:\/\/blogsaverroes.juntadeandalucia.es\/ceipcupiana\/wp-json\/wp\/v2\/pages"}],"about":[{"href":"https:\/\/blogsaverroes.juntadeandalucia.es\/ceipcupiana\/wp-json\/wp\/v2\/types\/page"}],"author":[{"embeddable":true,"href":"https:\/\/blogsaverroes.juntadeandalucia.es\/ceipcupiana\/wp-json\/wp\/v2\/users\/1"}],"replies":[{"embeddable":true,"href":"https:\/\/blogsaverroes.juntadeandalucia.es\/ceipcupiana\/wp-json\/wp\/v2\/comments?post=99"}],"version-history":[{"count":8,"href":"https:\/\/blogsaverroes.juntadeandalucia.es\/ceipcupiana\/wp-json\/wp\/v2\/pages\/99\/revisions"}],"predecessor-version":[{"id":2569,"href":"https:\/\/blogsaverroes.juntadeandalucia.es\/ceipcupiana\/wp-json\/wp\/v2\/pages\/99\/revisions\/2569"}],"wp:attachment":[{"href":"https:\/\/blogsaverroes.juntadeandalucia.es\/ceipcupiana\/wp-json\/wp\/v2\/media?parent=99"}],"curies":[{"name":"wp","href":"https:\/\/api.w.org\/{rel}","templated":true}]}}