{"id":2136,"date":"2016-04-14T11:53:42","date_gmt":"2016-04-14T11:53:42","guid":{"rendered":"http:\/\/blogsaverroes.juntadeandalucia.es\/ceipdiegovelazquez\/?page_id=2136"},"modified":"2021-03-17T11:12:34","modified_gmt":"2021-03-17T11:12:34","slug":"eoa","status":"publish","type":"page","link":"https:\/\/blogsaverroes.juntadeandalucia.es\/ceipdiegovelazquez\/eoa\/","title":{"rendered":"EOA"},"content":{"rendered":"<p>&nbsp;El Orientador u Orientadora colaborar\u00e1 en el desarrollo de la programaci\u00f3n anual del Plan de Orientaci\u00f3n y Acci\u00f3n Tutorial, asesorando en sus funciones al profesorado que tenga asignadas las tutor\u00edas y a los miembros del Equipo Educativo de cada grupo, facilit\u00e1ndoles los recursos necesarios y excepcionalmente interviniendo directamente con alumnos y alumnas, ya sea en grupos o de forma individual y siempre teniendo en cuenta lo que al respecto se especifique en el Plan de Orientaci\u00f3n y Acci\u00f3n Tutorial.<\/p>\n<p>&nbsp;Del horario lectivo, se distribuir\u00e1 de forma equilibrada, a principios de curso, entre los cuatro \u00e1mbitos que a continuaci\u00f3n se relacionan, teniendo en cuenta las caracter\u00edsticas espec\u00edficas del centro:<\/p>\n<p>1.\u00ba Atenci\u00f3n directa, de forma individual, al alumnado y a sus familias.<\/p>\n<p>2.\u00ba Intervenci\u00f3n directa en grupos de alumnos y alumnas.<\/p>\n<p>3.\u00ba Asesoramiento psicopedag\u00f3gico a la Comunidad Educativa y apoyo a la acci\u00f3n tutorial.<\/p>\n<p>4.\u00ba Coordinaci\u00f3n con los tutores y tutoras y con el Equipo Directivo.<\/p>\n<p><strong>HORARIO DE ATENCI\u00d3N A LAS FAMILIAS<\/strong><\/p>\n<p>Martes, mi\u00e9rcoles y Jueves con cita previa en el tel\u00e9fono 950579950.<\/p>\n<p>Enlace al blog EOE El Ejido.<\/p>\n<p><a href=\"https:\/\/eoeejido.blogspot.com\/search\/label\/Alumnado%20NEE%20%28Cuarentena%29?m=1\">https:\/\/eoeejido.blogspot.com\/search\/label\/Alumnado%20NEE%20%28Cuarentena%29?m=1<\/a><\/p>\n<p>&nbsp;<\/p>\n","protected":false},"excerpt":{"rendered":"<p>&nbsp;El Orientador u Orientadora colaborar\u00e1 en el desarrollo de la programaci\u00f3n anual del Plan de Orientaci\u00f3n y Acci\u00f3n Tutorial, asesorando en sus funciones al profesorado que tenga asignadas las tutor\u00edas y a los miembros&#46;&#46;&#46;<\/p>\n","protected":false},"author":3537,"featured_media":0,"parent":0,"menu_order":0,"comment_status":"open","ping_status":"open","template":"","meta":{"ngg_post_thumbnail":0,"footnotes":"","_mc_calendar":[]},"aioseo_notices":[],"_links":{"self":[{"href":"https:\/\/blogsaverroes.juntadeandalucia.es\/ceipdiegovelazquez\/wp-json\/wp\/v2\/pages\/2136"}],"collection":[{"href":"https:\/\/blogsaverroes.juntadeandalucia.es\/ceipdiegovelazquez\/wp-json\/wp\/v2\/pages"}],"about":[{"href":"https:\/\/blogsaverroes.juntadeandalucia.es\/ceipdiegovelazquez\/wp-json\/wp\/v2\/types\/page"}],"author":[{"embeddable":true,"href":"https:\/\/blogsaverroes.juntadeandalucia.es\/ceipdiegovelazquez\/wp-json\/wp\/v2\/users\/3537"}],"replies":[{"embeddable":true,"href":"https:\/\/blogsaverroes.juntadeandalucia.es\/ceipdiegovelazquez\/wp-json\/wp\/v2\/comments?post=2136"}],"version-history":[{"count":6,"href":"https:\/\/blogsaverroes.juntadeandalucia.es\/ceipdiegovelazquez\/wp-json\/wp\/v2\/pages\/2136\/revisions"}],"predecessor-version":[{"id":2508,"href":"https:\/\/blogsaverroes.juntadeandalucia.es\/ceipdiegovelazquez\/wp-json\/wp\/v2\/pages\/2136\/revisions\/2508"}],"wp:attachment":[{"href":"https:\/\/blogsaverroes.juntadeandalucia.es\/ceipdiegovelazquez\/wp-json\/wp\/v2\/media?parent=2136"}],"curies":[{"name":"wp","href":"https:\/\/api.w.org\/{rel}","templated":true}]}}