{"id":2422,"date":"2021-03-14T21:11:36","date_gmt":"2021-03-14T21:11:36","guid":{"rendered":"https:\/\/blogsaverroes.juntadeandalucia.es\/ceipdiegovelazquez\/?page_id=2422"},"modified":"2021-03-14T21:11:36","modified_gmt":"2021-03-14T21:11:36","slug":"la-biblioteca","status":"publish","type":"page","link":"https:\/\/blogsaverroes.juntadeandalucia.es\/ceipdiegovelazquez\/la-biblioteca\/","title":{"rendered":"La biblioteca"},"content":{"rendered":"<p>La biblioteca es un espacio multifunci\u00f3n que est\u00e1 dotado para realizar las siguientes acciones:<\/p>\n<ul>\n<li>Sala de consulta.<\/li>\n<li>Sala de inform\u00e1tica.<\/li>\n<li>Sala de reuniones.<\/li>\n<li>Sala de juegos.<\/li>\n<li>Pr\u00e9stamos y devoluciones.<\/li>\n<\/ul>\n<p>&nbsp; &nbsp;Tenemos presencia en las redes sociales, Instagram y Facebook, con el nombre La Biblioteca Diferente.&nbsp; Adem\u00e1s contamos con el blog de la biblioteca que te invitamos a visitar.<\/p>\n<p><a href=\"https:\/\/labibliotecadiferente.blogspot.com\/\">https:\/\/labibliotecadiferente.blogspot.com\/<\/a><\/p>\n<div style=\"width: 854px;\" class=\"wp-video\"><!--[if lt IE 9]><script>document.createElement('video');<\/script><![endif]-->\n<video class=\"wp-video-shortcode\" id=\"video-2422-1\" width=\"854\" height=\"480\" poster=\"https:\/\/blogsaverroes.juntadeandalucia.es\/ceipdiegovelazquez\/files\/2021\/03\/words-0002.jpg\" preload=\"metadata\" controls=\"controls\"><source type=\"video\/mp4\" src=\"https:\/\/blogsaverroes.juntadeandalucia.es\/ceipdiegovelazquez\/files\/2021\/03\/La-biblioteca.mp4?_=1\" \/><a href=\"https:\/\/blogsaverroes.juntadeandalucia.es\/ceipdiegovelazquez\/files\/2021\/03\/La-biblioteca.mp4\">https:\/\/blogsaverroes.juntadeandalucia.es\/ceipdiegovelazquez\/files\/2021\/03\/La-biblioteca.mp4<\/a><\/video><\/div>\n<p>&nbsp;<\/p>\n","protected":false},"excerpt":{"rendered":"<p>La biblioteca es un espacio multifunci\u00f3n que est\u00e1 dotado para realizar las siguientes acciones: Sala de consulta. Sala de inform\u00e1tica. Sala de reuniones. Sala de juegos. Pr\u00e9stamos y devoluciones. &nbsp; &nbsp;Tenemos presencia en las&#46;&#46;&#46;<\/p>\n","protected":false},"author":3537,"featured_media":0,"parent":0,"menu_order":0,"comment_status":"closed","ping_status":"closed","template":"","meta":{"ngg_post_thumbnail":0,"footnotes":"","_mc_calendar":[]},"aioseo_notices":[],"_links":{"self":[{"href":"https:\/\/blogsaverroes.juntadeandalucia.es\/ceipdiegovelazquez\/wp-json\/wp\/v2\/pages\/2422"}],"collection":[{"href":"https:\/\/blogsaverroes.juntadeandalucia.es\/ceipdiegovelazquez\/wp-json\/wp\/v2\/pages"}],"about":[{"href":"https:\/\/blogsaverroes.juntadeandalucia.es\/ceipdiegovelazquez\/wp-json\/wp\/v2\/types\/page"}],"author":[{"embeddable":true,"href":"https:\/\/blogsaverroes.juntadeandalucia.es\/ceipdiegovelazquez\/wp-json\/wp\/v2\/users\/3537"}],"replies":[{"embeddable":true,"href":"https:\/\/blogsaverroes.juntadeandalucia.es\/ceipdiegovelazquez\/wp-json\/wp\/v2\/comments?post=2422"}],"version-history":[{"count":13,"href":"https:\/\/blogsaverroes.juntadeandalucia.es\/ceipdiegovelazquez\/wp-json\/wp\/v2\/pages\/2422\/revisions"}],"predecessor-version":[{"id":2627,"href":"https:\/\/blogsaverroes.juntadeandalucia.es\/ceipdiegovelazquez\/wp-json\/wp\/v2\/pages\/2422\/revisions\/2627"}],"wp:attachment":[{"href":"https:\/\/blogsaverroes.juntadeandalucia.es\/ceipdiegovelazquez\/wp-json\/wp\/v2\/media?parent=2422"}],"curies":[{"name":"wp","href":"https:\/\/api.w.org\/{rel}","templated":true}]}}