{"id":2509,"date":"2021-03-17T11:28:27","date_gmt":"2021-03-17T11:28:27","guid":{"rendered":"https:\/\/blogsaverroes.juntadeandalucia.es\/ceipdiegovelazquez\/?page_id=2509"},"modified":"2021-03-17T11:47:52","modified_gmt":"2021-03-17T11:47:52","slug":"transformacion-digital","status":"publish","type":"page","link":"https:\/\/blogsaverroes.juntadeandalucia.es\/ceipdiegovelazquez\/planes-y-proyectos-2\/transformacion-digital\/","title":{"rendered":"Transformaci\u00f3n Digital"},"content":{"rendered":"<p>La Transformaci\u00f3n Digital Educativa es una de las principales respuestas a los retos planteados actualmente, con repercusiones inmediatas en el \u00e1mbito escolar pero que lo trasciende, para facilitar la adquisici\u00f3n y desarrollo de competencias y habilidades a quienes formar\u00e1n la ciudadan\u00eda en un futuro inmediato.<\/p>\n<p>Este punto de partida implica adoptar nuevos planteamientos que logren&nbsp; avanzar hacia la competencia digital en los Centros Educativos, tomando como referentes los Marcos Europeos.&nbsp;<\/p>\n<p>A estas herramientas se suman actuaciones ya puestas en marcha de gran impacto, como el despliegue de la plataforma de Aula Virtual&nbsp;<strong>Moodle Centros<\/strong> con car\u00e1cter universal y el &nbsp;servicio&nbsp;<strong>BlogsAverroes.<\/strong><\/p>\n<p>&nbsp;<\/p>\n<p><iframe loading=\"lazy\" src=\"https:\/\/www.youtube.com\/embed\/ij2RFtZeTUs\" width=\"560\" height=\"315\" frameborder=\"0\"><\/iframe><\/p>\n","protected":false},"excerpt":{"rendered":"<p>La Transformaci\u00f3n Digital Educativa es una de las principales respuestas a los retos planteados actualmente, con repercusiones inmediatas en el \u00e1mbito escolar pero que lo trasciende, para facilitar la adquisici\u00f3n y desarrollo de competencias&#46;&#46;&#46;<\/p>\n","protected":false},"author":3537,"featured_media":0,"parent":2098,"menu_order":0,"comment_status":"closed","ping_status":"closed","template":"","meta":{"ngg_post_thumbnail":0,"footnotes":"","_mc_calendar":[]},"aioseo_notices":[],"_links":{"self":[{"href":"https:\/\/blogsaverroes.juntadeandalucia.es\/ceipdiegovelazquez\/wp-json\/wp\/v2\/pages\/2509"}],"collection":[{"href":"https:\/\/blogsaverroes.juntadeandalucia.es\/ceipdiegovelazquez\/wp-json\/wp\/v2\/pages"}],"about":[{"href":"https:\/\/blogsaverroes.juntadeandalucia.es\/ceipdiegovelazquez\/wp-json\/wp\/v2\/types\/page"}],"author":[{"embeddable":true,"href":"https:\/\/blogsaverroes.juntadeandalucia.es\/ceipdiegovelazquez\/wp-json\/wp\/v2\/users\/3537"}],"replies":[{"embeddable":true,"href":"https:\/\/blogsaverroes.juntadeandalucia.es\/ceipdiegovelazquez\/wp-json\/wp\/v2\/comments?post=2509"}],"version-history":[{"count":4,"href":"https:\/\/blogsaverroes.juntadeandalucia.es\/ceipdiegovelazquez\/wp-json\/wp\/v2\/pages\/2509\/revisions"}],"predecessor-version":[{"id":2515,"href":"https:\/\/blogsaverroes.juntadeandalucia.es\/ceipdiegovelazquez\/wp-json\/wp\/v2\/pages\/2509\/revisions\/2515"}],"up":[{"embeddable":true,"href":"https:\/\/blogsaverroes.juntadeandalucia.es\/ceipdiegovelazquez\/wp-json\/wp\/v2\/pages\/2098"}],"wp:attachment":[{"href":"https:\/\/blogsaverroes.juntadeandalucia.es\/ceipdiegovelazquez\/wp-json\/wp\/v2\/media?parent=2509"}],"curies":[{"name":"wp","href":"https:\/\/api.w.org\/{rel}","templated":true}]}}