{"id":2330,"date":"2021-05-11T17:10:01","date_gmt":"2021-05-11T17:10:01","guid":{"rendered":"https:\/\/blogsaverroes.juntadeandalucia.es\/ceipdivinapastora\/?page_id=2330"},"modified":"2021-06-08T11:24:08","modified_gmt":"2021-06-08T11:24:08","slug":"principal","status":"publish","type":"page","link":"https:\/\/blogsaverroes.juntadeandalucia.es\/ceipdivinapastora\/","title":{"rendered":"PRINCIPAL"},"content":{"rendered":"<p>&nbsp;<\/p>\n<p style=\"text-align: left\"><a href=\"https:\/\/blogsaverroes.juntadeandalucia.es\/ceipdivinapastora\/files\/2021\/05\/CIMG2363-scaled.jpg\"><span style=\"color: #008000\"><strong>BIENVENIDOS A NUESTRA P\u00c1GINA WEB<\/strong><\/span><img loading=\"lazy\" decoding=\"async\" class=\"wp-image-2342 alignleft\" src=\"https:\/\/blogsaverroes.juntadeandalucia.es\/ceipdivinapastora\/files\/2021\/05\/CIMG2363-300x225.jpg\" alt=\"\" width=\"385\" height=\"289\" srcset=\"https:\/\/blogsaverroes.juntadeandalucia.es\/ceipdivinapastora\/files\/2021\/05\/CIMG2363-300x225.jpg 300w, https:\/\/blogsaverroes.juntadeandalucia.es\/ceipdivinapastora\/files\/2021\/05\/CIMG2363-1024x768.jpg 1024w, https:\/\/blogsaverroes.juntadeandalucia.es\/ceipdivinapastora\/files\/2021\/05\/CIMG2363-768x576.jpg 768w, https:\/\/blogsaverroes.juntadeandalucia.es\/ceipdivinapastora\/files\/2021\/05\/CIMG2363-1536x1152.jpg 1536w, https:\/\/blogsaverroes.juntadeandalucia.es\/ceipdivinapastora\/files\/2021\/05\/CIMG2363-2048x1536.jpg 2048w, https:\/\/blogsaverroes.juntadeandalucia.es\/ceipdivinapastora\/files\/2021\/05\/CIMG2363-scaled.jpg 1600w\" sizes=\"(max-width: 385px) 100vw, 385px\" \/><\/a><a href=\"https:\/\/blogsaverroes.juntadeandalucia.es\/ceipdivinapastora\/files\/2021\/05\/CIMG2363-scaled.jpg\"><br \/>\n<\/a><\/p>\n<p style=\"text-align: left\"><span style=\"color: #99cc00\"><a style=\"color: #99cc00\" href=\"https:\/\/blogsaverroes.juntadeandalucia.es\/ceipdivinapastora\/files\/2021\/05\/CIMG2363-scaled.jpg\"><span style=\"color: #008000\">Nuestro centro est\u00e1 situado en Facinas (C\u00e1diz), dentro del termino municipal de Tarifa, nos encontramos en un lugar privilegiado, pues tenemos el Parque Natural de los Alcornocales junto a nuestra \u2018escuela\u2019 (preciosa palabra, ahora algo en desuso) a dem\u00e1s nos encontramos a escasos km del parque natural del mediterr\u00e1neo. <\/span><br \/>\n<span style=\"color: #008000\">El Centro lo forma un \u00fanico edificio cuya construcci\u00f3n data del a\u00f1o 1978 . Consta de planta baja m\u00e1s dos pisos, un porche, dos pistas polideportivas , zonas verdes, una peque\u00f1a aula de la al aire libre y un parque infantil.<\/span><\/a><\/span><\/p>\n","protected":false},"excerpt":{"rendered":"<p>&nbsp; BIENVENIDOS A NUESTRA P\u00c1GINA WEB Nuestro centro est\u00e1 situado en Facinas (C\u00e1diz), dentro del termino municipal de Tarifa, nos encontramos en un lugar privilegiado, pues tenemos el Parque Natural de los Alcornocales junto&#46;&#46;&#46;<\/p>\n","protected":false},"author":11241,"featured_media":0,"parent":0,"menu_order":0,"comment_status":"closed","ping_status":"closed","template":"page-templates\/child-menu.php","meta":{"ngg_post_thumbnail":0,"footnotes":"","_mc_calendar":[]},"aioseo_notices":[],"_links":{"self":[{"href":"https:\/\/blogsaverroes.juntadeandalucia.es\/ceipdivinapastora\/wp-json\/wp\/v2\/pages\/2330"}],"collection":[{"href":"https:\/\/blogsaverroes.juntadeandalucia.es\/ceipdivinapastora\/wp-json\/wp\/v2\/pages"}],"about":[{"href":"https:\/\/blogsaverroes.juntadeandalucia.es\/ceipdivinapastora\/wp-json\/wp\/v2\/types\/page"}],"author":[{"embeddable":true,"href":"https:\/\/blogsaverroes.juntadeandalucia.es\/ceipdivinapastora\/wp-json\/wp\/v2\/users\/11241"}],"replies":[{"embeddable":true,"href":"https:\/\/blogsaverroes.juntadeandalucia.es\/ceipdivinapastora\/wp-json\/wp\/v2\/comments?post=2330"}],"version-history":[{"count":5,"href":"https:\/\/blogsaverroes.juntadeandalucia.es\/ceipdivinapastora\/wp-json\/wp\/v2\/pages\/2330\/revisions"}],"predecessor-version":[{"id":2355,"href":"https:\/\/blogsaverroes.juntadeandalucia.es\/ceipdivinapastora\/wp-json\/wp\/v2\/pages\/2330\/revisions\/2355"}],"wp:attachment":[{"href":"https:\/\/blogsaverroes.juntadeandalucia.es\/ceipdivinapastora\/wp-json\/wp\/v2\/media?parent=2330"}],"curies":[{"name":"wp","href":"https:\/\/api.w.org\/{rel}","templated":true}]}}