{"id":35,"date":"2015-03-13T08:21:43","date_gmt":"2015-03-13T08:21:43","guid":{"rendered":"http:\/\/blogsaverroes.juntadeandalucia.es\/pre\/ceip\/?page_id=35"},"modified":"2021-10-28T09:39:50","modified_gmt":"2021-10-28T09:39:50","slug":"el-centro-2","status":"publish","type":"page","link":"https:\/\/blogsaverroes.juntadeandalucia.es\/ceipdivinapastora\/el-centro-2\/","title":{"rendered":"Datos del centro"},"content":{"rendered":"<p>[googlemaps https:\/\/www.google.com\/maps\/embed?pb=!1m18!1m12!1m3!1d3221.8820029991552!2d-5.702446585240092!3d36.145086212001026!2m3!1f0!2f0!3f0!3m2!1i1024!2i768!4f13.1!3m3!1m2!1s0xd0cf53ce450b313%3A0x93028fe357df1de3!2sColegio%20p%C3%BAblico%20Divina%20Pastora!5e0!3m2!1ses!2ses!4v1604517143320!5m2!1ses!2ses&amp;w=600&amp;h=450]<\/p>\n<h4 style=\"text-align: center\">Datos de contacto<\/h4>\n<p>Consejer\u00eda de Educaci\u00f3n. Servicio de Innovaci\u00f3n Educativa<\/p>\n<p><strong>Direcci\u00f3n:<\/strong> C. Andaluc\u00eda, 1, 11391 Facinas, C\u00e1diz<\/p>\n<p><strong>Tel\u00e9fono: 671 560 106 \/956 670 139<\/strong><br \/>\n<strong>Email:<\/strong> 11005895.edu@juntadeandalucia.es<\/p>\n<h4><strong>Horarios<\/strong><\/h4>\n<p>De Lunes a Viernes de 8:00 a 14:30<\/p>\n<h4><strong>Oferta educativa<\/strong><\/h4>\n<p>&nbsp;<\/p>\n<h4>Instalaciones<\/h4>\nngg_shortcode_0_placeholder\n","protected":false},"excerpt":{"rendered":"<p>[googlemaps https:\/\/www.google.com\/maps\/embed?pb=!1m18!1m12!1m3!1d3221.8820029991552!2d-5.702446585240092!3d36.145086212001026!2m3!1f0!2f0!3f0!3m2!1i1024!2i768!4f13.1!3m3!1m2!1s0xd0cf53ce450b313%3A0x93028fe357df1de3!2sColegio%20p%C3%BAblico%20Divina%20Pastora!5e0!3m2!1ses!2ses!4v1604517143320!5m2!1ses!2ses&amp;w=600&amp;h=450] Datos de contacto Consejer\u00eda de Educaci\u00f3n. Servicio de Innovaci\u00f3n Educativa Direcci\u00f3n: C. Andaluc\u00eda, 1, 11391 Facinas, C\u00e1diz Tel\u00e9fono: 671 560 106 \/956 670 139 Email: 11005895.edu@juntadeandalucia.es Horarios De Lunes a Viernes de&#46;&#46;&#46;<\/p>\n","protected":false},"author":1,"featured_media":0,"parent":0,"menu_order":0,"comment_status":"open","ping_status":"open","template":"","meta":{"ngg_post_thumbnail":0,"footnotes":"","_mc_calendar":[]},"aioseo_notices":[],"_links":{"self":[{"href":"https:\/\/blogsaverroes.juntadeandalucia.es\/ceipdivinapastora\/wp-json\/wp\/v2\/pages\/35"}],"collection":[{"href":"https:\/\/blogsaverroes.juntadeandalucia.es\/ceipdivinapastora\/wp-json\/wp\/v2\/pages"}],"about":[{"href":"https:\/\/blogsaverroes.juntadeandalucia.es\/ceipdivinapastora\/wp-json\/wp\/v2\/types\/page"}],"author":[{"embeddable":true,"href":"https:\/\/blogsaverroes.juntadeandalucia.es\/ceipdivinapastora\/wp-json\/wp\/v2\/users\/1"}],"replies":[{"embeddable":true,"href":"https:\/\/blogsaverroes.juntadeandalucia.es\/ceipdivinapastora\/wp-json\/wp\/v2\/comments?post=35"}],"version-history":[{"count":26,"href":"https:\/\/blogsaverroes.juntadeandalucia.es\/ceipdivinapastora\/wp-json\/wp\/v2\/pages\/35\/revisions"}],"predecessor-version":[{"id":2366,"href":"https:\/\/blogsaverroes.juntadeandalucia.es\/ceipdivinapastora\/wp-json\/wp\/v2\/pages\/35\/revisions\/2366"}],"wp:attachment":[{"href":"https:\/\/blogsaverroes.juntadeandalucia.es\/ceipdivinapastora\/wp-json\/wp\/v2\/media?parent=35"}],"curies":[{"name":"wp","href":"https:\/\/api.w.org\/{rel}","templated":true}]}}