{"id":44,"date":"2015-03-13T08:42:15","date_gmt":"2015-03-13T08:42:15","guid":{"rendered":"http:\/\/blogsaverroes.juntadeandalucia.es\/pre\/ceip\/?page_id=44"},"modified":"2021-06-14T11:54:55","modified_gmt":"2021-06-14T11:54:55","slug":"planes-y-proyectos","status":"publish","type":"page","link":"https:\/\/blogsaverroes.juntadeandalucia.es\/ceipdivinapastora\/planes-y-proyectos\/","title":{"rendered":"Planes y Programas"},"content":{"rendered":"<p><strong><span style=\"color: #000000\">Planes y Programas Educativos Curso 2020\/2021<\/span><\/strong><\/p>\n<ul>\n<li><span style=\"color: #339966\"><strong>H\u00e1bitos de vida saludables.<\/strong><\/span><\/li>\n<li><span style=\"color: #339966\"><strong>Escuela espacio de paz.<\/strong><\/span><\/li>\n<li><span style=\"color: #339966\"><strong>Coeducaci\u00f3n.<\/strong><\/span><\/li>\n<li><span style=\"color: #339966\"><strong>Plan de igualdad.<\/strong><\/span><\/li>\n<li><span style=\"color: #339966\"><strong>Huerto escolar.<\/strong><\/span><\/li>\n<li><span style=\"color: #339966\"><strong>Innovaci\u00f3n.<\/strong><\/span><\/li>\n<li><span style=\"color: #339966\"><strong>Inicia<\/strong><\/span><\/li>\n<li><span style=\"color: #339966\"><strong>Prevenci\u00f3n de riesgos laborales.<\/strong><\/span><\/li>\n<li><span style=\"color: #339966\"><strong>TDE<\/strong><\/span><\/li>\n<\/ul>\n<p>&nbsp;<\/p>\n<p><img loading=\"lazy\" decoding=\"async\" class=\"alignnone size-medium wp-image-1667\" src=\"http:\/\/blogsaverroes.juntadeandalucia.es\/temahueman\/files\/2015\/03\/planes-300x150.png\" alt=\"planes\" width=\"300\" height=\"150\" srcset=\"https:\/\/blogsaverroes.juntadeandalucia.es\/ceipdivinapastora\/files\/2015\/03\/planes-300x150.png 300w, https:\/\/blogsaverroes.juntadeandalucia.es\/ceipdivinapastora\/files\/2015\/03\/planes.png 640w\" sizes=\"(max-width: 300px) 100vw, 300px\" \/><\/p>\n<p>&nbsp;<\/p>\n","protected":false},"excerpt":{"rendered":"<p>Planes y Programas Educativos Curso 2020\/2021 H\u00e1bitos de vida saludables. Escuela espacio de paz. Coeducaci\u00f3n. Plan de igualdad. Huerto escolar. Innovaci\u00f3n. Inicia Prevenci\u00f3n de riesgos laborales. TDE &nbsp; &nbsp;<\/p>\n","protected":false},"author":1,"featured_media":0,"parent":0,"menu_order":0,"comment_status":"open","ping_status":"closed","template":"page-templates\/child-menu.php","meta":{"ngg_post_thumbnail":0,"footnotes":"","_mc_calendar":[]},"aioseo_notices":[],"_links":{"self":[{"href":"https:\/\/blogsaverroes.juntadeandalucia.es\/ceipdivinapastora\/wp-json\/wp\/v2\/pages\/44"}],"collection":[{"href":"https:\/\/blogsaverroes.juntadeandalucia.es\/ceipdivinapastora\/wp-json\/wp\/v2\/pages"}],"about":[{"href":"https:\/\/blogsaverroes.juntadeandalucia.es\/ceipdivinapastora\/wp-json\/wp\/v2\/types\/page"}],"author":[{"embeddable":true,"href":"https:\/\/blogsaverroes.juntadeandalucia.es\/ceipdivinapastora\/wp-json\/wp\/v2\/users\/1"}],"replies":[{"embeddable":true,"href":"https:\/\/blogsaverroes.juntadeandalucia.es\/ceipdivinapastora\/wp-json\/wp\/v2\/comments?post=44"}],"version-history":[{"count":9,"href":"https:\/\/blogsaverroes.juntadeandalucia.es\/ceipdivinapastora\/wp-json\/wp\/v2\/pages\/44\/revisions"}],"predecessor-version":[{"id":2359,"href":"https:\/\/blogsaverroes.juntadeandalucia.es\/ceipdivinapastora\/wp-json\/wp\/v2\/pages\/44\/revisions\/2359"}],"wp:attachment":[{"href":"https:\/\/blogsaverroes.juntadeandalucia.es\/ceipdivinapastora\/wp-json\/wp\/v2\/media?parent=44"}],"curies":[{"name":"wp","href":"https:\/\/api.w.org\/{rel}","templated":true}]}}