{"id":99,"date":"2015-03-16T07:22:54","date_gmt":"2015-03-16T07:22:54","guid":{"rendered":"http:\/\/blogsaverroes.juntadeandalucia.es\/pre\/ceip\/?page_id=99"},"modified":"2024-06-02T18:37:19","modified_gmt":"2024-06-02T18:37:19","slug":"comedor-escolar","status":"publish","type":"page","link":"https:\/\/blogsaverroes.juntadeandalucia.es\/ceipdivinosalvador\/comedor-escolar\/","title":{"rendered":"COMEDOR ESCOLAR"},"content":{"rendered":"<h2 style=\"text-align: center\"><img loading=\"lazy\" decoding=\"async\" class=\"size-large wp-image-2588 alignnone\" src=\"https:\/\/blogsaverroes.juntadeandalucia.es\/ceipdivinosalvador\/files\/2021\/05\/DSC00768-1024x768.jpg\" alt=\"COMEDOR ESCOLAR1\" width=\"660\" height=\"495\"><\/h2>\n<h2 style=\"text-align: justify\">&nbsp; &nbsp; &nbsp; &nbsp; &nbsp; &nbsp; &nbsp; &nbsp; &nbsp; &nbsp; &nbsp; &nbsp; &nbsp; &nbsp;<span style=\"color: #ffcc99\">MENU ESCOLAR CURSO 2023-2024<\/span><\/h2>\n<p><a href=\"https:\/\/blogsaverroes.juntadeandalucia.es\/ceipdivinosalvador\/files\/2024\/06\/MENU-COMEDOR-ACTUALIZADO-JUNIO-2024-Reparado.docx\">MEN\u00da COMEDOR ACTUALIZADO JUNIO 2024 (Reparado)<\/a><\/p>\n<p><img loading=\"lazy\" decoding=\"async\" class=\" wp-image-2982 aligncenter\" src=\"https:\/\/blogsaverroes.juntadeandalucia.es\/ceipdivinosalvador\/files\/2024\/06\/MENU-COMEDOR-ACTUALIZADO-JUNIO-2024-300x156.png\" alt=\"\" width=\"573\" height=\"298\" srcset=\"https:\/\/blogsaverroes.juntadeandalucia.es\/ceipdivinosalvador\/files\/2024\/06\/MENU-COMEDOR-ACTUALIZADO-JUNIO-2024-300x156.png 300w, https:\/\/blogsaverroes.juntadeandalucia.es\/ceipdivinosalvador\/files\/2024\/06\/MENU-COMEDOR-ACTUALIZADO-JUNIO-2024-1024x531.png 1024w, https:\/\/blogsaverroes.juntadeandalucia.es\/ceipdivinosalvador\/files\/2024\/06\/MENU-COMEDOR-ACTUALIZADO-JUNIO-2024-768x398.png 768w, https:\/\/blogsaverroes.juntadeandalucia.es\/ceipdivinosalvador\/files\/2024\/06\/MENU-COMEDOR-ACTUALIZADO-JUNIO-2024-1536x797.png 1536w, https:\/\/blogsaverroes.juntadeandalucia.es\/ceipdivinosalvador\/files\/2024\/06\/MENU-COMEDOR-ACTUALIZADO-JUNIO-2024.png 1600w\" sizes=\"(max-width: 573px) 100vw, 573px\" \/><\/p>\n<h1 style=\"text-align: center\"><em><strong>COMEDOR ESCOLAR DE GESTI\u00d3N DIRECTA<\/strong><\/em><\/h1>\n<p style=\"text-align: justify\">&nbsp; &nbsp; &nbsp; El C.E.I.P. Divino Salvador de Cortegana, presta el servicio de comedor escolar para el alumnado de <strong>educaci\u00f3n Infantil, Primaria, educaci\u00f3n especial y E.S.O.<\/strong> ( I.E.S. San Jos\u00e9 ) durante un tiempo m\u00e1ximo de dos horas a partir de la finalizaci\u00f3n de la jornada lectiva de ma\u00f1ana, de <strong>14.00 a 16:00 horas<\/strong>. El horario de este servicio proporciona a los padres y a las madres un apoyo que les permite compatibilizar sus obligaciones familiares y profesionales, por tanto, el comedor escolar constituye un servicio complementario de gran utilidad para conciliar la vida laboral y familiar. Es, adem\u00e1s, una pieza importante en todas las medidas dirigidas a mejorar los h\u00e1bitos alimenticios de los ni\u00f1os y ni\u00f1as y prevenir problemas de salud como la obesidad.<\/p>\n<p style=\"text-align: justify\">&nbsp;&nbsp;&nbsp;&nbsp; En la organizaci\u00f3n del servicio de comedor escolar, el centro considera la atenci\u00f3n al alumnado usuario, tanto en el tiempo destinado a la comida, como en los per\u00edodos inmediatamente anteriores y posteriores a la misma, todo ello en el marco de la concepci\u00f3n educativa integral que tiene este servicio en los centros. La gesti\u00f3n diaria del servicio se realiza teniendo en cuenta el aforo y el n\u00famero de comensales que hacen uso de dicho servicio.<\/p>\n<p>&nbsp;&nbsp;&nbsp;&nbsp; La atenci\u00f3n al alumnado en el comedor escolar se llevar\u00e1 a cabo por personal cualificado cuyas funciones son las siguientes:<\/p>\n<p>a) Atender y custodiar al alumnado durante las comidas y en el tiempo anterior y posterior a las mismas.<br \/>\nb) Resolver las incidencias que pudieran presentarse durante ese per\u00edodo.<br \/>\nc) Prestar especial atenci\u00f3n a la labor educativa del comedor: adquisici\u00f3n de h\u00e1bitos sociales e higi\u00e9nico-sanitarios y correcta utilizaci\u00f3n del menaje del comedor.<br \/>\nd) Cualquier otra funci\u00f3n que le pueda ser encomendada por la persona que ejerce la direcci\u00f3n del centro, para el adecuado funcionamiento del comedor escolar.<\/p>\n<p style=\"text-align: justify\">&nbsp;&nbsp;&nbsp;&nbsp; Estos profesionales ejercen una labor educativa dirigida a favorecer la adquisici\u00f3n de buenos h\u00e1bitos sociales, higi\u00e9nicos y alimenticios. Por ejemplo, introduciendo pr\u00e1cticas como el lavado previo de las manos o el cepillado de los dientes despu\u00e9s de las comidas. Adem\u00e1s de la labor educativa que se realiza durante las comidas, despu\u00e9s de estas las empresas que atienden el comedor escolar deben ofrecer al alumnado actividades l\u00fadicas, deportivas o educativas que permitan un uso provechoso de este tiempo.<\/p>\n<h2 style=\"text-align: center\"><em><strong>Aforo.<\/strong><\/em><\/h2>\n<p>&nbsp;&nbsp;&nbsp;&nbsp; El comedor escolar de nuestro centro escolar cuenta actualmente con un aforo m\u00e1ximo de <strong>143 plazas<\/strong>.<\/p>\n<h2 style=\"text-align: center\"><em><strong>Solicitudes.<\/strong><\/em><\/h2>\n<p style=\"text-align: justify\">&nbsp;&nbsp;&nbsp;&nbsp; El servicio de comedor escolar se solicita en el mes de <strong>junio<\/strong>&nbsp;en la matriculaci\u00f3n del alumnado y la solicitud de bonificaciones al precio p\u00fablico de dicho servicio se realiza a principios del mes de&nbsp;<strong>septiembre<\/strong>&nbsp;para posibilitar que los ingresos de referencia para el c\u00e1lculo de la bonificaci\u00f3n sea el del a\u00f1o inmediatamente anterior, y adecuarse en lo posible a la capacidad econ\u00f3mica real de las familias.<\/p>\n<p style=\"text-align: left\">&nbsp;Desc\u00e1rgate los formularios, rell\u00e9nalos y entr\u00e9galos en la secretar\u00eda del Colegio:<\/p>\n<table border=\"15\" cellpadding=\"10\">\n<tbody>\n<tr>\n<td>\n<ul>\n<li style=\"text-align: left\">Solicitud de inscripci\u00f3n:&nbsp;<a href=\"https:\/\/www.juntadeandalucia.es\/educacion\/portals\/delegate\/content\/6c4342f7-1581-4c26-bc7e-2e49b4b64cee\/Anexo%20II.-%20Servicio%20de%20Aula%20Matinal,%20Comedor%20Escolar%20y%20actividades%20Extraescolares\" target=\"_blank\" rel=\"noopener noreferrer\">Anexo_II<\/a><\/li>\n<li style=\"text-align: left\">Solicitud de bonificaci\u00f3n:&nbsp;<a href=\"https:\/\/www.juntadeandalucia.es\/educacion\/portals\/delegate\/content\/fcc8b9c5-53ad-46ca-9098-80d7b3c81097\/Anexo%20V.-%20Gratuidad\/bonificaci%C3%B3n%20del%20precio%20p%C3%BAblico%20por%20los%20servicios%20complementarios%20de%20Aula%20Matinal,%20Comedor%20Escolar%20y%20Actividades%20Extraescolares\" target=\"_blank\" rel=\"noopener noreferrer\">Anexo_V<\/a><\/li>\n<li style=\"text-align: left\">Solicitud de baja en el servicio:&nbsp;<a href=\"http:\/\/blogsaverroes.juntadeandalucia.es\/ceprjosenogales\/files\/2015\/03\/solicitud_baja_paf.pdf\">Anexo baja<\/a><a href=\"http:\/\/blogsaverroes.juntadeandalucia.es\/ceprjosenogales\/files\/2015\/03\/download_pdf_1.png\"><img loading=\"lazy\" decoding=\"async\" class=\"wp-image-2424 alignright\" src=\"http:\/\/blogsaverroes.juntadeandalucia.es\/ceprjosenogales\/files\/2015\/03\/download_pdf_1.png\" alt=\"\" width=\"43\" height=\"43\"><\/a><\/li>\n<\/ul>\n<\/td>\n<\/tr>\n<\/tbody>\n<\/table>\n<h2 style=\"text-align: center\"><strong><em>Normativa.<\/em><\/strong><\/h2>\n<div class=\"portlet-content\">\n<div class=\" portlet-content-container\">\n<div class=\"portlet-body\">\n<div class=\"contenido_portlet \">\n<div class=\"portlet_normativas\">\n<div class=\"listadoNormativas normativas-selected\">\n<div class=\"wrapper-listado\">\n<ul class=\"listado\">\n<li class=\"item item_listado clearfix item\">\n<div class=\"inner-item\">\n<div class=\"wrapper_fecha\">\n<p class=\"fecha\"><span class=\"fecha-dia\">15<\/span>&nbsp;de&nbsp;<span class=\"fecha-mes\">mayo<\/span>&nbsp;de&nbsp;<span class=\"fecha-anyo\">2017<\/span><\/p>\n<\/div>\n<p class=\"titulo\"><a title=\"Resoluci\u00f3n de 15 de mayo de 2017, de la Direcci\u00f3n General de Planificaci\u00f3n y Centros, por la que se establece el calendario de actuaciones en el procedimiento de admisi\u00f3n del alumnado en los servicios complementarios de aula matinal, comedor escolar y actividades extraescolares para el curso escolar 2017\/18.\" href=\"http:\/\/portals.ced.junta-andalucia.es\/educacion\/portals\/web\/ced\/servicios-complementarios\/-\/normativas\/detalle\/resolucion-de-15-de-mayo-de-2017-de-la-direccion-general-de-planificacion-y-centros-por-la-que-se-establece-el\">Resoluci\u00f3n de 15 de mayo de 2017, de la Direcci\u00f3n General de Planificaci\u00f3n y Centros, por la que se establece el calendario de actuaciones en el procedimiento de admisi\u00f3n del alumnado en los servicios complementarios de aula matinal, comedor escolar y actividades extraescolares para el curso escolar 2017\/18.<\/a><\/p>\n<\/div>\n<\/li>\n<li class=\"item item_listado clearfix item\">\n<div class=\"inner-item\">\n<div class=\"wrapper_fecha\">\n<p class=\"fecha\"><span class=\"fecha-dia\">17<\/span>&nbsp;de&nbsp;<span class=\"fecha-mes\">abril<\/span>&nbsp;de&nbsp;<span class=\"fecha-anyo\">2017<\/span><\/p>\n<\/div>\n<p class=\"titulo\"><a title=\"Orden de 17 abril de 2017, por la que se regula la organizaci\u00f3n y el funcionamiento de los servicios complementarios de aula matinal, comedor escolar y actividades extraescolares, as\u00ed como el uso de las instalaciones de los centros docentes p\u00fablicos de la Comunidad Aut\u00f3noma de Andaluc\u00eda fuera del horario escolar.\" href=\"http:\/\/portals.ced.junta-andalucia.es\/educacion\/portals\/web\/ced\/servicios-complementarios\/-\/normativas\/detalle\/orden-de-17-abril-de-2017-por-la-que-se-regula-la-organizacion-y-el-funcionamiento-de-los-servicios-complementarios-de\">Orden de 17 abril de 2017, por la que se regula la organizaci\u00f3n y el funcionamiento de los servicios complementarios de aula matinal, comedor escolar y actividades extraescolares, as\u00ed como el uso de las instalaciones de los centros docentes p\u00fablicos de la Comunidad Aut\u00f3noma de Andaluc\u00eda fuera del horario escolar.<\/a><\/p>\n<\/div>\n<\/li>\n<li class=\"item item_listado clearfix item\">\n<div class=\"inner-item\">\n<div class=\"wrapper_fecha\">\n<p class=\"fecha\"><span class=\"fecha-dia\">16<\/span>&nbsp;de&nbsp;<span class=\"fecha-mes\">enero<\/span>&nbsp;de&nbsp;<span class=\"fecha-anyo\">2017<\/span><\/p>\n<\/div>\n<p class=\"titulo\"><a title=\"Decreto 6\/2017, de 16 de enero, por el que se regulan los servicios complementarios de aula matinal, comedor escolar y actividades extraescolares, as\u00ed como el uso de las instalaciones de los centros docentes p\u00fablicos de la Comunidad Aut\u00f3noma de Andaluc\u00eda fuera del horario escolar.\" href=\"http:\/\/portals.ced.junta-andalucia.es\/educacion\/portals\/web\/ced\/servicios-complementarios\/-\/normativas\/detalle\/decreto-6-2017-de-16-de-enero-por-el-que-se-regulan-los-servicios-complementarios-de-aula-matinal-comedor-escolar-y\">Decreto 6\/2017, de 16 de enero, por el que se regulan los servicios complementarios de aula matinal, comedor escolar y actividades extraescolares, as\u00ed como el uso de las instalaciones de los centros docentes p\u00fablicos de la Comunidad Aut\u00f3noma de Andaluc\u00eda fuera del horario escolar.<\/a><\/p>\n<\/div>\n<\/li>\n<\/ul>\n<\/div>\n<\/div>\n<\/div>\n<\/div>\n<\/div>\n<\/div>\n<\/div>\n","protected":false},"excerpt":{"rendered":"<p>&nbsp; &nbsp; &nbsp; &nbsp; &nbsp; &nbsp; &nbsp; &nbsp; &nbsp; &nbsp; &nbsp; &nbsp; &nbsp; &nbsp;MENU ESCOLAR CURSO 2023-2024 MEN\u00da COMEDOR ACTUALIZADO&#46;&#46;&#46;<\/p>\n","protected":false},"author":1,"featured_media":2588,"parent":0,"menu_order":0,"comment_status":"closed","ping_status":"open","template":"","meta":{"ngg_post_thumbnail":0,"footnotes":"","_mc_calendar":[]},"aioseo_notices":[],"_links":{"self":[{"href":"https:\/\/blogsaverroes.juntadeandalucia.es\/ceipdivinosalvador\/wp-json\/wp\/v2\/pages\/99"}],"collection":[{"href":"https:\/\/blogsaverroes.juntadeandalucia.es\/ceipdivinosalvador\/wp-json\/wp\/v2\/pages"}],"about":[{"href":"https:\/\/blogsaverroes.juntadeandalucia.es\/ceipdivinosalvador\/wp-json\/wp\/v2\/types\/page"}],"author":[{"embeddable":true,"href":"https:\/\/blogsaverroes.juntadeandalucia.es\/ceipdivinosalvador\/wp-json\/wp\/v2\/users\/1"}],"replies":[{"embeddable":true,"href":"https:\/\/blogsaverroes.juntadeandalucia.es\/ceipdivinosalvador\/wp-json\/wp\/v2\/comments?post=99"}],"version-history":[{"count":22,"href":"https:\/\/blogsaverroes.juntadeandalucia.es\/ceipdivinosalvador\/wp-json\/wp\/v2\/pages\/99\/revisions"}],"predecessor-version":[{"id":2983,"href":"https:\/\/blogsaverroes.juntadeandalucia.es\/ceipdivinosalvador\/wp-json\/wp\/v2\/pages\/99\/revisions\/2983"}],"wp:featuredmedia":[{"embeddable":true,"href":"https:\/\/blogsaverroes.juntadeandalucia.es\/ceipdivinosalvador\/wp-json\/wp\/v2\/media\/2588"}],"wp:attachment":[{"href":"https:\/\/blogsaverroes.juntadeandalucia.es\/ceipdivinosalvador\/wp-json\/wp\/v2\/media?parent=99"}],"curies":[{"name":"wp","href":"https:\/\/api.w.org\/{rel}","templated":true}]}}