{"id":2242,"date":"2017-08-28T00:56:54","date_gmt":"2017-08-28T00:56:54","guid":{"rendered":"http:\/\/blogsaverroes.juntadeandalucia.es\/ceipdocedeoctubre\/?page_id=2242"},"modified":"2024-09-12T21:52:51","modified_gmt":"2024-09-12T21:52:51","slug":"uno","status":"publish","type":"page","link":"https:\/\/blogsaverroes.juntadeandalucia.es\/ceipdocedeoctubre\/uno\/","title":{"rendered":"Historia"},"content":{"rendered":"<p style=\"text-align: center\"><img loading=\"lazy\" decoding=\"async\" class=\"wp-image-2962 alignleft\" src=\"https:\/\/blogsaverroes.juntadeandalucia.es\/ceipdocedeoctubre\/files\/2019\/02\/COLEGIF.gif\" alt=\"\" width=\"336\" height=\"196\"><img loading=\"lazy\" decoding=\"async\" class=\"wp-image-2572 alignleft\" src=\"https:\/\/blogsaverroes.juntadeandalucia.es\/ceipdocedeoctubre\/files\/2018\/02\/cropped-120-2-287x300.png\" alt=\"\" width=\"90\" height=\"94\" srcset=\"https:\/\/blogsaverroes.juntadeandalucia.es\/ceipdocedeoctubre\/files\/2018\/02\/cropped-120-2-287x300.png 287w, https:\/\/blogsaverroes.juntadeandalucia.es\/ceipdocedeoctubre\/files\/2018\/02\/cropped-120-2-24x24.png 24w, https:\/\/blogsaverroes.juntadeandalucia.es\/ceipdocedeoctubre\/files\/2018\/02\/cropped-120-2-34x36.png 34w, https:\/\/blogsaverroes.juntadeandalucia.es\/ceipdocedeoctubre\/files\/2018\/02\/cropped-120-2-46x48.png 46w, https:\/\/blogsaverroes.juntadeandalucia.es\/ceipdocedeoctubre\/files\/2018\/02\/cropped-120-2.png 303w\" sizes=\"(max-width: 90px) 100vw, 90px\" \/><\/p>\n<p style=\"text-align: justify\">El CEIP \u201cDoce de Octubre\u201d con m\u00e1s de cuarenta a\u00f1os de historia fue creado en los a\u00f1os sesenta&nbsp; por la&nbsp;necesidad de escolarizar a los\/as hijos\/as de familias llegadas a la capital por la atracci\u00f3n del empleo en la nueva industria qu\u00edmica, fue el&nbsp;primer colegio de la zona. Fue de los que se denomin\u00f3 tipo PUA.<\/p>\n<p style=\"text-align: justify\">El Centro se ha caracterizado por tener una plantilla estable, que ha dejado de prestar su servicio en el colegio, en la mayor\u00eda de los casos, por jubilaci\u00f3n de los mismos.<\/p>\n<p><span style=\"text-decoration: underline\"><strong>PROFESORADO<\/strong><\/span><\/p>\n<table style=\"width: 83.8679%\">\n<tbody>\n<tr>\n<td style=\"width: 25.9418%;text-align: center\"><a href=\"https:\/\/blogsaverroes.juntadeandalucia.es\/ceipdocedeoctubre\/profesorado\/\"><em><strong>CURSO 2018\/19<\/strong><\/em><\/a><\/td>\n<td style=\"width: 1.62977%;text-align: center\">&nbsp;<\/td>\n<td style=\"width: 23.4674%;text-align: center\"><a href=\"https:\/\/blogsaverroes.juntadeandalucia.es\/ceipdocedeoctubre\/conoce-nuestro-colegio\/profesorado-2019-20\/\"><em><strong>CURSO 2019\/20<\/strong><\/em><\/a><\/td>\n<td style=\"width: 1.81874%\">&nbsp;<\/td>\n<td style=\"width: 22.2648%\"><a href=\"https:\/\/blogsaverroes.juntadeandalucia.es\/ceipdocedeoctubre\/2020\/09\/03\/profesorado-2020-21\/\" target=\"_blank\" rel=\"noopener noreferrer\"><em><strong>CURSO 2020\/21<\/strong><\/em><\/a><\/td>\n<td style=\"width: 1.46548%\"><em><strong>&nbsp;<\/strong><\/em><\/td>\n<td style=\"width: 116.247%;text-align: center\"><a href=\"https:\/\/blogsaverroes.juntadeandalucia.es\/ceipdocedeoctubre\/2021\/09\/02\/profesorado-curso-2021-22\/\" target=\"_blank\" rel=\"noopener noreferrer\"><em><strong>CURSO 2021\/22<\/strong><\/em><\/a><\/td>\n<\/tr>\n<tr>\n<td style=\"width: 25.9418%;text-align: center\"><a href=\"https:\/\/blogsaverroes.juntadeandalucia.es\/ceipdocedeoctubre\/2022\/09\/11\/profesorado-curso-2022-23\/\" target=\"_blank\" rel=\"noopener noreferrer\"><em><strong>CURSO 2022\/23<\/strong><\/em><\/a><\/td>\n<td style=\"width: 1.62977%;text-align: center\">&nbsp;<\/td>\n<td style=\"width: 23.4674%;text-align: center\"><em><strong><a href=\"https:\/\/blogsaverroes.juntadeandalucia.es\/ceipdocedeoctubre\/2023\/09\/18\/profesorado-curso-2023-24\/\" target=\"_blank\" rel=\"noopener\">CURSO 2023\/24<\/a>&nbsp;<\/strong><\/em><\/td>\n<td style=\"width: 1.81874%\">&nbsp;<\/td>\n<td style=\"width: 22.2648%\"><em><strong> CURSO 2024\/25&nbsp;<\/strong><\/em><\/td>\n<td style=\"width: 1.46548%\"><em><strong>&nbsp;<\/strong><\/em><\/td>\n<td style=\"width: 116.247%;text-align: center\"><em><strong>&nbsp;<\/strong><\/em><\/td>\n<\/tr>\n<\/tbody>\n<\/table>\n<table style=\"width: 339.838px\">\n<tbody>\n<tr style=\"height: 118.347px\">\n<td style=\"height: 118.347px;width: 52px\"><img loading=\"lazy\" decoding=\"async\" class=\"aligncenter wp-image-3044\" src=\"https:\/\/blogsaverroes.juntadeandalucia.es\/ceipdocedeoctubre\/files\/2019\/04\/clicka.gif\" alt=\"\" width=\"50\" height=\"41\"><\/p>\n<p>fotos historia<\/td>\n<td style=\"height: 118.347px;width: 282.838px\"><a href=\"https:\/\/photos.app.goo.gl\/WP67EqUKbJFWDQeW9\" target=\"_blank\" rel=\"noopener noreferrer\"><img loading=\"lazy\" decoding=\"async\" class=\"size-medium wp-image-2962 aligncenter\" src=\"https:\/\/blogsaverroes.juntadeandalucia.es\/ceipdocedeoctubre\/files\/2019\/02\/COLEGIF-300x175.gif\" width=\"300\" height=\"175\" srcset=\"https:\/\/blogsaverroes.juntadeandalucia.es\/ceipdocedeoctubre\/files\/2019\/02\/COLEGIF-300x175.gif 300w, https:\/\/blogsaverroes.juntadeandalucia.es\/ceipdocedeoctubre\/files\/2019\/02\/COLEGIF-24x14.gif 24w, https:\/\/blogsaverroes.juntadeandalucia.es\/ceipdocedeoctubre\/files\/2019\/02\/COLEGIF-36x21.gif 36w, https:\/\/blogsaverroes.juntadeandalucia.es\/ceipdocedeoctubre\/files\/2019\/02\/COLEGIF-48x28.gif 48w\" sizes=\"(max-width: 300px) 100vw, 300px\" \/><\/a><\/td>\n<\/tr>\n<\/tbody>\n<\/table>\n<p style=\"text-align: justify\">Durante toda su historia, el centro ha tenido diversas actuaciones que se podr\u00edan clasificar de institucionales, pero se han ido diluyendo con el tiempo, manteniendo una cultura abierta, permeable a los cambios y con flexibilidad para adaptarse a los nuevos retos que marcan la sociedad actual.<\/p>\n<p style=\"text-align: justify\">De aquellos tiempos quedan, las actuaciones navide\u00f1as, la verbena fin de curso, el mercadillo de la feria del libro, competiciones deportivas\u2026<\/p>\n<p style=\"text-align: justify\">As\u00ed en el curso 2009\/10 se inaugura el nuevo edificio, donde nos encontramos actualmente.<\/p>\n<p style=\"text-align: justify\"><img loading=\"lazy\" decoding=\"async\" class=\" wp-image-2964 alignleft\" src=\"https:\/\/blogsaverroes.juntadeandalucia.es\/ceipdocedeoctubre\/files\/2017\/08\/COLENUEVO-300x225.jpg\" alt=\"\" width=\"227\" height=\"170\" srcset=\"https:\/\/blogsaverroes.juntadeandalucia.es\/ceipdocedeoctubre\/files\/2017\/08\/COLENUEVO-300x225.jpg 300w, https:\/\/blogsaverroes.juntadeandalucia.es\/ceipdocedeoctubre\/files\/2017\/08\/COLENUEVO-768x576.jpg 768w, https:\/\/blogsaverroes.juntadeandalucia.es\/ceipdocedeoctubre\/files\/2017\/08\/COLENUEVO-1024x768.jpg 1024w, https:\/\/blogsaverroes.juntadeandalucia.es\/ceipdocedeoctubre\/files\/2017\/08\/COLENUEVO-24x18.jpg 24w, https:\/\/blogsaverroes.juntadeandalucia.es\/ceipdocedeoctubre\/files\/2017\/08\/COLENUEVO-36x27.jpg 36w, https:\/\/blogsaverroes.juntadeandalucia.es\/ceipdocedeoctubre\/files\/2017\/08\/COLENUEVO-48x36.jpg 48w, https:\/\/blogsaverroes.juntadeandalucia.es\/ceipdocedeoctubre\/files\/2017\/08\/COLENUEVO.jpg 1400w\" sizes=\"(max-width: 227px) 100vw, 227px\" \/><\/p>\n<p style=\"text-align: justify\">El nuevo centro est\u00e1 construido en la misma parcela que el anterior, contando con un gran recinto vallado al que se accede por dos calles sin salida, una en su cara frontal y otra en la posterior. El centro consta de tres edificios: el edificio de aulas, el gimnasio y la casa del portero, en la zona central se encuentra un amplio espacio ocupado por las pistas de deporte y una zona de tierra. El alumnado de infantil tiene su propio patio de&nbsp; recreo al que se accede desde sus aulas.<\/p>\n<p style=\"text-align: justify\">El edificio de aulas consta de dos plantas y est\u00e1 concebido para albergar dos l\u00edneas desde infantil de tres a\u00f1os hasta sexto de primaria, las aulas de infantil, se sit\u00faan en la planta baja del edificio y las de primaria en la segunda planta.<\/p>\n<p><img loading=\"lazy\" decoding=\"async\" class=\"wp-image-2786 alignleft\" style=\"text-align: justify\" src=\"https:\/\/blogsaverroes.juntadeandalucia.es\/ceipdocedeoctubre\/files\/2019\/02\/logo12-O.png\" alt=\"\" width=\"121\" height=\"127\" srcset=\"https:\/\/blogsaverroes.juntadeandalucia.es\/ceipdocedeoctubre\/files\/2019\/02\/logo12-O.png 538w, https:\/\/blogsaverroes.juntadeandalucia.es\/ceipdocedeoctubre\/files\/2019\/02\/logo12-O-287x300.png 287w, https:\/\/blogsaverroes.juntadeandalucia.es\/ceipdocedeoctubre\/files\/2019\/02\/logo12-O-24x24.png 24w, https:\/\/blogsaverroes.juntadeandalucia.es\/ceipdocedeoctubre\/files\/2019\/02\/logo12-O-34x36.png 34w, https:\/\/blogsaverroes.juntadeandalucia.es\/ceipdocedeoctubre\/files\/2019\/02\/logo12-O-46x48.png 46w\" sizes=\"(max-width: 121px) 100vw, 121px\" \/><\/p>\n<p>&nbsp;<\/p>\n<p style=\"text-align: justify\">En el momento actual continuamos apostando por la educaci\u00f3n integr<span style=\"text-align: justify\">al de todo nuestro alumnado, adapt\u00e1ndonos a las nuevas metodolog\u00edas que nos impulsan los nuevos tiempos y compartiendo todo nuestro empe\u00f1o con la Comunidad Educativa que forma el C.E.I.P Doce de Octubre.<\/span><\/p>\n<p>&nbsp;<\/p>\n","protected":false},"excerpt":{"rendered":"<p>El CEIP \u201cDoce de Octubre\u201d con m\u00e1s de cuarenta a\u00f1os de historia fue creado en los a\u00f1os sesenta&nbsp; por la&nbsp;necesidad&#46;&#46;&#46;<\/p>\n","protected":false},"author":4236,"featured_media":0,"parent":0,"menu_order":0,"comment_status":"closed","ping_status":"closed","template":"","meta":{"ngg_post_thumbnail":0,"footnotes":"","_mc_calendar":[]},"aioseo_notices":[],"_links":{"self":[{"href":"https:\/\/blogsaverroes.juntadeandalucia.es\/ceipdocedeoctubre\/wp-json\/wp\/v2\/pages\/2242"}],"collection":[{"href":"https:\/\/blogsaverroes.juntadeandalucia.es\/ceipdocedeoctubre\/wp-json\/wp\/v2\/pages"}],"about":[{"href":"https:\/\/blogsaverroes.juntadeandalucia.es\/ceipdocedeoctubre\/wp-json\/wp\/v2\/types\/page"}],"author":[{"embeddable":true,"href":"https:\/\/blogsaverroes.juntadeandalucia.es\/ceipdocedeoctubre\/wp-json\/wp\/v2\/users\/4236"}],"replies":[{"embeddable":true,"href":"https:\/\/blogsaverroes.juntadeandalucia.es\/ceipdocedeoctubre\/wp-json\/wp\/v2\/comments?post=2242"}],"version-history":[{"count":31,"href":"https:\/\/blogsaverroes.juntadeandalucia.es\/ceipdocedeoctubre\/wp-json\/wp\/v2\/pages\/2242\/revisions"}],"predecessor-version":[{"id":7475,"href":"https:\/\/blogsaverroes.juntadeandalucia.es\/ceipdocedeoctubre\/wp-json\/wp\/v2\/pages\/2242\/revisions\/7475"}],"wp:attachment":[{"href":"https:\/\/blogsaverroes.juntadeandalucia.es\/ceipdocedeoctubre\/wp-json\/wp\/v2\/media?parent=2242"}],"curies":[{"name":"wp","href":"https:\/\/api.w.org\/{rel}","templated":true}]}}