{"id":2295,"date":"2017-08-28T04:38:25","date_gmt":"2017-08-28T04:38:25","guid":{"rendered":"http:\/\/blogsaverroes.juntadeandalucia.es\/ceipdocedeoctubre\/?page_id=2295"},"modified":"2019-04-25T14:49:59","modified_gmt":"2019-04-25T14:49:59","slug":"contacto","status":"publish","type":"page","link":"https:\/\/blogsaverroes.juntadeandalucia.es\/ceipdocedeoctubre\/contacto\/","title":{"rendered":"Contacto"},"content":{"rendered":"<p><strong><span style=\"text-decoration: underline\"><span style=\"color: #008000;text-decoration: underline\">C\u00d3DIGO <\/span><span style=\"color: #008000;text-decoration: underline\">:<\/span><\/span>&nbsp;&nbsp;<\/strong><span style=\"color: #993300;background-color: #ffffff\"><em><strong>21001399<\/strong><\/em><\/span><\/p>\n<p><span style=\"color: #008000\"><strong style=\"font-family: verdana, geneva, sans-serif\"><small><big><small><big><span style=\"text-decoration: underline\">HORARIO<\/span>:<\/big><\/small><\/big><\/small><\/strong><\/span><\/p>\n<p><strong><span style=\"color: #0000ff\">SECRETARIA:<\/span><\/strong>&nbsp;<\/p>\n<p>Lunes a viernes de 09:30 h.&nbsp; a 11:30 h. de la ma\u00f1ana.<\/p>\n<p><span style=\"color: #0000ff\"><strong>DIRECCI\u00d3N:<\/strong><\/span>&nbsp;<\/p>\n<p>Lunes a viernes de 10:00 h. a 11:00 h. de la ma\u00f1ana.<\/p>\n<p><strong><span style=\"color: #0000ff\">JEFATURA DE ESTUDIOS:<\/span><\/strong>&nbsp;<\/p>\n<p>Lunes a viernes de 09:15 h.&nbsp; a 09:45 h. de la ma\u00f1ana.<\/p>\n<p><strong><span style=\"color: #0000ff\">HORARIO LECTIVO:<\/span><\/strong>&nbsp;<\/p>\n<p>Lunes a viernes de 09:00 h. de la ma\u00f1ana a 14:00 h. de la tarde.<\/p>\n<p><strong><span style=\"color: #0000ff\">HORARIO NO LECTIVO:<\/span><\/strong>&nbsp;<\/p>\n<p>Lunes de 16:00 h. a 19:00 h. de la tarde.<\/p>\n<p>Martes de 14.00 h. a 15.00 h. de la tarde.<\/p>\n<p><span style=\"color: #0000ff\"><strong>TUTOR\u00cdAS:<\/strong><\/span><\/p>\n<p>Todos los lunes de 18:00 h. a 19:00 h.<\/p>\n<p>&nbsp;<\/p>\n<p><span style=\"text-decoration: underline\"><span style=\"color: #008000\"><strong>TEL\u00c9FONOS DE CONTACTO:<\/strong><\/span><\/span><\/p>\n<p><strong><span style=\"color: #0000ff\">SECRETAR\u00cdA:<\/span><\/strong>&nbsp;959 524 645 \/&nbsp;959 524 644<\/p>\n<p><span style=\"color: #0000ff\"><strong>CORPORATIVO:<\/strong><\/span> 959 290 645<\/p>\n<p style=\"text-align: justify\"><span style=\"font-family: verdana, geneva, sans-serif\"><span style=\"color: #0000ff\"><strong>FAX<\/strong>:<\/span> 959 524 645 &nbsp;<\/span><\/p>\n<p>&nbsp;<\/p>\n<p style=\"text-align: justify\"><span style=\"text-decoration: underline\"><span style=\"color: #008000;font-family: verdana, geneva, sans-serif\"><strong>CORREO ELECTR\u00d3NICO:&nbsp;<\/strong><\/span><\/span><\/p>\n<p><span style=\"color: #008000;font-family: verdana, geneva, sans-serif\"><a style=\"text-align: justify;color: #333333\">21001399.edu@juntadeandalucia.es<\/a><\/span><\/p>\n<p>&nbsp;<\/p>\n<p><span style=\"color: #008000;font-family: verdana, geneva, sans-serif\"><strong><small><big><small><big><span style=\"text-decoration: underline\">DIRECCI\u00d3N:<\/span>&nbsp;<\/big><\/small><\/big><\/small><\/strong><\/span><\/p>\n<p style=\"text-align: justify\"><span style=\"font-family: verdana, geneva, sans-serif\">C\/ Aspapronias s\/n<\/span><\/p>\n<p style=\"text-align: justify\"><span style=\"font-family: verdana, geneva, sans-serif\">Pol\u00edgono San Sebasti\u00e1n<\/span><br \/>\n<span style=\"font-family: verdana, geneva, sans-serif\"> 21006 Huelva<\/span><br \/>\n<span style=\"font-family: verdana, geneva, sans-serif\"> Huelva<\/span><\/p>\n<p style=\"text-align: justify\">&nbsp;<\/p>\n<p style=\"text-align: center\"><div id=\"wpgmza_map\" class=\"wpgmza_map\" data-settings='{\"id\":\"1\",\"map_title\":\"My first map\",\"map_width\":\"100\",\"map_height\":\"400\",\"map_start_lat\":\"37.264629\",\"map_start_lng\":\"-6.938116\",\"map_start_location\":\"37.26462878320612,-6.9381163058744795\",\"map_start_zoom\":\"17\",\"default_marker\":\"0\",\"type\":\"1\",\"alignment\":\"2\",\"directions_enabled\":\"1\",\"styling_enabled\":\"0\",\"styling_json\":\"\",\"active\":\"0\",\"kml\":\"\",\"bicycle\":\"1\",\"traffic\":\"0\",\"dbox\":\"1\",\"dbox_width\":\"100\",\"listmarkers\":\"0\",\"listmarkers_advanced\":\"0\",\"filterbycat\":\"0\",\"ugm_enabled\":\"0\",\"ugm_category_enabled\":\"0\",\"fusion\":\"\",\"map_width_type\":\"\\\\%\",\"map_height_type\":\"px\",\"mass_marker_support\":\"1\",\"ugm_access\":\"0\",\"order_markers_by\":\"1\",\"order_markers_choice\":\"2\",\"show_user_location\":\"0\",\"default_to\":\"\",\"other_settings\":{\"store_locator_enabled\":2,\"store_locator_distance\":2,\"store_locator_default_radius\":\"10\",\"store_locator_not_found_message\":\"No results found in this location. Please try again.\",\"store_locator_bounce\":1,\"store_locator_query_string\":\"ZIP \\\/ C\\u00f3digo Postal \\\/ Direcci\\u00f3n\",\"store_locator_default_address\":\"\",\"wpgmza_store_locator_restrict\":\"\",\"map_max_zoom\":\"1\",\"transport_layer\":1,\"wpgmza_theme_data\":\"\",\"wpgmza_show_points_of_interest\":1}}' data-map-id='1' Data-maps-engine='' data-shortcode-attributes='{\"id\":\"1\"}' style=\"display:block; overflow:auto; width:100%; height:400px; float:left;\"><\/div><\/p>\n","protected":false},"excerpt":{"rendered":"<p>C\u00d3DIGO :&nbsp;&nbsp;21001399 HORARIO: SECRETARIA:&nbsp; Lunes a viernes de 09:30 h.&nbsp; a 11:30 h. de la ma\u00f1ana. DIRECCI\u00d3N:&nbsp; Lunes a viernes&#46;&#46;&#46;<\/p>\n","protected":false},"author":4236,"featured_media":0,"parent":0,"menu_order":0,"comment_status":"closed","ping_status":"closed","template":"","meta":{"ngg_post_thumbnail":0,"footnotes":"","_mc_calendar":[]},"aioseo_notices":[],"_links":{"self":[{"href":"https:\/\/blogsaverroes.juntadeandalucia.es\/ceipdocedeoctubre\/wp-json\/wp\/v2\/pages\/2295"}],"collection":[{"href":"https:\/\/blogsaverroes.juntadeandalucia.es\/ceipdocedeoctubre\/wp-json\/wp\/v2\/pages"}],"about":[{"href":"https:\/\/blogsaverroes.juntadeandalucia.es\/ceipdocedeoctubre\/wp-json\/wp\/v2\/types\/page"}],"author":[{"embeddable":true,"href":"https:\/\/blogsaverroes.juntadeandalucia.es\/ceipdocedeoctubre\/wp-json\/wp\/v2\/users\/4236"}],"replies":[{"embeddable":true,"href":"https:\/\/blogsaverroes.juntadeandalucia.es\/ceipdocedeoctubre\/wp-json\/wp\/v2\/comments?post=2295"}],"version-history":[{"count":12,"href":"https:\/\/blogsaverroes.juntadeandalucia.es\/ceipdocedeoctubre\/wp-json\/wp\/v2\/pages\/2295\/revisions"}],"predecessor-version":[{"id":3053,"href":"https:\/\/blogsaverroes.juntadeandalucia.es\/ceipdocedeoctubre\/wp-json\/wp\/v2\/pages\/2295\/revisions\/3053"}],"wp:attachment":[{"href":"https:\/\/blogsaverroes.juntadeandalucia.es\/ceipdocedeoctubre\/wp-json\/wp\/v2\/media?parent=2295"}],"curies":[{"name":"wp","href":"https:\/\/api.w.org\/{rel}","templated":true}]}}