{"id":2614,"date":"2019-02-25T18:56:30","date_gmt":"2019-02-25T18:56:30","guid":{"rendered":"https:\/\/blogsaverroes.juntadeandalucia.es\/ceipdocedeoctubre\/?page_id=2614"},"modified":"2019-02-25T18:56:30","modified_gmt":"2019-02-25T18:56:30","slug":"finalidades-del-centro","status":"publish","type":"page","link":"https:\/\/blogsaverroes.juntadeandalucia.es\/ceipdocedeoctubre\/finalidades-del-centro\/","title":{"rendered":"Finalidades del Centro"},"content":{"rendered":"<p>En nuestro Centro se asume que los principios de la educaci\u00f3n ser\u00e1n la transmisi\u00f3n de valores que favorezcan la libertad, la responsabilidad, la ciudadan\u00eda democr\u00e1tica, la solidaridad, la tolerancia, la igualdad, el respeto y la justicia, que constituyen la base de la vida en com\u00fan.<\/p>\n<p>Los fines de la educaci\u00f3n en nuestro centro ser\u00e1n:<\/p>\n<ul>\n<li>Desarrollo de la personalidad y de las capacidades del alumno.<\/li>\n<li>Formaci\u00f3n en el respeto de los derechos y libertades fundamentales y de la igualdad efectiva de oportunidades entre los hombres y mujeres.<\/li>\n<li>Ejercicio de la tolerancia y de la libertad, dentro de los principios democr\u00e1ticos de convivencia y la prevenci\u00f3n de conflictos y la resoluci\u00f3n pac\u00edfica de los mismos.<\/li>\n<li>Preparaci\u00f3n del alumnado para el ejercicio de la ciudadan\u00eda y para la participaci\u00f3n en la vida con actitud cr\u00edtica y responsable.<\/li>\n<\/ul>\n<p>Creemos en una educaci\u00f3n completa, que abarque los conocimientos y las competencias b\u00e1sicas que resultan necesarias en la sociedad actual, que les permita desarrollar los valores que sustentan la pr\u00e1ctica de la ciudadan\u00eda democr\u00e1tica, la vida en com\u00fan y la cohesi\u00f3n social.<\/p>\n<p>En el Centro se respetar\u00e1n los Principios del Sistema Educativo Andaluz:<\/p>\n<ul>\n<li>Formaci\u00f3n integral del alumnado.<\/li>\n<li>Equidad del sistema educativo.<\/li>\n<li>Mejora permanente del sistema educativo. Innovaci\u00f3n, modernizaci\u00f3n y evaluaci\u00f3n.<\/li>\n<li>Respeto en el trato al alumnado, a su idiosincrasia y a la diversidad de sus capacidades.<\/li>\n<li>Promoci\u00f3n de la igualdad efectiva entre hombres y mujeres.<\/li>\n<li>Convivencia y respeto a la diversidad.<\/li>\n<li>Reconocimiento del pluralismo y de la diversidad cultural, como factor de cohesi\u00f3n.<\/li>\n<\/ul>\n<p>Autonom\u00eda, participaci\u00f3n, responsabilidad y control social e institucional, como elemento determinante del funcionamiento y la gesti\u00f3n de los centros docentes.<\/p>\n<p><img loading=\"lazy\" decoding=\"async\" class=\"aligncenter wp-image-2615 size-full\" src=\"https:\/\/blogsaverroes.juntadeandalucia.es\/ceipdocedeoctubre\/files\/2019\/02\/123397487@N05_r.jpg\" alt=\"\" width=\"300\" height=\"300\" srcset=\"https:\/\/blogsaverroes.juntadeandalucia.es\/ceipdocedeoctubre\/files\/2019\/02\/123397487@N05_r.jpg 300w, https:\/\/blogsaverroes.juntadeandalucia.es\/ceipdocedeoctubre\/files\/2019\/02\/123397487@N05_r-150x150.jpg 150w, https:\/\/blogsaverroes.juntadeandalucia.es\/ceipdocedeoctubre\/files\/2019\/02\/123397487@N05_r-100x100.jpg 100w, https:\/\/blogsaverroes.juntadeandalucia.es\/ceipdocedeoctubre\/files\/2019\/02\/123397487@N05_r-24x24.jpg 24w, https:\/\/blogsaverroes.juntadeandalucia.es\/ceipdocedeoctubre\/files\/2019\/02\/123397487@N05_r-36x36.jpg 36w, https:\/\/blogsaverroes.juntadeandalucia.es\/ceipdocedeoctubre\/files\/2019\/02\/123397487@N05_r-48x48.jpg 48w\" sizes=\"(max-width: 300px) 100vw, 300px\" \/><\/p>\n","protected":false},"excerpt":{"rendered":"<p>En nuestro Centro se asume que los principios de la educaci\u00f3n ser\u00e1n la transmisi\u00f3n de valores que favorezcan la libertad,&#46;&#46;&#46;<\/p>\n","protected":false},"author":4236,"featured_media":0,"parent":0,"menu_order":0,"comment_status":"closed","ping_status":"closed","template":"","meta":{"ngg_post_thumbnail":0,"footnotes":"","_mc_calendar":[]},"aioseo_notices":[],"_links":{"self":[{"href":"https:\/\/blogsaverroes.juntadeandalucia.es\/ceipdocedeoctubre\/wp-json\/wp\/v2\/pages\/2614"}],"collection":[{"href":"https:\/\/blogsaverroes.juntadeandalucia.es\/ceipdocedeoctubre\/wp-json\/wp\/v2\/pages"}],"about":[{"href":"https:\/\/blogsaverroes.juntadeandalucia.es\/ceipdocedeoctubre\/wp-json\/wp\/v2\/types\/page"}],"author":[{"embeddable":true,"href":"https:\/\/blogsaverroes.juntadeandalucia.es\/ceipdocedeoctubre\/wp-json\/wp\/v2\/users\/4236"}],"replies":[{"embeddable":true,"href":"https:\/\/blogsaverroes.juntadeandalucia.es\/ceipdocedeoctubre\/wp-json\/wp\/v2\/comments?post=2614"}],"version-history":[{"count":1,"href":"https:\/\/blogsaverroes.juntadeandalucia.es\/ceipdocedeoctubre\/wp-json\/wp\/v2\/pages\/2614\/revisions"}],"predecessor-version":[{"id":2616,"href":"https:\/\/blogsaverroes.juntadeandalucia.es\/ceipdocedeoctubre\/wp-json\/wp\/v2\/pages\/2614\/revisions\/2616"}],"wp:attachment":[{"href":"https:\/\/blogsaverroes.juntadeandalucia.es\/ceipdocedeoctubre\/wp-json\/wp\/v2\/media?parent=2614"}],"curies":[{"name":"wp","href":"https:\/\/api.w.org\/{rel}","templated":true}]}}