{"id":2688,"date":"2019-03-07T15:03:44","date_gmt":"2019-03-07T15:03:44","guid":{"rendered":"https:\/\/blogsaverroes.juntadeandalucia.es\/ceipdocedeoctubre\/?page_id=2688"},"modified":"2024-09-12T22:03:35","modified_gmt":"2024-09-12T22:03:35","slug":"consejo-escolar","status":"publish","type":"page","link":"https:\/\/blogsaverroes.juntadeandalucia.es\/ceipdocedeoctubre\/consejo-escolar\/","title":{"rendered":"Consejo Escolar"},"content":{"rendered":"<h2 style=\"text-align: center\"><strong><a href=\"https:\/\/blogsaverroes.juntadeandalucia.es\/ceipdocedeoctubre\/files\/2022\/12\/juntaconsejeriadesarrolloeducativo.png\"><img loading=\"lazy\" decoding=\"async\" class=\"wp-image-6089 alignright\" src=\"https:\/\/blogsaverroes.juntadeandalucia.es\/ceipdocedeoctubre\/files\/2022\/12\/juntaconsejeriadesarrolloeducativo.png\" alt=\"\" width=\"330\" height=\"76\" srcset=\"https:\/\/blogsaverroes.juntadeandalucia.es\/ceipdocedeoctubre\/files\/2022\/12\/juntaconsejeriadesarrolloeducativo.png 972w, https:\/\/blogsaverroes.juntadeandalucia.es\/ceipdocedeoctubre\/files\/2022\/12\/juntaconsejeriadesarrolloeducativo-300x69.png 300w, https:\/\/blogsaverroes.juntadeandalucia.es\/ceipdocedeoctubre\/files\/2022\/12\/juntaconsejeriadesarrolloeducativo-768x177.png 768w\" sizes=\"(max-width: 330px) 100vw, 330px\" \/><\/a>PROCLAMACI\u00d3N DE REPRESENTANTES ELECTOS CONSEJO ESCOLAR 2022<\/strong><\/h2>\n<h4 style=\"text-align: center\"><strong>&nbsp;<\/strong><strong>MIEMBROS DEL CONSEJO ESCOLAR (2022\/2023 Y 2023\/2024)<\/strong><\/h4>\n<table style=\"height: 802px;width: 100%;border-collapse: collapse;border-style: solid\">\n<tbody>\n<tr>\n<td style=\"width: 20.315%\">\n<h3 style=\"text-align: center\"><span style=\"font-family: tahoma, arial, helvetica, sans-serif;color: #ff6600\"><strong>REPRESENTANTES<\/strong><\/span><\/h3>\n<\/td>\n<td style=\"width: 0.829187%\">&nbsp;<\/td>\n<td style=\"width: 30.9288%\">\n<h3 style=\"text-align: center\"><span style=\"font-family: tahoma, arial, helvetica, sans-serif;color: #ff6600\"><strong>COMISIONES<\/strong><\/span><\/h3>\n<\/td>\n<\/tr>\n<tr style=\"height: 191px\">\n<td style=\"width: 20.315%;height: 191px\">\n<p style=\"text-align: left\"><strong><u>Equipo Directivo<\/u><\/strong><\/p>\n<ul style=\"text-align: left\">\n<li>Jos\u00e9 Jaramillo Ramos (Director): Presidente<\/li>\n<li>Mar\u00eda Antonia Cintado Fern\u00e1ndez (Secretaria): Secretaria. Con voz pero sin voto<\/li>\n<li>M\u00aa de la Cinta Mendoza&nbsp; Romero (Jefa de Estudios)<\/li>\n<\/ul>\n<\/td>\n<td style=\"width: 0.829187%;height: 191px;text-align: left\">&nbsp;<\/td>\n<td style=\"width: 30.9288%;height: 191px;text-align: left\"><a href=\"https:\/\/blogsaverroes.juntadeandalucia.es\/ceipdocedeoctubre\/files\/2023\/02\/cecomisionpermante.png\"><img loading=\"lazy\" decoding=\"async\" class=\"aligncenter size-full wp-image-6140\" src=\"https:\/\/blogsaverroes.juntadeandalucia.es\/ceipdocedeoctubre\/files\/2023\/02\/cecomisionpermante.png\" alt=\"\" width=\"1398\" height=\"465\" srcset=\"https:\/\/blogsaverroes.juntadeandalucia.es\/ceipdocedeoctubre\/files\/2023\/02\/cecomisionpermante.png 1398w, https:\/\/blogsaverroes.juntadeandalucia.es\/ceipdocedeoctubre\/files\/2023\/02\/cecomisionpermante-300x100.png 300w, https:\/\/blogsaverroes.juntadeandalucia.es\/ceipdocedeoctubre\/files\/2023\/02\/cecomisionpermante-1024x341.png 1024w, https:\/\/blogsaverroes.juntadeandalucia.es\/ceipdocedeoctubre\/files\/2023\/02\/cecomisionpermante-768x255.png 768w\" sizes=\"(max-width: 1398px) 100vw, 1398px\" \/><\/a><\/td>\n<\/tr>\n<tr style=\"height: 263px\">\n<td style=\"width: 20.315%;height: 263px\">\n<p style=\"text-align: left\"><strong style=\"font-family: inherit;font-size: inherit\"><u>Maestros\/as<\/u><\/strong><\/p>\n<ul>\n<li style=\"text-align: left\">Ver\u00f3nica Antu\u00f1a Iglesias &nbsp;&nbsp;&nbsp;<\/li>\n<li style=\"text-align: left\">Sergio Armario Poyato &nbsp;&nbsp;&nbsp;&nbsp;&nbsp;<\/li>\n<li style=\"text-align: left\">Elena Cinta Mancha Bada<\/li>\n<li style=\"text-align: left\">Josefa Mesa Fern\u00e1ndez<\/li>\n<li style=\"text-align: left\">M\u00aa Fernanda Peral Guinea<\/li>\n<li style=\"text-align: left\">Juana Mar\u00eda Peri\u00e1nez Cort\u00e9s<\/li>\n<li style=\"text-align: left\">Eva Mar\u00eda V\u00e1zquez Fern\u00e1ndez<\/li>\n<\/ul>\n<\/td>\n<td style=\"width: 0.829187%;height: 263px\">&nbsp;<\/td>\n<td style=\"width: 30.9288%;height: 263px\"><a href=\"https:\/\/blogsaverroes.juntadeandalucia.es\/ceipdocedeoctubre\/files\/2023\/02\/ceconvivencia.png\"><img loading=\"lazy\" decoding=\"async\" class=\"aligncenter size-full wp-image-6141\" src=\"https:\/\/blogsaverroes.juntadeandalucia.es\/ceipdocedeoctubre\/files\/2023\/02\/ceconvivencia.png\" alt=\"\" width=\"1405\" height=\"709\" srcset=\"https:\/\/blogsaverroes.juntadeandalucia.es\/ceipdocedeoctubre\/files\/2023\/02\/ceconvivencia.png 1405w, https:\/\/blogsaverroes.juntadeandalucia.es\/ceipdocedeoctubre\/files\/2023\/02\/ceconvivencia-300x151.png 300w, https:\/\/blogsaverroes.juntadeandalucia.es\/ceipdocedeoctubre\/files\/2023\/02\/ceconvivencia-1024x517.png 1024w, https:\/\/blogsaverroes.juntadeandalucia.es\/ceipdocedeoctubre\/files\/2023\/02\/ceconvivencia-768x388.png 768w\" sizes=\"(max-width: 1405px) 100vw, 1405px\" \/><\/a><\/td>\n<\/tr>\n<tr style=\"height: 207px\">\n<td style=\"width: 20.315%;height: 207px\"><strong><u>Padres\/Madres\/Representantes legales<\/u><\/strong><\/p>\n<ul>\n<li style=\"text-align: left\">Rosa M\u00aa Aranda Louvier<\/li>\n<li style=\"text-align: left\">V\u00edctor Dantas Espadas<\/li>\n<li style=\"text-align: left\">Carmen M\u00aa Pedraza Garc\u00eda<\/li>\n<li style=\"text-align: left\">Ver\u00f3nica Ortiz M\u00e1rquez<\/li>\n<\/ul>\n<p style=\"text-align: left\">&nbsp; &nbsp;En este sector quedan cinco vacantes desiertas.<\/p>\n<\/td>\n<td style=\"width: 0.829187%;height: 207px\">&nbsp;<\/td>\n<td style=\"width: 30.9288%;height: 207px\"><a href=\"https:\/\/blogsaverroes.juntadeandalucia.es\/ceipdocedeoctubre\/files\/2023\/02\/cesaludriesgos.png\"><img loading=\"lazy\" decoding=\"async\" class=\"aligncenter size-full wp-image-6137\" src=\"https:\/\/blogsaverroes.juntadeandalucia.es\/ceipdocedeoctubre\/files\/2023\/02\/cesaludriesgos.png\" alt=\"\" width=\"1392\" height=\"497\" srcset=\"https:\/\/blogsaverroes.juntadeandalucia.es\/ceipdocedeoctubre\/files\/2023\/02\/cesaludriesgos.png 1392w, https:\/\/blogsaverroes.juntadeandalucia.es\/ceipdocedeoctubre\/files\/2023\/02\/cesaludriesgos-300x107.png 300w, https:\/\/blogsaverroes.juntadeandalucia.es\/ceipdocedeoctubre\/files\/2023\/02\/cesaludriesgos-1024x366.png 1024w, https:\/\/blogsaverroes.juntadeandalucia.es\/ceipdocedeoctubre\/files\/2023\/02\/cesaludriesgos-768x274.png 768w\" sizes=\"(max-width: 1392px) 100vw, 1392px\" \/><\/a><\/td>\n<\/tr>\n<tr style=\"height: 95px\">\n<td style=\"width: 20.315%;height: 95px;text-align: left\"><strong><u>Personal de Administraci\u00f3n y Servicios<\/u><\/strong><\/p>\n<ul>\n<li>David Benitez Cobos<\/li>\n<\/ul>\n<\/td>\n<td style=\"width: 0.829187%;height: 95px\">&nbsp;<\/td>\n<td style=\"width: 30.9288%;height: 95px\"><a href=\"https:\/\/blogsaverroes.juntadeandalucia.es\/ceipdocedeoctubre\/files\/2023\/02\/ceevaluacion.png\"><img loading=\"lazy\" decoding=\"async\" class=\"aligncenter size-full wp-image-6138\" src=\"https:\/\/blogsaverroes.juntadeandalucia.es\/ceipdocedeoctubre\/files\/2023\/02\/ceevaluacion.png\" alt=\"\" width=\"1387\" height=\"496\" srcset=\"https:\/\/blogsaverroes.juntadeandalucia.es\/ceipdocedeoctubre\/files\/2023\/02\/ceevaluacion.png 1387w, https:\/\/blogsaverroes.juntadeandalucia.es\/ceipdocedeoctubre\/files\/2023\/02\/ceevaluacion-300x107.png 300w, https:\/\/blogsaverroes.juntadeandalucia.es\/ceipdocedeoctubre\/files\/2023\/02\/ceevaluacion-1024x366.png 1024w, https:\/\/blogsaverroes.juntadeandalucia.es\/ceipdocedeoctubre\/files\/2023\/02\/ceevaluacion-768x275.png 768w\" sizes=\"(max-width: 1387px) 100vw, 1387px\" \/><\/a><\/td>\n<\/tr>\n<tr style=\"height: 23px\">\n<td style=\"width: 20.315%;height: 23px;text-align: left\">\n<p style=\"text-align: left\"><strong><u>Representante del Ayuntamiento<\/u><\/strong><\/p>\n<ul>\n<li style=\"text-align: left\">Natalia Paj\u00f3n Arenas<\/li>\n<\/ul>\n<\/td>\n<td style=\"width: 0.829187%;height: 23px\">&nbsp;<\/td>\n<td style=\"width: 30.9288%;height: 23px\"><a href=\"https:\/\/blogsaverroes.juntadeandalucia.es\/ceipdocedeoctubre\/files\/2023\/02\/cegratuidadlibros.png\"><img loading=\"lazy\" decoding=\"async\" class=\"aligncenter size-full wp-image-6139\" src=\"https:\/\/blogsaverroes.juntadeandalucia.es\/ceipdocedeoctubre\/files\/2023\/02\/cegratuidadlibros.png\" alt=\"\" width=\"1381\" height=\"496\" srcset=\"https:\/\/blogsaverroes.juntadeandalucia.es\/ceipdocedeoctubre\/files\/2023\/02\/cegratuidadlibros.png 1381w, https:\/\/blogsaverroes.juntadeandalucia.es\/ceipdocedeoctubre\/files\/2023\/02\/cegratuidadlibros-300x108.png 300w, https:\/\/blogsaverroes.juntadeandalucia.es\/ceipdocedeoctubre\/files\/2023\/02\/cegratuidadlibros-1024x368.png 1024w, https:\/\/blogsaverroes.juntadeandalucia.es\/ceipdocedeoctubre\/files\/2023\/02\/cegratuidadlibros-768x276.png 768w\" sizes=\"(max-width: 1381px) 100vw, 1381px\" \/><\/a><\/td>\n<\/tr>\n<\/tbody>\n<\/table>\n<p><strong>&nbsp;<\/strong><\/p>\n","protected":false},"excerpt":{"rendered":"<p>PROCLAMACI\u00d3N DE REPRESENTANTES ELECTOS CONSEJO ESCOLAR 2022 &nbsp;MIEMBROS DEL CONSEJO ESCOLAR (2022\/2023 Y 2023\/2024) REPRESENTANTES &nbsp; COMISIONES Equipo Directivo Jos\u00e9&#46;&#46;&#46;<\/p>\n","protected":false},"author":4236,"featured_media":0,"parent":0,"menu_order":0,"comment_status":"closed","ping_status":"closed","template":"","meta":{"ngg_post_thumbnail":0,"footnotes":"","_mc_calendar":[]},"aioseo_notices":[],"_links":{"self":[{"href":"https:\/\/blogsaverroes.juntadeandalucia.es\/ceipdocedeoctubre\/wp-json\/wp\/v2\/pages\/2688"}],"collection":[{"href":"https:\/\/blogsaverroes.juntadeandalucia.es\/ceipdocedeoctubre\/wp-json\/wp\/v2\/pages"}],"about":[{"href":"https:\/\/blogsaverroes.juntadeandalucia.es\/ceipdocedeoctubre\/wp-json\/wp\/v2\/types\/page"}],"author":[{"embeddable":true,"href":"https:\/\/blogsaverroes.juntadeandalucia.es\/ceipdocedeoctubre\/wp-json\/wp\/v2\/users\/4236"}],"replies":[{"embeddable":true,"href":"https:\/\/blogsaverroes.juntadeandalucia.es\/ceipdocedeoctubre\/wp-json\/wp\/v2\/comments?post=2688"}],"version-history":[{"count":33,"href":"https:\/\/blogsaverroes.juntadeandalucia.es\/ceipdocedeoctubre\/wp-json\/wp\/v2\/pages\/2688\/revisions"}],"predecessor-version":[{"id":7480,"href":"https:\/\/blogsaverroes.juntadeandalucia.es\/ceipdocedeoctubre\/wp-json\/wp\/v2\/pages\/2688\/revisions\/7480"}],"wp:attachment":[{"href":"https:\/\/blogsaverroes.juntadeandalucia.es\/ceipdocedeoctubre\/wp-json\/wp\/v2\/media?parent=2688"}],"curies":[{"name":"wp","href":"https:\/\/api.w.org\/{rel}","templated":true}]}}