{"id":6163,"date":"2023-02-19T15:19:39","date_gmt":"2023-02-19T15:19:39","guid":{"rendered":"https:\/\/blogsaverroes.juntadeandalucia.es\/ceipdocedeoctubre\/?page_id=6163"},"modified":"2025-11-19T17:16:36","modified_gmt":"2025-11-19T17:16:36","slug":"panes-y-programas","status":"publish","type":"page","link":"https:\/\/blogsaverroes.juntadeandalucia.es\/ceipdocedeoctubre\/panes-y-programas\/","title":{"rendered":"Planes y programas"},"content":{"rendered":"<h1 style=\"text-align: center\"><a href=\"https:\/\/anpeandalucia.es\/notices\/197340\/Organizaci%C3%B3n-y-funcionamiento-de-programas-educativos-de-la-Consejer%C3%ADa-para-el-curso-202526\"><em><strong><span style=\"color: #ff0000\">Planes y programas<\/span><\/strong><\/em><\/a><\/h1>\n<table style=\"border-collapse: collapse;width: 97.346%;height: 930px\">\n<tbody>\n<tr style=\"height: 24px\">\n<td style=\"width: 22.9812%;text-align: center;height: 24px\">&nbsp;<\/td>\n<td style=\"width: 25.198%;text-align: center;height: 24px\">&nbsp;<\/td>\n<td style=\"width: 27.0173%;text-align: center;height: 24px\">&nbsp;<\/td>\n<td style=\"width: 43.7157%;text-align: center;height: 24px\">&nbsp;<\/td>\n<\/tr>\n<tr style=\"height: 23px\">\n<td style=\"width: 22.9812%;height: 23px;text-align: center\"><a href=\"https:\/\/www.juntadeandalucia.es\/organismos\/desarrolloeducativoyformacionprofesional\/consejeria\/transparencia\/planificacion-evaluacion-estadistica\/planes\/detalle\/241479.html\" target=\"_blank\" rel=\"noopener noreferrer\">M\u00e1s Equidad<\/a><\/td>\n<td style=\"width: 25.198%;height: 23px;text-align: center\"><a href=\"https:\/\/www.juntadeandalucia.es\/educacion\/portals\/en\/web\/ced\/plan-apertura\">Plan de Apertura<\/a><\/td>\n<td style=\"width: 27.0173%;height: 23px;text-align: center\"><a href=\"https:\/\/www.juntadeandalucia.es\/educacion\/portals\/en\/web\/plurilinguismo\/programa-de-aulas-confucio\" target=\"_blank\" rel=\"noopener noreferrer\">Aula Confucio<\/a><\/td>\n<td style=\"width: 43.7157%;height: 23px;text-align: center\"><a href=\"https:\/\/blogsaverroes.juntadeandalucia.es\/planesyprogramascordoba\/steam-robotica\/\" target=\"_blank\" rel=\"noopener noreferrer\">Rob\u00f3tica<\/a><\/td>\n<\/tr>\n<tr style=\"height: 144px\">\n<td style=\"width: 22.9812%;height: 144px\"><a href=\"https:\/\/blogsaverroes.juntadeandalucia.es\/ceipdocedeoctubre\/category\/impulsa-inclusion\/\" target=\"_blank\" rel=\"noopener noreferrer\"><img loading=\"lazy\" decoding=\"async\" class=\"aligncenter wp-image-6946\" src=\"https:\/\/blogsaverroes.juntadeandalucia.es\/ceipdocedeoctubre\/files\/2024\/02\/Mas-Equidad.jpg\" alt=\"\" width=\"301\" height=\"145\"><\/a><\/td>\n<td style=\"width: 25.198%;height: 144px\"><a href=\"https:\/\/blogsaverroes.juntadeandalucia.es\/ceipdocedeoctubre\/category\/p-a-c\/\" target=\"_blank\" rel=\"noopener noreferrer\"><img loading=\"lazy\" decoding=\"async\" class=\"aligncenter wp-image-6169\" src=\"https:\/\/blogsaverroes.juntadeandalucia.es\/ceipdocedeoctubre\/files\/2023\/02\/Planesplan-de-apertura.jpg\" alt=\"\" width=\"287\" height=\"216\"><\/a><\/td>\n<td style=\"width: 27.0173%;height: 144px\"><a href=\"https:\/\/blogsaverroes.juntadeandalucia.es\/ceipdocedeoctubre\/category\/aula-confucio\/\"><img loading=\"lazy\" decoding=\"async\" class=\"aligncenter wp-image-6948\" src=\"https:\/\/blogsaverroes.juntadeandalucia.es\/ceipdocedeoctubre\/files\/2024\/02\/farol.png\" alt=\"\" width=\"291\" height=\"193\" srcset=\"https:\/\/blogsaverroes.juntadeandalucia.es\/ceipdocedeoctubre\/files\/2024\/02\/farol.png 400w, https:\/\/blogsaverroes.juntadeandalucia.es\/ceipdocedeoctubre\/files\/2024\/02\/farol-300x199.png 300w\" sizes=\"(max-width: 291px) 100vw, 291px\" \/><\/a><\/td>\n<td style=\"width: 43.7157%;height: 144px\"><a href=\"https:\/\/blogsaverroes.juntadeandalucia.es\/ceipdocedeoctubre\/category\/robotica\"><img loading=\"lazy\" decoding=\"async\" class=\"aligncenter wp-image-6171\" src=\"https:\/\/blogsaverroes.juntadeandalucia.es\/ceipdocedeoctubre\/files\/2023\/02\/PlanesSTEAM-rob\u00f3tica-v2.png\" alt=\"\" width=\"237\" height=\"237\" srcset=\"https:\/\/blogsaverroes.juntadeandalucia.es\/ceipdocedeoctubre\/files\/2023\/02\/PlanesSTEAM-rob\u00f3tica-v2.png 500w, https:\/\/blogsaverroes.juntadeandalucia.es\/ceipdocedeoctubre\/files\/2023\/02\/PlanesSTEAM-rob\u00f3tica-v2-300x300.png 300w, https:\/\/blogsaverroes.juntadeandalucia.es\/ceipdocedeoctubre\/files\/2023\/02\/PlanesSTEAM-rob\u00f3tica-v2-150x150.png 150w, https:\/\/blogsaverroes.juntadeandalucia.es\/ceipdocedeoctubre\/files\/2023\/02\/PlanesSTEAM-rob\u00f3tica-v2-80x80.png 80w, https:\/\/blogsaverroes.juntadeandalucia.es\/ceipdocedeoctubre\/files\/2023\/02\/PlanesSTEAM-rob\u00f3tica-v2-320x320.png 320w\" sizes=\"(max-width: 237px) 100vw, 237px\" \/><\/a><\/td>\n<\/tr>\n<tr style=\"height: 10px\">\n<td style=\"width: 22.9812%;height: 10px;text-align: center\"><a href=\"https:\/\/www.juntadeandalucia.es\/educacion\/eaprendizaje\/aldea\/\" target=\"_blank\" rel=\"noopener noreferrer\">Aldea B, Educaci\u00f3n Ambiental para la sostenibilidad<\/a><\/td>\n<td style=\"width: 25.198%;height: 10px;text-align: center\"><a href=\"https:\/\/www.juntadeandalucia.es\/educacion\/eaprendizaje\/habitos-de-vida-saludable\/\" target=\"_blank\" rel=\"noopener noreferrer\">H\u00e1bitos de Vida Saludable<\/a><\/td>\n<td style=\"width: 27.0173%;height: 10px;text-align: center\"><a href=\"https:\/\/www.juntadeandalucia.es\/educacion\/eaprendizaje\/ecoescuelas\/\">Red Ecoescuelas Andaluzas<\/a><\/td>\n<td style=\"width: 43.7157%;height: 10px\"><a href=\"https:\/\/www.juntadeandalucia.es\/educacion\/eaprendizaje\/aulas-verdes-abiertas\/\" target=\"_blank\" rel=\"noopener noreferrer\">Aulas Verdes Abiertas<\/a><\/td>\n<\/tr>\n<tr style=\"height: 298px\">\n<td style=\"width: 22.9812%;height: 298px\"><a href=\"https:\/\/blogsaverroes.juntadeandalucia.es\/ceipdocedeoctubre\/category\/noticias-plan-aldea\/\" target=\"_blank\" rel=\"noopener noreferrer\"><img loading=\"lazy\" decoding=\"async\" class=\"aligncenter wp-image-6172\" src=\"https:\/\/blogsaverroes.juntadeandalucia.es\/ceipdocedeoctubre\/files\/2023\/02\/Planesaldea.gif\" alt=\"\" width=\"257\" height=\"264\"><\/a><\/td>\n<td style=\"width: 25.198%;height: 298px\"><a href=\"https:\/\/blogsaverroes.juntadeandalucia.es\/ceipdocedeoctubre\/category\/habitos-de-vida-saludable\"><img loading=\"lazy\" decoding=\"async\" class=\"aligncenter wp-image-6168\" src=\"https:\/\/blogsaverroes.juntadeandalucia.es\/ceipdocedeoctubre\/files\/2023\/02\/PlanesCreciendo-en-salud.jpg\" alt=\"\" width=\"269\" height=\"268\" srcset=\"https:\/\/blogsaverroes.juntadeandalucia.es\/ceipdocedeoctubre\/files\/2023\/02\/PlanesCreciendo-en-salud.jpg 1029w, https:\/\/blogsaverroes.juntadeandalucia.es\/ceipdocedeoctubre\/files\/2023\/02\/PlanesCreciendo-en-salud-300x300.jpg 300w, https:\/\/blogsaverroes.juntadeandalucia.es\/ceipdocedeoctubre\/files\/2023\/02\/PlanesCreciendo-en-salud-1024x1019.jpg 1024w, https:\/\/blogsaverroes.juntadeandalucia.es\/ceipdocedeoctubre\/files\/2023\/02\/PlanesCreciendo-en-salud-150x150.jpg 150w, https:\/\/blogsaverroes.juntadeandalucia.es\/ceipdocedeoctubre\/files\/2023\/02\/PlanesCreciendo-en-salud-768x764.jpg 768w, https:\/\/blogsaverroes.juntadeandalucia.es\/ceipdocedeoctubre\/files\/2023\/02\/PlanesCreciendo-en-salud-80x80.jpg 80w, https:\/\/blogsaverroes.juntadeandalucia.es\/ceipdocedeoctubre\/files\/2023\/02\/PlanesCreciendo-en-salud-320x320.jpg 320w\" sizes=\"(max-width: 269px) 100vw, 269px\" \/><\/a><\/td>\n<td style=\"width: 27.0173%;height: 298px\"><a href=\"https:\/\/blogsaverroes.juntadeandalucia.es\/ceipdocedeoctubre\/category\/ecoescuelas\/\"><img loading=\"lazy\" decoding=\"async\" class=\"aligncenter wp-image-8420 size-full\" src=\"https:\/\/blogsaverroes.juntadeandalucia.es\/ceipdocedeoctubre\/files\/2025\/08\/2.jpg\" alt=\"\" width=\"500\" height=\"295\" srcset=\"https:\/\/blogsaverroes.juntadeandalucia.es\/ceipdocedeoctubre\/files\/2025\/08\/2.jpg 500w, https:\/\/blogsaverroes.juntadeandalucia.es\/ceipdocedeoctubre\/files\/2025\/08\/2-300x177.jpg 300w\" sizes=\"(max-width: 500px) 100vw, 500px\" \/><\/a><\/td>\n<td style=\"width: 43.7157%;height: 298px\"><a href=\"https:\/\/blogsaverroes.juntadeandalucia.es\/ceipdocedeoctubre\/category\/aula-verde\/\" target=\"_blank\" rel=\"noopener noreferrer\"><img loading=\"lazy\" decoding=\"async\" class=\"aligncenter size-full wp-image-6952\" src=\"https:\/\/blogsaverroes.juntadeandalucia.es\/ceipdocedeoctubre\/files\/2024\/02\/aulaverdeabierta.jpeg\" alt=\"\" width=\"400\" height=\"225\" srcset=\"https:\/\/blogsaverroes.juntadeandalucia.es\/ceipdocedeoctubre\/files\/2024\/02\/aulaverdeabierta.jpeg 400w, https:\/\/blogsaverroes.juntadeandalucia.es\/ceipdocedeoctubre\/files\/2024\/02\/aulaverdeabierta-300x169.jpeg 300w\" sizes=\"(max-width: 400px) 100vw, 400px\" \/><\/a><\/td>\n<\/tr>\n<tr style=\"height: 10px\">\n<td style=\"width: 22.9812%;height: 10px\">\n<p style=\"text-align: center\"><a href=\"https:\/\/juntadeandalucia.es\/organismos\/agriculturapescaaguaydesarrollorural\/areas\/industrias-agroalimentarias\/calidad\/paginas\/consumo-frutas-hortalizas-escuelas.html\" target=\"_blank\" rel=\"noopener noreferrer\">Plan escolar de consumo de fruta y hortaliza<\/a><\/p>\n<\/td>\n<td style=\"width: 25.198%;height: 10px\">\n<p style=\"text-align: center\"><a href=\"https:\/\/juntadeandalucia.es\/organismos\/agriculturapescaaguaydesarrollorural\/areas\/industrias-agroalimentarias\/calidad\/paginas\/consumo-frutas-hortalizas-escuelas.html\" target=\"_blank\" rel=\"noopener noreferrer\">&nbsp;Plan escolar de consumo de leche y otros productos l\u00e1cteos<\/a><\/p>\n<\/td>\n<td style=\"width: 27.0173%;height: 10px;text-align: center\"><a href=\"https:\/\/www.juntadeandalucia.es\/educacion\/portales\/web\/planes-y-programas\/programas-desarrollo-educativo\/proa\/presentacion\" target=\"_blank\" rel=\"noopener noreferrer\">Plan de Acompa\u00f1amiento Escolar<\/a><\/td>\n<td style=\"width: 43.7157%;height: 10px;text-align: center\"><a href=\"https:\/\/www.juntadeandalucia.es\/educacion\/portals\/web\/igualdad\/actuaciones\/pacto-de-estado-contra-violencia-de-genero\" target=\"_blank\" rel=\"noopener noreferrer\">Pacto de Estado para la Prevenci\u00f3n de la Violencia de G\u00e9nero<\/a><\/td>\n<\/tr>\n<tr style=\"height: 125px\">\n<td style=\"width: 22.9812%;height: 125px\"><a href=\"https:\/\/blogsaverroes.juntadeandalucia.es\/ceipdocedeoctubre\/category\/plan-escolar-de-consumo-de-fruta-y-hortaliza\"><img loading=\"lazy\" decoding=\"async\" class=\"aligncenter wp-image-6174\" src=\"https:\/\/blogsaverroes.juntadeandalucia.es\/ceipdocedeoctubre\/files\/2023\/02\/Planesconsumo_fruta.png\" alt=\"\" width=\"206\" height=\"292\" srcset=\"https:\/\/blogsaverroes.juntadeandalucia.es\/ceipdocedeoctubre\/files\/2023\/02\/Planesconsumo_fruta.png 432w, https:\/\/blogsaverroes.juntadeandalucia.es\/ceipdocedeoctubre\/files\/2023\/02\/Planesconsumo_fruta-212x300.png 212w\" sizes=\"(max-width: 206px) 100vw, 206px\" \/><\/a><\/td>\n<td style=\"width: 25.198%;height: 125px\"><a href=\"https:\/\/blogsaverroes.juntadeandalucia.es\/ceipdocedeoctubre\/category\/plan-escolar-de-consumo-de-leche-y-otros-productos-lacteos\/\" target=\"_blank\" rel=\"noopener noreferrer\"><img loading=\"lazy\" decoding=\"async\" class=\"wp-image-6173 aligncenter\" src=\"https:\/\/blogsaverroes.juntadeandalucia.es\/ceipdocedeoctubre\/files\/2023\/02\/Planesconsumo-leche.jpg\" alt=\"\" width=\"206\" height=\"305\" srcset=\"https:\/\/blogsaverroes.juntadeandalucia.es\/ceipdocedeoctubre\/files\/2023\/02\/Planesconsumo-leche.jpg 1036w, https:\/\/blogsaverroes.juntadeandalucia.es\/ceipdocedeoctubre\/files\/2023\/02\/Planesconsumo-leche-202x300.jpg 202w, https:\/\/blogsaverroes.juntadeandalucia.es\/ceipdocedeoctubre\/files\/2023\/02\/Planesconsumo-leche-691x1024.jpg 691w, https:\/\/blogsaverroes.juntadeandalucia.es\/ceipdocedeoctubre\/files\/2023\/02\/Planesconsumo-leche-768x1139.jpg 768w\" sizes=\"(max-width: 206px) 100vw, 206px\" \/><\/a><\/td>\n<td style=\"width: 27.0173%;height: 125px\"><img loading=\"lazy\" decoding=\"async\" class=\"aligncenter wp-image-6167\" src=\"https:\/\/blogsaverroes.juntadeandalucia.es\/ceipdocedeoctubre\/files\/2023\/02\/PlanesAcompa\u00f1amiento-escolar.jpg\" alt=\"\" width=\"320\" height=\"240\" srcset=\"https:\/\/blogsaverroes.juntadeandalucia.es\/ceipdocedeoctubre\/files\/2023\/02\/PlanesAcompa\u00f1amiento-escolar.jpg 960w, https:\/\/blogsaverroes.juntadeandalucia.es\/ceipdocedeoctubre\/files\/2023\/02\/PlanesAcompa\u00f1amiento-escolar-300x225.jpg 300w, https:\/\/blogsaverroes.juntadeandalucia.es\/ceipdocedeoctubre\/files\/2023\/02\/PlanesAcompa\u00f1amiento-escolar-768x576.jpg 768w\" sizes=\"(max-width: 320px) 100vw, 320px\" \/><\/td>\n<td style=\"width: 43.7157%;height: 125px\"><a href=\"https:\/\/blogsaverroes.juntadeandalucia.es\/ceipdocedeoctubre\/category\/pacto-de-estado-para-la-prevencion-de-la-violencia-de-genero\/\" target=\"_blank\" rel=\"noopener noreferrer\"><img loading=\"lazy\" decoding=\"async\" class=\"aligncenter wp-image-6176\" src=\"https:\/\/blogsaverroes.juntadeandalucia.es\/ceipdocedeoctubre\/files\/2023\/02\/PlanesPacto-Estado-VG.jpg\" alt=\"\" width=\"267\" height=\"207\" srcset=\"https:\/\/blogsaverroes.juntadeandalucia.es\/ceipdocedeoctubre\/files\/2023\/02\/PlanesPacto-Estado-VG.jpg 600w, https:\/\/blogsaverroes.juntadeandalucia.es\/ceipdocedeoctubre\/files\/2023\/02\/PlanesPacto-Estado-VG-300x233.jpg 300w\" sizes=\"(max-width: 267px) 100vw, 267px\" \/><\/a><\/td>\n<\/tr>\n<tr style=\"height: 56px\">\n<td style=\"width: 22.9812%;height: 56px\"><a href=\"https:\/\/www.juntadeandalucia.es\/educacion\/portals\/web\/convivencia-escolar\/red-escuela-espacio-de-paz\" target=\"_blank\" rel=\"noopener noreferrer\">Red Andaluza Escuela de Paz<\/a><\/td>\n<td style=\"width: 25.198%;text-align: center;height: 56px\"><a href=\"https:\/\/www.juntadeandalucia.es\/educacion\/portales\/web\/programas-educativos-internacionales\/ensenanza-bilingue\">Biling\u00fcismo&nbsp;<\/a><\/td>\n<td style=\"width: 27.0173%;text-align: center;height: 56px\"><a href=\"https:\/\/www.juntadeandalucia.es\/educacion\/portals\/web\/convivencia-escolar\/plan-director-para-la-convivencia-y-mejora-de-la-seguridad-en-los-centros-educativos-y-sus-entornos\">Plan Director<\/a><\/td>\n<td style=\"width: 43.7157%;text-align: center;height: 56px\">&nbsp;<\/td>\n<\/tr>\n<tr style=\"height: 240px\">\n<td style=\"width: 22.9812%;height: 240px\">\n<h6><a href=\"https:\/\/blogsaverroes.juntadeandalucia.es\/ceipdocedeoctubre\/category\/red-andaluza-escuela-de-paz\/\" target=\"_blank\" rel=\"noopener noreferrer\"><img loading=\"lazy\" decoding=\"async\" class=\"aligncenter wp-image-6175\" src=\"https:\/\/blogsaverroes.juntadeandalucia.es\/ceipdocedeoctubre\/files\/2023\/02\/Planesespaciodepaz.jpg\" alt=\"\" width=\"269\" height=\"193\" srcset=\"https:\/\/blogsaverroes.juntadeandalucia.es\/ceipdocedeoctubre\/files\/2023\/02\/Planesespaciodepaz.jpg 400w, https:\/\/blogsaverroes.juntadeandalucia.es\/ceipdocedeoctubre\/files\/2023\/02\/Planesespaciodepaz-300x215.jpg 300w\" sizes=\"(max-width: 269px) 100vw, 269px\" \/><\/a><\/h6>\n<\/td>\n<td style=\"width: 25.198%;height: 240px\"><a href=\"https:\/\/blogsaverroes.juntadeandalucia.es\/ceipdocedeoctubre\/category\/bilinguismo\"><img loading=\"lazy\" decoding=\"async\" class=\"aligncenter wp-image-8412 size-full\" src=\"https:\/\/blogsaverroes.juntadeandalucia.es\/ceipdocedeoctubre\/files\/2025\/08\/cartel.jpg\" alt=\"\" width=\"594\" height=\"814\" srcset=\"https:\/\/blogsaverroes.juntadeandalucia.es\/ceipdocedeoctubre\/files\/2025\/08\/cartel.jpg 594w, https:\/\/blogsaverroes.juntadeandalucia.es\/ceipdocedeoctubre\/files\/2025\/08\/cartel-219x300.jpg 219w\" sizes=\"(max-width: 594px) 100vw, 594px\" \/><\/a><\/td>\n<td style=\"width: 27.0173%;height: 240px\"><a href=\"https:\/\/blogsaverroes.juntadeandalucia.es\/ceipdocedeoctubre\/category\/plan-director\"><img decoding=\"async\" src=\"https:\/\/imgv2-1-f.scribdassets.com\/img\/document\/601728934\/original\/5f98f9911b\/1673213473?v=1\"><\/a><\/td>\n<td style=\"width: 43.7157%;height: 240px\">&nbsp;<\/td>\n<\/tr>\n<\/tbody>\n<\/table>\n<p>&nbsp;<\/p>\n<p>&nbsp;<\/p>\n","protected":false},"excerpt":{"rendered":"<p>Planes y programas &nbsp; &nbsp; &nbsp; &nbsp; M\u00e1s Equidad Plan de Apertura Aula Confucio Rob\u00f3tica Aldea B, Educaci\u00f3n Ambiental para&#46;&#46;&#46;<\/p>\n","protected":false},"author":4236,"featured_media":0,"parent":0,"menu_order":0,"comment_status":"closed","ping_status":"closed","template":"","meta":{"ngg_post_thumbnail":0,"footnotes":"","_mc_calendar":[]},"aioseo_notices":[],"_links":{"self":[{"href":"https:\/\/blogsaverroes.juntadeandalucia.es\/ceipdocedeoctubre\/wp-json\/wp\/v2\/pages\/6163"}],"collection":[{"href":"https:\/\/blogsaverroes.juntadeandalucia.es\/ceipdocedeoctubre\/wp-json\/wp\/v2\/pages"}],"about":[{"href":"https:\/\/blogsaverroes.juntadeandalucia.es\/ceipdocedeoctubre\/wp-json\/wp\/v2\/types\/page"}],"author":[{"embeddable":true,"href":"https:\/\/blogsaverroes.juntadeandalucia.es\/ceipdocedeoctubre\/wp-json\/wp\/v2\/users\/4236"}],"replies":[{"embeddable":true,"href":"https:\/\/blogsaverroes.juntadeandalucia.es\/ceipdocedeoctubre\/wp-json\/wp\/v2\/comments?post=6163"}],"version-history":[{"count":43,"href":"https:\/\/blogsaverroes.juntadeandalucia.es\/ceipdocedeoctubre\/wp-json\/wp\/v2\/pages\/6163\/revisions"}],"predecessor-version":[{"id":8909,"href":"https:\/\/blogsaverroes.juntadeandalucia.es\/ceipdocedeoctubre\/wp-json\/wp\/v2\/pages\/6163\/revisions\/8909"}],"wp:attachment":[{"href":"https:\/\/blogsaverroes.juntadeandalucia.es\/ceipdocedeoctubre\/wp-json\/wp\/v2\/media?parent=6163"}],"curies":[{"name":"wp","href":"https:\/\/api.w.org\/{rel}","templated":true}]}}