{"id":141,"date":"2015-03-17T07:13:24","date_gmt":"2015-03-17T07:13:24","guid":{"rendered":"http:\/\/blogsaverroes.juntadeandalucia.es\/pre\/ceip\/?page_id=141"},"modified":"2023-03-07T17:36:51","modified_gmt":"2023-03-07T17:36:51","slug":"escolarizacion","status":"publish","type":"page","link":"https:\/\/blogsaverroes.juntadeandalucia.es\/ceipdoctorflemingjodar\/escolarizacion\/","title":{"rendered":"Escolarizaci\u00f3n"},"content":{"rendered":"<div class=\"elementor-element elementor-element-4c0125e6 elementor-widget elementor-widget-heading\" data-id=\"4c0125e6\">\n<div class=\"elementor-widget-container\">&nbsp;<\/div>\n<\/div>\n<div class=\"elementor-element elementor-element-61c168c2 elementor-widget elementor-widget-text-editor\" data-id=\"61c168c2\">\n<div class=\"elementor-widget-container\">\n<div class=\"elementor-text-editor elementor-clearfix\">\n<h3 class=\"post-title entry-title\"><a href=\"http:\/\/ceipdoctorflemingjodar.blogspot.com\/2023\/02\/escolarizacion-2023-24.html\">ESCOLARIZACI\u00d3N&nbsp; Curso 2023-24<\/a><\/h3>\n<div class=\"post-header\">\n<div class=\"post-header-line-1\">&nbsp;<\/div>\n<\/div>\n<div id=\"post-body-2874282483899287950\" class=\"post-body entry-content\">\n<div class=\"separator\"><a href=\"https:\/\/blogger.googleusercontent.com\/img\/b\/R29vZ2xl\/AVvXsEjecKEWkwCXEVYyhYAhALbf39behFqrGDm3dEa5cgHPPAnbMfzbBmsUMqBpXUqY6JCVTxbITn6HAiU2UJh12X4uJD58tLfCMsWH4oMvxKhwTIhzK6xXjKVlQ531-Qxq8geWPqnfpAR0WSFhyHSTg_dS4Nr0nTp1JOiUdlSvZWzda7SXf-rphw9sYs3P9g\/s800\/Escolarizacion2021.gif\"><img loading=\"lazy\" decoding=\"async\" src=\"https:\/\/blogger.googleusercontent.com\/img\/b\/R29vZ2xl\/AVvXsEjecKEWkwCXEVYyhYAhALbf39behFqrGDm3dEa5cgHPPAnbMfzbBmsUMqBpXUqY6JCVTxbITn6HAiU2UJh12X4uJD58tLfCMsWH4oMvxKhwTIhzK6xXjKVlQ531-Qxq8geWPqnfpAR0WSFhyHSTg_dS4Nr0nTp1JOiUdlSvZWzda7SXf-rphw9sYs3P9g\/s320\/Escolarizacion2021.gif\" width=\"320\" height=\"178\" border=\"0\" data-original-height=\"445\" data-original-width=\"800\"><\/a><\/div>\n<p>La Consejer\u00eda de Desarrollo Educativo y Formaci\u00f3n Profesional convoca el&nbsp;<strong><u>procedimiento de admisi\u00f3n del alumnado en los centros docentes p\u00fablicos y privados concertados<\/u>&nbsp;para cursar las ense\u00f1anzas de segundo ciclo de educaci\u00f3n infantil, educaci\u00f3n primaria, educaci\u00f3n especial, educaci\u00f3n secundaria obligatoria y bachillerato&nbsp;<u>para el curso escolar 2023\/24.<\/u><\/strong><\/p>\n<p><strong><u>Entre los d\u00edas 1 y 31 de marzo,&nbsp;ambos inclusive, deber\u00e1n presentar su solicitud<\/u><\/strong>&nbsp;los escolares de segundo ciclo de educaci\u00f3n infantil, educaci\u00f3n primaria, educaci\u00f3n especial, educaci\u00f3n secundaria obligatoria y bachillerato.<\/p>\n<p>Durante este mes, las familias que deseen matricular a sus hijos\/as en nuestro centro tendr\u00e1n a su disposici\u00f3n las solicitudes en la oficina del centro, en horario de&nbsp;<strong>9,30 a 13,30.<\/strong><\/p>\n<p>&nbsp;<\/p>\n<p><strong>M\u00e1s informaci\u00f3n en este enlace:<\/strong><\/p>\n<p><strong><a href=\"https:\/\/www.juntadeandalucia.es\/educacion\/portales\/web\/escolarizacion\/infantil-a-bachillerato\">https:\/\/www.juntadeandalucia.es\/educacion\/portales\/web\/escolarizacion\/infantil-a-bachillerato<\/a><\/strong><\/p>\n<\/div>\n<\/div>\n<\/div>\n<\/div>\n<p>&nbsp;<\/p>\n<p>&nbsp;<\/p>\n","protected":false},"excerpt":{"rendered":"<p>&nbsp; ESCOLARIZACI\u00d3N&nbsp; Curso 2023-24 &nbsp; La Consejer\u00eda de Desarrollo Educativo y Formaci\u00f3n Profesional convoca el&nbsp;procedimiento de admisi\u00f3n del alumnado en los centros docentes p\u00fablicos y privados concertados&nbsp;para cursar las ense\u00f1anzas de segundo ciclo de&#46;&#46;&#46;<\/p>\n","protected":false},"author":1,"featured_media":0,"parent":0,"menu_order":0,"comment_status":"closed","ping_status":"open","template":"page-cs.php","meta":{"ngg_post_thumbnail":0,"footnotes":"","_mc_calendar":[]},"aioseo_notices":[],"_links":{"self":[{"href":"https:\/\/blogsaverroes.juntadeandalucia.es\/ceipdoctorflemingjodar\/wp-json\/wp\/v2\/pages\/141"}],"collection":[{"href":"https:\/\/blogsaverroes.juntadeandalucia.es\/ceipdoctorflemingjodar\/wp-json\/wp\/v2\/pages"}],"about":[{"href":"https:\/\/blogsaverroes.juntadeandalucia.es\/ceipdoctorflemingjodar\/wp-json\/wp\/v2\/types\/page"}],"author":[{"embeddable":true,"href":"https:\/\/blogsaverroes.juntadeandalucia.es\/ceipdoctorflemingjodar\/wp-json\/wp\/v2\/users\/1"}],"replies":[{"embeddable":true,"href":"https:\/\/blogsaverroes.juntadeandalucia.es\/ceipdoctorflemingjodar\/wp-json\/wp\/v2\/comments?post=141"}],"version-history":[{"count":8,"href":"https:\/\/blogsaverroes.juntadeandalucia.es\/ceipdoctorflemingjodar\/wp-json\/wp\/v2\/pages\/141\/revisions"}],"predecessor-version":[{"id":2709,"href":"https:\/\/blogsaverroes.juntadeandalucia.es\/ceipdoctorflemingjodar\/wp-json\/wp\/v2\/pages\/141\/revisions\/2709"}],"wp:attachment":[{"href":"https:\/\/blogsaverroes.juntadeandalucia.es\/ceipdoctorflemingjodar\/wp-json\/wp\/v2\/media?parent=141"}],"curies":[{"name":"wp","href":"https:\/\/api.w.org\/{rel}","templated":true}]}}