{"id":2270,"date":"2021-04-10T23:05:32","date_gmt":"2021-04-10T23:05:32","guid":{"rendered":"https:\/\/blogsaverroes.juntadeandalucia.es\/ceipdoctorflemingjodar\/?page_id=2270"},"modified":"2022-09-14T20:52:12","modified_gmt":"2022-09-14T20:52:12","slug":"datos-del-centro","status":"publish","type":"page","link":"https:\/\/blogsaverroes.juntadeandalucia.es\/ceipdoctorflemingjodar\/datos-del-centro\/","title":{"rendered":"DATOS DEL CENTRO"},"content":{"rendered":"<p><strong style=\"color: #333399\"><a href=\"https:\/\/blogsaverroes.juntadeandalucia.es\/ceipdoctorflemingjodar\/files\/2022\/02\/escudo-en-cuadro.jpg\"><img loading=\"lazy\" decoding=\"async\" class=\"wp-image-2452 aligncenter\" src=\"https:\/\/blogsaverroes.juntadeandalucia.es\/ceipdoctorflemingjodar\/files\/2022\/02\/escudo-en-cuadro-248x300.jpg\" alt=\"\" width=\"216\" height=\"261\"><\/a>CEIP DOCTOR FLEMING. J\u00d3DAR (JA\u00c9N)<\/strong><\/p>\n<p>&nbsp;<\/p>\n<p><span style=\"text-decoration: underline\"><strong><span style=\"color: #000000;text-decoration: underline\">DIRECCI\u00d3N:<\/span><\/strong><\/span><strong>&nbsp; <\/strong>Avda. San Sebasti\u00e1n, s\/n 23500 J\u00f3dar-Ja\u00e9n<\/p>\n<p><strong><span style=\"text-decoration: underline\">TEL\u00c9FONO:<\/span>&nbsp; 953779590&nbsp; &nbsp;FAX: 953779592<\/strong><\/p>\n<p><span style=\"text-decoration: underline\"><strong>Email:<\/strong><\/span><strong> 23005451.edu@juntadeandalucia.es<\/strong><\/p>\n<p>&nbsp;<\/p>\n<p><span style=\"color: #000000\"><span style=\"text-decoration: underline\"><strong>HORARIO:<\/strong><\/span> <\/span><\/p>\n<p><span style=\"color: #000000\">De 9:00 a 14:00. Recreo de 12:00 a 12:30<\/span><\/p>\n<p>El centro consta de 3 aulas de E. Infantil y 7 de Primaria (2 aulas de 6\u00ba para el curso 22-23). Un aula de PT y otra de AL.&nbsp;<\/p>\n<p>Tambi\u00e9n tiene Biblioteca, sala de profesores, aulas de refuerzo, aulas de ingl\u00e9s y de m\u00fasica, aula de inform\u00e1tica, comedor, despachos de secretar\u00eda, jefatura de estudios y direcci\u00f3n. El centro consta de rampa de acceso para personas de movilidad reducida, as\u00ed como un montacargas para acceder a la 1\u00aa planta. El&nbsp; espacio exterior es bastante grande, est\u00e1 dotado de servicios&nbsp; y rodeado de muchos \u00e1rboles.<\/p>\n","protected":false},"excerpt":{"rendered":"<p>CEIP DOCTOR FLEMING. J\u00d3DAR (JA\u00c9N) &nbsp; DIRECCI\u00d3N:&nbsp; Avda. San Sebasti\u00e1n, s\/n 23500 J\u00f3dar-Ja\u00e9n TEL\u00c9FONO:&nbsp; 953779590&nbsp; &nbsp;FAX: 953779592 Email: 23005451.edu@juntadeandalucia.es &nbsp; HORARIO: De 9:00 a 14:00. Recreo de 12:00 a 12:30 El centro consta de&#46;&#46;&#46;<\/p>\n","protected":false},"author":11699,"featured_media":2452,"parent":0,"menu_order":0,"comment_status":"closed","ping_status":"closed","template":"","meta":{"ngg_post_thumbnail":0,"footnotes":"","_mc_calendar":[]},"aioseo_notices":[],"_links":{"self":[{"href":"https:\/\/blogsaverroes.juntadeandalucia.es\/ceipdoctorflemingjodar\/wp-json\/wp\/v2\/pages\/2270"}],"collection":[{"href":"https:\/\/blogsaverroes.juntadeandalucia.es\/ceipdoctorflemingjodar\/wp-json\/wp\/v2\/pages"}],"about":[{"href":"https:\/\/blogsaverroes.juntadeandalucia.es\/ceipdoctorflemingjodar\/wp-json\/wp\/v2\/types\/page"}],"author":[{"embeddable":true,"href":"https:\/\/blogsaverroes.juntadeandalucia.es\/ceipdoctorflemingjodar\/wp-json\/wp\/v2\/users\/11699"}],"replies":[{"embeddable":true,"href":"https:\/\/blogsaverroes.juntadeandalucia.es\/ceipdoctorflemingjodar\/wp-json\/wp\/v2\/comments?post=2270"}],"version-history":[{"count":16,"href":"https:\/\/blogsaverroes.juntadeandalucia.es\/ceipdoctorflemingjodar\/wp-json\/wp\/v2\/pages\/2270\/revisions"}],"predecessor-version":[{"id":2523,"href":"https:\/\/blogsaverroes.juntadeandalucia.es\/ceipdoctorflemingjodar\/wp-json\/wp\/v2\/pages\/2270\/revisions\/2523"}],"wp:featuredmedia":[{"embeddable":true,"href":"https:\/\/blogsaverroes.juntadeandalucia.es\/ceipdoctorflemingjodar\/wp-json\/wp\/v2\/media\/2452"}],"wp:attachment":[{"href":"https:\/\/blogsaverroes.juntadeandalucia.es\/ceipdoctorflemingjodar\/wp-json\/wp\/v2\/media?parent=2270"}],"curies":[{"name":"wp","href":"https:\/\/api.w.org\/{rel}","templated":true}]}}