{"id":2569,"date":"2022-10-06T19:27:48","date_gmt":"2022-10-06T19:27:48","guid":{"rendered":"https:\/\/blogsaverroes.juntadeandalucia.es\/ceipdoctorflemingjodar\/?page_id=2569"},"modified":"2022-10-06T20:42:44","modified_gmt":"2022-10-06T20:42:44","slug":"tde","status":"publish","type":"page","link":"https:\/\/blogsaverroes.juntadeandalucia.es\/ceipdoctorflemingjodar\/tde\/","title":{"rendered":"TDE"},"content":{"rendered":"<p><span style=\"color: #0000ff\"><strong>WIFI SEGURA ANDARED CORPORATIVA.<\/strong><\/span><\/p>\n<h3 class=\"post-title entry-title\"><span style=\"font-size: 16px\">Nuestro centro dispone de dos redes WIFI proporcionadas por la Red Corporativa de la Junta de Andaluc\u00eda (RCJA):<\/span><\/h3>\n<div id=\"post-body-6355708374732946266\" class=\"post-body entry-content\">\n<ul>\n<li><span class=\"blink_text\"><b>DESAPARECE EL D\u00cdA 1 DE OCTUBRE<\/b><\/span>&nbsp;ANDARED: Que proporciona un acceso Wifi no seguro, con&nbsp;contrase\u00f1a \u00fanica.<\/li>\n<li>ANDARED_CORPORATIVO: Ofrece un acceso nominal Wifi seguro con usuario y contrase\u00f1a Idea (el mismo que se utiliza para acceder a Pasen y\/o S\u00e9neca).<\/li>\n<\/ul>\n<p>Los empleados y docentes del centro podr\u00e1n conectar hasta 3 dispositivos simult\u00e1neamente, y el alumnado y tutores legales un \u00fanico dispositivo de forma simultanea.<\/p>\n<div>&nbsp;<\/div>\n<div>Para la conexi\u00f3n a ANDARED_CORPORATIVO de un nuevo dispositivo se recomienda consultar el:<\/div>\n<div><a href=\"https:\/\/www.juntadeandalucia.es\/educacion\/eaprendizaje\/wp-content\/uploads\/2022\/07\/GUIA_DE_CONEXI%C3%93N_DE_USUARIOS_AL_SERVICIO_WIFI_CORPORATIVO_DE_LOS_CENTROS_EDUCATIVOS_v6.pdf\" target=\"_blank\" rel=\"noopener noreferrer\">Manual de configuraci\u00f3n de nueva Wifi ANDARED_COPORATIVO.<\/a><\/div>\n<\/div>\n","protected":false},"excerpt":{"rendered":"<p>WIFI SEGURA ANDARED CORPORATIVA. Nuestro centro dispone de dos redes WIFI proporcionadas por la Red Corporativa de la Junta de Andaluc\u00eda (RCJA): DESAPARECE EL D\u00cdA 1 DE OCTUBRE&nbsp;ANDARED: Que proporciona un acceso Wifi no&#46;&#46;&#46;<\/p>\n","protected":false},"author":11699,"featured_media":0,"parent":0,"menu_order":0,"comment_status":"closed","ping_status":"closed","template":"","meta":{"ngg_post_thumbnail":0,"footnotes":"","_mc_calendar":[]},"aioseo_notices":[],"_links":{"self":[{"href":"https:\/\/blogsaverroes.juntadeandalucia.es\/ceipdoctorflemingjodar\/wp-json\/wp\/v2\/pages\/2569"}],"collection":[{"href":"https:\/\/blogsaverroes.juntadeandalucia.es\/ceipdoctorflemingjodar\/wp-json\/wp\/v2\/pages"}],"about":[{"href":"https:\/\/blogsaverroes.juntadeandalucia.es\/ceipdoctorflemingjodar\/wp-json\/wp\/v2\/types\/page"}],"author":[{"embeddable":true,"href":"https:\/\/blogsaverroes.juntadeandalucia.es\/ceipdoctorflemingjodar\/wp-json\/wp\/v2\/users\/11699"}],"replies":[{"embeddable":true,"href":"https:\/\/blogsaverroes.juntadeandalucia.es\/ceipdoctorflemingjodar\/wp-json\/wp\/v2\/comments?post=2569"}],"version-history":[{"count":7,"href":"https:\/\/blogsaverroes.juntadeandalucia.es\/ceipdoctorflemingjodar\/wp-json\/wp\/v2\/pages\/2569\/revisions"}],"predecessor-version":[{"id":2589,"href":"https:\/\/blogsaverroes.juntadeandalucia.es\/ceipdoctorflemingjodar\/wp-json\/wp\/v2\/pages\/2569\/revisions\/2589"}],"wp:attachment":[{"href":"https:\/\/blogsaverroes.juntadeandalucia.es\/ceipdoctorflemingjodar\/wp-json\/wp\/v2\/media?parent=2569"}],"curies":[{"name":"wp","href":"https:\/\/api.w.org\/{rel}","templated":true}]}}