{"id":330,"date":"2015-03-18T07:11:43","date_gmt":"2015-03-18T07:11:43","guid":{"rendered":"http:\/\/blogsaverroes.juntadeandalucia.es\/pre\/ceip\/?page_id=330"},"modified":"2024-05-29T11:24:23","modified_gmt":"2024-05-29T11:24:23","slug":"bibliop","status":"publish","type":"page","link":"https:\/\/blogsaverroes.juntadeandalucia.es\/ceipdoctorflemingjodar\/biblioteca\/bibliop\/","title":{"rendered":"Nuestra Biblioteca Ceip Doctor Fleming"},"content":{"rendered":"<p><strong><span style=\"color: #0000ff\">MAYO<\/span><\/strong><\/p>\n<p><em><strong><span style=\"text-decoration: underline\">HERRAMIENTAS DIGITALES. RECURSOS<\/span><\/strong><\/em><\/p>\n<p><a href=\"https:\/\/view.genially.com\/63a82f12811115001104babd\/interactive-content-herramientas-digitales-para-el-aula\">https:\/\/view.genially.com\/63a82f12811115001104babd\/interactive-content-herramientas-digitales-para-el-aula<\/a><\/p>\n<p><iframe class=\"wp-embedded-content\" sandbox=\"allow-scripts\" security=\"restricted\" title=\"HERRAMIENTAS DIGITALES PARA EL AULA\" frameborder='0' width='1200' height='675' src='https:\/\/view.genially.com\/63a82f12811115001104babd#?secret=mIbudSRHPF' data-secret='mIbudSRHPF' scrolling='yes'><\/iframe><\/p>\n<p><span style=\"color: #0000ff\"><strong>ABRIL<\/strong><\/span><\/p>\n<p><span style=\"color: #339966\">D\u00eda 23 de Abril. Celebramos el homenaje al libro colaborando con la Biblioteca municipal en la lectura de Don Quijote de la Mancha con una representaci\u00f3n de alumado de 5\u00ba y 6\u00ba y la coordinadora de bibliotecas del centro D. Manuela Vilchez Marcos.<\/span><\/p>\n<p><span style=\"color: #000000\">Dentro del plan de trabajo de la biblioteca, estos meses estamos realizando en los recreos las actividades denominadas BIBLIOPATIO y BIBLIOTRUEQUE. Diversos stands de libros son puestos a disposici\u00f3n de todo el alumnado para que realice lecturas libres en la media hora de recreo, en grupo, solos, tutorizados con otros mayores, etc&#8230; y tambi\u00e9n stands con libros para realizar intercambios y con ello contribuir al desarrollo de la econom\u00eda circular y a la&nbsp; divulgaci\u00f3n de m\u00e1s lecturas.<\/span><\/p>\n\n\t\t<style>\n\t\t\t#gallery-1 {\n\t\t\t\tmargin: auto;\n\t\t\t}\n\t\t\t#gallery-1 .gallery-item {\n\t\t\t\tfloat: left;\n\t\t\t\tmargin-top: 10px;\n\t\t\t\ttext-align: center;\n\t\t\t\twidth: 33%;\n\t\t\t}\n\t\t\t#gallery-1 img {\n\t\t\t\tborder: 2px solid #cfcfcf;\n\t\t\t}\n\t\t\t#gallery-1 .gallery-caption {\n\t\t\t\tmargin-left: 0;\n\t\t\t}\n\t\t\t\/* see gallery_shortcode() in wp-includes\/media.php *\/\n\t\t<\/style>\n\t\t<div id='gallery-1' class='gallery galleryid-330 gallery-columns-3 gallery-size-thumbnail'><dl class='gallery-item'>\n\t\t\t<dt class='gallery-icon landscape'>\n\t\t\t\t<a href='https:\/\/blogsaverroes.juntadeandalucia.es\/ceipdoctorflemingjodar\/biblioteca\/bibliop\/20240423_095927\/'><img loading=\"lazy\" decoding=\"async\" width=\"150\" height=\"150\" src=\"https:\/\/blogsaverroes.juntadeandalucia.es\/ceipdoctorflemingjodar\/files\/2024\/05\/20240423_095927-150x150.jpg\" class=\"attachment-thumbnail size-thumbnail\" alt=\"\" \/><\/a>\n\t\t\t<\/dt><\/dl><dl class='gallery-item'>\n\t\t\t<dt class='gallery-icon portrait'>\n\t\t\t\t<a href='https:\/\/blogsaverroes.juntadeandalucia.es\/ceipdoctorflemingjodar\/biblioteca\/bibliop\/20240423_095205\/'><img loading=\"lazy\" decoding=\"async\" width=\"150\" height=\"150\" src=\"https:\/\/blogsaverroes.juntadeandalucia.es\/ceipdoctorflemingjodar\/files\/2024\/05\/20240423_095205-150x150.jpg\" class=\"attachment-thumbnail size-thumbnail\" alt=\"\" \/><\/a>\n\t\t\t<\/dt><\/dl><dl class='gallery-item'>\n\t\t\t<dt class='gallery-icon portrait'>\n\t\t\t\t<a href='https:\/\/blogsaverroes.juntadeandalucia.es\/ceipdoctorflemingjodar\/biblioteca\/bibliop\/20240423_095231\/'><img loading=\"lazy\" decoding=\"async\" width=\"150\" height=\"150\" src=\"https:\/\/blogsaverroes.juntadeandalucia.es\/ceipdoctorflemingjodar\/files\/2024\/05\/20240423_095231-150x150.jpg\" class=\"attachment-thumbnail size-thumbnail\" alt=\"\" \/><\/a>\n\t\t\t<\/dt><\/dl><br style=\"clear: both\" \/><dl class='gallery-item'>\n\t\t\t<dt class='gallery-icon portrait'>\n\t\t\t\t<a href='https:\/\/blogsaverroes.juntadeandalucia.es\/ceipdoctorflemingjodar\/biblioteca\/bibliop\/img-20240510-wa0002\/'><img loading=\"lazy\" decoding=\"async\" width=\"150\" height=\"150\" src=\"https:\/\/blogsaverroes.juntadeandalucia.es\/ceipdoctorflemingjodar\/files\/2024\/05\/IMG-20240510-WA0002-150x150.jpg\" class=\"attachment-thumbnail size-thumbnail\" alt=\"\" \/><\/a>\n\t\t\t<\/dt><\/dl><dl class='gallery-item'>\n\t\t\t<dt class='gallery-icon landscape'>\n\t\t\t\t<a href='https:\/\/blogsaverroes.juntadeandalucia.es\/ceipdoctorflemingjodar\/biblioteca\/bibliop\/img-20240510-wa0005\/'><img loading=\"lazy\" decoding=\"async\" width=\"150\" height=\"150\" src=\"https:\/\/blogsaverroes.juntadeandalucia.es\/ceipdoctorflemingjodar\/files\/2024\/05\/IMG-20240510-WA0005-150x150.jpg\" class=\"attachment-thumbnail size-thumbnail\" alt=\"\" \/><\/a>\n\t\t\t<\/dt><\/dl><dl class='gallery-item'>\n\t\t\t<dt class='gallery-icon portrait'>\n\t\t\t\t<a href='https:\/\/blogsaverroes.juntadeandalucia.es\/ceipdoctorflemingjodar\/biblioteca\/bibliop\/img-20240510-wa0003\/'><img loading=\"lazy\" decoding=\"async\" width=\"150\" height=\"150\" src=\"https:\/\/blogsaverroes.juntadeandalucia.es\/ceipdoctorflemingjodar\/files\/2024\/05\/IMG-20240510-WA0003-150x150.jpg\" class=\"attachment-thumbnail size-thumbnail\" alt=\"\" \/><\/a>\n\t\t\t<\/dt><\/dl><br style=\"clear: both\" \/><dl class='gallery-item'>\n\t\t\t<dt class='gallery-icon portrait'>\n\t\t\t\t<a href='https:\/\/blogsaverroes.juntadeandalucia.es\/ceipdoctorflemingjodar\/biblioteca\/bibliop\/img-20240510-wa0004\/'><img loading=\"lazy\" decoding=\"async\" width=\"150\" height=\"150\" src=\"https:\/\/blogsaverroes.juntadeandalucia.es\/ceipdoctorflemingjodar\/files\/2024\/05\/IMG-20240510-WA0004-150x150.jpg\" class=\"attachment-thumbnail size-thumbnail\" alt=\"\" \/><\/a>\n\t\t\t<\/dt><\/dl>\n\t\t\t<br style='clear: both' \/>\n\t\t<\/div>\n\n<p><strong><span style=\"color: #0000ff\">&nbsp;FEBRERO &#8211; MARZO&nbsp; 2024. ACTIVIDADES<\/span><\/strong><\/p>\n<p>Como actividad dentro del plan lector, destacamos la realizaci\u00f3n del taller de fomento de la lectura con el autor del libro: <span style=\"color: #000080\"><strong>\u00abUn marciano en la oreja\u00bb<\/strong>.<\/span> Ed. ANAYA. En este caso el ilustrador Alberto D\u00edaz que le habl\u00f3 al alumnado de primer ciclo sobre la creaci\u00f3n del libro, an\u00e9cdotas de su trabajo, inspiraci\u00f3n, duraci\u00f3n del mismo, etc&#8230; anim\u00e1ndolos a la creaci\u00f3n de historias y dibujos para desarrollar todo su potencial y favorecer la autoestima as\u00ed como desarrollar la creatividad.<\/p>\n<p>Tambi\u00e9n 2\u00ba y 3\u00ba ciclo tuvieron el 7 de Marzo su taller de lectura con la autora Rosa Huertas y sus libros: <strong><span style=\"color: #800080\">\u00abA la china mandarina\u00bb y&nbsp; \u00abMalos de libro\u00bb<\/span><\/strong>. De nuevo el alumnado pregunt\u00f3 a la autora por la tarea de la creaci\u00f3n de un libro: inspiraci\u00f3n, desarrollo en el tiempo y edici\u00f3n, sentimientos del autor\/a hacia la obra creada, etc&#8230;d\u00e1ndole \u00e9sta unas pautas para que se animen a ser creativos, lean mucho a lo largo de esta etapa infantil porque ese es el secreto fundamental de la imaginaci\u00f3n, tambi\u00e9n por la socializaci\u00f3n y las relaciones personales con todos los seres a su alrededor puesto que esto enriquece mucho la propia vida.<\/p>\n<p>ngg_shortcode_0_placeholder<strong><span style=\"color: #000000\">D\u00cdA DE ANDALUC\u00cdA 28 DE FEBRERO<\/span><\/strong><\/p>\n<p>Por parte de los\/las alumnos\/as colaboradores&nbsp; de 6\u00ba denuestra Biblioteca, se recitan poes\u00edas de autores andaluces: J<strong>uan Ram\u00f3n Jim\u00e9nez, Federico G. Lorca, Antonio Machado, Rafael Alberti, etc&#8230;<\/strong> que han aprendido&nbsp; previamente en los d\u00edas anteriores, teniendo como p\u00fablico el alumnado de cursos inferiores desde Ed. Infantil, 1\u00ba y 2\u00ba ciclo, el d\u00eda 27 se pasan por todas las aulas dando a conocer a estos autores andaluces y recitando las poes\u00edas que ellos mismos han trabajado.<\/p>\n<p>Fotos (en construcci\u00f3n)<\/p>\nngg_shortcode_1_placeholder\n<p><span style=\"text-decoration: underline\"><strong><span style=\"color: #0000ff;text-decoration: underline\">D\u00cdA INTERNACIONAL DE LAS BIBLIIOTECAS 24 de Octubre 2023<\/span><\/strong><\/span><\/p>\n<p><a href=\"https:\/\/blogsaverroes.juntadeandalucia.es\/ceipdoctorflemingjodar\/files\/2023\/10\/Diadelabiblioteca.jpg\"><img loading=\"lazy\" decoding=\"async\" class=\"alignnone size-medium wp-image-2761\" src=\"https:\/\/blogsaverroes.juntadeandalucia.es\/ceipdoctorflemingjodar\/files\/2023\/10\/Diadelabiblioteca-300x155.jpg\" alt=\"\" width=\"300\" height=\"155\" srcset=\"https:\/\/blogsaverroes.juntadeandalucia.es\/ceipdoctorflemingjodar\/files\/2023\/10\/Diadelabiblioteca-300x155.jpg 300w, https:\/\/blogsaverroes.juntadeandalucia.es\/ceipdoctorflemingjodar\/files\/2023\/10\/Diadelabiblioteca.jpg 740w\" sizes=\"(max-width: 300px) 100vw, 300px\" \/><\/a><\/p>\n<p>Bienvenidos tod@s a esta p\u00e1gina dedicada a <strong>\u00abNuestra Biblioteca\u00bb<\/strong> en el centro.<\/p>\n<p>Este martes, dia 24 se celebra el d\u00eda internacional de la Biblioteca. Nosotros lo vamos a celebrar con divertidos juegos en torno al mundo de la lectura que vamos a realizar en la<strong> biblioteca municipal<\/strong> en colaboraci\u00f3n con la misma. Los cursos ser\u00e1n 5\u00ba y 6\u00ba.<\/p>\n<p><span style=\"color: #ff00ff\"><em><strong>RECOMENDACI\u00d3N LECTORA:<\/strong><\/em><\/span><\/p>\n<p>Aqu\u00ed tenemos un cuento muy especial que desde la biblioteca os proponemos visionarlo, es muy bonito y nos ense\u00f1a c\u00f3mo hay que valorarse uno mismo por encima de opiniones ajenas.<\/p>\n<p>Autores del cuento&nbsp; Alex Rovira y Francesc Miralles. Editorial Destino<\/p>\n<p><iframe loading=\"lazy\" title=\"Cuento Ruise\u00f1or &quot;Cuentos para quererte mejor&quot; de Alex rovira y Francesc Miralles | Editorial Destino\" width=\"500\" height=\"281\" src=\"https:\/\/www.youtube.com\/embed\/YgBqy5fuwtE?feature=oembed&#038;wmode=opaque\" frameborder=\"0\" allow=\"accelerometer; autoplay; clipboard-write; encrypted-media; gyroscope; picture-in-picture; web-share\" referrerpolicy=\"strict-origin-when-cross-origin\" allowfullscreen><\/iframe><\/p>\n<p>El curso pasado 21-22, recibimos&nbsp; nuevo mobiliario para uso de la Biblioteca: sillas, mesas y estanter\u00edas. As\u00ed mismo inauguramos una estanter\u00eda para libros de ingl\u00e9s y otra para Igualdad.<\/p>\n<p><a href=\"https:\/\/blogsaverroes.juntadeandalucia.es\/ceipdoctorflemingjodar\/files\/2022\/09\/20220928_110310-scaled.jpg\"><img loading=\"lazy\" decoding=\"async\" class=\"alignnone size-medium wp-image-2547\" src=\"https:\/\/blogsaverroes.juntadeandalucia.es\/ceipdoctorflemingjodar\/files\/2022\/09\/20220928_110310-225x300.jpg\" alt=\"\" width=\"225\" height=\"300\" srcset=\"https:\/\/blogsaverroes.juntadeandalucia.es\/ceipdoctorflemingjodar\/files\/2022\/09\/20220928_110310-225x300.jpg 225w, https:\/\/blogsaverroes.juntadeandalucia.es\/ceipdoctorflemingjodar\/files\/2022\/09\/20220928_110310-768x1024.jpg 768w, https:\/\/blogsaverroes.juntadeandalucia.es\/ceipdoctorflemingjodar\/files\/2022\/09\/20220928_110310-1152x1536.jpg 1152w, https:\/\/blogsaverroes.juntadeandalucia.es\/ceipdoctorflemingjodar\/files\/2022\/09\/20220928_110310-1536x2048.jpg 1536w, https:\/\/blogsaverroes.juntadeandalucia.es\/ceipdoctorflemingjodar\/files\/2022\/09\/20220928_110310-scaled.jpg 1200w\" sizes=\"(max-width: 225px) 100vw, 225px\" \/><\/a><a href=\"https:\/\/blogsaverroes.juntadeandalucia.es\/ceipdoctorflemingjodar\/files\/2022\/09\/20220928_110247-scaled.jpg\"><img loading=\"lazy\" decoding=\"async\" class=\"size-medium wp-image-2546 alignleft\" src=\"https:\/\/blogsaverroes.juntadeandalucia.es\/ceipdoctorflemingjodar\/files\/2022\/09\/20220928_110247-225x300.jpg\" alt=\"\" width=\"225\" height=\"300\" srcset=\"https:\/\/blogsaverroes.juntadeandalucia.es\/ceipdoctorflemingjodar\/files\/2022\/09\/20220928_110247-225x300.jpg 225w, https:\/\/blogsaverroes.juntadeandalucia.es\/ceipdoctorflemingjodar\/files\/2022\/09\/20220928_110247-768x1024.jpg 768w, https:\/\/blogsaverroes.juntadeandalucia.es\/ceipdoctorflemingjodar\/files\/2022\/09\/20220928_110247-1152x1536.jpg 1152w, https:\/\/blogsaverroes.juntadeandalucia.es\/ceipdoctorflemingjodar\/files\/2022\/09\/20220928_110247-1536x2048.jpg 1536w, https:\/\/blogsaverroes.juntadeandalucia.es\/ceipdoctorflemingjodar\/files\/2022\/09\/20220928_110247-scaled.jpg 1200w\" sizes=\"(max-width: 225px) 100vw, 225px\" \/><\/a><a href=\"https:\/\/blogsaverroes.juntadeandalucia.es\/ceipdoctorflemingjodar\/files\/2022\/09\/20220928_110003-scaled.jpg\"><img loading=\"lazy\" decoding=\"async\" class=\"size-medium wp-image-2544 alignleft\" src=\"https:\/\/blogsaverroes.juntadeandalucia.es\/ceipdoctorflemingjodar\/files\/2022\/09\/20220928_110003-225x300.jpg\" alt=\"\" width=\"225\" height=\"300\" srcset=\"https:\/\/blogsaverroes.juntadeandalucia.es\/ceipdoctorflemingjodar\/files\/2022\/09\/20220928_110003-225x300.jpg 225w, https:\/\/blogsaverroes.juntadeandalucia.es\/ceipdoctorflemingjodar\/files\/2022\/09\/20220928_110003-768x1024.jpg 768w, https:\/\/blogsaverroes.juntadeandalucia.es\/ceipdoctorflemingjodar\/files\/2022\/09\/20220928_110003-1152x1536.jpg 1152w, https:\/\/blogsaverroes.juntadeandalucia.es\/ceipdoctorflemingjodar\/files\/2022\/09\/20220928_110003-1536x2048.jpg 1536w, https:\/\/blogsaverroes.juntadeandalucia.es\/ceipdoctorflemingjodar\/files\/2022\/09\/20220928_110003-scaled.jpg 1200w\" sizes=\"(max-width: 225px) 100vw, 225px\" \/><\/a><a href=\"https:\/\/blogsaverroes.juntadeandalucia.es\/ceipdoctorflemingjodar\/files\/2022\/09\/20220928_110017-scaled.jpg\"><img loading=\"lazy\" decoding=\"async\" class=\"alignnone size-medium wp-image-2545\" src=\"https:\/\/blogsaverroes.juntadeandalucia.es\/ceipdoctorflemingjodar\/files\/2022\/09\/20220928_110017-300x225.jpg\" alt=\"\" width=\"300\" height=\"225\" srcset=\"https:\/\/blogsaverroes.juntadeandalucia.es\/ceipdoctorflemingjodar\/files\/2022\/09\/20220928_110017-300x225.jpg 300w, https:\/\/blogsaverroes.juntadeandalucia.es\/ceipdoctorflemingjodar\/files\/2022\/09\/20220928_110017-1024x768.jpg 1024w, https:\/\/blogsaverroes.juntadeandalucia.es\/ceipdoctorflemingjodar\/files\/2022\/09\/20220928_110017-768x576.jpg 768w, https:\/\/blogsaverroes.juntadeandalucia.es\/ceipdoctorflemingjodar\/files\/2022\/09\/20220928_110017-1536x1152.jpg 1536w, https:\/\/blogsaverroes.juntadeandalucia.es\/ceipdoctorflemingjodar\/files\/2022\/09\/20220928_110017-2048x1536.jpg 2048w, https:\/\/blogsaverroes.juntadeandalucia.es\/ceipdoctorflemingjodar\/files\/2022\/09\/20220928_110017-scaled.jpg 1600w\" sizes=\"(max-width: 300px) 100vw, 300px\" \/><\/a> <a href=\"https:\/\/blogsaverroes.juntadeandalucia.es\/ceipdoctorflemingjodar\/files\/2022\/09\/20220929_095908-scaled.jpg\"><img loading=\"lazy\" decoding=\"async\" class=\"alignnone size-medium wp-image-2548\" src=\"https:\/\/blogsaverroes.juntadeandalucia.es\/ceipdoctorflemingjodar\/files\/2022\/09\/20220929_095908-300x225.jpg\" alt=\"\" width=\"300\" height=\"225\" srcset=\"https:\/\/blogsaverroes.juntadeandalucia.es\/ceipdoctorflemingjodar\/files\/2022\/09\/20220929_095908-300x225.jpg 300w, https:\/\/blogsaverroes.juntadeandalucia.es\/ceipdoctorflemingjodar\/files\/2022\/09\/20220929_095908-1024x768.jpg 1024w, https:\/\/blogsaverroes.juntadeandalucia.es\/ceipdoctorflemingjodar\/files\/2022\/09\/20220929_095908-768x576.jpg 768w, https:\/\/blogsaverroes.juntadeandalucia.es\/ceipdoctorflemingjodar\/files\/2022\/09\/20220929_095908-1536x1152.jpg 1536w, https:\/\/blogsaverroes.juntadeandalucia.es\/ceipdoctorflemingjodar\/files\/2022\/09\/20220929_095908-2048x1536.jpg 2048w, https:\/\/blogsaverroes.juntadeandalucia.es\/ceipdoctorflemingjodar\/files\/2022\/09\/20220929_095908-scaled.jpg 1600w\" sizes=\"(max-width: 300px) 100vw, 300px\" \/><\/a><\/p>\n<p>&nbsp;<\/p>\n<p>Aqu\u00ed m\u00e1s abajo se adjunta el<strong><span style=\"color: #0000ff\"> PLAN LECTOR del curso 2022-23<\/span><\/strong> Para que <strong>pod\u00e1is ir viendo las actividades programadas en torno a la lectura y el desarrollo del h\u00e1bito lector por parte del equipo de Biblioteca y la Coordinadora del programa. <\/strong>Echadle un vistazo!! Se admiten sugerencias.<\/p>\n<p>El dia 24 de Octubre se celebra el dia mundial de las Bibliotecas. Nuestro homenaje ha consistido en publicar un post en el Blog del centro, en esta web y tambi\u00e9n en las redes sociales (facebook), invitando a la comunidad educativa a enviar RECOMENDACIONES de libros le\u00eddos y hacer un ranking de los m\u00e1s votados, tanto a trav\u00e9s de los comentarios del Blog, como de facebook, exponi\u00e9ndose dicha lista tanto en la Biblioteca como en dichas p\u00e1ginas antes mencionadas, en los d\u00edas siguientes a la efem\u00e9ride.<\/p>\n<h1><a href=\"https:\/\/blogsaverroes.juntadeandalucia.es\/ceipdoctorflemingjodar\/files\/2022\/10\/plan-lector-2022-23.pdf\">Plan lector 2022-23<\/a><\/h1>\n<p>&nbsp;Este a\u00f1o hemos querido comenzar con&nbsp; una actividad que atraiga a los ni\u00f1os y ni\u00f1as hacia la lectura y el pr\u00e9stamo de libros , aprovechando Halloween y&nbsp; el tir\u00f3n que esta fiesta tiene actualmente se ha montado una \u00abBiblioteca temporal\u00bb con tem\u00e1tica de la fiesta; cuenta con un rinc\u00f3n decorativo del evento as\u00ed como un stand con libros sobre miedos, brujas, vampiros, magia, etc&#8230; extraidos del fondo de nuestra biblioteca.&nbsp;<\/p>\n<h2><strong>Dia 16 de Diciembre. D\u00eda de la lectura<\/strong><\/h2>\n<p>Como en anteriores a\u00f1os, el d\u00eda de la lectura se celebra con una actividad que les motiva bastante a toda la Comunidad educativa.&nbsp; Se trata de la LECTURA SIMULT\u00c1NEA, que este a\u00f1o es ya la VI edici\u00f3n. Participan familias, voluntariado de distintos sectores de la localidad: centro de mayores, polic\u00eda, radio, pediatr\u00eda, guardabosques, etc..todos vinculados al centro escolar de una u otra manera. Se eligen una serie de cuentos\/relatos de distintas edades, se les oferta al alumnado para que eligan t\u00edtulo y acceden mediante \u00abtickets\u00bb a la sala donde se les contar\u00e1 el cuento. El hecho de ser personas&nbsp; distintas al profesorado, les llena&nbsp; de intriga y emoci\u00f3n. Los cuentos son contados con animaci\u00f3n incluida y juegos a\u00f1adidos tras el mismo.&nbsp;<\/p>\n<p>Con ello pretendemos acercar el gusto lector al alumnado e implicar en esta tarea a sus familias puesto que los\/las ni\u00f1os\/as aprenden mejor con ejemplos.<\/p>\n<p>Muestra fotogr\u00e1fica:<\/p>\n<p>ngg_shortcode_2_placeholderTambi\u00e9n la Biblioteca ha sido el espacio de referencia para otras actividades de fomento de la lectura durante el mes de Diciembre con las actividades previas a la Navidad. L@s alumn@s de E. Infantil y 1\u00ba ciclo de Primaria visitaron la Biblioteca para conocerla y aprender diversas pr\u00e1cticas relacionadas con el cuidado de los libros. Regal\u00e1ndoles un marcap\u00e1ginas navide\u00f1o para usarlo con los libros que les traigan los Reyes Magos esta Navidad.<\/p>\n<p>En ella tambi\u00e9n se ha contado un cuento: \u00abLas ara\u00f1as de la Navidad\u00bb de origen alem\u00e1n sobre la historia de decorar el \u00e1rbol de navidad, contado por \u00abPap\u00e1 Noel\u00bb. Al finalizar el cuento se les regalaron algunos detalles navide\u00f1os.<\/p>\n<p>Muestra fotogr\u00e1fica:<\/p>\n<p>&nbsp;<\/p>\n<p>&nbsp;<\/p>\n<p>&nbsp;<\/p>\n","protected":false},"excerpt":{"rendered":"<p>MAYO HERRAMIENTAS DIGITALES. RECURSOS https:\/\/view.genially.com\/63a82f12811115001104babd\/interactive-content-herramientas-digitales-para-el-aula ABRIL D\u00eda 23 de Abril. Celebramos el homenaje al libro colaborando con la Biblioteca municipal en la lectura de Don Quijote de la Mancha con una representaci\u00f3n de alumado&#46;&#46;&#46;<\/p>\n","protected":false},"author":1,"featured_media":0,"parent":113,"menu_order":0,"comment_status":"closed","ping_status":"open","template":"page-cs.php","meta":{"ngg_post_thumbnail":0,"footnotes":"","_mc_calendar":[]},"aioseo_notices":[],"_links":{"self":[{"href":"https:\/\/blogsaverroes.juntadeandalucia.es\/ceipdoctorflemingjodar\/wp-json\/wp\/v2\/pages\/330"}],"collection":[{"href":"https:\/\/blogsaverroes.juntadeandalucia.es\/ceipdoctorflemingjodar\/wp-json\/wp\/v2\/pages"}],"about":[{"href":"https:\/\/blogsaverroes.juntadeandalucia.es\/ceipdoctorflemingjodar\/wp-json\/wp\/v2\/types\/page"}],"author":[{"embeddable":true,"href":"https:\/\/blogsaverroes.juntadeandalucia.es\/ceipdoctorflemingjodar\/wp-json\/wp\/v2\/users\/1"}],"replies":[{"embeddable":true,"href":"https:\/\/blogsaverroes.juntadeandalucia.es\/ceipdoctorflemingjodar\/wp-json\/wp\/v2\/comments?post=330"}],"version-history":[{"count":25,"href":"https:\/\/blogsaverroes.juntadeandalucia.es\/ceipdoctorflemingjodar\/wp-json\/wp\/v2\/pages\/330\/revisions"}],"predecessor-version":[{"id":2810,"href":"https:\/\/blogsaverroes.juntadeandalucia.es\/ceipdoctorflemingjodar\/wp-json\/wp\/v2\/pages\/330\/revisions\/2810"}],"up":[{"embeddable":true,"href":"https:\/\/blogsaverroes.juntadeandalucia.es\/ceipdoctorflemingjodar\/wp-json\/wp\/v2\/pages\/113"}],"wp:attachment":[{"href":"https:\/\/blogsaverroes.juntadeandalucia.es\/ceipdoctorflemingjodar\/wp-json\/wp\/v2\/media?parent=330"}],"curies":[{"name":"wp","href":"https:\/\/api.w.org\/{rel}","templated":true}]}}