{"id":1052,"date":"2021-04-26T18:44:55","date_gmt":"2021-04-26T17:44:55","guid":{"rendered":"https:\/\/blogsaverroes.juntadeandalucia.es\/ceipdoctorperaliaspanduro\/?page_id=1052"},"modified":"2021-06-18T08:59:56","modified_gmt":"2021-06-18T07:59:56","slug":"centro-2","status":"publish","type":"page","link":"https:\/\/blogsaverroes.juntadeandalucia.es\/ceipdoctorperaliaspanduro\/centro-2\/","title":{"rendered":"Centro"},"content":{"rendered":"<p><iframe loading=\"lazy\" src=\"https:\/\/www.google.com\/maps\/embed?pb=!4v1621499087575!6m8!1m7!1swNd6qsoH5BzqAttjKRcZJg!2m2!1d37.89485315859821!2d-6.506835023374186!3f298.3522051424056!4f-1.8521515177603902!5f0.7820865974627469\" width=\"600\" height=\"450\"><\/iframe><\/p>\n<h3 class=\"widget-title\"><strong><span style=\"font-size: 24pt\">Datos del Centro<\/span><\/strong><\/h3>\n<div class=\"textwidget custom-html-widget\">\n<ul>\n<li><span style=\"font-size: 14pt;font-family: georgia, palatino, serif\">Nombre: <strong>CEIP Doctor Peral\u00edas Panduro<\/strong><\/span><\/li>\n<li><span style=\"font-size: 14pt;font-family: georgia, palatino, serif\">C\u00f3digo: <strong>21000981<\/strong><\/span><\/li>\n<li><span style=\"font-size: 14pt;font-family: georgia, palatino, serif\">Direcci\u00f3n: <strong>Avd. Andaluc\u00eda s\/n, Corteconcepci\u00f3n (Huelva)<\/strong><\/span><\/li>\n<li><span style=\"font-size: 14pt;font-family: georgia, palatino, serif\">Tel\u00e9fonos:<\/span>\n<ul>\n<li style=\"list-style-type: none\">\n<ul>\n<li style=\"list-style-type: none\">\n<ul>\n<li><span style=\"font-size: 14pt;font-family: georgia, palatino, serif\">FIJO: <strong>959 129 713 <\/strong><\/span><\/li>\n<li><span style=\"font-size: 14pt;font-family: georgia, palatino, serif\">M\u00d3VIL: <strong>671567742 <\/strong><\/span><\/li>\n<li><span style=\"font-family: georgia, palatino, serif\"><span style=\"font-size: 14pt\">Tel\u00e9fono <\/span><span style=\"font-size: 14pt\">Corporativo: <strong>291713 <\/strong><\/span><\/span><\/li>\n<li><span style=\"font-size: 14pt;font-family: georgia, palatino, serif\">Fax: <strong>959 129 714 <\/strong><\/span><\/li>\n<li><span style=\"font-size: 14pt;font-family: georgia, palatino, serif\">Fax Corporativo: <strong>291714<\/strong><\/span><\/li>\n<\/ul>\n<\/li>\n<\/ul>\n<\/li>\n<\/ul>\n<\/li>\n<\/ul>\n<div class=\"textwidget custom-html-widget\">\n<h3 class=\"widget-title\" style=\"text-align: left\"><span style=\"font-size: 24pt\"><strong>Formulario de contacto<\/strong><\/span><\/h3>\n<p><span style=\"font-size: 14pt\">\n<div class=\"wpcf7 no-js\" id=\"wpcf7-f766-o1\" lang=\"es-ES\" dir=\"ltr\">\n<div class=\"screen-reader-response\"><p role=\"status\" aria-live=\"polite\" aria-atomic=\"true\"><\/p> <ul><\/ul><\/div>\n<form action=\"\/ceipdoctorperaliaspanduro\/wp-json\/wp\/v2\/pages\/1052#wpcf7-f766-o1\" method=\"post\" class=\"wpcf7-form init\" aria-label=\"Formulario de contacto\" novalidate=\"novalidate\" data-status=\"init\">\n<div style=\"display: none;\">\n<input type=\"hidden\" name=\"_wpcf7\" value=\"766\" \/>\n<input type=\"hidden\" name=\"_wpcf7_version\" value=\"5.9.8\" \/>\n<input type=\"hidden\" name=\"_wpcf7_locale\" value=\"es_ES\" \/>\n<input type=\"hidden\" name=\"_wpcf7_unit_tag\" value=\"wpcf7-f766-o1\" \/>\n<input type=\"hidden\" name=\"_wpcf7_container_post\" value=\"0\" \/>\n<input type=\"hidden\" name=\"_wpcf7_posted_data_hash\" value=\"\" \/>\n<\/div>\n<div class=\"et_pb_contact\">\n\t<div class=\"et_pb_contact_form\">\n\t\t<p class=\"et_pb_contact_field et_pb_contact_field_half\"><span class=\"wpcf7-form-control-wrap\" data-name=\"your-name\"><input size=\"40\" maxlength=\"400\" class=\"wpcf7-form-control wpcf7-text wpcf7-validates-as-required\" aria-required=\"true\" aria-invalid=\"false\" placeholder=\"Nombre\" value=\"\" type=\"text\" name=\"your-name\" \/><\/span>\n\t\t<\/p>\n\t\t<p class=\"et_pb_contact_field et_pb_contact_field_half et_pb_contact_field_last\"><span class=\"wpcf7-form-control-wrap\" data-name=\"your-email\"><input size=\"40\" maxlength=\"400\" class=\"wpcf7-form-control wpcf7-email wpcf7-validates-as-required wpcf7-text wpcf7-validates-as-email\" aria-required=\"true\" aria-invalid=\"false\" placeholder=\"Correo electr\u00f3nico\" value=\"\" type=\"email\" name=\"your-email\" \/><\/span>\n\t\t<\/p>\n\t\t<p class=\"et_pb_contact_field et_pb_contact_field_half\"><span class=\"wpcf7-form-control-wrap\" data-name=\"tel-1\"><input size=\"40\" maxlength=\"400\" class=\"wpcf7-form-control wpcf7-tel wpcf7-text wpcf7-validates-as-tel\" aria-invalid=\"false\" placeholder=\"Tel\u00e9fono (No obligatorio)\" value=\"\" type=\"tel\" name=\"tel-1\" \/><\/span>\n\t\t<\/p>\n\t\t<p class=\"et_pb_contact_field et_pb_contact_field_half et_pb_contact_field_last\"><span class=\"wpcf7-form-control-wrap\" data-name=\"your-subject\"><input size=\"40\" maxlength=\"400\" class=\"wpcf7-form-control wpcf7-text wpcf7-validates-as-required\" aria-required=\"true\" aria-invalid=\"false\" placeholder=\"Asunto\" value=\"\" type=\"text\" name=\"your-subject\" \/><\/span>\n\t\t<\/p>\n\t\t<p class=\"et_pb_contact_field et_pb_contact_field_last\"><span class=\"wpcf7-form-control-wrap\" data-name=\"your-message\"><textarea cols=\"40\" rows=\"10\" maxlength=\"2000\" class=\"wpcf7-form-control wpcf7-textarea\" aria-invalid=\"false\" placeholder=\"Mensaje\" name=\"your-message\"><\/textarea><\/span>\n\t\t<\/p>\n\t<\/div>\n<\/div>\n<div class=\"et_contact_bottom_container padding-button-contact-form\">\n\t<p><button type=\"submit\" name=\"et_builder_submit_button\" class=\"et_pb_contact_submit et_pb_button\">Enviar<\/button>\n\t<\/p>\n<\/div><div class=\"wpcf7-response-output\" aria-hidden=\"true\"><\/div>\n<\/form>\n<\/div>\n<\/span><\/p>\n<p>&nbsp;<\/p>\n<\/div>\n<p>&nbsp;<\/p>\n<\/div>\n","protected":false},"excerpt":{"rendered":"<p>Datos del Centro Nombre: CEIP Doctor Peral\u00edas Panduro C\u00f3digo: 21000981 Direcci\u00f3n: Avd. Andaluc\u00eda s\/n, Corteconcepci\u00f3n (Huelva) Tel\u00e9fonos: FIJO: 959 129 713 M\u00d3VIL: 671567742 Tel\u00e9fono Corporativo: 291713 Fax: 959 129 714 Fax Corporativo: 291714 Formulario&#46;&#46;&#46;<\/p>\n","protected":false},"author":12499,"featured_media":0,"parent":0,"menu_order":0,"comment_status":"closed","ping_status":"closed","template":"","meta":{"ngg_post_thumbnail":0,"footnotes":""},"aioseo_notices":[],"_links":{"self":[{"href":"https:\/\/blogsaverroes.juntadeandalucia.es\/ceipdoctorperaliaspanduro\/wp-json\/wp\/v2\/pages\/1052"}],"collection":[{"href":"https:\/\/blogsaverroes.juntadeandalucia.es\/ceipdoctorperaliaspanduro\/wp-json\/wp\/v2\/pages"}],"about":[{"href":"https:\/\/blogsaverroes.juntadeandalucia.es\/ceipdoctorperaliaspanduro\/wp-json\/wp\/v2\/types\/page"}],"author":[{"embeddable":true,"href":"https:\/\/blogsaverroes.juntadeandalucia.es\/ceipdoctorperaliaspanduro\/wp-json\/wp\/v2\/users\/12499"}],"replies":[{"embeddable":true,"href":"https:\/\/blogsaverroes.juntadeandalucia.es\/ceipdoctorperaliaspanduro\/wp-json\/wp\/v2\/comments?post=1052"}],"version-history":[{"count":14,"href":"https:\/\/blogsaverroes.juntadeandalucia.es\/ceipdoctorperaliaspanduro\/wp-json\/wp\/v2\/pages\/1052\/revisions"}],"predecessor-version":[{"id":1927,"href":"https:\/\/blogsaverroes.juntadeandalucia.es\/ceipdoctorperaliaspanduro\/wp-json\/wp\/v2\/pages\/1052\/revisions\/1927"}],"wp:attachment":[{"href":"https:\/\/blogsaverroes.juntadeandalucia.es\/ceipdoctorperaliaspanduro\/wp-json\/wp\/v2\/media?parent=1052"}],"curies":[{"name":"wp","href":"https:\/\/api.w.org\/{rel}","templated":true}]}}