{"id":1072,"date":"2021-04-27T16:17:17","date_gmt":"2021-04-27T15:17:17","guid":{"rendered":"https:\/\/blogsaverroes.juntadeandalucia.es\/ceipdoctorperaliaspanduro\/?page_id=1072"},"modified":"2021-04-29T16:43:47","modified_gmt":"2021-04-29T15:43:47","slug":"contacto","status":"publish","type":"page","link":"https:\/\/blogsaverroes.juntadeandalucia.es\/ceipdoctorperaliaspanduro\/contacto\/","title":{"rendered":"Contacto"},"content":{"rendered":"<h3 class=\"widget-title\">Datos del Centro<\/h3>\n<div class=\"textwidget custom-html-widget\">\n<ul>\n<li><strong>Nombre<\/strong>: CEIP Doctor Peral\u00edas Panduro<\/li>\n<li><strong>C\u00f3digo<\/strong>: 21000981<\/li>\n<li><strong>Direcci\u00f3n<\/strong>: Avd. Andaluc\u00eda s\/n, Corteconcepci\u00f3n (Huelva)<\/li>\n<li><strong>Tel\u00e9fonos<\/strong>:\n<ul>\n<li>FIJO: 959 129 713<\/li>\n<li>M\u00d3VIL: 671567742<\/li>\n<li>Tel\u00e9fono Corporativo: 291713 Fax: 959 129 714<\/li>\n<li>Fax Corporativo: 291714<\/li>\n<\/ul>\n<\/li>\n<li><strong>Correo electr\u00f3nico<\/strong>: 21000981.edu@juntadeandalucia.es<\/li>\n<\/ul>\n<\/div>\n","protected":false},"excerpt":{"rendered":"<p>Datos del Centro Nombre: CEIP Doctor Peral\u00edas Panduro C\u00f3digo: 21000981 Direcci\u00f3n: Avd. Andaluc\u00eda s\/n, Corteconcepci\u00f3n (Huelva) Tel\u00e9fonos: FIJO: 959 129 713 M\u00d3VIL: 671567742 Tel\u00e9fono Corporativo: 291713 Fax: 959 129 714 Fax Corporativo: 291714 Correo&#46;&#46;&#46;<\/p>\n","protected":false},"author":12499,"featured_media":0,"parent":0,"menu_order":0,"comment_status":"closed","ping_status":"closed","template":"","meta":{"ngg_post_thumbnail":0,"footnotes":""},"aioseo_notices":[],"_links":{"self":[{"href":"https:\/\/blogsaverroes.juntadeandalucia.es\/ceipdoctorperaliaspanduro\/wp-json\/wp\/v2\/pages\/1072"}],"collection":[{"href":"https:\/\/blogsaverroes.juntadeandalucia.es\/ceipdoctorperaliaspanduro\/wp-json\/wp\/v2\/pages"}],"about":[{"href":"https:\/\/blogsaverroes.juntadeandalucia.es\/ceipdoctorperaliaspanduro\/wp-json\/wp\/v2\/types\/page"}],"author":[{"embeddable":true,"href":"https:\/\/blogsaverroes.juntadeandalucia.es\/ceipdoctorperaliaspanduro\/wp-json\/wp\/v2\/users\/12499"}],"replies":[{"embeddable":true,"href":"https:\/\/blogsaverroes.juntadeandalucia.es\/ceipdoctorperaliaspanduro\/wp-json\/wp\/v2\/comments?post=1072"}],"version-history":[{"count":5,"href":"https:\/\/blogsaverroes.juntadeandalucia.es\/ceipdoctorperaliaspanduro\/wp-json\/wp\/v2\/pages\/1072\/revisions"}],"predecessor-version":[{"id":1184,"href":"https:\/\/blogsaverroes.juntadeandalucia.es\/ceipdoctorperaliaspanduro\/wp-json\/wp\/v2\/pages\/1072\/revisions\/1184"}],"wp:attachment":[{"href":"https:\/\/blogsaverroes.juntadeandalucia.es\/ceipdoctorperaliaspanduro\/wp-json\/wp\/v2\/media?parent=1072"}],"curies":[{"name":"wp","href":"https:\/\/api.w.org\/{rel}","templated":true}]}}