{"id":1410,"date":"2021-05-08T22:40:53","date_gmt":"2021-05-08T21:40:53","guid":{"rendered":"https:\/\/blogsaverroes.juntadeandalucia.es\/ceipdoctorperaliaspanduro\/?page_id=1410"},"modified":"2022-10-09T17:25:33","modified_gmt":"2022-10-09T16:25:33","slug":"1o-ed-primaria","status":"publish","type":"page","link":"https:\/\/blogsaverroes.juntadeandalucia.es\/ceipdoctorperaliaspanduro\/1o-ed-primaria\/","title":{"rendered":"1\u00ba y 2\u00ba Ed. Primaria"},"content":{"rendered":"<blockquote><p><span style=\"font-weight: 400;font-size: 14pt\">Bienvenidos a la clase de <strong>1\u00ba de primaria<\/strong>. En este curso, los ni\u00f1os y las ni\u00f1as empezamos a trabajar como los mayores. Llegamos, a principio de curso, muy nerviosos porque nos enfrentamos a una nueva etapa y muy diferente a nuestro trabajo de infantil. Trabajamos con mucha ilusi\u00f3n porque empezamos a ser y a hacer cosas de mayores.<\/span><\/p>\n<p><span style=\"font-weight: 400;font-size: 14pt\">Aunque nos cuesta un poco al principio esta manera de trabajar, estamos muy motivados para aprender un mont\u00f3n de cosas nuevas.<\/span><\/p>\n<p><span style=\"font-weight: 400;font-size: 14pt\">Somos ni\u00f1os y ni\u00f1as muy alegres y eso lo demostramos en nuestra tarea diaria. Nos gusta decorar la clase con nuestros dibujos y trabajos.<\/span><\/p>\n<p><span style=\"font-weight: 400;font-size: 14pt\">Cada d\u00eda, el responsable de la semana hace su trabajo para nosotros: cambia la fecha, contamos c\u00f3mo est\u00e1 el tiempo, pone el horario del d\u00eda, repasamos los meses del a\u00f1o y las estaciones. Y ya estamos listos para empezar nuestra jornada.<\/span><\/p>\n<p><span style=\"font-weight: 400;font-size: 14pt\">Aqu\u00ed aprendemos mucho, trabajamos duro, ayudamos a los compa\u00f1eros, nos respetamos y, sobre todo, nos divertimos aprendiendo.<\/span><\/p><\/blockquote>\n","protected":false},"excerpt":{"rendered":"<p>Bienvenidos a la clase de 1\u00ba de primaria. En este curso, los ni\u00f1os y las ni\u00f1as empezamos a trabajar como los mayores. Llegamos, a principio de curso, muy nerviosos porque nos enfrentamos a una&#46;&#46;&#46;<\/p>\n","protected":false},"author":12509,"featured_media":0,"parent":0,"menu_order":0,"comment_status":"closed","ping_status":"closed","template":"","meta":{"ngg_post_thumbnail":0,"footnotes":""},"aioseo_notices":[],"_links":{"self":[{"href":"https:\/\/blogsaverroes.juntadeandalucia.es\/ceipdoctorperaliaspanduro\/wp-json\/wp\/v2\/pages\/1410"}],"collection":[{"href":"https:\/\/blogsaverroes.juntadeandalucia.es\/ceipdoctorperaliaspanduro\/wp-json\/wp\/v2\/pages"}],"about":[{"href":"https:\/\/blogsaverroes.juntadeandalucia.es\/ceipdoctorperaliaspanduro\/wp-json\/wp\/v2\/types\/page"}],"author":[{"embeddable":true,"href":"https:\/\/blogsaverroes.juntadeandalucia.es\/ceipdoctorperaliaspanduro\/wp-json\/wp\/v2\/users\/12509"}],"replies":[{"embeddable":true,"href":"https:\/\/blogsaverroes.juntadeandalucia.es\/ceipdoctorperaliaspanduro\/wp-json\/wp\/v2\/comments?post=1410"}],"version-history":[{"count":9,"href":"https:\/\/blogsaverroes.juntadeandalucia.es\/ceipdoctorperaliaspanduro\/wp-json\/wp\/v2\/pages\/1410\/revisions"}],"predecessor-version":[{"id":2134,"href":"https:\/\/blogsaverroes.juntadeandalucia.es\/ceipdoctorperaliaspanduro\/wp-json\/wp\/v2\/pages\/1410\/revisions\/2134"}],"wp:attachment":[{"href":"https:\/\/blogsaverroes.juntadeandalucia.es\/ceipdoctorperaliaspanduro\/wp-json\/wp\/v2\/media?parent=1410"}],"curies":[{"name":"wp","href":"https:\/\/api.w.org\/{rel}","templated":true}]}}