{"id":1455,"date":"2021-05-10T09:55:17","date_gmt":"2021-05-10T08:55:17","guid":{"rendered":"https:\/\/blogsaverroes.juntadeandalucia.es\/ceipdoctorperaliaspanduro\/?page_id=1455"},"modified":"2024-09-24T16:34:33","modified_gmt":"2024-09-24T15:34:33","slug":"orientacion","status":"publish","type":"page","link":"https:\/\/blogsaverroes.juntadeandalucia.es\/ceipdoctorperaliaspanduro\/orientacion\/","title":{"rendered":"Orientaci\u00f3n"},"content":{"rendered":"<blockquote><p><span style=\"font-size: 14pt\"><strong><em><u>EOE Aracena<\/u><\/em><\/strong><\/span><\/p>\n<p><span style=\"font-size: 14pt\"><em>El Equipo de Orientaci\u00f3n Educativa de Aracena es la unidad b\u00e1sica de orientaci\u00f3n psicopedag\u00f3gica que, de forma externa, atiende al <strong>CEIP Doctor Peral\u00edas Panduro<\/strong>.<\/em><\/span><\/p>\n<p><span style=\"font-size: 14pt\"><em>Dicho equipo est\u00e1 formado por los siguientes perfiles profesionales:<\/em><\/span><\/p>\n<ul>\n<li><span style=\"font-size: 14pt\"><em><strong>Orientadora de referencia<\/strong>. Atiende al centro de forma semanal y un d\u00eda m\u00e1s de forma quincenal.<\/em><\/span><\/li>\n<li><span style=\"font-size: 14pt\"><em><strong>M\u00e9dica<\/strong>. Visita la escuela una vez al mes.<\/em><\/span><\/li>\n<li><span style=\"font-size: 14pt\"><em><strong>Maestra especialista en Audici\u00f3n y Lenguaje (AL).<\/strong> Realiza su intervenci\u00f3n en el colegio semanalmente.<\/em><\/span><\/li>\n<\/ul>\n<p><span style=\"font-size: 14pt\"><em>B\u00e1sicamente nuestra funci\u00f3n es la <strong>orientaci\u00f3n educativa al alumnado, el asesoramiento a las familias y el apoyo y asesoramiento al profesorad<\/strong>o, en aspectos relacionados con la atenci\u00f3n a la diversidad, la acci\u00f3n tutorial y la compensaci\u00f3n educativa.<\/em><\/span><\/p><\/blockquote>\n","protected":false},"excerpt":{"rendered":"<p>EOE Aracena El Equipo de Orientaci\u00f3n Educativa de Aracena es la unidad b\u00e1sica de orientaci\u00f3n psicopedag\u00f3gica que, de forma externa, atiende al CEIP Doctor Peral\u00edas Panduro. Dicho equipo est\u00e1 formado por los siguientes perfiles&#46;&#46;&#46;<\/p>\n","protected":false},"author":12509,"featured_media":0,"parent":0,"menu_order":0,"comment_status":"closed","ping_status":"closed","template":"","meta":{"ngg_post_thumbnail":0,"footnotes":""},"aioseo_notices":[],"_links":{"self":[{"href":"https:\/\/blogsaverroes.juntadeandalucia.es\/ceipdoctorperaliaspanduro\/wp-json\/wp\/v2\/pages\/1455"}],"collection":[{"href":"https:\/\/blogsaverroes.juntadeandalucia.es\/ceipdoctorperaliaspanduro\/wp-json\/wp\/v2\/pages"}],"about":[{"href":"https:\/\/blogsaverroes.juntadeandalucia.es\/ceipdoctorperaliaspanduro\/wp-json\/wp\/v2\/types\/page"}],"author":[{"embeddable":true,"href":"https:\/\/blogsaverroes.juntadeandalucia.es\/ceipdoctorperaliaspanduro\/wp-json\/wp\/v2\/users\/12509"}],"replies":[{"embeddable":true,"href":"https:\/\/blogsaverroes.juntadeandalucia.es\/ceipdoctorperaliaspanduro\/wp-json\/wp\/v2\/comments?post=1455"}],"version-history":[{"count":3,"href":"https:\/\/blogsaverroes.juntadeandalucia.es\/ceipdoctorperaliaspanduro\/wp-json\/wp\/v2\/pages\/1455\/revisions"}],"predecessor-version":[{"id":1921,"href":"https:\/\/blogsaverroes.juntadeandalucia.es\/ceipdoctorperaliaspanduro\/wp-json\/wp\/v2\/pages\/1455\/revisions\/1921"}],"wp:attachment":[{"href":"https:\/\/blogsaverroes.juntadeandalucia.es\/ceipdoctorperaliaspanduro\/wp-json\/wp\/v2\/media?parent=1455"}],"curies":[{"name":"wp","href":"https:\/\/api.w.org\/{rel}","templated":true}]}}