{"id":1733,"date":"2021-05-18T16:10:20","date_gmt":"2021-05-18T15:10:20","guid":{"rendered":"https:\/\/blogsaverroes.juntadeandalucia.es\/ceipdoctorperaliaspanduro\/?page_id=1733"},"modified":"2023-04-18T11:29:10","modified_gmt":"2023-04-18T10:29:10","slug":"talleres","status":"publish","type":"page","link":"https:\/\/blogsaverroes.juntadeandalucia.es\/ceipdoctorperaliaspanduro\/talleres\/","title":{"rendered":"Talleres"},"content":{"rendered":"<p align=\"justify\"><span style=\"font-size: 14pt\">El <strong>CEIP DR PERAL\u00cdAS PANDURO<\/strong> persigue como objetivo el bienestar emocional de nuestro alumnado. Para conseguirlo hemos programado talleres de cer\u00e1mica, teatro y pintura que persiguen los siguientes objetivos<\/span><\/p>\n<ul>\n<li>\n<p align=\"justify\"><span style=\"font-size: 14pt\"><strong>Aumentar la autoestima<\/strong> de nuestro alumnado.<\/span><\/p>\n<\/li>\n<li>\n<p align=\"justify\"><span style=\"font-size: 14pt\"><strong>Mejorar las relaciones interpersonales<\/strong> en el aula estableciendo unos h\u00e1bitos de relaci\u00f3n y de conducta que faciliten y mejoren el aprendizaje partiendo de una evaluaci\u00f3n sociom\u00e9trica de los grupos.<\/span><\/p>\n<\/li>\n<li>\n<p align=\"justify\"><span style=\"font-size: 14pt\"><strong>Dotar al profesorado de recursos motivadores<\/strong> que acerquen a nuestro alumnado al aprendizaje.<\/span><\/p>\n<\/li>\n<li>\n<p align=\"justify\"><span style=\"font-size: 14pt\"><strong>Reparar y sanar<\/strong> a nuestro alumnado ofreci\u00e9ndoles un ambiente seguro y la oportunidad de establecer relaciones vinculantes con su profesorado (adultos significativos).<\/span><\/p>\n<\/li>\n<li>\n<p align=\"justify\"><strong><span style=\"font-size: 14pt\">Ofrecer a nuestro alumnado t\u00e9cnicas que les permitan autorregularse<\/span><\/strong><\/p>\n<\/li>\n<li>\n<p align=\"justify\"><span style=\"font-size: 14pt\"><strong>Conocer t\u00e9cnicas que fomenten el apego y sean reparadoras<\/strong>. teatro de improvisaci\u00f3n, expresi\u00f3n de sensaciones y sentimientos a trav\u00e9s de materiales pl\u00e1sticos: cer\u00e1mica, pintura juegos de rol, de creatividad, de relajaci\u00f3n, pscicomotricidad relacional.<\/span><\/p>\n<\/li>\n<li>\n<p align=\"justify\"><span style=\"font-size: 14pt\"><strong>Potenciar el trabajo cooperativo<\/strong>, favorecer el cambio de estatus para que aprendan a ponerse en el lugar del otro favoreciendo la inclusi\u00f3n.<\/span><\/p>\n<\/li>\n<li>\n<p align=\"justify\"><strong><span style=\"font-size: 14pt\">Mejorar los rendimientos escolares de nuestro alumnado.<\/span><\/strong><\/p>\n<\/li>\n<li>\n<p align=\"justify\"><span style=\"font-size: 14pt\"><strong>Incluir la figura del observador<\/strong> para poder valorar c\u00f3mo van cambiado las actitudes del alumnado y comprobar qu\u00e9 recursos son los m\u00e1s efectivos.<\/span><\/p>\n<\/li>\n<\/ul>\n","protected":false},"excerpt":{"rendered":"<p>El CEIP DR PERAL\u00cdAS PANDURO persigue como objetivo el bienestar emocional de nuestro alumnado. Para conseguirlo hemos programado talleres de cer\u00e1mica, teatro y pintura que persiguen los siguientes objetivos Aumentar la autoestima de nuestro&#46;&#46;&#46;<\/p>\n","protected":false},"author":12509,"featured_media":0,"parent":0,"menu_order":0,"comment_status":"closed","ping_status":"closed","template":"","meta":{"ngg_post_thumbnail":0,"footnotes":""},"aioseo_notices":[],"_links":{"self":[{"href":"https:\/\/blogsaverroes.juntadeandalucia.es\/ceipdoctorperaliaspanduro\/wp-json\/wp\/v2\/pages\/1733"}],"collection":[{"href":"https:\/\/blogsaverroes.juntadeandalucia.es\/ceipdoctorperaliaspanduro\/wp-json\/wp\/v2\/pages"}],"about":[{"href":"https:\/\/blogsaverroes.juntadeandalucia.es\/ceipdoctorperaliaspanduro\/wp-json\/wp\/v2\/types\/page"}],"author":[{"embeddable":true,"href":"https:\/\/blogsaverroes.juntadeandalucia.es\/ceipdoctorperaliaspanduro\/wp-json\/wp\/v2\/users\/12509"}],"replies":[{"embeddable":true,"href":"https:\/\/blogsaverroes.juntadeandalucia.es\/ceipdoctorperaliaspanduro\/wp-json\/wp\/v2\/comments?post=1733"}],"version-history":[{"count":3,"href":"https:\/\/blogsaverroes.juntadeandalucia.es\/ceipdoctorperaliaspanduro\/wp-json\/wp\/v2\/pages\/1733\/revisions"}],"predecessor-version":[{"id":2254,"href":"https:\/\/blogsaverroes.juntadeandalucia.es\/ceipdoctorperaliaspanduro\/wp-json\/wp\/v2\/pages\/1733\/revisions\/2254"}],"wp:attachment":[{"href":"https:\/\/blogsaverroes.juntadeandalucia.es\/ceipdoctorperaliaspanduro\/wp-json\/wp\/v2\/media?parent=1733"}],"curies":[{"name":"wp","href":"https:\/\/api.w.org\/{rel}","templated":true}]}}