{"id":1772,"date":"2021-05-20T09:02:53","date_gmt":"2021-05-20T08:02:53","guid":{"rendered":"https:\/\/blogsaverroes.juntadeandalucia.es\/ceipdoctorperaliaspanduro\/?page_id=1772"},"modified":"2022-06-15T17:00:10","modified_gmt":"2022-06-15T16:00:10","slug":"premios","status":"publish","type":"page","link":"https:\/\/blogsaverroes.juntadeandalucia.es\/ceipdoctorperaliaspanduro\/premios\/","title":{"rendered":"Premios"},"content":{"rendered":"<h1><span style=\"font-size: 24pt;font-family: 'arial black', sans-serif\"><strong>Premios ganados por el Colegio<\/strong><\/span><\/h1>\n<div id=\"attachment_1825\" style=\"width: 400px\" class=\"wp-caption aligncenter\"><img loading=\"lazy\" decoding=\"async\" aria-describedby=\"caption-attachment-1825\" class=\" wp-image-1825\" src=\"https:\/\/blogsaverroes.juntadeandalucia.es\/ceipdoctorperaliaspanduro\/files\/2021\/05\/reina_premios_accion_magistral_20151216_5.jpg\" alt=\"\" width=\"390\" height=\"261\" srcset=\"https:\/\/blogsaverroes.juntadeandalucia.es\/ceipdoctorperaliaspanduro\/files\/2021\/05\/reina_premios_accion_magistral_20151216_5.jpg 1400w, https:\/\/blogsaverroes.juntadeandalucia.es\/ceipdoctorperaliaspanduro\/files\/2021\/05\/reina_premios_accion_magistral_20151216_5-300x201.jpg 300w, https:\/\/blogsaverroes.juntadeandalucia.es\/ceipdoctorperaliaspanduro\/files\/2021\/05\/reina_premios_accion_magistral_20151216_5-1024x685.jpg 1024w, https:\/\/blogsaverroes.juntadeandalucia.es\/ceipdoctorperaliaspanduro\/files\/2021\/05\/reina_premios_accion_magistral_20151216_5-768x513.jpg 768w, https:\/\/blogsaverroes.juntadeandalucia.es\/ceipdoctorperaliaspanduro\/files\/2021\/05\/reina_premios_accion_magistral_20151216_5-700x468.jpg 700w, https:\/\/blogsaverroes.juntadeandalucia.es\/ceipdoctorperaliaspanduro\/files\/2021\/05\/reina_premios_accion_magistral_20151216_5-332x222.jpg 332w\" sizes=\"(max-width: 390px) 100vw, 390px\" \/><p id=\"caption-attachment-1825\" class=\"wp-caption-text\">Su Majestad la Reina entrega el galard\u00f3n a Ester Mart\u00ednez Massana, directora del Colegio P\u00fablico Dr. Peral\u00edas Panduro de Corteconcepci\u00f3n (Huelva)<\/p><\/div>\n<blockquote><p><span style=\"font-size: 14pt\">Representaci\u00f3n de la Comunidad Andaluza en el proyecto de concienciaci\u00f3n Medioambiental a trav\u00e9s del arte SAGAAA.<\/span><\/p>\n<p><span style=\"font-size: 14pt\">Primer premio de la Diputaci\u00f3n \u00c1rea de la Mujer \u00abInstrumentos para acabar con la violencia de genero\u00bb. (Curso 2005)<\/span><\/p>\n<p><span style=\"font-size: 14pt\">Primer premio del certamen de Experiencias Did\u00e1cticas \u00abRecapacicla\u00bb. (Curso 2010\/11)<\/span><\/p>\n<p><span style=\"font-size: 14pt\">Menci\u00f3n de Honor del Certamen de Experiencias Did\u00e1cticas \u00abCrece con tu \u00e1rbol\u00bb. (Curso 2014\/15)<\/span><\/p>\n<p><span style=\"font-size: 14pt\">Primer premio provincial del Certamen Literario \u00abSolidaridad en las letras\u00bb. (Curso 2014\/15)<\/span><\/p>\n<p><span style=\"font-size: 14pt\">Primer premio provincial y regional del Certamen Literario \u00abSolidaridad en las letras\u00bb. (Curso 2015\/16)<\/span><\/p>\n<p><span style=\"font-size: 14pt\">Tercer premio provincial del Certamen Literario \u00abSolidaridad en las letras\u00bb. (Curso 2014\/15)<\/span><\/p>\n<p><img loading=\"lazy\" decoding=\"async\" class=\"size-full wp-image-1823 alignleft\" style=\"font-family: Georgia, 'URW Bookman L', serif;font-size: 15px;font-style: italic;font-weight: 400\" src=\"https:\/\/blogsaverroes.juntadeandalucia.es\/ceipdoctorperaliaspanduro\/files\/2021\/05\/descarga-1.jpg\" alt=\"\" width=\"247\" height=\"204\"><strong><span style=\"font-size: 14pt\">Premio de Acci\u00f3n Magistral con el Proyecto\u00bbBuscando una opo<\/span><\/strong><span style=\"font-family: Georgia, 'URW Bookman L', serif;font-size: 18.6667px;font-style: italic;font-weight: 400\"><strong>rtunidad\u00bb entregado por su Majestad la Reina Do\u00f1a Leticia<\/strong>.<\/span><\/p>\n<p><img loading=\"lazy\" decoding=\"async\" class=\"wp-image-1824 alignnone\" style=\"font-family: Georgia, 'URW Bookman L', serif;font-size: 15px;font-style: italic;font-weight: 400\" src=\"https:\/\/blogsaverroes.juntadeandalucia.es\/ceipdoctorperaliaspanduro\/files\/2021\/05\/premios-accion-magistral-2016-convocatoria-profesores-educacion-en-valores-e1513772820593-scaled.jpg\" alt=\"\" width=\"286\" height=\"129\" srcset=\"https:\/\/blogsaverroes.juntadeandalucia.es\/ceipdoctorperaliaspanduro\/files\/2021\/05\/premios-accion-magistral-2016-convocatoria-profesores-educacion-en-valores-e1513772820593-scaled.jpg 2560w, https:\/\/blogsaverroes.juntadeandalucia.es\/ceipdoctorperaliaspanduro\/files\/2021\/05\/premios-accion-magistral-2016-convocatoria-profesores-educacion-en-valores-e1513772820593-300x136.jpg 300w, https:\/\/blogsaverroes.juntadeandalucia.es\/ceipdoctorperaliaspanduro\/files\/2021\/05\/premios-accion-magistral-2016-convocatoria-profesores-educacion-en-valores-e1513772820593-1024x466.jpg 1024w, https:\/\/blogsaverroes.juntadeandalucia.es\/ceipdoctorperaliaspanduro\/files\/2021\/05\/premios-accion-magistral-2016-convocatoria-profesores-educacion-en-valores-e1513772820593-768x349.jpg 768w, https:\/\/blogsaverroes.juntadeandalucia.es\/ceipdoctorperaliaspanduro\/files\/2021\/05\/premios-accion-magistral-2016-convocatoria-profesores-educacion-en-valores-e1513772820593-1536x699.jpg 1536w, https:\/\/blogsaverroes.juntadeandalucia.es\/ceipdoctorperaliaspanduro\/files\/2021\/05\/premios-accion-magistral-2016-convocatoria-profesores-educacion-en-valores-e1513772820593-2048x932.jpg 2048w, https:\/\/blogsaverroes.juntadeandalucia.es\/ceipdoctorperaliaspanduro\/files\/2021\/05\/premios-accion-magistral-2016-convocatoria-profesores-educacion-en-valores-e1513772820593-700x318.jpg 700w, https:\/\/blogsaverroes.juntadeandalucia.es\/ceipdoctorperaliaspanduro\/files\/2021\/05\/premios-accion-magistral-2016-convocatoria-profesores-educacion-en-valores-e1513772820593-332x151.jpg 332w\" sizes=\"(max-width: 286px) 100vw, 286px\" \/><\/p>\n<p><span style=\"font-size: 14pt\">Entrega de la Placa de Honor de la Orden Civil de \u00abAlfonso X el Sabio\u00bb otorgado por el Ministro de Educaci\u00f3n y Ciencia.<\/span><\/p>\n<p><span style=\"font-size: 14pt\">Primer premio del concurso \u00abLa Constituci\u00f3n para todos\u00bb otorgado por el Ministerio de Educaci\u00f3n y Ciencia y entregado por el Ministro I\u00f1igo M\u00e9ndez, la Ministra F\u00e1tima B\u00e1\u00f1ez y el Presidente del Congreso de los Diputados, Jes\u00fas Posadas.<\/span><\/p><\/blockquote>\n","protected":false},"excerpt":{"rendered":"<p>Premios ganados por el Colegio Representaci\u00f3n de la Comunidad Andaluza en el proyecto de concienciaci\u00f3n Medioambiental a trav\u00e9s del arte SAGAAA. Primer premio de la Diputaci\u00f3n \u00c1rea de la Mujer \u00abInstrumentos para acabar con&#46;&#46;&#46;<\/p>\n","protected":false},"author":12509,"featured_media":0,"parent":0,"menu_order":0,"comment_status":"closed","ping_status":"closed","template":"","meta":{"ngg_post_thumbnail":0,"footnotes":""},"aioseo_notices":[],"_links":{"self":[{"href":"https:\/\/blogsaverroes.juntadeandalucia.es\/ceipdoctorperaliaspanduro\/wp-json\/wp\/v2\/pages\/1772"}],"collection":[{"href":"https:\/\/blogsaverroes.juntadeandalucia.es\/ceipdoctorperaliaspanduro\/wp-json\/wp\/v2\/pages"}],"about":[{"href":"https:\/\/blogsaverroes.juntadeandalucia.es\/ceipdoctorperaliaspanduro\/wp-json\/wp\/v2\/types\/page"}],"author":[{"embeddable":true,"href":"https:\/\/blogsaverroes.juntadeandalucia.es\/ceipdoctorperaliaspanduro\/wp-json\/wp\/v2\/users\/12509"}],"replies":[{"embeddable":true,"href":"https:\/\/blogsaverroes.juntadeandalucia.es\/ceipdoctorperaliaspanduro\/wp-json\/wp\/v2\/comments?post=1772"}],"version-history":[{"count":5,"href":"https:\/\/blogsaverroes.juntadeandalucia.es\/ceipdoctorperaliaspanduro\/wp-json\/wp\/v2\/pages\/1772\/revisions"}],"predecessor-version":[{"id":2112,"href":"https:\/\/blogsaverroes.juntadeandalucia.es\/ceipdoctorperaliaspanduro\/wp-json\/wp\/v2\/pages\/1772\/revisions\/2112"}],"wp:attachment":[{"href":"https:\/\/blogsaverroes.juntadeandalucia.es\/ceipdoctorperaliaspanduro\/wp-json\/wp\/v2\/media?parent=1772"}],"curies":[{"name":"wp","href":"https:\/\/api.w.org\/{rel}","templated":true}]}}