{"id":2165,"date":"2022-11-24T11:56:39","date_gmt":"2022-11-24T10:56:39","guid":{"rendered":"https:\/\/blogsaverroes.juntadeandalucia.es\/ceipdoctorperaliaspanduro\/?page_id=2165"},"modified":"2022-11-24T11:56:39","modified_gmt":"2022-11-24T10:56:39","slug":"plan-de-igualdad","status":"publish","type":"page","link":"https:\/\/blogsaverroes.juntadeandalucia.es\/ceipdoctorperaliaspanduro\/plan-de-igualdad\/","title":{"rendered":"Plan de igualdad"},"content":{"rendered":"<div class=\"page-header\">\n<h2 class=\"borderbottom\">Normativa<\/h2>\n<\/div>\n<div class=\"page-name\">\n<h4>Legislaci\u00f3n educativa andaluza y espa\u00f1ola de \u00e1mbito estatal en vigor en Andaluc\u00eda<\/h4>\n<h4>Plan de Igualdad en Educaci\u00f3n<\/h4>\n<div>\n<ul class=\"lista\">\n<li><a href=\"https:\/\/www.adideandalucia.es\/normas\/resoluc\/Resolucion20octubre2021ViolenciaGenero.pdf\" target=\"_blank\" rel=\"noopener noreferrer\">RESOLUCI\u00d3N de 20 de octubre de 2021<\/a>&nbsp;de la Direcci\u00f3n General de Atenci\u00f3n a la Diversidad, Participaci\u00f3n y Convivencia Escolar, de convocatoria para la realizaci\u00f3n de medidas y actuaciones para la prevenci\u00f3n de la violencia de g\u00e9nero en el \u00e1mbito educativo durante el curso 2021\/2022.<\/li>\n<li><a href=\"https:\/\/www.adideandalucia.es\/normas\/instruc\/Instrucciones14junio2018CriteriosSeleccionTextos.pdf\" target=\"_blank\" rel=\"noopener noreferrer\">INSTRUCCIONES de 14 de junio de 2018<\/a>, de la Direcci\u00f3n General de Participaci\u00f3n y Equidad y de la Direcci\u00f3n General de Ordenaci\u00f3n Educativa, sobre los criterios para la selecci\u00f3n de los libros de texto y para la elaboraci\u00f3n de materiales curriculares sin prejuicios sexistas o discriminatorios.<\/li>\n<li><a href=\"https:\/\/www.adideandalucia.es\/normas\/acuerdos\/Acuerdo16feb2016SegundoPlanIgualdadGenero.pdf\" target=\"_blank\" rel=\"noopener noreferrer\">ACUERDO de 16 de febrero de 2016<\/a>, del Consejo de Gobierno, por el que se aprueba el II Plan Estrat\u00e9gico de Igualdad de G\u00e9nero en Educaci\u00f3n 2016-2021 (BOJA 02-03-2016).<\/li>\n<li><a href=\"https:\/\/www.adideandalucia.es\/normas\/acuerdos\/Acuerdo19enero2010planestrategicoigualdad.pdf\" target=\"_blank\" rel=\"noopener noreferrer\">ACUERDO de 19 de enero de 2010<\/a>, del Consejo de Gobierno, por el que se aprueba el I Plan Estrat\u00e9gico para la Igualdad de Mujeres y Hombres en Andaluc\u00eda 2010-2013 (BOJA 16-02-2010).<\/li>\n<li><a href=\"https:\/\/www.adideandalucia.es\/normas\/leyes\/Ley12-2007IgualdadGenero.pdf\" target=\"_blank\" rel=\"noopener noreferrer\">LEY 12\/2007, de 26 de noviembre,<\/a>&nbsp;para la promoci\u00f3n de la igualdad de g\u00e9nero en Andaluc\u00eda. (BOJA 18-12-2007)<\/li>\n<li><a href=\"https:\/\/www.adideandalucia.es\/normas\/ordenes\/Orden%2014-11-2006%20Materiales%20Coeducacion.pdf\" target=\"_blank\" rel=\"noopener noreferrer\">ORDEN de 14-11-2006,<\/a>&nbsp;por la que se establecen los premios \u00abRosa Reg\u00e1s\u00bb a materiales curriculares que destaquen por su valor coeducativo y se convocan los correspondientes al a\u00f1o 2006. (BOJA 7-12-2006)<\/li>\n<li><a href=\"https:\/\/www.adideandalucia.es\/normas\/ordenes\/orden%2015-6-2006%20Correccion%20Coeducacion.pdf\" target=\"_blank\" rel=\"noopener noreferrer\">Correcci\u00f3n de errores de la Orden de 15-5-2006,<\/a>&nbsp;por la que se establecen las bases reguladoras de la concesi\u00f3n de ayudas para la realizaci\u00f3n de proyectos de coeducaci\u00f3n en centros docentes p\u00fablicos de Andaluc\u00eda, dependientes de la Consejer\u00eda de Educaci\u00f3n, y se efect\u00faa su convocatoria para el a\u00f1o 2006 (BOJA n\u00fam. 107, de 6.6.06). (BOJA 21-6-2006)<\/li>\n<li><a href=\"https:\/\/www.adideandalucia.es\/normas\/ordenes\/Orden%2015-5-2006%20Proyectos%20Coeducacion.pdf\" target=\"_blank\" rel=\"noopener noreferrer\">ORDEN de 15-5-2006,<\/a>&nbsp;por la que se establecen las bases reguladoras de la concesi\u00f3n de ayudas para la realizaci\u00f3n de proyectos de coeducaci\u00f3n en centros docentes p\u00fablicos de Andaluc\u00eda, dependientes de la Consejer\u00eda de Educaci\u00f3n, y se efect\u00faa su convocatoria para el a\u00f1o 2006. (BOJA 6-6-2006)<\/li>\n<li><a href=\"https:\/\/www.adideandalucia.es\/normas\/ordenes\/Orden%2015-5-2006%20Actuaciones%20Plan%20Igualdad.pdf\" target=\"_blank\" rel=\"noopener noreferrer\">ORDEN de 15-5-2006,<\/a>&nbsp;por la que se regulan y desarrollan las actuaciones y medidas establecidas en el I Plan de Igualdad entre Hombres y Mujeres en Educaci\u00f3n. (BOJA 25-5-2006)<\/li>\n<li><a href=\"https:\/\/www.adideandalucia.es\/normas\/ordenes\/Orden%2030-3-2006%20Representacion%20equitativa%20CF.pdf\" target=\"_blank\" rel=\"noopener noreferrer\">ORDEN de 30-3-2006,<\/a>&nbsp;por la que se establecen incentivos para fomentar una representaci\u00f3n m\u00e1s equitativa del alumnado en ciclos formativos con alto grado de inserci\u00f3n laboral y con desequilibrio en la relaci\u00f3n entre alumnos y alumnas en el curso 2006\/2007 (BOJA 28-4-2006)<\/li>\n<li><a href=\"https:\/\/www.adideandalucia.es\/normas\/acuerdos\/Acuerdo%202-11-2005%20Plan%20Igualdad.htm\" target=\"_blank\" rel=\"noopener noreferrer\">ACUERDO de 2-11-2005,<\/a>&nbsp;del Consejo de Gobierno, por el que se aprueba el I Plan de Igualdad entre Hombres y Mujeres en Educaci\u00f3n. (BOJA 21-11-2005)<\/li>\n<\/ul>\n<\/div>\n<\/div>\n","protected":false},"excerpt":{"rendered":"<p>Normativa Legislaci\u00f3n educativa andaluza y espa\u00f1ola de \u00e1mbito estatal en vigor en Andaluc\u00eda Plan de Igualdad en Educaci\u00f3n RESOLUCI\u00d3N de 20 de octubre de 2021&nbsp;de la Direcci\u00f3n General de Atenci\u00f3n a la Diversidad, Participaci\u00f3n&#46;&#46;&#46;<\/p>\n","protected":false},"author":12509,"featured_media":0,"parent":0,"menu_order":0,"comment_status":"closed","ping_status":"closed","template":"","meta":{"ngg_post_thumbnail":0,"footnotes":""},"aioseo_notices":[],"_links":{"self":[{"href":"https:\/\/blogsaverroes.juntadeandalucia.es\/ceipdoctorperaliaspanduro\/wp-json\/wp\/v2\/pages\/2165"}],"collection":[{"href":"https:\/\/blogsaverroes.juntadeandalucia.es\/ceipdoctorperaliaspanduro\/wp-json\/wp\/v2\/pages"}],"about":[{"href":"https:\/\/blogsaverroes.juntadeandalucia.es\/ceipdoctorperaliaspanduro\/wp-json\/wp\/v2\/types\/page"}],"author":[{"embeddable":true,"href":"https:\/\/blogsaverroes.juntadeandalucia.es\/ceipdoctorperaliaspanduro\/wp-json\/wp\/v2\/users\/12509"}],"replies":[{"embeddable":true,"href":"https:\/\/blogsaverroes.juntadeandalucia.es\/ceipdoctorperaliaspanduro\/wp-json\/wp\/v2\/comments?post=2165"}],"version-history":[{"count":1,"href":"https:\/\/blogsaverroes.juntadeandalucia.es\/ceipdoctorperaliaspanduro\/wp-json\/wp\/v2\/pages\/2165\/revisions"}],"predecessor-version":[{"id":2166,"href":"https:\/\/blogsaverroes.juntadeandalucia.es\/ceipdoctorperaliaspanduro\/wp-json\/wp\/v2\/pages\/2165\/revisions\/2166"}],"wp:attachment":[{"href":"https:\/\/blogsaverroes.juntadeandalucia.es\/ceipdoctorperaliaspanduro\/wp-json\/wp\/v2\/media?parent=2165"}],"curies":[{"name":"wp","href":"https:\/\/api.w.org\/{rel}","templated":true}]}}