{"id":2501,"date":"2024-11-10T12:51:39","date_gmt":"2024-11-10T11:51:39","guid":{"rendered":"https:\/\/blogsaverroes.juntadeandalucia.es\/ceipdoctorperaliaspanduro\/?page_id=2501"},"modified":"2024-11-10T13:03:30","modified_gmt":"2024-11-10T12:03:30","slug":"tde","status":"publish","type":"page","link":"https:\/\/blogsaverroes.juntadeandalucia.es\/ceipdoctorperaliaspanduro\/tde\/","title":{"rendered":"TDE"},"content":{"rendered":"<p><iframe loading=\"lazy\" src=\"https:\/\/www.youtube.com\/embed\/ij2RFtZeTUs?si=5kuLLzaaKQsQHSwV\" width=\"560\" height=\"315\" frameborder=\"0\"><\/iframe><\/p>\n<p><strong>\u201cEs innovaci\u00f3n si a\u00f1ade valor al aprendizaje\u201d. (Francesc Pedr\u00f3, director del Instituto Internacional de la Unesco para la Educaci\u00f3n Superior en Am\u00e9rica Latina y el Caribe (IESALC)<\/strong><\/p>\n<p>\u201cLa innovaci\u00f3n en educaci\u00f3n es un proceso&nbsp;<em><strong>permanente, original e intencional<\/strong><\/em>&nbsp;de b\u00fasqueda de mejora de la calidad educativa y de los aprendizajes del alumnado; su relaci\u00f3n con el uso de las tecnolog\u00eda est\u00e1 supeditada a esa mejora e incluye aspectos estructurales que incumben a la&nbsp;<strong>organizaci\u00f3n<\/strong>&nbsp;de los centros, la din\u00e1mica de&nbsp;<strong>informaci\u00f3n y comunicaci\u00f3n<\/strong>&nbsp;y, sobre todo, los procesos de&nbsp;<strong>ense\u00f1anza-aprendizaje<\/strong>.<br \/>\nEn cualquiera de estos tres \u00e1mbitos, las iniciativas de innovaci\u00f3n pedag\u00f3gica y de investigaci\u00f3n que desarrolla el profesorado en los centros docentes son fundamentales, as\u00ed como la formaci\u00f3n.<\/p>\n<p>Por ello, la Consejer\u00eda de Educaci\u00f3n y Deporte pone a disposici\u00f3n de los centros educativos una serie de recursos destinados a apoyar la labor del profesorado, de forma que las ideas innovadoras y las actuaciones creativas en cualquiera de estos tres \u00e1mbitos contribuyan a afrontar los retos derivados de los cambios que nuestra sociedad requiere.<\/p>\n<p><strong>El Servicio de Innovaci\u00f3n Educativa se articula en torno a tres objetivos fundamentales:<\/strong><br \/>\n<strong>1. Mejorar el uso de la tecnolog\u00eda digital en los procesos de ense\u00f1anza-aprendizaje.<\/strong><\/p>\n<p style=\"padding-left: 40px\">1.1 Mejora de Infraestructuras y conectividad.<br \/>\n1.2 Impulsar la creaci\u00f3n y uso de Recursos Educativos Abiertos (REA).<br \/>\n1.3 Desarrollar el Ecosistema Digital Educativo.<\/p>\n<p style=\"padding-left: 40px\"><strong>2. Reducir la Brecha Digital&nbsp; desarrollando competencias y habilidades digitales de relevancia para la comunidad educativa.<\/strong><\/p>\n<p style=\"padding-left: 40px\">2.1 Facilitar el desarrollo del centro educativo como organizaci\u00f3n digitalmente competente. [Marco #DigCompOrg] a trav\u00e9s de la puesta en pr\u00e1ctica de los Planes de Actuaci\u00f3n Digital (PAD).<br \/>\n2.2 Facilitar el desarrollo de la competencia digital del profesorado. [Marco #DigCompEdu].<br \/>\n2.3 Contribuir al desarrollo de la competencia digital del alumnado. [Marco #DigComp].<\/p>\n<p><strong>3. Impulsar la investigaci\u00f3n e innovaci\u00f3n educativa a trav\u00e9s de la inteligencia artificial, an\u00e1lisis de datos y&nbsp; procesos de previsi\u00f3n para la mejora de las experiencias de aprendizaje y&nbsp; la reducci\u00f3n del abandono escolar.<\/strong><\/p>\n<p style=\"padding-left: 40px\">3.1 Proyectos de Investigaci\u00f3n, Innovaci\u00f3n y Desarrollo de Materiales en el \u00e1mbito digital.<br \/>\n3.2 Proyectos Experimentales de an\u00e1lisis de datos, inteligencia artificial y machine learning.<br \/>\n3.3 Impulso de la investigaci\u00f3n educativa.<\/p>\n<p style=\"text-align: center\"><a title=\"TRANSFORMACI\u00d3N DIGITAL EDUCATIVA. JUNTA DE ANDALUC\u00cdA.\" href=\"https:\/\/www.juntadeandalucia.es\/educacion\/portals\/web\/transformacion-digital-educativa\/contenidos\/-\/contenidos\/detalle\/tde_portada_presentacion\" target=\"_blank\" rel=\"noopener\">TRANSFORMACI\u00d3N DIGITAL EDUCATIVA. JUNTA DE ANDALUC\u00cdA.<\/a><\/p>\n","protected":false},"excerpt":{"rendered":"<p>\u201cEs innovaci\u00f3n si a\u00f1ade valor al aprendizaje\u201d. (Francesc Pedr\u00f3, director del Instituto Internacional de la Unesco para la Educaci\u00f3n Superior en Am\u00e9rica Latina y el Caribe (IESALC) \u201cLa innovaci\u00f3n en educaci\u00f3n es un proceso&nbsp;permanente,&#46;&#46;&#46;<\/p>\n","protected":false},"author":12509,"featured_media":0,"parent":0,"menu_order":0,"comment_status":"closed","ping_status":"closed","template":"","meta":{"ngg_post_thumbnail":0,"footnotes":""},"aioseo_notices":[],"_links":{"self":[{"href":"https:\/\/blogsaverroes.juntadeandalucia.es\/ceipdoctorperaliaspanduro\/wp-json\/wp\/v2\/pages\/2501"}],"collection":[{"href":"https:\/\/blogsaverroes.juntadeandalucia.es\/ceipdoctorperaliaspanduro\/wp-json\/wp\/v2\/pages"}],"about":[{"href":"https:\/\/blogsaverroes.juntadeandalucia.es\/ceipdoctorperaliaspanduro\/wp-json\/wp\/v2\/types\/page"}],"author":[{"embeddable":true,"href":"https:\/\/blogsaverroes.juntadeandalucia.es\/ceipdoctorperaliaspanduro\/wp-json\/wp\/v2\/users\/12509"}],"replies":[{"embeddable":true,"href":"https:\/\/blogsaverroes.juntadeandalucia.es\/ceipdoctorperaliaspanduro\/wp-json\/wp\/v2\/comments?post=2501"}],"version-history":[{"count":5,"href":"https:\/\/blogsaverroes.juntadeandalucia.es\/ceipdoctorperaliaspanduro\/wp-json\/wp\/v2\/pages\/2501\/revisions"}],"predecessor-version":[{"id":2508,"href":"https:\/\/blogsaverroes.juntadeandalucia.es\/ceipdoctorperaliaspanduro\/wp-json\/wp\/v2\/pages\/2501\/revisions\/2508"}],"wp:attachment":[{"href":"https:\/\/blogsaverroes.juntadeandalucia.es\/ceipdoctorperaliaspanduro\/wp-json\/wp\/v2\/media?parent=2501"}],"curies":[{"name":"wp","href":"https:\/\/api.w.org\/{rel}","templated":true}]}}