{"id":10683,"date":"2022-09-23T12:34:20","date_gmt":"2022-09-23T11:34:20","guid":{"rendered":"https:\/\/blogsaverroes.juntadeandalucia.es\/ceipdonana\/?page_id=10683"},"modified":"2022-09-23T12:38:35","modified_gmt":"2022-09-23T11:38:35","slug":"elecciones-2022","status":"publish","type":"page","link":"https:\/\/blogsaverroes.juntadeandalucia.es\/ceipdonana\/elecciones-2022\/","title":{"rendered":"Elecciones 2022"},"content":{"rendered":"<h2 id=\"detalle_celebracion-de-elecciones-a-consejos-escolares-y-consejos-de-residencias-escolares-durante-el-primer-trimestre-del-1omwbb3138an2\" class=\"titulo\">Celebraci\u00f3n de Elecciones a Consejos Escolares y Consejos de Residencias Escolares durante el primer trimestre del curso 2022\/23<\/h2>\n<p>&nbsp;<\/p>\n<p><a href=\"https:\/\/www.juntadeandalucia.es\/educacion\/portals\/web\/ced\/novedades\/-\/novedades\/detalle\/ep332ikUb0dM\/celebracion-de-elecciones-a-consejos-escolares-y-consejos-de-residencias-escolares-durante-el-primer-trimestre-del-1omwbb3138an2\">Enlace a la&nbsp; RESOLUCI\u00d3N de 12 de septiembre de 2022, de la Direcci\u00f3n General de Ordenaci\u00f3n, Inclusi\u00f3n, Participaci\u00f3n y Evaluaci\u00f3n Educativa (BOJA n\u00fam. 178, de 15 de septembre de 2022) establece el calendario para el desarrollo de las elecciones de representantes en los Consejos Escolares de los centros docentes sostenidos con fondos p\u00fablicos de la Comunidad Aut\u00f3noma de Andaluc\u00eda, a excepci\u00f3n de los centros espec\u00edficos de educaci\u00f3n permanente de personas adultas para el curso 2022\/23.<\/a><\/p>\n","protected":false},"excerpt":{"rendered":"<p>Celebraci\u00f3n de Elecciones a Consejos Escolares y Consejos de Residencias Escolares durante el primer trimestre del curso 2022\/23 &nbsp; Enlace a la&nbsp; RESOLUCI\u00d3N de 12 de septiembre de 2022, de la Direcci\u00f3n General de&#46;&#46;&#46;<\/p>\n","protected":false},"author":4714,"featured_media":0,"parent":0,"menu_order":0,"comment_status":"closed","ping_status":"closed","template":"","meta":{"ngg_post_thumbnail":0,"footnotes":"","_mc_calendar":[]},"aioseo_notices":[],"_links":{"self":[{"href":"https:\/\/blogsaverroes.juntadeandalucia.es\/ceipdonana\/wp-json\/wp\/v2\/pages\/10683"}],"collection":[{"href":"https:\/\/blogsaverroes.juntadeandalucia.es\/ceipdonana\/wp-json\/wp\/v2\/pages"}],"about":[{"href":"https:\/\/blogsaverroes.juntadeandalucia.es\/ceipdonana\/wp-json\/wp\/v2\/types\/page"}],"author":[{"embeddable":true,"href":"https:\/\/blogsaverroes.juntadeandalucia.es\/ceipdonana\/wp-json\/wp\/v2\/users\/4714"}],"replies":[{"embeddable":true,"href":"https:\/\/blogsaverroes.juntadeandalucia.es\/ceipdonana\/wp-json\/wp\/v2\/comments?post=10683"}],"version-history":[{"count":3,"href":"https:\/\/blogsaverroes.juntadeandalucia.es\/ceipdonana\/wp-json\/wp\/v2\/pages\/10683\/revisions"}],"predecessor-version":[{"id":10686,"href":"https:\/\/blogsaverroes.juntadeandalucia.es\/ceipdonana\/wp-json\/wp\/v2\/pages\/10683\/revisions\/10686"}],"wp:attachment":[{"href":"https:\/\/blogsaverroes.juntadeandalucia.es\/ceipdonana\/wp-json\/wp\/v2\/media?parent=10683"}],"curies":[{"name":"wp","href":"https:\/\/api.w.org\/{rel}","templated":true}]}}