{"id":144,"date":"2017-09-17T11:46:28","date_gmt":"2017-09-17T10:46:28","guid":{"rendered":"http:\/\/blogsaverroes.juntadeandalucia.es\/pre\/ceip\/?page_id=144"},"modified":"2023-11-10T10:08:08","modified_gmt":"2023-11-10T09:08:08","slug":"orientacion","status":"publish","type":"page","link":"https:\/\/blogsaverroes.juntadeandalucia.es\/ceipdonana\/orientacion\/","title":{"rendered":"E.O.E"},"content":{"rendered":"<div id=\"contenido_sitio\">\n<p><span style=\"font-family: georgia,palatino;color: #000000;font-size: medium\"><strong><u>Qu\u00e9 es un E.O.E.<br \/>\n<\/u><\/strong><\/span><\/p>\n<div align=\"justify\">\n<div style=\"text-align: justify\">Son unidades b\u00e1sicas de orientaci\u00f3n psicopedag\u00f3gica que, mediante el desempe\u00f1o de funciones especializadas en las \u00e1reas de orientaci\u00f3n educativa, atenci\u00f3n al alumnado con necesidades educativas especiales, compensaci\u00f3n educativa y apoyo a la funci\u00f3n tutorial del profesorado, act\u00faan en el conjunto de los centros de una zona educativa.<\/div>\n<\/div>\n<p><span style=\"font-family: georgia,palatino;color: #000000;font-size: medium\"><em><strong><u>Funciones principales de los E.O.E.<\/u><\/strong><\/em><br \/>\n<\/span><\/p>\n<div align=\"justify\"><span style=\"font-family: georgia,palatino;color: #000000;font-size: medium\">Ser\u00e1n responsable, junto con los \u00f3rganos de los centros, de la intervenci\u00f3n psicopedag\u00f3gica y la orientaci\u00f3n educativa en los centros de su zona. Sus funciones ser\u00e1n: <\/span><\/div>\n<div align=\"justify\">\n<blockquote><p><span style=\"color: #000000;font-family: georgia,palatino;font-size: medium\">&#8211; Colaborar en los diferentes procesos de concreci\u00f3n curricular.<br \/>\n&#8211; Valorar las Necesidades Educativas Especiales del alumnado, asesorando en la respuesta educativa m\u00e1s adecuada, participando en el seguimiento del proceso de estos\/as alumnos y alumnas.<br \/>\n&#8211; Asesorar a los centros y colaborar en la orientaci\u00f3n individual y grupal del alumnado, participando, entre otros, en los dise\u00f1os de los planes de Acci\u00f3n Tutorial, Orientaci\u00f3n Profesional y Acciones Compensadoras de la educaci\u00f3n.<br \/>\n&#8211; Colaborar con el tutor y la turora en el asesoramiento a las familias sobre el proceso educativo de sus hijos e hijas, colaborando en el desarrollo de relaciones cooperativas entre los\/as miembros de la Comunidad Educativa.<br \/>\n&#8211; Colaborar con las familias, Asociaciones de Padres y Madres del Alumnado, Asociaciones de Alumnos y Alumnas y otras organizaciones sociales, en aquellos aspectos que redunden en el proceso educativo del alumnado.<br \/>\n&#8211; Colaborar con los centros educativos y otras instituciones en los procesos de formaci\u00f3n de los\/as profesionales de la educaci\u00f3n de su sector.<br \/>\n&#8211; Promover y desarrollar trabajos de investigaci\u00f3n. Elaborar y difundir temas y materiales relacionados con los procesos educativos.<br \/>\n&#8211; Coordinarse con otras instituciones y servicos que incidan en su \u00e1mbitos de actuaci\u00f3n.<br \/>\n&#8211; Favorecer la colaboraci\u00f3n que posibilite la coordinaci\u00f3n de actuaciones entre los diferentes centros educativos del sector.<br \/>\n&#8211; Colaborar en la elaboraci\u00f3n del Mapa de Necesidades Educativas con el fin de racionalizar los recursos disponibles.<br \/>\n&#8211; Colaborar con las instituciones que tengan competencias, en la resoluci\u00f3n del absentismo escolar y otras necesidades sociales.<br \/>\n<\/span><\/p><\/blockquote>\n<\/div>\n<p align=\"justify\"><span style=\"color: #000000;font-family: georgia,palatino;font-size: medium\">El E.O.E. del CEIP Do\u00f1ana, para el curso escolar 2023\/2024, est\u00e1 formado por los siguientes componentes:<\/span><\/p>\n<div align=\"justify\">\n<blockquote><p><span style=\"color: #000000;font-family: georgia,palatino;font-size: medium\">&#8211; <strong><span style=\"text-decoration: underline\">Laura Fuentes Rodr\u00edguez<\/span>.<\/strong> Orientadora.<br \/>\n<\/span><\/p>\n<p><span style=\"color: #000000;font-family: georgia,palatino;font-size: medium\">Horario de asistencia a nuestro centro\/atenci\u00f3n a familias: <span style=\"color: #339966\">Todos los jueves de cada mes (excepto el \u00faltimo).<\/span><br \/>\n<\/span><\/p>\n<p><span style=\"color: #000000;font-family: georgia,palatino;font-size: medium\">&#8211; <span style=\"text-decoration: underline\"><strong>Emilio Matas de \u00c1lvaro.<\/strong><\/span> Logopeda.<\/span><\/p>\n<p><span style=\"color: #339966\"><span style=\"font-family: georgia,palatino;font-size: medium\">Horario de asistencia a nuestro centro\/atenci\u00f3n a familias: mi\u00e9rcoles (de la segunda semana de cada mes); <\/span><span style=\"font-family: georgia,palatino;font-size: medium\">lunes (cuarta semana de cada mes).<\/span><\/span><\/p>\n<p><span style=\"color: #000000;font-family: georgia,palatino;font-size: medium\">&#8211; <span style=\"text-decoration: underline\"><strong>Alfonso Segura Jim\u00e9nez.<\/strong><\/span> M\u00e9dico.<\/span><\/p>\n<p><span style=\"color: #0000cc;font-family: georgia,palatino;font-size: medium\"><span style=\"color: #000000\">Horario de asistencia a nuestro centro\/atenci\u00f3n a familias: <span style=\"color: #339966\">jueves (primera semana de cada mes).<\/span><\/span><br \/>\n<\/span><\/p><\/blockquote>\n<\/div>\n<\/div>\n","protected":false},"excerpt":{"rendered":"<p>Qu\u00e9 es un E.O.E. Son unidades b\u00e1sicas de orientaci\u00f3n psicopedag\u00f3gica que, mediante el desempe\u00f1o de funciones especializadas en las \u00e1reas de orientaci\u00f3n educativa, atenci\u00f3n al alumnado con necesidades educativas especiales, compensaci\u00f3n educativa y apoyo&#46;&#46;&#46;<\/p>\n","protected":false},"author":1,"featured_media":0,"parent":0,"menu_order":0,"comment_status":"open","ping_status":"open","template":"","meta":{"ngg_post_thumbnail":0,"footnotes":"","_mc_calendar":[]},"aioseo_notices":[],"_links":{"self":[{"href":"https:\/\/blogsaverroes.juntadeandalucia.es\/ceipdonana\/wp-json\/wp\/v2\/pages\/144"}],"collection":[{"href":"https:\/\/blogsaverroes.juntadeandalucia.es\/ceipdonana\/wp-json\/wp\/v2\/pages"}],"about":[{"href":"https:\/\/blogsaverroes.juntadeandalucia.es\/ceipdonana\/wp-json\/wp\/v2\/types\/page"}],"author":[{"embeddable":true,"href":"https:\/\/blogsaverroes.juntadeandalucia.es\/ceipdonana\/wp-json\/wp\/v2\/users\/1"}],"replies":[{"embeddable":true,"href":"https:\/\/blogsaverroes.juntadeandalucia.es\/ceipdonana\/wp-json\/wp\/v2\/comments?post=144"}],"version-history":[{"count":14,"href":"https:\/\/blogsaverroes.juntadeandalucia.es\/ceipdonana\/wp-json\/wp\/v2\/pages\/144\/revisions"}],"predecessor-version":[{"id":11144,"href":"https:\/\/blogsaverroes.juntadeandalucia.es\/ceipdonana\/wp-json\/wp\/v2\/pages\/144\/revisions\/11144"}],"wp:attachment":[{"href":"https:\/\/blogsaverroes.juntadeandalucia.es\/ceipdonana\/wp-json\/wp\/v2\/media?parent=144"}],"curies":[{"name":"wp","href":"https:\/\/api.w.org\/{rel}","templated":true}]}}