{"id":198,"date":"2015-03-17T09:55:36","date_gmt":"2015-03-17T09:55:36","guid":{"rendered":"http:\/\/blogsaverroes.juntadeandalucia.es\/pre\/ceip\/?page_id=198"},"modified":"2020-10-02T08:06:04","modified_gmt":"2020-10-02T07:06:04","slug":"que-es-el-ampa","status":"publish","type":"page","link":"https:\/\/blogsaverroes.juntadeandalucia.es\/ceipdonana\/que-es-el-ampa\/","title":{"rendered":"\u00bfQu\u00e9 es el AMPA?"},"content":{"rendered":"<p style=\"text-align: center\"><a href=\"http:\/\/blogsaverroes.juntadeandalucia.es\/ceipdonana\/files\/2015\/03\/familia.png\"><img loading=\"lazy\" decoding=\"async\" class=\"aligncenter wp-image-243 size-medium\" src=\"http:\/\/blogsaverroes.juntadeandalucia.es\/ceipdonana\/files\/2015\/03\/familia-300x193.png\" alt=\"\" width=\"300\" height=\"193\" srcset=\"https:\/\/blogsaverroes.juntadeandalucia.es\/ceipdonana\/files\/2015\/03\/familia-300x193.png 300w, https:\/\/blogsaverroes.juntadeandalucia.es\/ceipdonana\/files\/2015\/03\/familia-1024x661.png 1024w, https:\/\/blogsaverroes.juntadeandalucia.es\/ceipdonana\/files\/2015\/03\/familia.png 1280w\" sizes=\"(max-width: 300px) 100vw, 300px\" \/><\/a>La <strong>AMPA (Asociaci\u00f3n de Madres y Padres del Alumnado),<\/strong> es una asociaci\u00f3n sin \u00e1nimo de lucro que formada por los padres y madres de todo el alumnado del colegio.<\/p>\n<p style=\"text-align: center\">Es un punto de encuentro y de trabajo independiente, abierto y plural.<\/p>\n<p style=\"text-align: center\">Desde la AMPA podemos contribuir a la mejora de la calidad de la educaci\u00f3n, la convivencia del Centro y de las instalaciones.<\/p>\n<h3>&nbsp;<\/h3>\n<p><strong>FUNCIONES DE LAS ASOCIACIONES DE PADRES\/MADRES DE ALUMNOS\/AS<\/strong><\/p>\n<ol>\n<li>Elevar al Consejo Escolar propuestas para la elaboraci\u00f3n del Proyecto Educativo de la Programaci\u00f3n General Anual.<\/li>\n<li>Informar al Consejo Escolar de aquellos aspectos de la marcha del Centro que consideren oportuno.<\/li>\n<li>Informar a las familias de su actividad.<\/li>\n<li>Recibir informaci\u00f3n del Consejo Escolar de los temas tratados en el mismo, as\u00ed como recibir el orden del d\u00eda de dicho Consejo Escolar antes de su realizaci\u00f3n con el objeto de poder elaborar propuestas.<\/li>\n<li>Elaborar informes para el Consejo Escolar a iniciativa propia o a petici\u00f3n de \u00e9ste.<\/li>\n<li>Formular propuestas para la realizaci\u00f3n de actividades complementarias que, una vez aceptadas, deber\u00e1n figurar en la programaci\u00f3n del Plan Anual de Centro.<\/li>\n<li>Conocer los resultados acad\u00e9micos y la valoraci\u00f3n que de los mismos realice el Consejo Escolar.<\/li>\n<li>Recibir informaci\u00f3n sobre los libros de texto y los materiales did\u00e1cticos adoptados en el Centro.<\/li>\n<li>Fomentar la colaboraci\u00f3n entre los padres-madres y los-as maestros-as del centro para el buen funcionamiento del mismo.<\/li>\n<li>Utilizar las instalaciones del Centro en los t\u00e9rminos que establezca el Consejo Escolar.<\/li>\n<\/ol>\n<p style=\"text-align: center\"><span style=\"color: #0000cc;font-family: georgia,palatino;font-size: medium\">&nbsp;<\/span><\/p>\n","protected":false},"excerpt":{"rendered":"<p>La AMPA (Asociaci\u00f3n de Madres y Padres del Alumnado), es una asociaci\u00f3n sin \u00e1nimo de lucro que formada por los padres y madres de todo el alumnado del colegio. Es un punto de encuentro&#46;&#46;&#46;<\/p>\n","protected":false},"author":1,"featured_media":0,"parent":0,"menu_order":0,"comment_status":"open","ping_status":"open","template":"","meta":{"ngg_post_thumbnail":0,"footnotes":"","_mc_calendar":[]},"aioseo_notices":[],"_links":{"self":[{"href":"https:\/\/blogsaverroes.juntadeandalucia.es\/ceipdonana\/wp-json\/wp\/v2\/pages\/198"}],"collection":[{"href":"https:\/\/blogsaverroes.juntadeandalucia.es\/ceipdonana\/wp-json\/wp\/v2\/pages"}],"about":[{"href":"https:\/\/blogsaverroes.juntadeandalucia.es\/ceipdonana\/wp-json\/wp\/v2\/types\/page"}],"author":[{"embeddable":true,"href":"https:\/\/blogsaverroes.juntadeandalucia.es\/ceipdonana\/wp-json\/wp\/v2\/users\/1"}],"replies":[{"embeddable":true,"href":"https:\/\/blogsaverroes.juntadeandalucia.es\/ceipdonana\/wp-json\/wp\/v2\/comments?post=198"}],"version-history":[{"count":7,"href":"https:\/\/blogsaverroes.juntadeandalucia.es\/ceipdonana\/wp-json\/wp\/v2\/pages\/198\/revisions"}],"predecessor-version":[{"id":7980,"href":"https:\/\/blogsaverroes.juntadeandalucia.es\/ceipdonana\/wp-json\/wp\/v2\/pages\/198\/revisions\/7980"}],"wp:attachment":[{"href":"https:\/\/blogsaverroes.juntadeandalucia.es\/ceipdonana\/wp-json\/wp\/v2\/media?parent=198"}],"curies":[{"name":"wp","href":"https:\/\/api.w.org\/{rel}","templated":true}]}}